{"id":105313,"date":"2025-08-27T09:25:15","date_gmt":"2025-08-27T07:25:15","guid":{"rendered":"https:\/\/www.cfrcalatori.ro\/conducerea-executiva-a-sntfc-cfr-calatori\/"},"modified":"2026-01-26T11:49:34","modified_gmt":"2026-01-26T09:49:34","slug":"executive-management-of-sntfc-cfr-calatori","status":"publish","type":"page","link":"https:\/\/www.cfrcalatori.ro\/en\/executive-management-of-sntfc-cfr-calatori\/","title":{"rendered":"Executive management of SNTFC CFR Calatori"},"content":{"rendered":"<p>&nbsp;<\/p>\n<div id=\"accordion\" role=\"tablist\">\n<div class=\"card\">\n<div id=\"headingOne\" class=\"card-header\" role=\"tab\">\n<h5 class=\"mb-0\">Executive management of SNTFC &#8220;CFR C\u0102L\u0102TORI&#8221; SA<\/h5>\n<\/div>\n<div role=\"tabpanel\" aria-labelledby=\"headingOne\" data-parent=\"#accordion\">\n<div class=\"card-body\">\n<div class=\"row\">\n<div class=\"col-12 col-sm-12 col-lg-12\">\n<div class=\"membru\">\n<div class=\"info\">\n<h2>Traian Preoteasa<\/h2>\n<h3>General Manager | from 23.10.2023 to 13.02.2027<!--| f\u0103r\u0103 afiliere politic\u0103--><\/h3>\n<div><a class=\"btn btn-primary\" href=\"https:\/\/www.cfrcalatori.ro\/wp-content\/uploads\/2023\/02\/CV-PREOTEASA-Traian-1.pdf\" target=\"_blank\" rel=\"noopener\"><i class=\"fa fa-address-card-o\" aria-hidden=\"true\"><\/i> Download CV <\/a><\/div>\n<\/div>\n<\/div>\n<\/div>\n<div class=\"col-12 col-sm-12 col-lg-6\">\n<div class=\"membru\">\n<div class=\"info\">\n<h2>Mihail Victor Manole<\/h2>\n<h3>Deputy General Manager, Operation Sector &#8211; Rolling Stock | from 01.04.2024<\/h3>\n<div><a class=\"btn btn-primary\" href=\"https:\/\/www.cfrcalatori.ro\/wp-content\/uploads\/2025\/03\/CV-MANOLE-MIHAIL-VICTOR-12.03.pdf\" target=\"_blank\" rel=\"noopener\"><i class=\"fa fa-address-card-o\" aria-hidden=\"true\"><\/i> Download CV <\/a><\/div>\n<\/div>\n<\/div>\n<\/div>\n<div class=\"col-12 col-sm-12 col-lg-6\">\n<div class=\"membru\">\n<div class=\"info\">\n<h2>C\u0103lin Teodor Vod\u0103<\/h2>\n<h3>Deputy General Director Commercial Sector &#8211; Marketing | from 29.05.2024<\/h3>\n<div><a class=\"btn btn-primary\" href=\"https:\/\/www.cfrcalatori.ro\/wp-content\/uploads\/2024\/05\/CV-Voda-Calin-Teodor.pdf\" target=\"_blank\" rel=\"noopener\"><i class=\"fa fa-address-card-o\" aria-hidden=\"true\"><\/i> Download CV <\/a><\/div>\n<\/div>\n<\/div>\n<\/div>\n<div class=\"col-12 col-sm-12 col-lg-6\">\n<div class=\"membru\">\n<div class=\"info\">\n<h2>Dorin Mitan<\/h2>\n<h3>Director of Strategy &#8211; Development Department | from 01.02.2025<\/h3>\n<div><a class=\"btn btn-primary\" href=\"https:\/\/www.cfrcalatori.ro\/wp-content\/uploads\/2025\/03\/CV-Dorin-Mitan-martie-2025-1.pdf\" target=\"_blank\" rel=\"noopener\"><i class=\"fa fa-address-card-o\" aria-hidden=\"true\"><\/i> Download CV <\/a><\/div>\n<\/div>\n<\/div>\n<\/div>\n<div class=\"col-12 col-sm-12 col-lg-6\">\n<div class=\"membru\">\n<div class=\"info\">\n<h2>Aida Hanganu<\/h2>\n<h3>Financial Director &#8211; Accountant | from 23.10.2023 to 13.02.2027<\/h3>\n<div><a class=\"btn btn-primary\" href=\"https:\/\/www.cfrcalatori.ro\/wp-content\/uploads\/2024\/04\/CV-Hanganu-Aida-european-modificat-05092023.pdf\" target=\"_blank\" rel=\"noopener\"><i class=\"fa fa-address-card-o\" aria-hidden=\"true\"><\/i> Descarc\u0103 CV <\/a><\/div>\n<\/div>\n<\/div>\n<\/div>\n<div class=\"col-12 col-sm-12 col-lg-6\">\n<div class=\"membru\">\n<div class=\"info\">\n<h2>Mircea Lucian \u0218erbu<\/h2>\n<h3>Director of the Procurement Department | from 01.04.2024<\/h3>\n<div><a class=\"btn btn-primary\" href=\"https:\/\/www.cfrcalatori.ro\/wp-content\/uploads\/2024\/05\/CV-Serbu-Mircea-Lucian.pdf\" target=\"_blank\" rel=\"noopener\"><i class=\"fa fa-address-card-o\" aria-hidden=\"true\"><\/i> Download CV <\/a><\/div>\n<\/div>\n<\/div>\n<\/div>\n<div class=\"col-12 col-sm-12 col-lg-6\">\n<div class=\"membru\">\n<div class=\"info\">\n<h2>Viorel \u0218tefan Condruz<\/h2>\n<h3>Director of the Technical Department | from 01.04.2024<\/h3>\n<div><a class=\"btn btn-primary\" href=\"https:\/\/www.cfrcalatori.ro\/wp-content\/uploads\/2025\/03\/CV-Condruz-Viorel-13.03.2025-1.pdf\" target=\"_blank\" rel=\"noopener\"><i class=\"fa fa-address-card-o\" aria-hidden=\"true\"><\/i> Download CV <\/a><\/div>\n<\/div>\n<\/div>\n<\/div>\n<div class=\"col-12 col-sm-12 col-lg-6\">\n<div class=\"membru\">\n<div class=\"info\">\n<h2>Sorin Ionu\u021b Preda<\/h2>\n<h3>Director of the Commercial Department | from 30.05.2024<\/h3>\n<div><a class=\"btn btn-primary\" href=\"https:\/\/www.cfrcalatori.ro\/wp-content\/uploads\/2025\/03\/CV-Sorin-Ionut-Preda_10.03.2025-1.pdf\" target=\"_blank\" rel=\"noopener\"><i class=\"fa fa-address-card-o\" aria-hidden=\"true\"><\/i> Download CV <\/a><\/div>\n<\/div>\n<\/div>\n<\/div>\n<div class=\"col-12 col-sm-12 col-lg-6\">\n<div class=\"membru\">\n<div class=\"info\">\n<h2>Carmen Andreea Iliescu<\/h2>\n<h3>Marketing Department Director | from 01.04.2024<\/h3>\n<div><a class=\"btn btn-primary\" href=\"https:\/\/www.cfrcalatori.ro\/wp-content\/uploads\/2024\/05\/CV-Carmen-Andreea-Iliescu-2024.pdf\" target=\"_blank\" rel=\"noopener\"><i class=\"fa fa-address-card-o\" aria-hidden=\"true\"><\/i> Download CV <\/a><\/div>\n<\/div>\n<\/div>\n<\/div>\n<div class=\"col-12 col-sm-12 col-lg-6\">\n<div class=\"membru\">\n<div class=\"info\">\n<h2>Robert P\u0103storel Ni\u021b\u0103<\/h2>\n<h3>Director of the Exploitation Department | from 01.04.2024<\/h3>\n<div><a class=\"btn btn-primary\" href=\"https:\/\/www.cfrcalatori.ro\/wp-content\/uploads\/2024\/07\/CV-NITA-ROBERT-2024-002.pdf\" target=\"_blank\" rel=\"noopener\"><i class=\"fa fa-address-card-o\" aria-hidden=\"true\"><\/i> Download CV <\/a><\/div>\n<\/div>\n<\/div>\n<\/div>\n<div class=\"col-12 col-sm-12 col-lg-6\">\n<div class=\"membru\">\n<div class=\"info\">\n<h2>Marian Mihai<\/h2>\n<h3>Director of the Rolling Stock Directorate | from 01.04.2024<\/h3>\n<div><a class=\"btn btn-primary\" href=\"https:\/\/www.cfrcalatori.ro\/wp-content\/uploads\/2025\/03\/CV-MIHAI-MARIAN-1.pdf\" target=\"_blank\" rel=\"noopener\"><i class=\"fa fa-address-card-o\" aria-hidden=\"true\"><\/i> Download CV <\/a><\/div>\n<\/div>\n<\/div>\n<\/div>\n<div class=\"col-12 col-sm-12 col-lg-6\">\n<div class=\"membru\">\n<div class=\"info\">\n<h2>Elena C\u0103t\u0103lina Sertu<\/h2>\n<h3>Director of the Financial Department | from 01.04.2024<\/h3>\n<div><a class=\"btn btn-primary\" href=\"https:\/\/www.cfrcalatori.ro\/wp-content\/uploads\/2024\/05\/CV-Sertu-Catalina.pdf\" target=\"_blank\" rel=\"noopener\"><i class=\"fa fa-address-card-o\" aria-hidden=\"true\"><\/i> Download CV <\/a><\/div>\n<\/div>\n<\/div>\n<\/div>\n<div class=\"col-12 col-sm-12 col-lg-6\">\n<div class=\"membru\">\n<div class=\"info\">\n<h2>Petri\u0219or Nicolae<\/h2>\n<h3>General Inspector of Traffic Safety | from 16.11.2021<\/h3>\n<div><a class=\"btn btn-primary\" href=\"https:\/\/www.cfrcalatori.ro\/wp-content\/uploads\/2024\/04\/CV-Nicolae-Petrisor.pdf\" target=\"_blank\" rel=\"noopener\"><i class=\"fa fa-address-card-o\" aria-hidden=\"true\"><\/i> Download CV <\/a><\/div>\n<\/div>\n<\/div>\n<\/div>\n<table class=\"table-regulament\">\n<tbody>\n<tr>\n<td><i class=\"fa fa-book\" aria-hidden=\"true\"><\/i> General Director mandate contract model<\/td>\n<td><a class=\"btn btn-primary regulaemnt-manual\" href=\"https:\/\/www.cfrcalatori.ro\/wp-content\/uploads\/2023\/04\/Model-contract-mandat-DG.pdf\" target=\"_blank\" rel=\"noopener\"><i class=\"fa fa-file-pdf-o\" aria-hidden=\"true\"><\/i> Download<\/a><\/td>\n<\/tr>\n<\/tbody>\n<\/table>\n<\/div>\n<\/div>\n<\/div>\n<\/div>\n<div class=\"card\">\n<div id=\"headingTwo\" class=\"card-header\" role=\"tab\">\n<h5 class=\"mb-0\">Directors of Passenger Railway Transport Branches<i class=\"fa fa-plus\" aria-hidden=\"true\"><\/i><\/h5>\n<\/div>\n<div role=\"tabpanel\" aria-labelledby=\"headingTwo\" data-parent=\"#accordion\">\n<div class=\"card-body\">\n<div class=\"row\">\n<div class=\"col-12 col-sm-12 col-lg-6\">\n<div class=\"membru\">\n<div class=\"info\">\n<h2>Fr\u00e2nculescu \u0218tefan Ciprian<\/h2>\n<h3>Director SRTFC Bucharest | from 1.08.2024<\/h3>\n<div><a class=\"btn btn-primary\" href=\"https:\/\/www.cfrcalatori.ro\/wp-content\/uploads\/2024\/08\/CV-FRANCULESCU-STEFAN-CIPRIAN.pdf\" target=\"_blank\" rel=\"noopener\"><i class=\"fa fa-address-card-o\" aria-hidden=\"true\"><\/i> Download CV <\/a><\/div>\n<\/div>\n<\/div>\n<\/div>\n<div class=\"col-12 col-sm-12 col-lg-6\">\n<div class=\"membru\">\n<div class=\"info\">\n<h2>Dragot\u0103 Eugen C\u0103t\u0103lin<\/h2>\n<h3>Director SRTFC Craiova | from 16.01.2025<\/h3>\n<div><a class=\"btn btn-primary\" href=\"https:\/\/www.cfrcalatori.ro\/wp-content\/uploads\/2025\/01\/CV-Dragota-Catalin-2025.pdf\" target=\"_blank\" rel=\"noopener\"><i class=\"fa fa-address-card-o\" aria-hidden=\"true\"><\/i> Download CV <\/a><\/div>\n<\/div>\n<\/div>\n<\/div>\n<div class=\"col-12 col-sm-12 col-lg-6\">\n<div class=\"membru\">\n<div class=\"info\">\n<h2>Popa Simion Ciprian<\/h2>\n<h3>Director SRTFC Timi\u0219oara | from 12.08.2025<\/h3>\n<div><a class=\"btn btn-primary\" href=\"https:\/\/www.cfrcalatori.ro\/wp-content\/uploads\/2025\/08\/Europass-CV-popa-002.pdf\" target=\"_blank\" rel=\"noopener\"><i class=\"fa fa-address-card-o\" aria-hidden=\"true\"><\/i> Download CV <\/a><\/div>\n<\/div>\n<\/div>\n<\/div>\n<div class=\"col-12 col-sm-12 col-lg-6\">\n<div class=\"membru\">\n<div class=\"info\">\n<h2>Stanca Ioana Camelia<\/h2>\n<h3>Director SRTFC Cluj | from 25.11.2024<span style=\"color: #ffffff;\">\u00a0din<\/span><\/h3>\n<div><a class=\"btn btn-primary\" href=\"https:\/\/www.cfrcalatori.ro\/wp-content\/uploads\/2025\/03\/CV-Stanca-Ioana-Camelia-director-SRTFC-CLUJ-1.pdf\" target=\"_blank\" rel=\"noopener\"><i class=\"fa fa-address-card-o\" aria-hidden=\"true\"><\/i> Download CV <\/a><\/div>\n<\/div>\n<\/div>\n<\/div>\n<div class=\"col-12 col-sm-12 col-lg-6\">\n<div class=\"membru\">\n<div class=\"info\">\n<h2>C\u00eerjan Gheorghe R\u0103zvan<\/h2>\n<h3>Director SRTFC Bra\u0219ov | from 13.09.2024<\/h3>\n<div><a class=\"btn btn-primary\" href=\"#\" target=\"_blank\" rel=\"noopener\"><i class=\"fa fa-address-card-o\" aria-hidden=\"true\"><\/i> Download CV <\/a><\/div>\n<\/div>\n<\/div>\n<\/div>\n<div class=\"col-12 col-sm-12 col-lg-6\">\n<div class=\"membru\">\n<div class=\"info\">\n<h2>L\u0103c\u0103tu\u0219 Cristian<\/h2>\n<h3>Director of SRTFC Ia\u0219i | 26.01.2026<\/h3>\n<div><a class=\"btn btn-primary\" href=\"#\" target=\"_blank\" rel=\"noopener\"><i class=\"fa fa-address-card-o\" aria-hidden=\"true\"><\/i> Download CV <\/a><\/div>\n<\/div>\n<\/div>\n<\/div>\n<div class=\"col-12 col-sm-12 col-lg-6\">\n<div class=\"membru\">\n<div class=\"info\">\n<h2>Profir Marian<\/h2>\n<h3>Director SRTFC Gala\u021bi | from 19.09.2022<\/h3>\n<div><a class=\"btn btn-primary\" href=\"https:\/\/www.cfrcalatori.ro\/wp-content\/uploads\/2025\/03\/CV-PROFIR-MARIAN-fara-poza-2025-director-SRTFC-GALATI-1.pdf\" target=\"_blank\" rel=\"noopener\"><i class=\"fa fa-address-card-o\" aria-hidden=\"true\"><\/i> Download CV <\/a><\/div>\n<\/div>\n<\/div>\n<\/div>\n<div class=\"col-12 col-sm-12 col-lg-6\">\n<div class=\"membru\">\n<div class=\"info\">\n<h2>Gavril\u0103 Niculae Aura\u015f<\/h2>\n<h3>Director SRTFC Constanta | from 24.12.2020<\/h3>\n<div><a class=\"btn btn-primary\" href=\"https:\/\/www.cfrcalatori.ro\/wp-content\/uploads\/2025\/03\/CV-GAVRILA-NICULAE-AURAS-director-SRTFC-Constanta-1.pdf\" target=\"_blank\" rel=\"noopener\"><i class=\"fa fa-address-card-o\" aria-hidden=\"true\"><\/i> Download CV<br \/>\n<\/a><\/div>\n<\/div>\n<\/div>\n<\/div>\n<\/div>\n<\/div>\n<\/div>\n<\/div>\n<\/div>\n","protected":false},"excerpt":{"rendered":"<p>&nbsp; Executive management of SNTFC &#8220;CFR C\u0102L\u0102TORI&#8221; SA Traian Preoteasa General Manager | from 23.10.2023 to 13.02.2027 Download CV Mihail Victor Manole Deputy General Manager, Operation Sector &#8211; Rolling Stock | from 01.04.2024 Download CV C\u0103lin Teodor Vod\u0103 Deputy General Director Commercial Sector &#8211; Marketing | from 29.05.2024 Download CV Dorin Mitan Director of Strategy &#8211; Development Department | from 01.02.2025 Download CV Aida Hanganu Financial Director &#8211; Accountant | from 23.10.2023 to 13.02.2027 Descarc\u0103 CV Mircea Lucian \u0218erbu Director of the Procurement Department | from 01.04.2024 Download CV Viorel \u0218tefan Condruz Director of the Technical Department | from 01.04.2024 Download CV Sorin Ionu\u021b Preda Director of the Commercial Department | from 30.05.2024 Download CV Carmen Andreea Iliescu Marketing Department Director | from 01.04.2024 Download&#8230;<\/p>\n","protected":false},"author":4,"featured_media":0,"parent":0,"menu_order":0,"comment_status":"closed","ping_status":"closed","template":"","meta":{"_acf_changed":false,"footnotes":""},"class_list":["post-105313","page","type-page","status-publish","hentry"],"acf":[],"yoast_head":"<!-- This site is optimized with the Yoast SEO plugin v27.0 - https:\/\/yoast.com\/product\/yoast-seo-wordpress\/ -->\n<title>Executive management of SNTFC CFR Calatori - CFR Calatori<\/title>\n<meta name=\"robots\" content=\"index, follow, max-snippet:-1, max-image-preview:large, max-video-preview:-1\" \/>\n<link rel=\"canonical\" href=\"https:\/\/www.cfrcalatori.ro\/en\/executive-management-of-sntfc-cfr-calatori\/\" \/>\n<meta property=\"og:locale\" content=\"en_US\" \/>\n<meta property=\"og:type\" content=\"article\" \/>\n<meta property=\"og:title\" content=\"Executive management of SNTFC CFR Calatori - CFR Calatori\" \/>\n<meta property=\"og:description\" content=\"&nbsp; Executive management of SNTFC &#8220;CFR C\u0102L\u0102TORI&#8221; SA Traian Preoteasa General Manager | from 23.10.2023 to 13.02.2027 Download CV Mihail Victor Manole Deputy General Manager, Operation Sector &#8211; Rolling Stock | from 01.04.2024 Download CV C\u0103lin Teodor Vod\u0103 Deputy General Director Commercial Sector &#8211; Marketing | from 29.05.2024 Download CV Dorin Mitan Director of Strategy &#8211; Development Department | from 01.02.2025 Download CV Aida Hanganu Financial Director &#8211; Accountant | from 23.10.2023 to 13.02.2027 Descarc\u0103 CV Mircea Lucian \u0218erbu Director of the Procurement Department | from 01.04.2024 Download CV Viorel \u0218tefan Condruz Director of the Technical Department | from 01.04.2024 Download CV Sorin Ionu\u021b Preda Director of the Commercial Department | from 30.05.2024 Download CV Carmen Andreea Iliescu Marketing Department Director | from 01.04.2024 Download...\" \/>\n<meta property=\"og:url\" content=\"https:\/\/www.cfrcalatori.ro\/en\/executive-management-of-sntfc-cfr-calatori\/\" \/>\n<meta property=\"og:site_name\" content=\"CFR Calatori\" \/>\n<meta property=\"article:modified_time\" content=\"2026-01-26T09:49:34+00:00\" \/>\n<meta name=\"twitter:card\" content=\"summary_large_image\" \/>\n<meta name=\"twitter:label1\" content=\"Est. reading time\" \/>\n\t<meta name=\"twitter:data1\" content=\"2 minutes\" \/>\n<script type=\"application\/ld+json\" class=\"yoast-schema-graph\">{\"@context\":\"https:\/\/schema.org\",\"@graph\":[{\"@type\":\"WebPage\",\"@id\":\"https:\/\/www.cfrcalatori.ro\/en\/executive-management-of-sntfc-cfr-calatori\/\",\"url\":\"https:\/\/www.cfrcalatori.ro\/en\/executive-management-of-sntfc-cfr-calatori\/\",\"name\":\"Executive management of SNTFC CFR Calatori - CFR Calatori\",\"isPartOf\":{\"@id\":\"https:\/\/www.cfrcalatori.ro\/en\/#website\"},\"datePublished\":\"2025-08-27T07:25:15+00:00\",\"dateModified\":\"2026-01-26T09:49:34+00:00\",\"breadcrumb\":{\"@id\":\"https:\/\/www.cfrcalatori.ro\/en\/executive-management-of-sntfc-cfr-calatori\/#breadcrumb\"},\"inLanguage\":\"en-US\",\"potentialAction\":[{\"@type\":\"ReadAction\",\"target\":[\"https:\/\/www.cfrcalatori.ro\/en\/executive-management-of-sntfc-cfr-calatori\/\"]}]},{\"@type\":\"BreadcrumbList\",\"@id\":\"https:\/\/www.cfrcalatori.ro\/en\/executive-management-of-sntfc-cfr-calatori\/#breadcrumb\",\"itemListElement\":[{\"@type\":\"ListItem\",\"position\":1,\"name\":\"Home\",\"item\":\"https:\/\/www.cfrcalatori.ro\/en\/\"},{\"@type\":\"ListItem\",\"position\":2,\"name\":\"Executive management of SNTFC CFR Calatori\"}]},{\"@type\":\"WebSite\",\"@id\":\"https:\/\/www.cfrcalatori.ro\/en\/#website\",\"url\":\"https:\/\/www.cfrcalatori.ro\/en\/\",\"name\":\"CFR Calatori\",\"description\":\"CFRCalatori.ro\",\"potentialAction\":[{\"@type\":\"SearchAction\",\"target\":{\"@type\":\"EntryPoint\",\"urlTemplate\":\"https:\/\/www.cfrcalatori.ro\/en\/?s={search_term_string}\"},\"query-input\":{\"@type\":\"PropertyValueSpecification\",\"valueRequired\":true,\"valueName\":\"search_term_string\"}}],\"inLanguage\":\"en-US\"}]}<\/script>\n<!-- \/ Yoast SEO plugin. -->","yoast_head_json":{"title":"Executive management of SNTFC CFR Calatori - CFR Calatori","robots":{"index":"index","follow":"follow","max-snippet":"max-snippet:-1","max-image-preview":"max-image-preview:large","max-video-preview":"max-video-preview:-1"},"canonical":"https:\/\/www.cfrcalatori.ro\/en\/executive-management-of-sntfc-cfr-calatori\/","og_locale":"en_US","og_type":"article","og_title":"Executive management of SNTFC CFR Calatori - CFR Calatori","og_description":"&nbsp; Executive management of SNTFC &#8220;CFR C\u0102L\u0102TORI&#8221; SA Traian Preoteasa General Manager | from 23.10.2023 to 13.02.2027 Download CV Mihail Victor Manole Deputy General Manager, Operation Sector &#8211; Rolling Stock | from 01.04.2024 Download CV C\u0103lin Teodor Vod\u0103 Deputy General Director Commercial Sector &#8211; Marketing | from 29.05.2024 Download CV Dorin Mitan Director of Strategy &#8211; Development Department | from 01.02.2025 Download CV Aida Hanganu Financial Director &#8211; Accountant | from 23.10.2023 to 13.02.2027 Descarc\u0103 CV Mircea Lucian \u0218erbu Director of the Procurement Department | from 01.04.2024 Download CV Viorel \u0218tefan Condruz Director of the Technical Department | from 01.04.2024 Download CV Sorin Ionu\u021b Preda Director of the Commercial Department | from 30.05.2024 Download CV Carmen Andreea Iliescu Marketing Department Director | from 01.04.2024 Download...","og_url":"https:\/\/www.cfrcalatori.ro\/en\/executive-management-of-sntfc-cfr-calatori\/","og_site_name":"CFR Calatori","article_modified_time":"2026-01-26T09:49:34+00:00","twitter_card":"summary_large_image","twitter_misc":{"Est. reading time":"2 minutes"},"schema":{"@context":"https:\/\/schema.org","@graph":[{"@type":"WebPage","@id":"https:\/\/www.cfrcalatori.ro\/en\/executive-management-of-sntfc-cfr-calatori\/","url":"https:\/\/www.cfrcalatori.ro\/en\/executive-management-of-sntfc-cfr-calatori\/","name":"Executive management of SNTFC CFR Calatori - CFR Calatori","isPartOf":{"@id":"https:\/\/www.cfrcalatori.ro\/en\/#website"},"datePublished":"2025-08-27T07:25:15+00:00","dateModified":"2026-01-26T09:49:34+00:00","breadcrumb":{"@id":"https:\/\/www.cfrcalatori.ro\/en\/executive-management-of-sntfc-cfr-calatori\/#breadcrumb"},"inLanguage":"en-US","potentialAction":[{"@type":"ReadAction","target":["https:\/\/www.cfrcalatori.ro\/en\/executive-management-of-sntfc-cfr-calatori\/"]}]},{"@type":"BreadcrumbList","@id":"https:\/\/www.cfrcalatori.ro\/en\/executive-management-of-sntfc-cfr-calatori\/#breadcrumb","itemListElement":[{"@type":"ListItem","position":1,"name":"Home","item":"https:\/\/www.cfrcalatori.ro\/en\/"},{"@type":"ListItem","position":2,"name":"Executive management of SNTFC CFR Calatori"}]},{"@type":"WebSite","@id":"https:\/\/www.cfrcalatori.ro\/en\/#website","url":"https:\/\/www.cfrcalatori.ro\/en\/","name":"CFR Calatori","description":"CFRCalatori.ro","potentialAction":[{"@type":"SearchAction","target":{"@type":"EntryPoint","urlTemplate":"https:\/\/www.cfrcalatori.ro\/en\/?s={search_term_string}"},"query-input":{"@type":"PropertyValueSpecification","valueRequired":true,"valueName":"search_term_string"}}],"inLanguage":"en-US"}]}},"_links":{"self":[{"href":"https:\/\/www.cfrcalatori.ro\/en\/wp-json\/wp\/v2\/pages\/105313","targetHints":{"allow":["GET"]}}],"collection":[{"href":"https:\/\/www.cfrcalatori.ro\/en\/wp-json\/wp\/v2\/pages"}],"about":[{"href":"https:\/\/www.cfrcalatori.ro\/en\/wp-json\/wp\/v2\/types\/page"}],"author":[{"embeddable":true,"href":"https:\/\/www.cfrcalatori.ro\/en\/wp-json\/wp\/v2\/users\/4"}],"replies":[{"embeddable":true,"href":"https:\/\/www.cfrcalatori.ro\/en\/wp-json\/wp\/v2\/comments?post=105313"}],"version-history":[{"count":2,"href":"https:\/\/www.cfrcalatori.ro\/en\/wp-json\/wp\/v2\/pages\/105313\/revisions"}],"predecessor-version":[{"id":113574,"href":"https:\/\/www.cfrcalatori.ro\/en\/wp-json\/wp\/v2\/pages\/105313\/revisions\/113574"}],"wp:attachment":[{"href":"https:\/\/www.cfrcalatori.ro\/en\/wp-json\/wp\/v2\/media?parent=105313"}],"curies":[{"name":"wp","href":"https:\/\/api.w.org\/{rel}","templated":true}]}}