{"id":105780,"date":"2025-09-05T12:17:14","date_gmt":"2025-09-05T10:17:14","guid":{"rendered":"https:\/\/www.cfrcalatori.ro\/meniu-bar-bistro\/"},"modified":"2025-09-29T11:05:43","modified_gmt":"2025-09-29T09:05:43","slug":"bistro-bar-menu","status":"publish","type":"page","link":"https:\/\/www.cfrcalatori.ro\/en\/bistro-bar-menu\/","title":{"rendered":"Bistro Bar Menu"},"content":{"rendered":"<h3><em>Sandwich (to order)<\/em><\/h3>\n<table width=\"100%\">\n<tbody>\n<tr style=\"background-color: #f0f0f0;\">\n<td width=\"80%\"><strong>Product name <\/strong><\/td>\n<td style=\"text-align: center;\" width=\"10%\"><strong>Quantity<\/strong><\/td>\n<td style=\"text-align: center;\" colspan=\"2\" width=\"10%\"><strong>Price (Ron)<\/strong><\/td>\n<\/tr>\n<tr>\n<td width=\"80%\">Sandwich with cheese, butter and peppers<\/td>\n<td style=\"text-align: center;\" width=\"10%\">135 g<\/td>\n<td style=\"text-align: center;\" colspan=\"2\" width=\"10%\">10,00<\/td>\n<\/tr>\n<tr style=\"background-color: #f0f0f0;\">\n<td width=\"80%\">Sandwich with cheese, butter and cucumbers<\/td>\n<td style=\"text-align: center;\" width=\"67\">140 g<\/td>\n<td style=\"text-align: center;\" colspan=\"2\" width=\"10%\">10,00<\/td>\n<\/tr>\n<tr>\n<td width=\"80%\">Sandwich with cheese, ham and peppers<\/td>\n<td style=\"text-align: center;\" width=\"10%\">130 g<\/td>\n<td style=\"text-align: center;\" colspan=\"2\" width=\"10%\">10,00<\/td>\n<\/tr>\n<tr style=\"background-color: #f0f0f0;\">\n<td width=\"80%\">Sandwich with cheese, ham and cucumbers<\/td>\n<td style=\"text-align: center;\" width=\"10%\">135 g<\/td>\n<td style=\"text-align: center;\" colspan=\"2\" width=\"10%\">10,00<\/td>\n<\/tr>\n<tr>\n<td width=\"80%\">Sandwich with tenderloin, melted cheese and peppers<\/td>\n<td style=\"text-align: center;\" width=\"10%\">\u00a0125 g<\/td>\n<td style=\"text-align: center;\" colspan=\"2\" width=\"10%\">\u00a0 10,00<\/td>\n<\/tr>\n<tr style=\"background-color: #f0f0f0;\">\n<td width=\"302\">Sandwich with sirloin, melted cheese and cucumbers<\/td>\n<td style=\"text-align: center;\" width=\"10%\">135 g<\/td>\n<td style=\"text-align: center;\" colspan=\"2\" width=\"10%\">10,00<\/td>\n<\/tr>\n<tr>\n<td width=\"80%\">Sandwich with tenderloin, butter and peppers<\/td>\n<td style=\"text-align: center;\" width=\"67\">130 g<\/td>\n<td style=\"text-align: center;\" colspan=\"2\" width=\"10%\">10,00<\/td>\n<\/tr>\n<tr style=\"background-color: #f0f0f0;\">\n<td width=\"80%\">Sandwich with fillet, butter and cucumbers<\/td>\n<td style=\"text-align: center;\" width=\"10%\">130 g<\/td>\n<td style=\"text-align: center;\" colspan=\"2\" width=\"10%\">10,00<\/td>\n<\/tr>\n<tr>\n<td width=\"80%\">Sandwich with ham, melted cheese and peppers<\/td>\n<td style=\"text-align: center;\" width=\"10%\">135 g<\/td>\n<td style=\"text-align: center;\" colspan=\"2\" width=\"10%\">10,00<\/td>\n<\/tr>\n<tr style=\"background-color: #f0f0f0;\">\n<td width=\"80%\">Sandwich with ham, melted cheese and cucumbers<\/td>\n<td style=\"text-align: center;\" width=\"10%\">140 g<\/td>\n<td style=\"text-align: center;\" colspan=\"2\" width=\"10%\">10,00<\/td>\n<\/tr>\n<tr>\n<td width=\"80%\">Sandwich with Sibiu salami, cheese and peppers<\/td>\n<td style=\"text-align: center;\" width=\"10%\">110 g<\/td>\n<td style=\"text-align: center;\" colspan=\"2\" width=\"10%\">10,00<\/td>\n<\/tr>\n<tr style=\"background-color: #f0f0f0;\">\n<td width=\"80%\">Sandwich with Sibiu salami, butter and peppers<\/td>\n<td style=\"text-align: center;\" width=\"10%\">110 g<\/td>\n<td style=\"text-align: center;\" colspan=\"2\" width=\"10%\">10,00<\/td>\n<\/tr>\n<\/tbody>\n<\/table>\n<p>&nbsp;<\/p>\n<h3><em>Dessert<\/em><\/h3>\n<table width=\"100%\">\n<tbody>\n<tr style=\"background-color: #f0f0f0;\">\n<td width=\"80%\"><strong>Product name<\/strong><\/td>\n<td style=\"text-align: center;\" width=\"10%\"><strong>Quantity<\/strong><\/td>\n<td style=\"text-align: center;\" width=\"10%\"><strong>Price (Ron)<\/strong><\/td>\n<\/tr>\n<tr>\n<td width=\"80%\">Bambino ice cream in a glass<\/td>\n<td style=\"text-align: center;\" width=\"10%\">150 g<\/td>\n<td style=\"text-align: center;\" width=\"10%\">12,00<\/td>\n<\/tr>\n<\/tbody>\n<\/table>\n<p>&nbsp;<\/p>\n<h3><em>Hot drinks<\/em><\/h3>\n<table width=\"100%\">\n<tbody>\n<tr style=\"background-color: #f0f0f0;\">\n<td width=\"80%\"><strong>Product name<\/strong><\/td>\n<td style=\"text-align: center;\" width=\"10%\"><strong>Quantity<\/strong><\/td>\n<td style=\"text-align: center;\" width=\"10%\"><strong>Price (Ron)<\/strong><\/td>\n<\/tr>\n<tr>\n<td width=\"284\">Jacobs Kr\u00f6nung filter coffee with milk<\/td>\n<td style=\"text-align: center;\" width=\"10%\">150 ml \/7,5 g<\/td>\n<td style=\"text-align: center;\" width=\"10%\">6,00<\/td>\n<\/tr>\n<tr style=\"background-color: #f0f0f0;\">\n<td width=\"80%\">Instant coffee with milk<\/td>\n<td style=\"text-align: center;\" width=\"10%\">180 ml \/22,5 g<\/td>\n<td style=\"text-align: center;\" width=\"10%\">3,00<\/td>\n<\/tr>\n<tr>\n<td width=\"80%\">Cappuccino\/ Hot chocolate with whipped cream<\/td>\n<td style=\"text-align: center;\" width=\"10%\">150 ml<br \/>\n\/25 g<\/td>\n<td style=\"text-align: center;\" width=\"10%\">4,00<\/td>\n<\/tr>\n<tr style=\"background-color: #f0f0f0;\">\n<td width=\"80%\">Black tea<\/td>\n<td style=\"text-align: center;\" width=\"10%\">150 ml<\/td>\n<td style=\"text-align: center;\" width=\"10%\">5,00<\/td>\n<\/tr>\n<\/tbody>\n<\/table>\n<p>&nbsp;<\/p>\n<h3><em>Alcoholic drinks<\/em><\/h3>\n<table width=\"100%\">\n<tbody>\n<tr style=\"background-color: #f0f0f0;\">\n<td width=\"80%\"><strong>Product name<\/strong><\/td>\n<td style=\"text-align: center;\" width=\"83\"><strong>Quantity<\/strong><\/td>\n<td style=\"text-align: center;\" width=\"89\"><strong>Price (Ron)<\/strong><\/td>\n<\/tr>\n<tr>\n<td width=\"80%\">Chivas Regal 12 years old whisky<em>\u00a0\u00a0\u00a0\u00a0\u00a0 <\/em><\/td>\n<td style=\"text-align: center;\" width=\"10%\">50 ml<\/td>\n<td style=\"text-align: center;\" width=\"10%\">22,00<\/td>\n<\/tr>\n<tr style=\"background-color: #f0f0f0;\">\n<td width=\"80%\">Tennessee Whiskey Jack Daniel\u2019s<\/td>\n<td style=\"text-align: center;\" width=\"10%\">50 ml<\/td>\n<td style=\"text-align: center;\" width=\"10%\">20,00<\/td>\n<\/tr>\n<tr>\n<td width=\"80%\">Johnnie Walker Scotch Whisky<\/td>\n<td style=\"text-align: center;\" width=\"10%\">50 ml<\/td>\n<td style=\"text-align: center;\" width=\"10%\">18,00<\/td>\n<\/tr>\n<tr style=\"background-color: #f0f0f0;\">\n<td width=\"80%\">Jameson Irish Whiskey<\/td>\n<td style=\"text-align: center;\" width=\"10%\">50 ml<\/td>\n<td style=\"text-align: center;\" width=\"10%\">18,00<\/td>\n<\/tr>\n<tr>\n<td width=\"80%\">Scotch Whisky Ballantine&#8217;s<\/td>\n<td style=\"text-align: center;\" width=\"10%\">50 ml<\/td>\n<td style=\"text-align: center;\" width=\"10%\">16,00<\/td>\n<\/tr>\n<tr style=\"background-color: #f0f0f0;\">\n<td width=\"80%\">Brandy Alexandrion 5 stars<\/td>\n<td style=\"text-align: center;\" width=\"10%\">50 ml<\/td>\n<td style=\"text-align: center;\" width=\"10%\">14,00<\/td>\n<\/tr>\n<tr>\n<td width=\"80%\">Absolut Vodka<\/td>\n<td style=\"text-align: center;\" width=\"10%\">50 ml<\/td>\n<td style=\"text-align: center;\" width=\"10%\">18,00<\/td>\n<\/tr>\n<tr style=\"background-color: #f0f0f0;\">\n<td width=\"80%\">Finlandia Vodka<\/td>\n<td style=\"text-align: center;\" width=\"10%\">50 ml<\/td>\n<td style=\"text-align: center;\" width=\"10%\">18,00<\/td>\n<\/tr>\n<\/tbody>\n<\/table>\n<p>&nbsp;<\/p>\n<h3><em>Aperitifs and digestive drinks<\/em><\/h3>\n<table width=\"100%\">\n<tbody>\n<tr style=\"background-color: #f0f0f0;\">\n<td width=\"80%\"><strong>Product name<\/strong><\/td>\n<td style=\"text-align: center;\" width=\"10%\"><strong>Quantity<\/strong><\/td>\n<td style=\"text-align: center;\" width=\"10%\"><strong>Price (Ron)<\/strong><\/td>\n<\/tr>\n<tr>\n<td width=\"80%\">Bitter Campari<\/td>\n<td style=\"text-align: center;\" width=\"10%\">50 ml<\/td>\n<td style=\"text-align: center;\" width=\"10%\">16,00<\/td>\n<\/tr>\n<tr style=\"background-color: #f0f0f0;\">\n<td width=\"80%\">Lichior J\u00e4germeister<\/td>\n<td style=\"text-align: center;\" width=\"10%\">40 ml<\/td>\n<td style=\"text-align: center;\" width=\"10%\">16,00<\/td>\n<\/tr>\n<\/tbody>\n<\/table>\n<p>&nbsp;<\/p>\n<h3><em>Wine<\/em><\/h3>\n<table width=\"100%\">\n<tbody>\n<tr style=\"background-color: #f0f0f0;\">\n<td width=\"80%\"><strong>Product name<\/strong><\/td>\n<td style=\"text-align: center;\" width=\"10%\"><strong>Quantity<\/strong><\/td>\n<td style=\"text-align: center;\" width=\"10%\"><strong>Price (Ron)<\/strong><\/td>\n<\/tr>\n<tr>\n<td width=\"80%\">Horses from Letea Aligote \/ Rose \/ Sauvignon \/ Blanc \/ Feteasc\u0103 Neagra \/ Cabernet Sauvignon<\/td>\n<td style=\"text-align: center;\" width=\"10%\">750 ml<\/td>\n<td style=\"text-align: center;\" width=\"10%\">55,00<\/td>\n<\/tr>\n<tr style=\"background-color: #f0f0f0;\">\n<td width=\"80%\">Bristena T\u0103m\u00e2ioas\u0103 Rom\u00e2neasc\u0103<\/td>\n<td style=\"text-align: center;\" width=\"10%\">750 ml<\/td>\n<td style=\"text-align: center;\" width=\"10%\">55,00<\/td>\n<\/tr>\n<tr>\n<td width=\"80%\">Budureasca Merlot\/ Rose<\/td>\n<td style=\"text-align: center;\" width=\"10%\">750 ml<\/td>\n<td style=\"text-align: center;\" width=\"10%\">45,00<\/td>\n<\/tr>\n<tr style=\"background-color: #f0f0f0;\">\n<td width=\"80%\">Caloian Feteasc\u0103 Neagr\u0103<\/td>\n<td style=\"text-align: center;\" width=\"10%\">750 ml<\/td>\n<td style=\"text-align: center;\" width=\"10%\">45,00<\/td>\n<\/tr>\n<tr>\n<td width=\"80%\">Caloian Pinot Grigio\/ Rhein Risling\/ Rose<\/td>\n<td style=\"text-align: center;\" width=\"76\">750 ml<\/td>\n<td style=\"text-align: center;\" width=\"73\">45,00<\/td>\n<\/tr>\n<tr style=\"background-color: #f0f0f0;\">\n<td width=\"310\">Castel Huniade (white\/red\/rose) \u2013 miniatures<\/td>\n<td style=\"text-align: center;\" width=\"10%\">187 ml<\/td>\n<td style=\"text-align: center;\" width=\"10%\">15,00<\/td>\n<\/tr>\n<\/tbody>\n<\/table>\n<p>&nbsp;<\/p>\n<h3><em>Beer<\/em><\/h3>\n<table width=\"100%\">\n<tbody>\n<tr style=\"background-color: #f0f0f0;\">\n<td width=\"80%\"><strong>Product name<\/strong><\/td>\n<td style=\"text-align: center;\" width=\"10%\"><strong>Quantity<\/strong><\/td>\n<td style=\"text-align: center;\" width=\"10%\"><strong>Price (Ron)<\/strong><\/td>\n<\/tr>\n<tr>\n<td width=\"80%\">Paulaner<\/td>\n<td style=\"text-align: center;\" width=\"10%\">500 ml<\/td>\n<td style=\"text-align: center;\" width=\"10%\">20,00<\/td>\n<\/tr>\n<tr style=\"background-color: #f0f0f0;\">\n<td width=\"80%\">Nenea Iancu (bottle)<\/td>\n<td style=\"text-align: center;\" width=\"10%\">500 ml<\/td>\n<td style=\"text-align: center;\" width=\"10%\">17,00<\/td>\n<\/tr>\n<tr>\n<td width=\"80%\">Bavaria (bottle)<\/td>\n<td style=\"text-align: center;\" width=\"10%\">330 ml<\/td>\n<td style=\"text-align: center;\" width=\"10%\">14,00<\/td>\n<\/tr>\n<tr style=\"background-color: #f0f0f0;\">\n<td width=\"80%\">Corona (bottle)<\/td>\n<td style=\"text-align: center;\" width=\"10%\">355 ml<\/td>\n<td style=\"text-align: center;\" width=\"10%\">14,00<\/td>\n<\/tr>\n<tr>\n<td width=\"80%\">Warsteiner (bottle)<\/td>\n<td style=\"text-align: center;\" width=\"10%\">500 ml<\/td>\n<td style=\"text-align: center;\" width=\"10%\">14,00<\/td>\n<\/tr>\n<tr style=\"background-color: #f0f0f0;\">\n<td width=\"80%\">Ursus \/ Ciuc \/ Ciuca\u0219 (bottle)<\/td>\n<td style=\"text-align: center;\" width=\"10%\">330 ml<\/td>\n<td style=\"text-align: center;\" width=\"10%\">10,00<\/td>\n<\/tr>\n<tr>\n<td width=\"80%\">Ursus free alcohol\/ Ursus Cooler\/ Ursus Black (dose)<\/td>\n<td style=\"text-align: center;\" width=\"10%\">500 ml<\/td>\n<td style=\"text-align: center;\" width=\"10%\">10,00<\/td>\n<\/tr>\n<\/tbody>\n<\/table>\n<p>&nbsp;<\/p>\n<h3><em>Soft drinks, mineral waters<\/em><\/h3>\n<table width=\"100%\">\n<tbody>\n<tr style=\"background-color: #f0f0f0;\">\n<td width=\"80%\"><strong>Product name<\/strong><\/td>\n<td style=\"text-align: center;\" width=\"10%\"><strong>Quantity<\/strong><\/td>\n<td style=\"text-align: center;\" width=\"10%\"><strong>Price (Ron)<\/strong><\/td>\n<\/tr>\n<tr>\n<td width=\"80%\">Pepsi \/ Pepsi Max \/ Pepsi Twist Max (dose)<\/td>\n<td style=\"text-align: center;\" width=\"10%\">300 ml<\/td>\n<td style=\"text-align: center;\" width=\"10%\">7,00<\/td>\n<\/tr>\n<tr style=\"background-color: #f0f0f0;\">\n<td width=\"80%\">Mirinda \/ Seven Up \/ Fanta (dose)<\/td>\n<td style=\"text-align: center;\" width=\"10%\">330 ml<\/td>\n<td style=\"text-align: center;\" width=\"10%\">7,00<\/td>\n<\/tr>\n<tr>\n<td width=\"80%\">Nectar Granini (bottle)<\/td>\n<td style=\"text-align: center;\" width=\"10%\">250 ml<\/td>\n<td style=\"text-align: center;\" width=\"10%\">8,00<\/p>\n<p>&nbsp;<\/td>\n<\/tr>\n<tr style=\"background-color: #f0f0f0;\">\n<td width=\"80%\">Timbark Lemonade (pet)<\/td>\n<td style=\"text-align: center;\" width=\"10%\">400 ml<\/td>\n<td style=\"text-align: center;\" width=\"10%\">8,00<\/td>\n<\/tr>\n<tr>\n<td width=\"80%\">Mineral\/still water Aqua Carpatica (pet)<\/td>\n<td style=\"text-align: center;\" width=\"10%\">500 ml<\/td>\n<td style=\"text-align: center;\" width=\"10%\">5,00<\/td>\n<\/tr>\n<\/tbody>\n<\/table>\n<p>&nbsp;<\/p>\n<h3><em>Tonic and energy drinks<\/em><\/h3>\n<table style=\"width: 100%; height: 120px;\" width=\"100%\">\n<tbody>\n<tr style=\"background-color: #f0f0f0;\">\n<td style=\"height: 24px;\" width=\"80%\"><strong>Product name<\/strong><\/td>\n<td style=\"text-align: center; height: 24px;\" width=\"10%\"><strong>Quantity<\/strong><\/td>\n<td style=\"text-align: center; height: 24px;\" width=\"10%\"><strong>Price (Ron)<\/strong><\/td>\n<\/tr>\n<tr style=\"height: 24px;\">\n<td style=\"height: 24px;\" width=\"80%\">Red Bull (dose)<\/td>\n<td style=\"text-align: center; height: 24px;\" width=\"10%\">250 ml<\/td>\n<td style=\"text-align: center; height: 24px;\" width=\"10%\">12,00<\/td>\n<\/tr>\n<tr style=\"background-color: #f0f0f0;\">\n<td style=\"height: 24px;\" width=\"80%\">Ice Tea Lipton (dose)<\/td>\n<td style=\"text-align: center; height: 24px;\" width=\"10%\">330 ml<\/td>\n<td style=\"text-align: center; height: 24px;\" width=\"10%\">7,00<\/td>\n<\/tr>\n<tr style=\"height: 24px;\">\n<td style=\"height: 24px;\" width=\"80%\">Schweppes Mandarin\/ Bitter Lemon<\/td>\n<td style=\"text-align: center; height: 24px;\" width=\"10%\">330 ml<\/td>\n<td style=\"text-align: center; height: 24px;\" width=\"10%\">7,00<\/td>\n<\/tr>\n<tr style=\"background-color: #f0f0f0;\">\n<td style=\"height: 24px;\" width=\"80%\">Tonic water Kinley (dose)<\/td>\n<td style=\"text-align: center; height: 24px;\" width=\"10%\">330 ml<\/td>\n<td style=\"text-align: center; height: 24px;\" width=\"10%\">7,00<\/td>\n<\/tr>\n<\/tbody>\n<\/table>\n<p>&nbsp;<\/p>\n<h3><em>Sweets, sugary products and snacks<\/em><\/h3>\n<table width=\"100%\">\n<thead>\n<tr style=\"background-color: #f0f0f0;\">\n<td width=\"80%\"><strong>Product name<\/strong><\/td>\n<td style=\"text-align: center;\" width=\"10%\"><strong>Quantity<\/strong><\/td>\n<td style=\"text-align: center;\" width=\"10%\"><strong>Price (Ron)<\/strong><\/td>\n<\/tr>\n<tr>\n<td width=\"80%\">Felix shelled peanuts (box)<\/td>\n<td style=\"text-align: center;\" width=\"10%\">135 g<\/td>\n<td style=\"text-align: center;\" width=\"10%\">16,00<\/td>\n<\/tr>\n<tr style=\"background-color: #f0f0f0;\">\n<td width=\"80%\">Toblerone chocolate<\/td>\n<td style=\"text-align: center;\" width=\"10%\">100 g<\/td>\n<td style=\"text-align: center;\" width=\"10%\">15,00<\/td>\n<\/tr>\n<tr>\n<td width=\"80%\">Leibnitz biscuits (box)<\/td>\n<td style=\"text-align: center;\" width=\"10%\">125 g<\/td>\n<td style=\"text-align: center;\" width=\"10%\">15,00<\/td>\n<\/tr>\n<tr style=\"background-color: #f0f0f0;\">\n<td width=\"80%\">Milka biscuits (box)<\/td>\n<td style=\"text-align: center;\" width=\"10%\">120\/126 g<\/td>\n<td style=\"text-align: center;\" width=\"10%\">10,00<\/td>\n<\/tr>\n<tr>\n<td width=\"80%\">Ego Alka biscuits (box)<\/td>\n<td style=\"text-align: center;\" width=\"10%\">135\/143 g<\/td>\n<td style=\"text-align: center;\" width=\"10%\">10,00<\/td>\n<\/tr>\n<tr style=\"background-color: #f0f0f0;\">\n<td width=\"80%\">Alfers Wafers \/ Alfers Biscuits (bag)<\/td>\n<td style=\"text-align: center;\" width=\"10%\">180 g<\/td>\n<td style=\"text-align: center;\" width=\"10%\">10,00<\/td>\n<\/tr>\n<tr>\n<td width=\"80%\">Boromir gingerbread (bag)<\/td>\n<td style=\"text-align: center;\" width=\"10%\">300 g<\/td>\n<td style=\"text-align: center;\" width=\"10%\">10,00<\/td>\n<\/tr>\n<tr style=\"background-color: #f0f0f0;\">\n<td width=\"80%\">Maxi-Mix (box)<\/td>\n<td style=\"text-align: center;\" width=\"10%\">100 g<\/td>\n<td style=\"text-align: center;\" width=\"10%\">10,00<\/td>\n<\/tr>\n<tr>\n<td width=\"80%\">Chips Lay\u2019s (bag)<\/td>\n<td style=\"text-align: center;\" width=\"10%\">60 g<\/td>\n<td style=\"text-align: center;\" width=\"10%\">8,00<\/td>\n<\/tr>\n<tr style=\"background-color: #f0f0f0;\">\n<td width=\"80%\">Sticks Stickletti (box)<\/td>\n<td style=\"text-align: center;\" width=\"10%\">100 g<\/td>\n<td style=\"text-align: center;\" width=\"10%\">8,00<\/td>\n<\/tr>\n<tr>\n<td width=\"80%\">Stickletti Cheese\/ Sour Cream &amp; Onion (bag)<\/td>\n<td style=\"text-align: center;\" width=\"10%\">80 g<\/td>\n<td style=\"text-align: center;\" width=\"10%\">8,00<\/td>\n<\/tr>\n<tr style=\"background-color: #f0f0f0;\">\n<td width=\"80%\">Toortitzi (bag)<\/td>\n<td style=\"text-align: center;\" width=\"10%\">80 g<\/td>\n<td style=\"text-align: center;\" width=\"10%\">8,00<\/td>\n<\/tr>\n<tr>\n<td width=\"300\">Bake Rolls\/ Bruschetti Maretti (bag)<\/td>\n<td style=\"text-align: center;\" width=\"10%\">80\/70 g<\/td>\n<td style=\"text-align: center;\" width=\"10%\">8,00<\/td>\n<\/tr>\n<tr style=\"background-color: #f0f0f0;\">\n<td width=\"80%\">Snickers\/Mars Chocolate Bar<\/td>\n<td style=\"text-align: center;\" width=\"10%\">50\/51 g<\/td>\n<td style=\"text-align: center;\" width=\"10%\">6,00<\/td>\n<\/tr>\n<tr>\n<td width=\"80%\">Twix \/ Bounty Chocolate Bar<\/td>\n<td style=\"text-align: center;\" width=\"10%\">50\/57 g<\/td>\n<td style=\"text-align: center;\" width=\"10%\">6,00<\/td>\n<\/tr>\n<tr style=\"background-color: #f0f0f0;\">\n<td width=\"80%\">Croissant 7 Days Max<\/td>\n<td style=\"text-align: center;\" width=\"10%\">85 g<\/td>\n<td style=\"text-align: center;\" width=\"10%\">8,00<\/td>\n<\/tr>\n<\/thead>\n<\/table>\n<p><strong>\u00a0<\/strong><\/p>\n<p><strong>SGR PACKAGING &#8211; 0.50 Ron<\/strong><\/p>\n<p><strong>PRICES VALID FROM July 1, 2025\u00a0 <\/strong><\/p>\n<p>&nbsp;<\/p>\n","protected":false},"excerpt":{"rendered":"<p>Sandwich (to order) Product name Quantity Price (Ron) Sandwich with cheese, butter and peppers 135 g 10,00 Sandwich with cheese, butter and cucumbers 140 g 10,00 Sandwich with cheese, ham and peppers 130 g 10,00 Sandwich with cheese, ham and cucumbers 135 g 10,00 Sandwich with tenderloin, melted cheese and peppers \u00a0125 g \u00a0 10,00 Sandwich with sirloin, melted cheese and cucumbers 135 g 10,00 Sandwich with tenderloin, butter and peppers 130 g 10,00 Sandwich with fillet, butter and cucumbers 130 g 10,00 Sandwich with ham, melted cheese and peppers 135 g 10,00 Sandwich with ham, melted cheese and cucumbers 140 g 10,00 Sandwich with Sibiu salami, cheese and peppers 110 g 10,00 Sandwich with Sibiu salami, butter and peppers 110 g 10,00 &nbsp; Dessert&#8230;<\/p>\n","protected":false},"author":4,"featured_media":0,"parent":0,"menu_order":0,"comment_status":"closed","ping_status":"closed","template":"","meta":{"_acf_changed":false,"footnotes":""},"class_list":["post-105780","page","type-page","status-publish","hentry"],"acf":[],"yoast_head":"<!-- This site is optimized with the Yoast SEO plugin v27.0 - https:\/\/yoast.com\/product\/yoast-seo-wordpress\/ -->\n<title>Bistro Bar Menu - CFR Calatori<\/title>\n<meta name=\"robots\" content=\"index, follow, max-snippet:-1, max-image-preview:large, max-video-preview:-1\" \/>\n<link rel=\"canonical\" href=\"https:\/\/www.cfrcalatori.ro\/en\/bistro-bar-menu\/\" \/>\n<meta property=\"og:locale\" content=\"en_US\" \/>\n<meta property=\"og:type\" content=\"article\" \/>\n<meta property=\"og:title\" content=\"Bistro Bar Menu - CFR Calatori\" \/>\n<meta property=\"og:description\" content=\"Sandwich (to order) Product name Quantity Price (Ron) Sandwich with cheese, butter and peppers 135 g 10,00 Sandwich with cheese, butter and cucumbers 140 g 10,00 Sandwich with cheese, ham and peppers 130 g 10,00 Sandwich with cheese, ham and cucumbers 135 g 10,00 Sandwich with tenderloin, melted cheese and peppers \u00a0125 g \u00a0 10,00 Sandwich with sirloin, melted cheese and cucumbers 135 g 10,00 Sandwich with tenderloin, butter and peppers 130 g 10,00 Sandwich with fillet, butter and cucumbers 130 g 10,00 Sandwich with ham, melted cheese and peppers 135 g 10,00 Sandwich with ham, melted cheese and cucumbers 140 g 10,00 Sandwich with Sibiu salami, cheese and peppers 110 g 10,00 Sandwich with Sibiu salami, butter and peppers 110 g 10,00 &nbsp; Dessert...\" \/>\n<meta property=\"og:url\" content=\"https:\/\/www.cfrcalatori.ro\/en\/bistro-bar-menu\/\" \/>\n<meta property=\"og:site_name\" content=\"CFR Calatori\" \/>\n<meta property=\"article:modified_time\" content=\"2025-09-29T09:05:43+00:00\" \/>\n<meta name=\"twitter:card\" content=\"summary_large_image\" \/>\n<meta name=\"twitter:label1\" content=\"Est. reading time\" \/>\n\t<meta name=\"twitter:data1\" content=\"4 minutes\" \/>\n<script type=\"application\/ld+json\" class=\"yoast-schema-graph\">{\"@context\":\"https:\/\/schema.org\",\"@graph\":[{\"@type\":\"WebPage\",\"@id\":\"https:\/\/www.cfrcalatori.ro\/en\/bistro-bar-menu\/\",\"url\":\"https:\/\/www.cfrcalatori.ro\/en\/bistro-bar-menu\/\",\"name\":\"Bistro Bar Menu - CFR Calatori\",\"isPartOf\":{\"@id\":\"https:\/\/www.cfrcalatori.ro\/en\/#website\"},\"datePublished\":\"2025-09-05T10:17:14+00:00\",\"dateModified\":\"2025-09-29T09:05:43+00:00\",\"breadcrumb\":{\"@id\":\"https:\/\/www.cfrcalatori.ro\/en\/bistro-bar-menu\/#breadcrumb\"},\"inLanguage\":\"en-US\",\"potentialAction\":[{\"@type\":\"ReadAction\",\"target\":[\"https:\/\/www.cfrcalatori.ro\/en\/bistro-bar-menu\/\"]}]},{\"@type\":\"BreadcrumbList\",\"@id\":\"https:\/\/www.cfrcalatori.ro\/en\/bistro-bar-menu\/#breadcrumb\",\"itemListElement\":[{\"@type\":\"ListItem\",\"position\":1,\"name\":\"Home\",\"item\":\"https:\/\/www.cfrcalatori.ro\/en\/\"},{\"@type\":\"ListItem\",\"position\":2,\"name\":\"Bistro Bar Menu\"}]},{\"@type\":\"WebSite\",\"@id\":\"https:\/\/www.cfrcalatori.ro\/en\/#website\",\"url\":\"https:\/\/www.cfrcalatori.ro\/en\/\",\"name\":\"CFR Calatori\",\"description\":\"CFRCalatori.ro\",\"potentialAction\":[{\"@type\":\"SearchAction\",\"target\":{\"@type\":\"EntryPoint\",\"urlTemplate\":\"https:\/\/www.cfrcalatori.ro\/en\/?s={search_term_string}\"},\"query-input\":{\"@type\":\"PropertyValueSpecification\",\"valueRequired\":true,\"valueName\":\"search_term_string\"}}],\"inLanguage\":\"en-US\"}]}<\/script>\n<!-- \/ Yoast SEO plugin. -->","yoast_head_json":{"title":"Bistro Bar Menu - CFR Calatori","robots":{"index":"index","follow":"follow","max-snippet":"max-snippet:-1","max-image-preview":"max-image-preview:large","max-video-preview":"max-video-preview:-1"},"canonical":"https:\/\/www.cfrcalatori.ro\/en\/bistro-bar-menu\/","og_locale":"en_US","og_type":"article","og_title":"Bistro Bar Menu - CFR Calatori","og_description":"Sandwich (to order) Product name Quantity Price (Ron) Sandwich with cheese, butter and peppers 135 g 10,00 Sandwich with cheese, butter and cucumbers 140 g 10,00 Sandwich with cheese, ham and peppers 130 g 10,00 Sandwich with cheese, ham and cucumbers 135 g 10,00 Sandwich with tenderloin, melted cheese and peppers \u00a0125 g \u00a0 10,00 Sandwich with sirloin, melted cheese and cucumbers 135 g 10,00 Sandwich with tenderloin, butter and peppers 130 g 10,00 Sandwich with fillet, butter and cucumbers 130 g 10,00 Sandwich with ham, melted cheese and peppers 135 g 10,00 Sandwich with ham, melted cheese and cucumbers 140 g 10,00 Sandwich with Sibiu salami, cheese and peppers 110 g 10,00 Sandwich with Sibiu salami, butter and peppers 110 g 10,00 &nbsp; Dessert...","og_url":"https:\/\/www.cfrcalatori.ro\/en\/bistro-bar-menu\/","og_site_name":"CFR Calatori","article_modified_time":"2025-09-29T09:05:43+00:00","twitter_card":"summary_large_image","twitter_misc":{"Est. reading time":"4 minutes"},"schema":{"@context":"https:\/\/schema.org","@graph":[{"@type":"WebPage","@id":"https:\/\/www.cfrcalatori.ro\/en\/bistro-bar-menu\/","url":"https:\/\/www.cfrcalatori.ro\/en\/bistro-bar-menu\/","name":"Bistro Bar Menu - CFR Calatori","isPartOf":{"@id":"https:\/\/www.cfrcalatori.ro\/en\/#website"},"datePublished":"2025-09-05T10:17:14+00:00","dateModified":"2025-09-29T09:05:43+00:00","breadcrumb":{"@id":"https:\/\/www.cfrcalatori.ro\/en\/bistro-bar-menu\/#breadcrumb"},"inLanguage":"en-US","potentialAction":[{"@type":"ReadAction","target":["https:\/\/www.cfrcalatori.ro\/en\/bistro-bar-menu\/"]}]},{"@type":"BreadcrumbList","@id":"https:\/\/www.cfrcalatori.ro\/en\/bistro-bar-menu\/#breadcrumb","itemListElement":[{"@type":"ListItem","position":1,"name":"Home","item":"https:\/\/www.cfrcalatori.ro\/en\/"},{"@type":"ListItem","position":2,"name":"Bistro Bar Menu"}]},{"@type":"WebSite","@id":"https:\/\/www.cfrcalatori.ro\/en\/#website","url":"https:\/\/www.cfrcalatori.ro\/en\/","name":"CFR Calatori","description":"CFRCalatori.ro","potentialAction":[{"@type":"SearchAction","target":{"@type":"EntryPoint","urlTemplate":"https:\/\/www.cfrcalatori.ro\/en\/?s={search_term_string}"},"query-input":{"@type":"PropertyValueSpecification","valueRequired":true,"valueName":"search_term_string"}}],"inLanguage":"en-US"}]}},"_links":{"self":[{"href":"https:\/\/www.cfrcalatori.ro\/en\/wp-json\/wp\/v2\/pages\/105780","targetHints":{"allow":["GET"]}}],"collection":[{"href":"https:\/\/www.cfrcalatori.ro\/en\/wp-json\/wp\/v2\/pages"}],"about":[{"href":"https:\/\/www.cfrcalatori.ro\/en\/wp-json\/wp\/v2\/types\/page"}],"author":[{"embeddable":true,"href":"https:\/\/www.cfrcalatori.ro\/en\/wp-json\/wp\/v2\/users\/4"}],"replies":[{"embeddable":true,"href":"https:\/\/www.cfrcalatori.ro\/en\/wp-json\/wp\/v2\/comments?post=105780"}],"version-history":[{"count":0,"href":"https:\/\/www.cfrcalatori.ro\/en\/wp-json\/wp\/v2\/pages\/105780\/revisions"}],"wp:attachment":[{"href":"https:\/\/www.cfrcalatori.ro\/en\/wp-json\/wp\/v2\/media?parent=105780"}],"curies":[{"name":"wp","href":"https:\/\/api.w.org\/{rel}","templated":true}]}}