{"id":18068,"date":"2019-05-28T08:37:44","date_gmt":"2019-05-28T06:37:44","guid":{"rendered":"https:\/\/www.cfrcalatori.ro\/?page_id=18068"},"modified":"2023-01-11T09:26:35","modified_gmt":"2023-01-11T07:26:35","slug":"buy-tickets-in-international-trafic","status":"publish","type":"page","link":"https:\/\/www.cfrcalatori.ro\/en\/buy-tickets-in-international-trafic\/","title":{"rendered":"Buy tickets in international traffic"},"content":{"rendered":"<p>Buying international tickets can be done with a maximum of 3 months from the sales channels of CFR C\u0103l\u0103tori:<\/p>\n<table class=\"table-regulament\">\n<tbody>\n<tr>\n<td><i class=\"fa fa-chrome\" aria-hidden=\"true\"><\/i> CFR C\u0103l\u0103tori railway stations and travel agencies opened to international traffic<\/td>\n<td><a class=\"btn btn-primary regulaemnt-manual\" href=\"https:\/\/www.cfrcalatori.ro\/en\/cfr-calatori-stations-and-travel-agencies-that-issue-travel-tickets-in-international-traffic\" target=\"_blank\" rel=\"noopener\"><i class=\"fa fa-chrome\" aria-hidden=\"true\"><\/i> Read<\/a><\/td>\n<\/tr>\n<tr>\n<td><i class=\"fa fa-chrome\" aria-hidden=\"true\"><\/i> <strong>Buy ONLINE<\/strong><\/td>\n<td><a class=\"btn btn-primary regulaemnt-manual\" href=\"https:\/\/bileteinternationale.cfrcalatori.ro\/en\/booking\/search\" target=\"_blank\" rel=\"noopener\"><i class=\"fa fa-chrome\" aria-hidden=\"true\"><\/i> Buy<\/a><\/td>\n<\/tr>\n<\/tbody>\n<\/table>\n","protected":false},"excerpt":{"rendered":"<p>Buying international tickets can be done with a maximum of 3 months from the sales channels of CFR C\u0103l\u0103tori: CFR C\u0103l\u0103tori railway stations and travel agencies opened to international traffic Read Buy ONLINE Buy<\/p>\n","protected":false},"author":4,"featured_media":0,"parent":0,"menu_order":0,"comment_status":"closed","ping_status":"closed","template":"comercialfarabanner.php","meta":{"_acf_changed":false,"footnotes":""},"class_list":["post-18068","page","type-page","status-publish","hentry"],"acf":[],"yoast_head":"<!-- This site is optimized with the Yoast SEO plugin v27.0 - https:\/\/yoast.com\/product\/yoast-seo-wordpress\/ -->\n<title>Buy tickets in international traffic - CFR Calatori<\/title>\n<meta name=\"robots\" content=\"index, follow, max-snippet:-1, max-image-preview:large, max-video-preview:-1\" \/>\n<link rel=\"canonical\" href=\"https:\/\/www.cfrcalatori.ro\/en\/buy-tickets-in-international-trafic\/\" \/>\n<meta property=\"og:locale\" content=\"en_US\" \/>\n<meta property=\"og:type\" content=\"article\" \/>\n<meta property=\"og:title\" content=\"Buy tickets in international traffic - CFR Calatori\" \/>\n<meta property=\"og:description\" content=\"Buying international tickets can be done with a maximum of 3 months from the sales channels of CFR C\u0103l\u0103tori: CFR C\u0103l\u0103tori railway stations and travel agencies opened to international traffic Read Buy ONLINE Buy\" \/>\n<meta property=\"og:url\" content=\"https:\/\/www.cfrcalatori.ro\/en\/buy-tickets-in-international-trafic\/\" \/>\n<meta property=\"og:site_name\" content=\"CFR Calatori\" \/>\n<meta property=\"article:modified_time\" content=\"2023-01-11T07:26:35+00:00\" \/>\n<meta name=\"twitter:card\" content=\"summary_large_image\" \/>\n<meta name=\"twitter:label1\" content=\"Est. reading time\" \/>\n\t<meta name=\"twitter:data1\" content=\"1 minute\" \/>\n<script type=\"application\/ld+json\" class=\"yoast-schema-graph\">{\"@context\":\"https:\/\/schema.org\",\"@graph\":[{\"@type\":\"WebPage\",\"@id\":\"https:\/\/www.cfrcalatori.ro\/en\/buy-tickets-in-international-trafic\/\",\"url\":\"https:\/\/www.cfrcalatori.ro\/en\/buy-tickets-in-international-trafic\/\",\"name\":\"Buy tickets in international traffic - CFR Calatori\",\"isPartOf\":{\"@id\":\"https:\/\/www.cfrcalatori.ro\/en\/#website\"},\"datePublished\":\"2019-05-28T06:37:44+00:00\",\"dateModified\":\"2023-01-11T07:26:35+00:00\",\"breadcrumb\":{\"@id\":\"https:\/\/www.cfrcalatori.ro\/en\/buy-tickets-in-international-trafic\/#breadcrumb\"},\"inLanguage\":\"en-US\",\"potentialAction\":[{\"@type\":\"ReadAction\",\"target\":[\"https:\/\/www.cfrcalatori.ro\/en\/buy-tickets-in-international-trafic\/\"]}]},{\"@type\":\"BreadcrumbList\",\"@id\":\"https:\/\/www.cfrcalatori.ro\/en\/buy-tickets-in-international-trafic\/#breadcrumb\",\"itemListElement\":[{\"@type\":\"ListItem\",\"position\":1,\"name\":\"Home\",\"item\":\"https:\/\/www.cfrcalatori.ro\/en\/\"},{\"@type\":\"ListItem\",\"position\":2,\"name\":\"Buy tickets in international traffic\"}]},{\"@type\":\"WebSite\",\"@id\":\"https:\/\/www.cfrcalatori.ro\/en\/#website\",\"url\":\"https:\/\/www.cfrcalatori.ro\/en\/\",\"name\":\"CFR Calatori\",\"description\":\"CFRCalatori.ro\",\"potentialAction\":[{\"@type\":\"SearchAction\",\"target\":{\"@type\":\"EntryPoint\",\"urlTemplate\":\"https:\/\/www.cfrcalatori.ro\/en\/?s={search_term_string}\"},\"query-input\":{\"@type\":\"PropertyValueSpecification\",\"valueRequired\":true,\"valueName\":\"search_term_string\"}}],\"inLanguage\":\"en-US\"}]}<\/script>\n<!-- \/ Yoast SEO plugin. -->","yoast_head_json":{"title":"Buy tickets in international traffic - CFR Calatori","robots":{"index":"index","follow":"follow","max-snippet":"max-snippet:-1","max-image-preview":"max-image-preview:large","max-video-preview":"max-video-preview:-1"},"canonical":"https:\/\/www.cfrcalatori.ro\/en\/buy-tickets-in-international-trafic\/","og_locale":"en_US","og_type":"article","og_title":"Buy tickets in international traffic - CFR Calatori","og_description":"Buying international tickets can be done with a maximum of 3 months from the sales channels of CFR C\u0103l\u0103tori: CFR C\u0103l\u0103tori railway stations and travel agencies opened to international traffic Read Buy ONLINE Buy","og_url":"https:\/\/www.cfrcalatori.ro\/en\/buy-tickets-in-international-trafic\/","og_site_name":"CFR Calatori","article_modified_time":"2023-01-11T07:26:35+00:00","twitter_card":"summary_large_image","twitter_misc":{"Est. reading time":"1 minute"},"schema":{"@context":"https:\/\/schema.org","@graph":[{"@type":"WebPage","@id":"https:\/\/www.cfrcalatori.ro\/en\/buy-tickets-in-international-trafic\/","url":"https:\/\/www.cfrcalatori.ro\/en\/buy-tickets-in-international-trafic\/","name":"Buy tickets in international traffic - CFR Calatori","isPartOf":{"@id":"https:\/\/www.cfrcalatori.ro\/en\/#website"},"datePublished":"2019-05-28T06:37:44+00:00","dateModified":"2023-01-11T07:26:35+00:00","breadcrumb":{"@id":"https:\/\/www.cfrcalatori.ro\/en\/buy-tickets-in-international-trafic\/#breadcrumb"},"inLanguage":"en-US","potentialAction":[{"@type":"ReadAction","target":["https:\/\/www.cfrcalatori.ro\/en\/buy-tickets-in-international-trafic\/"]}]},{"@type":"BreadcrumbList","@id":"https:\/\/www.cfrcalatori.ro\/en\/buy-tickets-in-international-trafic\/#breadcrumb","itemListElement":[{"@type":"ListItem","position":1,"name":"Home","item":"https:\/\/www.cfrcalatori.ro\/en\/"},{"@type":"ListItem","position":2,"name":"Buy tickets in international traffic"}]},{"@type":"WebSite","@id":"https:\/\/www.cfrcalatori.ro\/en\/#website","url":"https:\/\/www.cfrcalatori.ro\/en\/","name":"CFR Calatori","description":"CFRCalatori.ro","potentialAction":[{"@type":"SearchAction","target":{"@type":"EntryPoint","urlTemplate":"https:\/\/www.cfrcalatori.ro\/en\/?s={search_term_string}"},"query-input":{"@type":"PropertyValueSpecification","valueRequired":true,"valueName":"search_term_string"}}],"inLanguage":"en-US"}]}},"_links":{"self":[{"href":"https:\/\/www.cfrcalatori.ro\/en\/wp-json\/wp\/v2\/pages\/18068","targetHints":{"allow":["GET"]}}],"collection":[{"href":"https:\/\/www.cfrcalatori.ro\/en\/wp-json\/wp\/v2\/pages"}],"about":[{"href":"https:\/\/www.cfrcalatori.ro\/en\/wp-json\/wp\/v2\/types\/page"}],"author":[{"embeddable":true,"href":"https:\/\/www.cfrcalatori.ro\/en\/wp-json\/wp\/v2\/users\/4"}],"replies":[{"embeddable":true,"href":"https:\/\/www.cfrcalatori.ro\/en\/wp-json\/wp\/v2\/comments?post=18068"}],"version-history":[{"count":0,"href":"https:\/\/www.cfrcalatori.ro\/en\/wp-json\/wp\/v2\/pages\/18068\/revisions"}],"wp:attachment":[{"href":"https:\/\/www.cfrcalatori.ro\/en\/wp-json\/wp\/v2\/media?parent=18068"}],"curies":[{"name":"wp","href":"https:\/\/api.w.org\/{rel}","templated":true}]}}