{"id":28844,"date":"2020-09-10T12:47:12","date_gmt":"2020-09-10T10:47:12","guid":{"rendered":"https:\/\/www.cfrcalatori.ro\/?page_id=28844"},"modified":"2025-01-28T09:20:56","modified_gmt":"2025-01-28T07:20:56","slug":"anunt-privind-acord-de-mediu","status":"publish","type":"page","link":"https:\/\/www.cfrcalatori.ro\/en\/anunt-privind-acord-de-mediu\/","title":{"rendered":"Anun\u021b privind acord de mediu"},"content":{"rendered":"<ol>\n<li><span style=\"font-size: 10pt;\"><strong><em>SOCIETATEA NA<\/em><em>\u021a<\/em><em>IONAL\u0102 DE TRANSPORT FEROVIAR DE C\u0102L\u0102TORI \u201cCFR\u00a0 C<\/em><em>\u0102L\u0102TORI \u2013DEPOUL DE LOCOMOTIVE ARAD<\/em><\/strong> announces the interested public on the request for obtaining the environmental consent for the project \u2013 Dismantling of the ground floor trestle building; dismantling of the ground floor fuel oil tank; dismantling of the ground floor fuel oil castle in the P+1 height regime; dismantling of the ground floor fuel market; dismantling of the ground floor sand kiln building in Arad, str.Gelu no.2A, Arad county.<br \/>\nInformation regarding the potential environmental impact of the proposed project can be consulted at the headquarters of the A.P.M Arad, Splaiul Mure\u0219, FN, between 900-1300 and at the headquarters of the holder in Arad, str. Gelu, no. 2A, Arad county.<br \/>\nPublic observations are received daily at the secretariat of the Arad Environmental Protection Agency, Splaiul Mure\u0219, FN.<\/span><\/li>\n<li><span style=\"font-size: 10pt;\"><em><strong>SOCIETATEA NA<\/strong><\/em><strong><em>\u021a<\/em><\/strong><strong><em>IONAL\u0102 DE TRANSPORT FEROVIAR DE C\u0102L\u0102TORI \u201cCFR\u00a0 C<\/em><\/strong><strong><em>\u0102L\u0102TORI \u2013DEPOUL DE LOCOMOTIVE ARAD<\/em><\/strong> project owner \u2013 Dismantling of the ground floor trestle building; dismantling of the ground floor fuel tank; dismantling of the ground floor fuel castle in the P+1 height regime; dismantling of the ground floor fuel market; dismantling of the ground floor sand kiln building, announces to the interested public on the decision-making of the framing stage &#8211; It is not subject to environmental impact assessment by the Arad Environmental Protection Agency within the environmental impact assessment procedures, for the above-mentioned project, proposed to be carried out in Arad, str.Gelu no.2A, jud. Arad. The draft classification decision and the reasons that substantiate it can be consulted at the headquarters of the Arad Environmental Protection Agency, Splaiul Mure\u0219, FN, from Monday to Friday, between 09-1630, as well as at the following internet address: www.apmar.anpm.ro The interested public can submit comments\/observations on the draft classification decision within 5 days from the date of publication of this announcement, until 14.07.2018.<\/span><\/li>\n<li><span style=\"font-size: 10pt;\"><strong>SOCIETATEA NA\u0162IONAL\u0102 DE TRANSPORT FEROVIAR DE C\u0102L\u0102TORI \u201eCFR C\u0102L\u0102TORI\u201d-S.A. &#8211; SUCURSALA REGIONAL\u0102 DE TRANSPORT FEROVIAR DE C\u0102L\u0102TORI CRAIOVA<\/strong>,owner of the project &#8220;Revision\/repair hall for rolling stock T4 and T5&#8221;, announces to the interested public that the decision of the framing stage has been taken by APM Dolj, within the environmental impact assessment procedure, for the project &#8220;Revision\/repair hall for rolling stock T4 and T5&#8221;, proposed to be located in the Craiova wagon depot, bvd. Decebal no. 5, Craiova, Dolj county.<br \/>\nThe draft framing decision and the reasons that substantiate it can be consulted at the following internet address http:\/\/apmdj.anpm.ro,<br \/>\nProiectul deciziei de \u00eencadrare \u0219i motivele care o fundamenteaz\u0103 pot fi consultate la urm\u0103toarea adres\u0103 de internet http:\/\/apmdj.anpm.ro<br \/>\nPublicul interesat poate inainta comentarii\/observatii la proiectul deciziei de incadrare in termen de 10 zile de la data publicarii anun\u021bului pe pagina de internet a Agen\u021biei pentru Protec\u021bia Mediului Dolj.<\/span><\/li>\n<li><strong>S.N.T.F.C. C.F.R. C\u0102L\u0102TORI S.A.-S.R.T.F.C. CRAIOVA,<\/strong> owner of the project \u201cConstruction of rolling stock maintenance hall (locomotives and wagons)\u201d, announces to the interested public the decision of the framing stage by the Dolj Environmental Protection Agency, within the environmental impact assessment procedure, for the project \u201cConstruction of rolling stock maintenance hall (locomotives and wagons)\u201d, proposed to be located in the Craiova Wagon Repair.<br \/>\nThe draft framing decision and the reasons that substantiate it can be consulted at the headquarters of the Dolj Environmental Protection Agency, in Craiova, Str. Petru Rare\u0219 no.1, jud. Dolj, Monday-Thursday, between 8:00-16:00 and Friday between 8:00-14:00 as well as at the following internet address http:\/\/apmdj.anpm.ro.<br \/>\nThe interested public can submit comments\/observations on the draft classification decision within 10 days from the publication of the announcement on the website of the Dolj Environmental Protection Agency.<\/li>\n<\/ol>\n","protected":false},"excerpt":{"rendered":"<p>SOCIETATEA NA\u021aIONAL\u0102 DE TRANSPORT FEROVIAR DE C\u0102L\u0102TORI \u201cCFR\u00a0 C\u0102L\u0102TORI \u2013DEPOUL DE LOCOMOTIVE ARAD announces the interested public on the request for obtaining the environmental consent for the project \u2013 Dismantling of the ground floor trestle building; dismantling of the ground floor fuel oil tank; dismantling of the ground floor fuel oil castle in the P+1 height regime; dismantling of the ground floor fuel market; dismantling of the ground floor sand kiln building in Arad, str.Gelu no.2A, Arad county. Information regarding the potential environmental impact of the proposed project can be consulted at the headquarters of the A.P.M Arad, Splaiul Mure\u0219, FN, between 900-1300 and at the headquarters of the holder in Arad, str. Gelu, no. 2A, Arad county. Public observations are received daily at the&#8230;<\/p>\n","protected":false},"author":4,"featured_media":0,"parent":0,"menu_order":0,"comment_status":"closed","ping_status":"closed","template":"comercial.php","meta":{"_acf_changed":false,"footnotes":""},"class_list":["post-28844","page","type-page","status-publish","hentry"],"acf":[],"yoast_head":"<!-- This site is optimized with the Yoast SEO plugin v27.0 - https:\/\/yoast.com\/product\/yoast-seo-wordpress\/ -->\n<title>Anun\u021b privind acord de mediu - CFR Calatori<\/title>\n<meta name=\"robots\" content=\"index, follow, max-snippet:-1, max-image-preview:large, max-video-preview:-1\" \/>\n<link rel=\"canonical\" href=\"https:\/\/www.cfrcalatori.ro\/en\/anunt-privind-acord-de-mediu\/\" \/>\n<meta property=\"og:locale\" content=\"en_US\" \/>\n<meta property=\"og:type\" content=\"article\" \/>\n<meta property=\"og:title\" content=\"Anun\u021b privind acord de mediu - CFR Calatori\" \/>\n<meta property=\"og:description\" content=\"SOCIETATEA NA\u021aIONAL\u0102 DE TRANSPORT FEROVIAR DE C\u0102L\u0102TORI \u201cCFR\u00a0 C\u0102L\u0102TORI \u2013DEPOUL DE LOCOMOTIVE ARAD announces the interested public on the request for obtaining the environmental consent for the project \u2013 Dismantling of the ground floor trestle building; dismantling of the ground floor fuel oil tank; dismantling of the ground floor fuel oil castle in the P+1 height regime; dismantling of the ground floor fuel market; dismantling of the ground floor sand kiln building in Arad, str.Gelu no.2A, Arad county. Information regarding the potential environmental impact of the proposed project can be consulted at the headquarters of the A.P.M Arad, Splaiul Mure\u0219, FN, between 900-1300 and at the headquarters of the holder in Arad, str. Gelu, no. 2A, Arad county. Public observations are received daily at the...\" \/>\n<meta property=\"og:url\" content=\"https:\/\/www.cfrcalatori.ro\/en\/anunt-privind-acord-de-mediu\/\" \/>\n<meta property=\"og:site_name\" content=\"CFR Calatori\" \/>\n<meta property=\"article:modified_time\" content=\"2025-01-28T07:20:56+00:00\" \/>\n<meta name=\"twitter:card\" content=\"summary_large_image\" \/>\n<meta name=\"twitter:label1\" content=\"Est. reading time\" \/>\n\t<meta name=\"twitter:data1\" content=\"4 minutes\" \/>\n<script type=\"application\/ld+json\" class=\"yoast-schema-graph\">{\"@context\":\"https:\/\/schema.org\",\"@graph\":[{\"@type\":\"WebPage\",\"@id\":\"https:\/\/www.cfrcalatori.ro\/en\/anunt-privind-acord-de-mediu\/\",\"url\":\"https:\/\/www.cfrcalatori.ro\/en\/anunt-privind-acord-de-mediu\/\",\"name\":\"Anun\u021b privind acord de mediu - CFR Calatori\",\"isPartOf\":{\"@id\":\"https:\/\/www.cfrcalatori.ro\/en\/#website\"},\"datePublished\":\"2020-09-10T10:47:12+00:00\",\"dateModified\":\"2025-01-28T07:20:56+00:00\",\"breadcrumb\":{\"@id\":\"https:\/\/www.cfrcalatori.ro\/en\/anunt-privind-acord-de-mediu\/#breadcrumb\"},\"inLanguage\":\"en-US\",\"potentialAction\":[{\"@type\":\"ReadAction\",\"target\":[\"https:\/\/www.cfrcalatori.ro\/en\/anunt-privind-acord-de-mediu\/\"]}]},{\"@type\":\"BreadcrumbList\",\"@id\":\"https:\/\/www.cfrcalatori.ro\/en\/anunt-privind-acord-de-mediu\/#breadcrumb\",\"itemListElement\":[{\"@type\":\"ListItem\",\"position\":1,\"name\":\"Home\",\"item\":\"https:\/\/www.cfrcalatori.ro\/en\/\"},{\"@type\":\"ListItem\",\"position\":2,\"name\":\"Anun\u021b privind acord de mediu\"}]},{\"@type\":\"WebSite\",\"@id\":\"https:\/\/www.cfrcalatori.ro\/en\/#website\",\"url\":\"https:\/\/www.cfrcalatori.ro\/en\/\",\"name\":\"CFR Calatori\",\"description\":\"CFRCalatori.ro\",\"potentialAction\":[{\"@type\":\"SearchAction\",\"target\":{\"@type\":\"EntryPoint\",\"urlTemplate\":\"https:\/\/www.cfrcalatori.ro\/en\/?s={search_term_string}\"},\"query-input\":{\"@type\":\"PropertyValueSpecification\",\"valueRequired\":true,\"valueName\":\"search_term_string\"}}],\"inLanguage\":\"en-US\"}]}<\/script>\n<!-- \/ Yoast SEO plugin. -->","yoast_head_json":{"title":"Anun\u021b privind acord de mediu - CFR Calatori","robots":{"index":"index","follow":"follow","max-snippet":"max-snippet:-1","max-image-preview":"max-image-preview:large","max-video-preview":"max-video-preview:-1"},"canonical":"https:\/\/www.cfrcalatori.ro\/en\/anunt-privind-acord-de-mediu\/","og_locale":"en_US","og_type":"article","og_title":"Anun\u021b privind acord de mediu - CFR Calatori","og_description":"SOCIETATEA NA\u021aIONAL\u0102 DE TRANSPORT FEROVIAR DE C\u0102L\u0102TORI \u201cCFR\u00a0 C\u0102L\u0102TORI \u2013DEPOUL DE LOCOMOTIVE ARAD announces the interested public on the request for obtaining the environmental consent for the project \u2013 Dismantling of the ground floor trestle building; dismantling of the ground floor fuel oil tank; dismantling of the ground floor fuel oil castle in the P+1 height regime; dismantling of the ground floor fuel market; dismantling of the ground floor sand kiln building in Arad, str.Gelu no.2A, Arad county. Information regarding the potential environmental impact of the proposed project can be consulted at the headquarters of the A.P.M Arad, Splaiul Mure\u0219, FN, between 900-1300 and at the headquarters of the holder in Arad, str. Gelu, no. 2A, Arad county. Public observations are received daily at the...","og_url":"https:\/\/www.cfrcalatori.ro\/en\/anunt-privind-acord-de-mediu\/","og_site_name":"CFR Calatori","article_modified_time":"2025-01-28T07:20:56+00:00","twitter_card":"summary_large_image","twitter_misc":{"Est. reading time":"4 minutes"},"schema":{"@context":"https:\/\/schema.org","@graph":[{"@type":"WebPage","@id":"https:\/\/www.cfrcalatori.ro\/en\/anunt-privind-acord-de-mediu\/","url":"https:\/\/www.cfrcalatori.ro\/en\/anunt-privind-acord-de-mediu\/","name":"Anun\u021b privind acord de mediu - CFR Calatori","isPartOf":{"@id":"https:\/\/www.cfrcalatori.ro\/en\/#website"},"datePublished":"2020-09-10T10:47:12+00:00","dateModified":"2025-01-28T07:20:56+00:00","breadcrumb":{"@id":"https:\/\/www.cfrcalatori.ro\/en\/anunt-privind-acord-de-mediu\/#breadcrumb"},"inLanguage":"en-US","potentialAction":[{"@type":"ReadAction","target":["https:\/\/www.cfrcalatori.ro\/en\/anunt-privind-acord-de-mediu\/"]}]},{"@type":"BreadcrumbList","@id":"https:\/\/www.cfrcalatori.ro\/en\/anunt-privind-acord-de-mediu\/#breadcrumb","itemListElement":[{"@type":"ListItem","position":1,"name":"Home","item":"https:\/\/www.cfrcalatori.ro\/en\/"},{"@type":"ListItem","position":2,"name":"Anun\u021b privind acord de mediu"}]},{"@type":"WebSite","@id":"https:\/\/www.cfrcalatori.ro\/en\/#website","url":"https:\/\/www.cfrcalatori.ro\/en\/","name":"CFR Calatori","description":"CFRCalatori.ro","potentialAction":[{"@type":"SearchAction","target":{"@type":"EntryPoint","urlTemplate":"https:\/\/www.cfrcalatori.ro\/en\/?s={search_term_string}"},"query-input":{"@type":"PropertyValueSpecification","valueRequired":true,"valueName":"search_term_string"}}],"inLanguage":"en-US"}]}},"_links":{"self":[{"href":"https:\/\/www.cfrcalatori.ro\/en\/wp-json\/wp\/v2\/pages\/28844","targetHints":{"allow":["GET"]}}],"collection":[{"href":"https:\/\/www.cfrcalatori.ro\/en\/wp-json\/wp\/v2\/pages"}],"about":[{"href":"https:\/\/www.cfrcalatori.ro\/en\/wp-json\/wp\/v2\/types\/page"}],"author":[{"embeddable":true,"href":"https:\/\/www.cfrcalatori.ro\/en\/wp-json\/wp\/v2\/users\/4"}],"replies":[{"embeddable":true,"href":"https:\/\/www.cfrcalatori.ro\/en\/wp-json\/wp\/v2\/comments?post=28844"}],"version-history":[{"count":0,"href":"https:\/\/www.cfrcalatori.ro\/en\/wp-json\/wp\/v2\/pages\/28844\/revisions"}],"wp:attachment":[{"href":"https:\/\/www.cfrcalatori.ro\/en\/wp-json\/wp\/v2\/media?parent=28844"}],"curies":[{"name":"wp","href":"https:\/\/api.w.org\/{rel}","templated":true}]}}