{"id":3242,"date":"2020-10-31T13:06:15","date_gmt":"2020-10-31T11:06:15","guid":{"rendered":"http:\/\/site0-sntfc.westeurope.cloudapp.azure.com\/?page_id=3242"},"modified":"2026-04-07T13:56:13","modified_gmt":"2026-04-07T11:56:13","slug":"moldova","status":"publish","type":"page","link":"https:\/\/www.cfrcalatori.ro\/en\/moldova\/","title":{"rendered":"Moldova"},"content":{"rendered":"<h4 data-raofz=\"56\"><strong>Choose to travel by train to Chisinau &#8230;<\/strong><\/h4>\n<p><img loading=\"lazy\" decoding=\"async\" class=\"size-medium wp-image-41347 alignleft\" src=\"https:\/\/www.cfrcalatori.ro\/wp-content\/uploads\/2022\/01\/IMG-20220113-WA0000-225x300.jpg\" alt=\"\" width=\"225\" height=\"300\" srcset=\"https:\/\/www.cfrcalatori.ro\/wp-content\/uploads\/2022\/01\/IMG-20220113-WA0000-225x300.jpg 225w, https:\/\/www.cfrcalatori.ro\/wp-content\/uploads\/2022\/01\/IMG-20220113-WA0000-768x1024.jpg 768w, https:\/\/www.cfrcalatori.ro\/wp-content\/uploads\/2022\/01\/IMG-20220113-WA0000.jpg 1200w\" sizes=\"auto, (max-width: 225px) 100vw, 225px\" \/><br \/>\nThe most advantageous offer, especially created to promote competitive prices travel between Bucharest &#8211; Chisinau and Chisinau &#8211; Bucharest, is SMART Prietenia!<\/p>\n<p>With SMART Prietenia you pay <strong>31 euros <\/strong>(price valid since April 10, 2026) for your trip to the 4-bed sleeping carriage with the 401\/402 Friendship Train, on Bucharest &#8211; Chisinau and Chisinau &#8211; Bucharest.<\/p>\n<p>The SMART Friendship offer is subject to <strong>special conditions<\/strong>:<br \/>\n\u2022 the number of seats is limited<br \/>\n\u2022 refunding the tickets or exchanging is not possible<br \/>\n\u2022 no additional discounts are granted for children<br \/>\n\u2022 the ticket can be bought 30 days in advance<\/p>\n<p><strong>Important to know! &#8220;Prietenia&#8221; train RUNS DAILY!<\/strong><\/p>\n<p>&nbsp;<\/p>\n<div class=\"alert alert-info\">\n<h3>Did you now?<\/h3>\n<ul>\n<li><strong>Depending on the user\u2019s choice, the international tickets which includes seat reservations for all trains, ordered and paid online, can be sent as well via email in .pdf(A4) format. Ticket printing is not mandatory.<\/strong><\/li>\n<\/ul>\n<\/div>\n<table class=\"table-regulament\">\n<tbody>\n<tr>\n<td><i class=\"fa fa-chrome\" aria-hidden=\"true\"><\/i> Point of sell CFR C\u0103l\u0103tori who sell train tickets in the international traffic<\/td>\n<td><a class=\"btn btn-primary regulaemnt-manual\" href=\"https:\/\/www.cfrcalatori.ro\/statii-si-agentii-de-voiaj-cfr-calatori-care-emit-legitimatii-de-calatorie-in-trafic-international\/\" target=\"_blank\" rel=\"noopener\"><i class=\"fa fa-chrome\" aria-hidden=\"true\"><\/i> Read<\/a><\/td>\n<\/tr>\n<\/tbody>\n<\/table>\n<div class=\"row ctaOffer\">\n<div class=\"titleCta\"><i class=\"fa fa-map-marker\"><\/i> Plan journey<\/div>\n<p><a class=\"butonAccent buy\" href=\"https:\/\/bileteinternationale.cfrcalatori.ro\/en\/booking\/search\" target=\"_blank\" rel=\"noopener\"> <i class=\"fa fa-shopping-cart\"><\/i> Buy online tickets<\/a><\/p>\n<\/div>\n<p>Have a nice trip!<\/p>\n","protected":false},"excerpt":{"rendered":"<p>Choose to travel by train to Chisinau &#8230; The most advantageous offer, especially created to promote competitive prices travel between Bucharest &#8211; Chisinau and Chisinau &#8211; Bucharest, is SMART Prietenia! With SMART Prietenia you pay 31 euros (price valid since April 10, 2026) for your trip to the 4-bed sleeping carriage with the 401\/402 Friendship Train, on Bucharest &#8211; Chisinau and Chisinau &#8211; Bucharest. The SMART Friendship offer is subject to special conditions: \u2022 the number of seats is limited \u2022 refunding the tickets or exchanging is not possible \u2022 no additional discounts are granted for children \u2022 the ticket can be bought 30 days in advance Important to know! &#8220;Prietenia&#8221; train RUNS DAILY! &nbsp; Did you now? Depending on the user\u2019s choice, the international&#8230;<\/p>\n","protected":false},"author":47,"featured_media":0,"parent":0,"menu_order":0,"comment_status":"closed","ping_status":"closed","template":"comercialfarabanner.php","meta":{"_acf_changed":false,"footnotes":""},"class_list":["post-3242","page","type-page","status-publish","hentry"],"acf":[],"yoast_head":"<!-- This site is optimized with the Yoast SEO plugin v27.0 - https:\/\/yoast.com\/product\/yoast-seo-wordpress\/ -->\n<title>Moldova<\/title>\n<meta name=\"description\" content=\"By train in Moldova Smart Prietenia\u00a0\u00a0offer aims to promote competitive prices on Bucharest - Chi\u015fin\u0103u and Chi\u015fin\u0103u - Bucharest route.\" \/>\n<meta name=\"robots\" content=\"index, follow, max-snippet:-1, max-image-preview:large, max-video-preview:-1\" \/>\n<link rel=\"canonical\" href=\"https:\/\/www.cfrcalatori.ro\/en\/moldova\/\" \/>\n<meta property=\"og:locale\" content=\"en_US\" \/>\n<meta property=\"og:type\" content=\"article\" \/>\n<meta property=\"og:title\" content=\"Moldova\" \/>\n<meta property=\"og:description\" content=\"By train in Moldova Smart Prietenia\u00a0\u00a0offer aims to promote competitive prices on Bucharest - Chi\u015fin\u0103u and Chi\u015fin\u0103u - Bucharest route.\" \/>\n<meta property=\"og:url\" content=\"https:\/\/www.cfrcalatori.ro\/en\/moldova\/\" \/>\n<meta property=\"og:site_name\" content=\"CFR Calatori\" \/>\n<meta property=\"article:modified_time\" content=\"2026-04-07T11:56:13+00:00\" \/>\n<meta property=\"og:image\" content=\"https:\/\/www.cfrcalatori.ro\/wp-content\/uploads\/2022\/01\/IMG-20220113-WA0000.jpg\" \/>\n\t<meta property=\"og:image:width\" content=\"1200\" \/>\n\t<meta property=\"og:image:height\" content=\"1600\" \/>\n\t<meta property=\"og:image:type\" content=\"image\/jpeg\" \/>\n<meta name=\"twitter:card\" content=\"summary_large_image\" \/>\n<meta name=\"twitter:label1\" content=\"Est. reading time\" \/>\n\t<meta name=\"twitter:data1\" content=\"2 minutes\" \/>\n<script type=\"application\/ld+json\" class=\"yoast-schema-graph\">{\"@context\":\"https:\/\/schema.org\",\"@graph\":[{\"@type\":\"WebPage\",\"@id\":\"https:\/\/www.cfrcalatori.ro\/en\/moldova\/\",\"url\":\"https:\/\/www.cfrcalatori.ro\/en\/moldova\/\",\"name\":\"Moldova\",\"isPartOf\":{\"@id\":\"https:\/\/www.cfrcalatori.ro\/en\/#website\"},\"primaryImageOfPage\":{\"@id\":\"https:\/\/www.cfrcalatori.ro\/en\/moldova\/#primaryimage\"},\"image\":{\"@id\":\"https:\/\/www.cfrcalatori.ro\/en\/moldova\/#primaryimage\"},\"thumbnailUrl\":\"https:\/\/www.cfrcalatori.ro\/wp-content\/uploads\/2022\/01\/IMG-20220113-WA0000-225x300.jpg\",\"datePublished\":\"2020-10-31T11:06:15+00:00\",\"dateModified\":\"2026-04-07T11:56:13+00:00\",\"description\":\"By train in Moldova Smart Prietenia\u00a0\u00a0offer aims to promote competitive prices on Bucharest - Chi\u015fin\u0103u and Chi\u015fin\u0103u - Bucharest route.\",\"breadcrumb\":{\"@id\":\"https:\/\/www.cfrcalatori.ro\/en\/moldova\/#breadcrumb\"},\"inLanguage\":\"en-US\",\"potentialAction\":[{\"@type\":\"ReadAction\",\"target\":[\"https:\/\/www.cfrcalatori.ro\/en\/moldova\/\"]}]},{\"@type\":\"ImageObject\",\"inLanguage\":\"en-US\",\"@id\":\"https:\/\/www.cfrcalatori.ro\/en\/moldova\/#primaryimage\",\"url\":\"https:\/\/www.cfrcalatori.ro\/wp-content\/uploads\/2022\/01\/IMG-20220113-WA0000-225x300.jpg\",\"contentUrl\":\"https:\/\/www.cfrcalatori.ro\/wp-content\/uploads\/2022\/01\/IMG-20220113-WA0000-225x300.jpg\"},{\"@type\":\"BreadcrumbList\",\"@id\":\"https:\/\/www.cfrcalatori.ro\/en\/moldova\/#breadcrumb\",\"itemListElement\":[{\"@type\":\"ListItem\",\"position\":1,\"name\":\"Home\",\"item\":\"https:\/\/www.cfrcalatori.ro\/en\/\"},{\"@type\":\"ListItem\",\"position\":2,\"name\":\"Moldova\"}]},{\"@type\":\"WebSite\",\"@id\":\"https:\/\/www.cfrcalatori.ro\/en\/#website\",\"url\":\"https:\/\/www.cfrcalatori.ro\/en\/\",\"name\":\"CFR Calatori\",\"description\":\"CFRCalatori.ro\",\"potentialAction\":[{\"@type\":\"SearchAction\",\"target\":{\"@type\":\"EntryPoint\",\"urlTemplate\":\"https:\/\/www.cfrcalatori.ro\/en\/?s={search_term_string}\"},\"query-input\":{\"@type\":\"PropertyValueSpecification\",\"valueRequired\":true,\"valueName\":\"search_term_string\"}}],\"inLanguage\":\"en-US\"}]}<\/script>\n<!-- \/ Yoast SEO plugin. -->","yoast_head_json":{"title":"Moldova","description":"By train in Moldova Smart Prietenia\u00a0\u00a0offer aims to promote competitive prices on Bucharest - Chi\u015fin\u0103u and Chi\u015fin\u0103u - Bucharest route.","robots":{"index":"index","follow":"follow","max-snippet":"max-snippet:-1","max-image-preview":"max-image-preview:large","max-video-preview":"max-video-preview:-1"},"canonical":"https:\/\/www.cfrcalatori.ro\/en\/moldova\/","og_locale":"en_US","og_type":"article","og_title":"Moldova","og_description":"By train in Moldova Smart Prietenia\u00a0\u00a0offer aims to promote competitive prices on Bucharest - Chi\u015fin\u0103u and Chi\u015fin\u0103u - Bucharest route.","og_url":"https:\/\/www.cfrcalatori.ro\/en\/moldova\/","og_site_name":"CFR Calatori","article_modified_time":"2026-04-07T11:56:13+00:00","og_image":[{"width":1200,"height":1600,"url":"https:\/\/www.cfrcalatori.ro\/wp-content\/uploads\/2022\/01\/IMG-20220113-WA0000.jpg","type":"image\/jpeg"}],"twitter_card":"summary_large_image","twitter_misc":{"Est. reading time":"2 minutes"},"schema":{"@context":"https:\/\/schema.org","@graph":[{"@type":"WebPage","@id":"https:\/\/www.cfrcalatori.ro\/en\/moldova\/","url":"https:\/\/www.cfrcalatori.ro\/en\/moldova\/","name":"Moldova","isPartOf":{"@id":"https:\/\/www.cfrcalatori.ro\/en\/#website"},"primaryImageOfPage":{"@id":"https:\/\/www.cfrcalatori.ro\/en\/moldova\/#primaryimage"},"image":{"@id":"https:\/\/www.cfrcalatori.ro\/en\/moldova\/#primaryimage"},"thumbnailUrl":"https:\/\/www.cfrcalatori.ro\/wp-content\/uploads\/2022\/01\/IMG-20220113-WA0000-225x300.jpg","datePublished":"2020-10-31T11:06:15+00:00","dateModified":"2026-04-07T11:56:13+00:00","description":"By train in Moldova Smart Prietenia\u00a0\u00a0offer aims to promote competitive prices on Bucharest - Chi\u015fin\u0103u and Chi\u015fin\u0103u - Bucharest route.","breadcrumb":{"@id":"https:\/\/www.cfrcalatori.ro\/en\/moldova\/#breadcrumb"},"inLanguage":"en-US","potentialAction":[{"@type":"ReadAction","target":["https:\/\/www.cfrcalatori.ro\/en\/moldova\/"]}]},{"@type":"ImageObject","inLanguage":"en-US","@id":"https:\/\/www.cfrcalatori.ro\/en\/moldova\/#primaryimage","url":"https:\/\/www.cfrcalatori.ro\/wp-content\/uploads\/2022\/01\/IMG-20220113-WA0000-225x300.jpg","contentUrl":"https:\/\/www.cfrcalatori.ro\/wp-content\/uploads\/2022\/01\/IMG-20220113-WA0000-225x300.jpg"},{"@type":"BreadcrumbList","@id":"https:\/\/www.cfrcalatori.ro\/en\/moldova\/#breadcrumb","itemListElement":[{"@type":"ListItem","position":1,"name":"Home","item":"https:\/\/www.cfrcalatori.ro\/en\/"},{"@type":"ListItem","position":2,"name":"Moldova"}]},{"@type":"WebSite","@id":"https:\/\/www.cfrcalatori.ro\/en\/#website","url":"https:\/\/www.cfrcalatori.ro\/en\/","name":"CFR Calatori","description":"CFRCalatori.ro","potentialAction":[{"@type":"SearchAction","target":{"@type":"EntryPoint","urlTemplate":"https:\/\/www.cfrcalatori.ro\/en\/?s={search_term_string}"},"query-input":{"@type":"PropertyValueSpecification","valueRequired":true,"valueName":"search_term_string"}}],"inLanguage":"en-US"}]}},"_links":{"self":[{"href":"https:\/\/www.cfrcalatori.ro\/en\/wp-json\/wp\/v2\/pages\/3242","targetHints":{"allow":["GET"]}}],"collection":[{"href":"https:\/\/www.cfrcalatori.ro\/en\/wp-json\/wp\/v2\/pages"}],"about":[{"href":"https:\/\/www.cfrcalatori.ro\/en\/wp-json\/wp\/v2\/types\/page"}],"author":[{"embeddable":true,"href":"https:\/\/www.cfrcalatori.ro\/en\/wp-json\/wp\/v2\/users\/47"}],"replies":[{"embeddable":true,"href":"https:\/\/www.cfrcalatori.ro\/en\/wp-json\/wp\/v2\/comments?post=3242"}],"version-history":[{"count":5,"href":"https:\/\/www.cfrcalatori.ro\/en\/wp-json\/wp\/v2\/pages\/3242\/revisions"}],"predecessor-version":[{"id":116775,"href":"https:\/\/www.cfrcalatori.ro\/en\/wp-json\/wp\/v2\/pages\/3242\/revisions\/116775"}],"wp:attachment":[{"href":"https:\/\/www.cfrcalatori.ro\/en\/wp-json\/wp\/v2\/media?parent=3242"}],"curies":[{"name":"wp","href":"https:\/\/api.w.org\/{rel}","templated":true}]}}