{"id":3302,"date":"2018-02-23T00:16:24","date_gmt":"2018-02-22T22:16:24","guid":{"rendered":"http:\/\/site0-sntfc.westeurope.cloudapp.azure.com\/?page_id=3302"},"modified":"2026-04-27T12:00:07","modified_gmt":"2026-04-27T10:00:07","slug":"phone-information","status":"publish","type":"page","link":"https:\/\/www.cfrcalatori.ro\/en\/phone-information\/","title":{"rendered":"Phone information"},"content":{"rendered":"<p>&nbsp;<\/p>\n<table class=\"table-regulament\">\n<tbody>\n<tr>\n<td><i class=\"fa fa-phone\" aria-hidden=\"true\"><\/i> Phone numbers and CFR Calatori ticket offices opening hours from stations<\/td>\n<td><a class=\"btn btn-primary regulaemnt-manual\" href=\"https:\/\/www.cfrcalatori.ro\/wp-content\/uploads\/2026\/04\/Statii-unde-se-asig-informatii-telef-v27.04.26.pdf\" target=\"_blank\" rel=\"noopener\"><i class=\"fa fa-file-pdf-o\" aria-hidden=\"true\"><\/i> Download<\/a><\/td>\n<\/tr>\n<tr>\n<td><i class=\"fa fa-phone\" aria-hidden=\"true\"><\/i> Phone numbers and CFR Calatori travel agencies opening hours<\/td>\n<td><a class=\"btn btn-primary regulaemnt-manual\" href=\"https:\/\/www.cfrcalatori.ro\/wp-content\/uploads\/2026\/04\/Agentii-de-voiaj-CFR-v15.04.2026.pdf\" target=\"_blank\" rel=\"noopener\"><i class=\"fa fa-file-pdf-o\" aria-hidden=\"true\"><\/i> Download<\/a><\/td>\n<\/tr>\n<\/tbody>\n<\/table>\n","protected":false},"excerpt":{"rendered":"<p>&nbsp; Phone numbers and CFR Calatori ticket offices opening hours from stations Download Phone numbers and CFR Calatori travel agencies opening hours Download<\/p>\n","protected":false},"author":47,"featured_media":0,"parent":0,"menu_order":0,"comment_status":"closed","ping_status":"closed","template":"","meta":{"_acf_changed":false,"footnotes":""},"class_list":["post-3302","page","type-page","status-publish","hentry"],"acf":[],"yoast_head":"<!-- This site is optimized with the Yoast SEO plugin v27.0 - https:\/\/yoast.com\/product\/yoast-seo-wordpress\/ -->\n<title>Phone numbers and CFR C\u0103l\u0103tori railway stations program<\/title>\n<meta name=\"description\" content=\"Rail stations an CFR C\u0103l\u0103tori travel agencies informations\" \/>\n<meta name=\"robots\" content=\"index, follow, max-snippet:-1, max-image-preview:large, max-video-preview:-1\" \/>\n<link rel=\"canonical\" href=\"https:\/\/www.cfrcalatori.ro\/en\/phone-information\/\" \/>\n<meta property=\"og:locale\" content=\"en_US\" \/>\n<meta property=\"og:type\" content=\"article\" \/>\n<meta property=\"og:title\" content=\"Phone numbers and CFR C\u0103l\u0103tori railway stations program\" \/>\n<meta property=\"og:description\" content=\"Rail stations an CFR C\u0103l\u0103tori travel agencies informations\" \/>\n<meta property=\"og:url\" content=\"https:\/\/www.cfrcalatori.ro\/en\/phone-information\/\" \/>\n<meta property=\"og:site_name\" content=\"CFR Calatori\" \/>\n<meta property=\"article:modified_time\" content=\"2026-04-27T10:00:07+00:00\" \/>\n<meta name=\"twitter:card\" content=\"summary_large_image\" \/>\n<meta name=\"twitter:label1\" content=\"Est. reading time\" \/>\n\t<meta name=\"twitter:data1\" content=\"1 minute\" \/>\n<script type=\"application\/ld+json\" class=\"yoast-schema-graph\">{\"@context\":\"https:\/\/schema.org\",\"@graph\":[{\"@type\":\"WebPage\",\"@id\":\"https:\/\/www.cfrcalatori.ro\/en\/phone-information\/\",\"url\":\"https:\/\/www.cfrcalatori.ro\/en\/phone-information\/\",\"name\":\"Phone numbers and CFR C\u0103l\u0103tori railway stations program\",\"isPartOf\":{\"@id\":\"https:\/\/www.cfrcalatori.ro\/en\/#website\"},\"datePublished\":\"2018-02-22T22:16:24+00:00\",\"dateModified\":\"2026-04-27T10:00:07+00:00\",\"description\":\"Rail stations an CFR C\u0103l\u0103tori travel agencies informations\",\"breadcrumb\":{\"@id\":\"https:\/\/www.cfrcalatori.ro\/en\/phone-information\/#breadcrumb\"},\"inLanguage\":\"en-US\",\"potentialAction\":[{\"@type\":\"ReadAction\",\"target\":[\"https:\/\/www.cfrcalatori.ro\/en\/phone-information\/\"]}]},{\"@type\":\"BreadcrumbList\",\"@id\":\"https:\/\/www.cfrcalatori.ro\/en\/phone-information\/#breadcrumb\",\"itemListElement\":[{\"@type\":\"ListItem\",\"position\":1,\"name\":\"Home\",\"item\":\"https:\/\/www.cfrcalatori.ro\/en\/\"},{\"@type\":\"ListItem\",\"position\":2,\"name\":\"Phone information\"}]},{\"@type\":\"WebSite\",\"@id\":\"https:\/\/www.cfrcalatori.ro\/en\/#website\",\"url\":\"https:\/\/www.cfrcalatori.ro\/en\/\",\"name\":\"CFR Calatori\",\"description\":\"CFRCalatori.ro\",\"potentialAction\":[{\"@type\":\"SearchAction\",\"target\":{\"@type\":\"EntryPoint\",\"urlTemplate\":\"https:\/\/www.cfrcalatori.ro\/en\/?s={search_term_string}\"},\"query-input\":{\"@type\":\"PropertyValueSpecification\",\"valueRequired\":true,\"valueName\":\"search_term_string\"}}],\"inLanguage\":\"en-US\"}]}<\/script>\n<!-- \/ Yoast SEO plugin. -->","yoast_head_json":{"title":"Phone numbers and CFR C\u0103l\u0103tori railway stations program","description":"Rail stations an CFR C\u0103l\u0103tori travel agencies informations","robots":{"index":"index","follow":"follow","max-snippet":"max-snippet:-1","max-image-preview":"max-image-preview:large","max-video-preview":"max-video-preview:-1"},"canonical":"https:\/\/www.cfrcalatori.ro\/en\/phone-information\/","og_locale":"en_US","og_type":"article","og_title":"Phone numbers and CFR C\u0103l\u0103tori railway stations program","og_description":"Rail stations an CFR C\u0103l\u0103tori travel agencies informations","og_url":"https:\/\/www.cfrcalatori.ro\/en\/phone-information\/","og_site_name":"CFR Calatori","article_modified_time":"2026-04-27T10:00:07+00:00","twitter_card":"summary_large_image","twitter_misc":{"Est. reading time":"1 minute"},"schema":{"@context":"https:\/\/schema.org","@graph":[{"@type":"WebPage","@id":"https:\/\/www.cfrcalatori.ro\/en\/phone-information\/","url":"https:\/\/www.cfrcalatori.ro\/en\/phone-information\/","name":"Phone numbers and CFR C\u0103l\u0103tori railway stations program","isPartOf":{"@id":"https:\/\/www.cfrcalatori.ro\/en\/#website"},"datePublished":"2018-02-22T22:16:24+00:00","dateModified":"2026-04-27T10:00:07+00:00","description":"Rail stations an CFR C\u0103l\u0103tori travel agencies informations","breadcrumb":{"@id":"https:\/\/www.cfrcalatori.ro\/en\/phone-information\/#breadcrumb"},"inLanguage":"en-US","potentialAction":[{"@type":"ReadAction","target":["https:\/\/www.cfrcalatori.ro\/en\/phone-information\/"]}]},{"@type":"BreadcrumbList","@id":"https:\/\/www.cfrcalatori.ro\/en\/phone-information\/#breadcrumb","itemListElement":[{"@type":"ListItem","position":1,"name":"Home","item":"https:\/\/www.cfrcalatori.ro\/en\/"},{"@type":"ListItem","position":2,"name":"Phone information"}]},{"@type":"WebSite","@id":"https:\/\/www.cfrcalatori.ro\/en\/#website","url":"https:\/\/www.cfrcalatori.ro\/en\/","name":"CFR Calatori","description":"CFRCalatori.ro","potentialAction":[{"@type":"SearchAction","target":{"@type":"EntryPoint","urlTemplate":"https:\/\/www.cfrcalatori.ro\/en\/?s={search_term_string}"},"query-input":{"@type":"PropertyValueSpecification","valueRequired":true,"valueName":"search_term_string"}}],"inLanguage":"en-US"}]}},"_links":{"self":[{"href":"https:\/\/www.cfrcalatori.ro\/en\/wp-json\/wp\/v2\/pages\/3302","targetHints":{"allow":["GET"]}}],"collection":[{"href":"https:\/\/www.cfrcalatori.ro\/en\/wp-json\/wp\/v2\/pages"}],"about":[{"href":"https:\/\/www.cfrcalatori.ro\/en\/wp-json\/wp\/v2\/types\/page"}],"author":[{"embeddable":true,"href":"https:\/\/www.cfrcalatori.ro\/en\/wp-json\/wp\/v2\/users\/47"}],"replies":[{"embeddable":true,"href":"https:\/\/www.cfrcalatori.ro\/en\/wp-json\/wp\/v2\/comments?post=3302"}],"version-history":[{"count":17,"href":"https:\/\/www.cfrcalatori.ro\/en\/wp-json\/wp\/v2\/pages\/3302\/revisions"}],"predecessor-version":[{"id":117728,"href":"https:\/\/www.cfrcalatori.ro\/en\/wp-json\/wp\/v2\/pages\/3302\/revisions\/117728"}],"wp:attachment":[{"href":"https:\/\/www.cfrcalatori.ro\/en\/wp-json\/wp\/v2\/media?parent=3302"}],"curies":[{"name":"wp","href":"https:\/\/api.w.org\/{rel}","templated":true}]}}