{"id":3503,"date":"2018-02-05T11:37:32","date_gmt":"2018-02-05T09:37:32","guid":{"rendered":"http:\/\/site0-sntfc.westeurope.cloudapp.azure.com\/?page_id=3503"},"modified":"2022-02-28T10:20:59","modified_gmt":"2022-02-28T08:20:59","slug":"useful-links-partners","status":"publish","type":"page","link":"https:\/\/www.cfrcalatori.ro\/en\/useful-links-partners\/","title":{"rendered":"Useful links and partners"},"content":{"rendered":"<h2>Link-uri\u00a0utile<\/h2>\n<table class=\"table table-bordered parteneri\">\n<thead><\/thead>\n<tbody>\n<tr>\n<td><a href=\"https:\/\/www.recensamantromania.ro\/\" target=\"_blank\" rel=\"noopener\"><img decoding=\"async\" src=\"https:\/\/www.cfrcalatori.ro\/wp-content\/uploads\/2022\/02\/banner-recensamant2022.jpg\" alt=\"recensamant2021\" \/><\/a><\/td>\n<td><strong>Recens\u0103m\u00e2ntul Popula\u021biei \u0219i Locuin\u021belor,\u00a0<a href=\"https:\/\/www.recensamantromania.ro\/\">www.recensamantromania.ro<\/a><br \/>\n<\/strong><\/td>\n<\/tr>\n<tr>\n<td><a href=\"http:\/\/conect.gov.ro\/\" target=\"_blank\" rel=\"noopener\"><img decoding=\"async\" src=\"https:\/\/www.cfrcalatori.ro\/wp-content\/uploads\/2021\/05\/logo-conect.gov_.ro_.jpg\" alt=\"conect.gov\" \/><\/a><\/td>\n<td><strong>CONECT \u2013 Catalogul Organiza\u021biilor Neguvernamentale pentru Eviden\u021b\u0103, Consultare \u0219i Transparen\u021b\u0103<\/strong><\/p>\n<p><a href=\"http:\/\/conect.gov.ro\/\">www.conect.gov.ro<\/a><\/td>\n<\/tr>\n<tr>\n<td><a href=\"http:\/\/www.cer.be\/\" target=\"_blank\" rel=\"noopener\"><img decoding=\"async\" src=\"https:\/\/www.cfrcalatori.ro\/wp-content\/uploads\/2018\/04\/cer.png\" alt=\"CER\" \/><\/a><\/td>\n<td><strong>CER \u2013 COMUNITATEA CAILOR FERATE EUROPENE SI A GESTIONARILOR DE INFRASTRUCTURA<\/strong><br \/>\n-este o asociatie internationala cu scop stiintific, nelucrativ, care urmareste sa contribuie la ameliorarea si devoltarea modului feroviar de transport,<br \/>\n\u2013 actioneaza in stransa colaborare cu Uniunea Internationala a Cailor Ferate \u2013 UIC, fiind responsabila cu dimensiunea politico-strategica a modului de transport feroviar la nivel european si in relatia cu UE.<br \/>\n<a href=\"http:\/\/www.cer.be\/\">www.cer.be<\/a><\/td>\n<\/tr>\n<tr>\n<td><a href=\"http:\/\/www.interrail.com\/\" target=\"_blank\" rel=\"noopener\"><img decoding=\"async\" src=\"https:\/\/www.cfrcalatori.ro\/wp-content\/uploads\/2018\/04\/interrail.png\" alt=\"Interrail\" \/><\/a><\/td>\n<td><strong>Interrail<\/strong><br \/>\n<a href=\"http:\/\/www.interrail.eu\/\">www.interrail.eu<\/a><\/td>\n<\/tr>\n<tr>\n<td><a href=\"http:\/\/www.cit-rail.org\/en\/\" target=\"_blank\" rel=\"noopener\"><img decoding=\"async\" src=\"https:\/\/www.cfrcalatori.ro\/wp-content\/uploads\/2018\/04\/cit.jpg\" alt=\"CIT-rail\" \/><\/a><\/td>\n<td><strong>CIT \u2013 Comitetul Interna\u0163ional de Transport<\/strong><br \/>\neste o organiza\u0163ie neguvernamentala care se ocup\u0103 de problemele privind legisla\u0163ia interna\u0163ional\u0103 de transport pe baza conven\u0163iilor COTIF \u015fi prevederilor contractelor interna\u0163ionale pentru transport de marf\u0103 \u015fi c\u0103l\u0103tori (operatori \/ clienti si operatori \/ operatori si gestionari de infrastructura).<br \/>\n<a href=\"http:\/\/www.cit-rail.org\/en\/\">www.cit-rail.org<\/a><\/td>\n<\/tr>\n<tr>\n<td><a href=\"http:\/\/tecs.com\/\" target=\"_blank\" rel=\"noopener\"><img decoding=\"async\" src=\"https:\/\/www.cfrcalatori.ro\/wp-content\/uploads\/2018\/04\/etcs.png\" alt=\"ETCS\" \/><\/a><\/td>\n<td><strong>ETCS<\/strong><br \/>\n<a href=\"http:\/\/tecs.com\/\">tecs.com<\/a><\/td>\n<\/tr>\n<tr>\n<td><a href=\"http:\/\/www.aeif.com\/\" target=\"_blank\" rel=\"noopener\"><img decoding=\"async\" src=\"https:\/\/www.cfrcalatori.ro\/wp-content\/uploads\/2018\/04\/aeif.png\" alt=\"AEIF\" \/><\/a><\/td>\n<td>European Association for Railway Interoperability &#8211; AEIF<br \/>\n<a href=\"http:\/\/www.aeif.com\/\" target=\"_blank\" rel=\"noopener\">www.aeif.com<\/a><\/td>\n<\/tr>\n<tr>\n<td><a href=\"http:\/\/www.unece.org\/trans\/main\/sc2\/sc2.html?expandable=99\" target=\"_blank\" rel=\"noopener\"><img decoding=\"async\" src=\"https:\/\/www.cfrcalatori.ro\/wp-content\/uploads\/2018\/04\/unece.png\" alt=\"UNECE\" \/><\/a><\/td>\n<td><strong>UNECE &#8211; United Nations Economic Commission for Europe<\/strong><br \/>\n<a href=\"http:\/\/www.unece.org\/trans\/main\/ter\/ter.html\" target=\"_blank\" rel=\"noopener\">\u00a0About the Trans-European Railway (TER) Project<\/a><br \/>\n<a href=\"http:\/\/www.unece.org\/trans\/main\/sc2\/sc2.html?expandable=99\" target=\"_blank\" rel=\"noopener\">www.unece.org<\/a><\/td>\n<\/tr>\n<tr>\n<td><a href=\"http:\/\/www.euratel.com\/\" target=\"_blank\" rel=\"noopener\"><img decoding=\"async\" src=\"https:\/\/www.cfrcalatori.ro\/wp-content\/uploads\/2018\/04\/euratel.png\" alt=\"EURATEL\" \/><\/a><\/td>\n<td><strong>Euratel<\/strong><br \/>\n<a href=\"http:\/\/www.euratel.com\/\" target=\"_blank\" rel=\"noopener\">www.euratel.com<\/a><\/td>\n<\/tr>\n<tr>\n<td><a href=\"http:\/\/www.ferrovie.it\/\" target=\"_blank\" rel=\"noopener\"><img decoding=\"async\" src=\"https:\/\/www.cfrcalatori.ro\/wp-content\/uploads\/2018\/04\/ferrovie.png\" alt=\"Ferrovie\" \/><\/a><\/td>\n<td><strong>Ferrovie<\/strong><br \/>\n<a href=\"http:\/\/www.ferrovie.it\/\" target=\"_blank\" rel=\"noopener\">www.ferrovie.it<\/a><\/td>\n<\/tr>\n<tr>\n<td><a href=\"http:\/\/www.mav.hu\/\" target=\"_blank\" rel=\"noopener\"><img decoding=\"async\" src=\"https:\/\/www.cfrcalatori.ro\/wp-content\/uploads\/2018\/04\/mav.png\" alt=\"MAV\" \/><\/a><\/td>\n<td><strong>MAV<\/strong><br \/>\n<a href=\"http:\/\/www.mav.hu\/\" target=\"_blank\" rel=\"noopener\">www.mav.hu<\/a><\/td>\n<\/tr>\n<tr>\n<td><a href=\"http:\/\/www.oebb.at\/\" target=\"_blank\" rel=\"noopener\"><img decoding=\"async\" src=\"https:\/\/www.cfrcalatori.ro\/wp-content\/uploads\/2018\/04\/obb.png\" alt=\"OBB\" \/><\/a><\/td>\n<td><strong>OBB<\/strong><br \/>\n<a href=\"http:\/\/www.oebb.at\/\" target=\"_blank\" rel=\"noopener\">www.oebb.at<\/a><\/td>\n<\/tr>\n<tr>\n<td><a href=\"http:\/\/www.sncf.fr\/\" target=\"_blank\" rel=\"noopener\"><img decoding=\"async\" src=\"https:\/\/www.cfrcalatori.ro\/wp-content\/uploads\/2018\/04\/sncf.png\" alt=\"SNCF\" \/><\/a><\/td>\n<td><strong>SNCF<\/strong><br \/>\n<a href=\"http:\/\/www.sncf.fr\/\" target=\"_blank\" rel=\"noopener\">www.sncf.fr<\/a><\/td>\n<\/tr>\n<tr>\n<td><a href=\"http:\/\/rozklad-pkp.pl\/\" target=\"_blank\" rel=\"noopener\"><img decoding=\"async\" src=\"https:\/\/www.cfrcalatori.ro\/wp-content\/uploads\/2018\/04\/pkp.png\" alt=\"PKP\" \/><\/a><\/td>\n<td><strong>Polonia<\/strong><br \/>\n<a href=\"http:\/\/rozklad-pkp.pl\/\" target=\"_blank\" rel=\"noopener\">rozklad-pkp.pl<\/a><\/td>\n<\/tr>\n<tr>\n<td><a href=\"http:\/\/www.eng.rzd.ru\/\" target=\"_blank\" rel=\"noopener\"><img decoding=\"async\" src=\"https:\/\/www.cfrcalatori.ro\/wp-content\/uploads\/2018\/04\/rzd.png\" alt=\"RZD\" \/><\/a><\/td>\n<td><strong>Rusia<\/strong><br \/>\n<a href=\"http:\/\/www.eng.rzd.ru\/\" target=\"_blank\" rel=\"noopener\">www.eng.rzd.ru<\/a><\/td>\n<\/tr>\n<tr>\n<td><a href=\"http:\/\/demo.hafas.de\/bin\/pub\/ecocalculator\/query.exe\/en\" target=\"_blank\" rel=\"noopener\"><img decoding=\"async\" src=\"https:\/\/www.cfrcalatori.ro\/wp-content\/uploads\/2018\/04\/uic.png\" alt=\"UIC\" \/><\/a><\/td>\n<td><strong>ECOPASSENGER<\/strong><br \/>\n<a href=\"http:\/\/demo.hafas.de\/bin\/pub\/ecocalculator\/query.exe\/en\" target=\"_blank\" rel=\"noopener\">EcoPassenger<\/a><\/td>\n<\/tr>\n<tr>\n<td><a href=\"http:\/\/www.metrorex.ro\/prima_pagina_p785-1\" target=\"_blank\" rel=\"noopener\"><img loading=\"lazy\" decoding=\"async\" src=\"https:\/\/www.cfrcalatori.ro\/wp-content\/uploads\/2018\/04\/metrorex.png\" alt=\"Metrorex\" width=\"120\" height=\"50\" \/><\/a><\/td>\n<td><strong>Informatii despre metroul din Bucuresti<\/strong><br \/>\n<a href=\"http:\/\/www.metrorex.ro\/\">www.metrorex.ro<\/a><\/td>\n<\/tr>\n<tr>\n<td><a href=\"http:\/\/www.cenafer.ro\/\" target=\"_blank\" rel=\"noopener\"><img decoding=\"async\" src=\"https:\/\/www.cfrcalatori.ro\/wp-content\/uploads\/2018\/04\/cenafer.png\" alt=\"CENAFER\" \/><\/a><\/td>\n<td><strong>Centrul National de Calificare si Instruire Feroviara<\/strong><br \/>\n<a href=\"http:\/\/www.cenafer.ro\/\">www.cenafer.ro<\/a><\/td>\n<\/tr>\n<tr>\n<td><a href=\"https:\/\/www.facebook.com\/www.politiaromana.ro\/videos\/615891179048862\/\" target=\"_blank\" rel=\"noopener\"><img decoding=\"async\" src=\"https:\/\/www.cfrcalatori.ro\/wp-content\/uploads\/2020\/09\/POL19001_Banner_300x200px_1.jpg\" alt=\"PolitiaRomana\" \/><\/a><\/td>\n<td>Campanie de prevenire a accidentelor produse prin electrocutare \u00een zona c\u0103ilor ferate.<\/p>\n<p>Pentru mai multe detalii accesati linkul <a href=\"https:\/\/www.facebook.com\/www.politiaromana.ro\/videos\/615891179048862\/\">https:\/\/www.facebook.com\/www.politiaromana.ro\/videos\/615891179048862\/<\/a><\/td>\n<\/tr>\n<\/tbody>\n<\/table>\n","protected":false},"excerpt":{"rendered":"<p>Link-uri\u00a0utile Recens\u0103m\u00e2ntul Popula\u021biei \u0219i Locuin\u021belor,\u00a0www.recensamantromania.ro CONECT \u2013 Catalogul Organiza\u021biilor Neguvernamentale pentru Eviden\u021b\u0103, Consultare \u0219i Transparen\u021b\u0103 www.conect.gov.ro CER \u2013 COMUNITATEA CAILOR FERATE EUROPENE SI A GESTIONARILOR DE INFRASTRUCTURA -este o asociatie internationala cu scop stiintific, nelucrativ, care urmareste sa contribuie la ameliorarea si devoltarea modului feroviar de transport, \u2013 actioneaza in stransa colaborare cu Uniunea Internationala a Cailor Ferate \u2013 UIC, fiind responsabila cu dimensiunea politico-strategica a modului de transport feroviar la nivel european si in relatia cu UE. www.cer.be Interrail www.interrail.eu CIT \u2013 Comitetul Interna\u0163ional de Transport este o organiza\u0163ie neguvernamentala care se ocup\u0103 de problemele privind legisla\u0163ia interna\u0163ional\u0103 de transport pe baza conven\u0163iilor COTIF \u015fi prevederilor contractelor interna\u0163ionale pentru transport de marf\u0103 \u015fi c\u0103l\u0103tori (operatori \/ clienti si operatori \/ operatori si gestionari de&#8230;<\/p>\n","protected":false},"author":47,"featured_media":0,"parent":0,"menu_order":0,"comment_status":"closed","ping_status":"closed","template":"","meta":{"_acf_changed":false,"footnotes":""},"class_list":["post-3503","page","type-page","status-publish","hentry"],"acf":[],"yoast_head":"<!-- This site is optimized with the Yoast SEO plugin v27.0 - https:\/\/yoast.com\/product\/yoast-seo-wordpress\/ -->\n<title>Useful links and partners - CFR Calatori<\/title>\n<meta name=\"robots\" content=\"index, follow, max-snippet:-1, max-image-preview:large, max-video-preview:-1\" \/>\n<link rel=\"canonical\" href=\"https:\/\/www.cfrcalatori.ro\/en\/useful-links-partners\/\" \/>\n<meta property=\"og:locale\" content=\"en_US\" \/>\n<meta property=\"og:type\" content=\"article\" \/>\n<meta property=\"og:title\" content=\"Useful links and partners - CFR Calatori\" \/>\n<meta property=\"og:description\" content=\"Link-uri\u00a0utile Recens\u0103m\u00e2ntul Popula\u021biei \u0219i Locuin\u021belor,\u00a0www.recensamantromania.ro CONECT \u2013 Catalogul Organiza\u021biilor Neguvernamentale pentru Eviden\u021b\u0103, Consultare \u0219i Transparen\u021b\u0103 www.conect.gov.ro CER \u2013 COMUNITATEA CAILOR FERATE EUROPENE SI A GESTIONARILOR DE INFRASTRUCTURA -este o asociatie internationala cu scop stiintific, nelucrativ, care urmareste sa contribuie la ameliorarea si devoltarea modului feroviar de transport, \u2013 actioneaza in stransa colaborare cu Uniunea Internationala a Cailor Ferate \u2013 UIC, fiind responsabila cu dimensiunea politico-strategica a modului de transport feroviar la nivel european si in relatia cu UE. www.cer.be Interrail www.interrail.eu CIT \u2013 Comitetul Interna\u0163ional de Transport este o organiza\u0163ie neguvernamentala care se ocup\u0103 de problemele privind legisla\u0163ia interna\u0163ional\u0103 de transport pe baza conven\u0163iilor COTIF \u015fi prevederilor contractelor interna\u0163ionale pentru transport de marf\u0103 \u015fi c\u0103l\u0103tori (operatori \/ clienti si operatori \/ operatori si gestionari de...\" \/>\n<meta property=\"og:url\" content=\"https:\/\/www.cfrcalatori.ro\/en\/useful-links-partners\/\" \/>\n<meta property=\"og:site_name\" content=\"CFR Calatori\" \/>\n<meta property=\"article:modified_time\" content=\"2022-02-28T08:20:59+00:00\" \/>\n<meta property=\"og:image\" content=\"https:\/\/www.cfrcalatori.ro\/wp-content\/uploads\/2022\/02\/banner-recensamant2022.jpg\" \/>\n<meta name=\"twitter:card\" content=\"summary_large_image\" \/>\n<meta name=\"twitter:label1\" content=\"Est. reading time\" \/>\n\t<meta name=\"twitter:data1\" content=\"1 minute\" \/>\n<script type=\"application\/ld+json\" class=\"yoast-schema-graph\">{\"@context\":\"https:\/\/schema.org\",\"@graph\":[{\"@type\":\"WebPage\",\"@id\":\"https:\/\/www.cfrcalatori.ro\/en\/useful-links-partners\/\",\"url\":\"https:\/\/www.cfrcalatori.ro\/en\/useful-links-partners\/\",\"name\":\"Useful links and partners - CFR Calatori\",\"isPartOf\":{\"@id\":\"https:\/\/www.cfrcalatori.ro\/en\/#website\"},\"primaryImageOfPage\":{\"@id\":\"https:\/\/www.cfrcalatori.ro\/en\/useful-links-partners\/#primaryimage\"},\"image\":{\"@id\":\"https:\/\/www.cfrcalatori.ro\/en\/useful-links-partners\/#primaryimage\"},\"thumbnailUrl\":\"https:\/\/www.cfrcalatori.ro\/wp-content\/uploads\/2022\/02\/banner-recensamant2022.jpg\",\"datePublished\":\"2018-02-05T09:37:32+00:00\",\"dateModified\":\"2022-02-28T08:20:59+00:00\",\"breadcrumb\":{\"@id\":\"https:\/\/www.cfrcalatori.ro\/en\/useful-links-partners\/#breadcrumb\"},\"inLanguage\":\"en-US\",\"potentialAction\":[{\"@type\":\"ReadAction\",\"target\":[\"https:\/\/www.cfrcalatori.ro\/en\/useful-links-partners\/\"]}]},{\"@type\":\"ImageObject\",\"inLanguage\":\"en-US\",\"@id\":\"https:\/\/www.cfrcalatori.ro\/en\/useful-links-partners\/#primaryimage\",\"url\":\"https:\/\/www.cfrcalatori.ro\/wp-content\/uploads\/2022\/02\/banner-recensamant2022.jpg\",\"contentUrl\":\"https:\/\/www.cfrcalatori.ro\/wp-content\/uploads\/2022\/02\/banner-recensamant2022.jpg\"},{\"@type\":\"BreadcrumbList\",\"@id\":\"https:\/\/www.cfrcalatori.ro\/en\/useful-links-partners\/#breadcrumb\",\"itemListElement\":[{\"@type\":\"ListItem\",\"position\":1,\"name\":\"Home\",\"item\":\"https:\/\/www.cfrcalatori.ro\/en\/\"},{\"@type\":\"ListItem\",\"position\":2,\"name\":\"Useful links and partners\"}]},{\"@type\":\"WebSite\",\"@id\":\"https:\/\/www.cfrcalatori.ro\/en\/#website\",\"url\":\"https:\/\/www.cfrcalatori.ro\/en\/\",\"name\":\"CFR Calatori\",\"description\":\"CFRCalatori.ro\",\"potentialAction\":[{\"@type\":\"SearchAction\",\"target\":{\"@type\":\"EntryPoint\",\"urlTemplate\":\"https:\/\/www.cfrcalatori.ro\/en\/?s={search_term_string}\"},\"query-input\":{\"@type\":\"PropertyValueSpecification\",\"valueRequired\":true,\"valueName\":\"search_term_string\"}}],\"inLanguage\":\"en-US\"}]}<\/script>\n<!-- \/ Yoast SEO plugin. -->","yoast_head_json":{"title":"Useful links and partners - CFR Calatori","robots":{"index":"index","follow":"follow","max-snippet":"max-snippet:-1","max-image-preview":"max-image-preview:large","max-video-preview":"max-video-preview:-1"},"canonical":"https:\/\/www.cfrcalatori.ro\/en\/useful-links-partners\/","og_locale":"en_US","og_type":"article","og_title":"Useful links and partners - CFR Calatori","og_description":"Link-uri\u00a0utile Recens\u0103m\u00e2ntul Popula\u021biei \u0219i Locuin\u021belor,\u00a0www.recensamantromania.ro CONECT \u2013 Catalogul Organiza\u021biilor Neguvernamentale pentru Eviden\u021b\u0103, Consultare \u0219i Transparen\u021b\u0103 www.conect.gov.ro CER \u2013 COMUNITATEA CAILOR FERATE EUROPENE SI A GESTIONARILOR DE INFRASTRUCTURA -este o asociatie internationala cu scop stiintific, nelucrativ, care urmareste sa contribuie la ameliorarea si devoltarea modului feroviar de transport, \u2013 actioneaza in stransa colaborare cu Uniunea Internationala a Cailor Ferate \u2013 UIC, fiind responsabila cu dimensiunea politico-strategica a modului de transport feroviar la nivel european si in relatia cu UE. www.cer.be Interrail www.interrail.eu CIT \u2013 Comitetul Interna\u0163ional de Transport este o organiza\u0163ie neguvernamentala care se ocup\u0103 de problemele privind legisla\u0163ia interna\u0163ional\u0103 de transport pe baza conven\u0163iilor COTIF \u015fi prevederilor contractelor interna\u0163ionale pentru transport de marf\u0103 \u015fi c\u0103l\u0103tori (operatori \/ clienti si operatori \/ operatori si gestionari de...","og_url":"https:\/\/www.cfrcalatori.ro\/en\/useful-links-partners\/","og_site_name":"CFR Calatori","article_modified_time":"2022-02-28T08:20:59+00:00","og_image":[{"url":"https:\/\/www.cfrcalatori.ro\/wp-content\/uploads\/2022\/02\/banner-recensamant2022.jpg","type":"","width":"","height":""}],"twitter_card":"summary_large_image","twitter_misc":{"Est. reading time":"1 minute"},"schema":{"@context":"https:\/\/schema.org","@graph":[{"@type":"WebPage","@id":"https:\/\/www.cfrcalatori.ro\/en\/useful-links-partners\/","url":"https:\/\/www.cfrcalatori.ro\/en\/useful-links-partners\/","name":"Useful links and partners - CFR Calatori","isPartOf":{"@id":"https:\/\/www.cfrcalatori.ro\/en\/#website"},"primaryImageOfPage":{"@id":"https:\/\/www.cfrcalatori.ro\/en\/useful-links-partners\/#primaryimage"},"image":{"@id":"https:\/\/www.cfrcalatori.ro\/en\/useful-links-partners\/#primaryimage"},"thumbnailUrl":"https:\/\/www.cfrcalatori.ro\/wp-content\/uploads\/2022\/02\/banner-recensamant2022.jpg","datePublished":"2018-02-05T09:37:32+00:00","dateModified":"2022-02-28T08:20:59+00:00","breadcrumb":{"@id":"https:\/\/www.cfrcalatori.ro\/en\/useful-links-partners\/#breadcrumb"},"inLanguage":"en-US","potentialAction":[{"@type":"ReadAction","target":["https:\/\/www.cfrcalatori.ro\/en\/useful-links-partners\/"]}]},{"@type":"ImageObject","inLanguage":"en-US","@id":"https:\/\/www.cfrcalatori.ro\/en\/useful-links-partners\/#primaryimage","url":"https:\/\/www.cfrcalatori.ro\/wp-content\/uploads\/2022\/02\/banner-recensamant2022.jpg","contentUrl":"https:\/\/www.cfrcalatori.ro\/wp-content\/uploads\/2022\/02\/banner-recensamant2022.jpg"},{"@type":"BreadcrumbList","@id":"https:\/\/www.cfrcalatori.ro\/en\/useful-links-partners\/#breadcrumb","itemListElement":[{"@type":"ListItem","position":1,"name":"Home","item":"https:\/\/www.cfrcalatori.ro\/en\/"},{"@type":"ListItem","position":2,"name":"Useful links and partners"}]},{"@type":"WebSite","@id":"https:\/\/www.cfrcalatori.ro\/en\/#website","url":"https:\/\/www.cfrcalatori.ro\/en\/","name":"CFR Calatori","description":"CFRCalatori.ro","potentialAction":[{"@type":"SearchAction","target":{"@type":"EntryPoint","urlTemplate":"https:\/\/www.cfrcalatori.ro\/en\/?s={search_term_string}"},"query-input":{"@type":"PropertyValueSpecification","valueRequired":true,"valueName":"search_term_string"}}],"inLanguage":"en-US"}]}},"_links":{"self":[{"href":"https:\/\/www.cfrcalatori.ro\/en\/wp-json\/wp\/v2\/pages\/3503","targetHints":{"allow":["GET"]}}],"collection":[{"href":"https:\/\/www.cfrcalatori.ro\/en\/wp-json\/wp\/v2\/pages"}],"about":[{"href":"https:\/\/www.cfrcalatori.ro\/en\/wp-json\/wp\/v2\/types\/page"}],"author":[{"embeddable":true,"href":"https:\/\/www.cfrcalatori.ro\/en\/wp-json\/wp\/v2\/users\/47"}],"replies":[{"embeddable":true,"href":"https:\/\/www.cfrcalatori.ro\/en\/wp-json\/wp\/v2\/comments?post=3503"}],"version-history":[{"count":0,"href":"https:\/\/www.cfrcalatori.ro\/en\/wp-json\/wp\/v2\/pages\/3503\/revisions"}],"wp:attachment":[{"href":"https:\/\/www.cfrcalatori.ro\/en\/wp-json\/wp\/v2\/media?parent=3503"}],"curies":[{"name":"wp","href":"https:\/\/api.w.org\/{rel}","templated":true}]}}