{"id":3506,"date":"2018-02-05T11:38:45","date_gmt":"2018-02-05T09:38:45","guid":{"rendered":"http:\/\/site0-sntfc.westeurope.cloudapp.azure.com\/?page_id=3506"},"modified":"2019-07-08T12:14:55","modified_gmt":"2019-07-08T10:14:55","slug":"terms-of-usage","status":"publish","type":"page","link":"https:\/\/www.cfrcalatori.ro\/en\/terms-of-usage\/","title":{"rendered":"Terms of usage"},"content":{"rendered":"<p><strong>General terms for using the site<\/strong><\/p>\n<p>By using of this site is subject to compliance with the Terms and Conditions of Access and Use detailed below, as well as compliance with the applicable laws. When you visit, browse and use the web &#8211; site, you accept implicitly and unconditionally the Terms and Conditions of Access and Use.<\/p>\n<p>SNTFC \u201eCFR C\u0103l\u0103tori\u201d S.A. reserves the right, at any time, to modify and update the access to the site, as well as the Terms and Conditions of Access and Use. These changes and updates are opposable \/ applicable to the user as soon as they have been posted on the site; therefore, the user must regularly refer to this heading in order to verify the General Terms and Conditions in force.<\/p>\n<p><strong>About Copyrights<\/strong><\/p>\n<p>SNTFC \u201eCFR C\u0103l\u0103tori\u201d S.A. is the owner of \u00a0this site. All photos, texts, slogans, drawings, pictures\/images, animated sequences with sound or not, as well as all the works integrated into this site are the SNTFC \u201eCFR C\u0103l\u0103tori\u201d S.A. property or of third parties who have authorized SNTFC \u201eCFR C\u0103l\u0103tori\u201d S.A. to use them.<\/p>\n<p>Reproductions, in paper or in a digital format, of the site mentioned above and \/ or of photographs, texts, slogans, drawings, images, and all the works incorporated in this web-site are authorized, provided that they are intended solely for a purely personal use, excluding any use for advertising and \/ or commercial purposes and \/ or information, so as to comply with the legislative provisions on intellectual property.<\/p>\n<p>Except as provided above, any reproduction, presentation, use or partial or complete modification of the site, regardless of what process or support, of various photographs, texts, slogans, drawings, images, as well as of all the works integrated in this site, without having previously obtained the authorization from SNTFC \u201eCFR C\u0103l\u0103tori\u201d S.A., it is strictly forbidden and constitutes INFRACTION that is punished according to the legislation in force.<\/p>\n<p><strong>Using the information from site and link from <a href=\"http:\/\/www.cfrcalatori.ro\/\">www.cfrcalatori.ro<\/a><\/strong><\/p>\n<p>The content of the site, in whole or in part, may not be reproduced, duplicated, copied, resold, visited or exploited for commercial purposes without the prior written consent of SNTFC \u201eCFR C\u0103l\u0103tori\u201d S.A.<\/p>\n<p>Placing a link to the <a href=\"http:\/\/www.cfrcalatori.ro\">www.cfrcalatori.ro<\/a> site requires a prior written authorization from SNTFC \u201eCFR C\u0103l\u0103tori\u201d S.A. If you want to place a link to our site, you should therefore contact the <a href=\"http:\/\/www.cfrcalatori.ro\">www.cfrcalatori.ro<\/a>\u00a0 website manager<\/p>\n<p>SNTFC \u201eCFR C\u0103l\u0103tori\u201d S.A. under no circumstances be held responsible form making available which are the subject of a link starting from the <a href=\"http:\/\/www.cfrcalatori.ro\">www.cfrcalatori.ro<\/a>\u00a0 website and is not responsible in any way for products, services, etc. available on these sites starting from these sites.<\/p>\n<p><strong>Brand rights<\/strong><\/p>\n<p>The SNTFC \u201eCFR C\u0103l\u0103tori\u201d S.A. brand is a \u00a0registered trademark.<\/p>\n<p><strong>Restricting responsibility<\/strong><\/p>\n<p>The user uses the site at his \/ her own risk. Under no circumstances SNTFC \u201eCFR C\u0103l\u0103tori\u201d S.A., \u00a0 its affiliates, members of its network, either individually or jointly, will not be liable for direct or indirect damages and in particular for damaging property, loss of data or program, pecuniary damage resulting from the access or use of this site or any sites that are related to it . The content of the site is presented without any type\/kind of warranty.<\/p>\n<p>Information on their products, services, and pricing corresponds to when they are written or updated on the various pages of the site; they are provided only for information purposes and therefore are not and should not be considered as a contractual offer of the products and services provided by SNTFC \u201eCFR C\u0103l\u0103tori\u201d S.A., its affiliates or by its network members. Errors or omissions may occur.<\/p>\n<p><strong>Applicable law<\/strong><\/p>\n<p>The Terms of use, as well as any dispute relating to or arising out of the terms of these Terms or the access \/ operation \/ malfunction of the site are subject to Romanian domestic law. Both the General Terms and the Site written in Romanian language. In case of dispute, only the Romanian courts shall be considered competent.<\/p>\n","protected":false},"excerpt":{"rendered":"<p>General terms for using the site By using of this site is subject to compliance with the Terms and Conditions of Access and Use detailed below, as well as compliance with the applicable laws. When you visit, browse and use the web &#8211; site, you accept implicitly and unconditionally the Terms and Conditions of Access and Use. SNTFC \u201eCFR C\u0103l\u0103tori\u201d S.A. reserves the right, at any time, to modify and update the access to the site, as well as the Terms and Conditions of Access and Use. These changes and updates are opposable \/ applicable to the user as soon as they have been posted on the site; therefore, the user must regularly refer to this heading in order to verify the General Terms and&#8230;<\/p>\n","protected":false},"author":47,"featured_media":0,"parent":0,"menu_order":0,"comment_status":"closed","ping_status":"closed","template":"","meta":{"_acf_changed":false,"footnotes":""},"class_list":["post-3506","page","type-page","status-publish","hentry"],"acf":[],"yoast_head":"<!-- This site is optimized with the Yoast SEO plugin v27.0 - https:\/\/yoast.com\/product\/yoast-seo-wordpress\/ -->\n<title>Condi\u0163ii generale pentru utilizarea site-ului<\/title>\n<meta name=\"description\" content=\"CFR C\u0103l\u0103tori \u00ee\u015fi rezerv\u0103 dreptul de a modifica \u015fi actualiza \u00een orice moment accesul la site, precum \u015fi Termenii \u015fi Condi\u0163iile de acces \u015fi de utilizare. Aceste modific\u0103ri \u015fi actualiz\u0103ri sunt opozabile\/aplicabile utilizatorului de \u00eendat\u0103 ce au fost postate pe site\" \/>\n<meta name=\"robots\" content=\"index, follow, max-snippet:-1, max-image-preview:large, max-video-preview:-1\" \/>\n<link rel=\"canonical\" href=\"https:\/\/www.cfrcalatori.ro\/en\/terms-of-usage\/\" \/>\n<meta property=\"og:locale\" content=\"en_US\" \/>\n<meta property=\"og:type\" content=\"article\" \/>\n<meta property=\"og:title\" content=\"Condi\u0163ii generale pentru utilizarea site-ului\" \/>\n<meta property=\"og:description\" content=\"CFR C\u0103l\u0103tori \u00ee\u015fi rezerv\u0103 dreptul de a modifica \u015fi actualiza \u00een orice moment accesul la site, precum \u015fi Termenii \u015fi Condi\u0163iile de acces \u015fi de utilizare. Aceste modific\u0103ri \u015fi actualiz\u0103ri sunt opozabile\/aplicabile utilizatorului de \u00eendat\u0103 ce au fost postate pe site\" \/>\n<meta property=\"og:url\" content=\"https:\/\/www.cfrcalatori.ro\/en\/terms-of-usage\/\" \/>\n<meta property=\"og:site_name\" content=\"CFR Calatori\" \/>\n<meta property=\"article:modified_time\" content=\"2019-07-08T10:14:55+00:00\" \/>\n<meta name=\"twitter:card\" content=\"summary_large_image\" \/>\n<meta name=\"twitter:label1\" content=\"Est. reading time\" \/>\n\t<meta name=\"twitter:data1\" content=\"3 minutes\" \/>\n<script type=\"application\/ld+json\" class=\"yoast-schema-graph\">{\"@context\":\"https:\/\/schema.org\",\"@graph\":[{\"@type\":\"WebPage\",\"@id\":\"https:\/\/www.cfrcalatori.ro\/en\/terms-of-usage\/\",\"url\":\"https:\/\/www.cfrcalatori.ro\/en\/terms-of-usage\/\",\"name\":\"Condi\u0163ii generale pentru utilizarea site-ului\",\"isPartOf\":{\"@id\":\"https:\/\/www.cfrcalatori.ro\/en\/#website\"},\"datePublished\":\"2018-02-05T09:38:45+00:00\",\"dateModified\":\"2019-07-08T10:14:55+00:00\",\"description\":\"CFR C\u0103l\u0103tori \u00ee\u015fi rezerv\u0103 dreptul de a modifica \u015fi actualiza \u00een orice moment accesul la site, precum \u015fi Termenii \u015fi Condi\u0163iile de acces \u015fi de utilizare. Aceste modific\u0103ri \u015fi actualiz\u0103ri sunt opozabile\/aplicabile utilizatorului de \u00eendat\u0103 ce au fost postate pe site\",\"breadcrumb\":{\"@id\":\"https:\/\/www.cfrcalatori.ro\/en\/terms-of-usage\/#breadcrumb\"},\"inLanguage\":\"en-US\",\"potentialAction\":[{\"@type\":\"ReadAction\",\"target\":[\"https:\/\/www.cfrcalatori.ro\/en\/terms-of-usage\/\"]}]},{\"@type\":\"BreadcrumbList\",\"@id\":\"https:\/\/www.cfrcalatori.ro\/en\/terms-of-usage\/#breadcrumb\",\"itemListElement\":[{\"@type\":\"ListItem\",\"position\":1,\"name\":\"Home\",\"item\":\"https:\/\/www.cfrcalatori.ro\/en\/\"},{\"@type\":\"ListItem\",\"position\":2,\"name\":\"Terms of usage\"}]},{\"@type\":\"WebSite\",\"@id\":\"https:\/\/www.cfrcalatori.ro\/en\/#website\",\"url\":\"https:\/\/www.cfrcalatori.ro\/en\/\",\"name\":\"CFR Calatori\",\"description\":\"CFRCalatori.ro\",\"potentialAction\":[{\"@type\":\"SearchAction\",\"target\":{\"@type\":\"EntryPoint\",\"urlTemplate\":\"https:\/\/www.cfrcalatori.ro\/en\/?s={search_term_string}\"},\"query-input\":{\"@type\":\"PropertyValueSpecification\",\"valueRequired\":true,\"valueName\":\"search_term_string\"}}],\"inLanguage\":\"en-US\"}]}<\/script>\n<!-- \/ Yoast SEO plugin. -->","yoast_head_json":{"title":"Condi\u0163ii generale pentru utilizarea site-ului","description":"CFR C\u0103l\u0103tori \u00ee\u015fi rezerv\u0103 dreptul de a modifica \u015fi actualiza \u00een orice moment accesul la site, precum \u015fi Termenii \u015fi Condi\u0163iile de acces \u015fi de utilizare. Aceste modific\u0103ri \u015fi actualiz\u0103ri sunt opozabile\/aplicabile utilizatorului de \u00eendat\u0103 ce au fost postate pe site","robots":{"index":"index","follow":"follow","max-snippet":"max-snippet:-1","max-image-preview":"max-image-preview:large","max-video-preview":"max-video-preview:-1"},"canonical":"https:\/\/www.cfrcalatori.ro\/en\/terms-of-usage\/","og_locale":"en_US","og_type":"article","og_title":"Condi\u0163ii generale pentru utilizarea site-ului","og_description":"CFR C\u0103l\u0103tori \u00ee\u015fi rezerv\u0103 dreptul de a modifica \u015fi actualiza \u00een orice moment accesul la site, precum \u015fi Termenii \u015fi Condi\u0163iile de acces \u015fi de utilizare. Aceste modific\u0103ri \u015fi actualiz\u0103ri sunt opozabile\/aplicabile utilizatorului de \u00eendat\u0103 ce au fost postate pe site","og_url":"https:\/\/www.cfrcalatori.ro\/en\/terms-of-usage\/","og_site_name":"CFR Calatori","article_modified_time":"2019-07-08T10:14:55+00:00","twitter_card":"summary_large_image","twitter_misc":{"Est. reading time":"3 minutes"},"schema":{"@context":"https:\/\/schema.org","@graph":[{"@type":"WebPage","@id":"https:\/\/www.cfrcalatori.ro\/en\/terms-of-usage\/","url":"https:\/\/www.cfrcalatori.ro\/en\/terms-of-usage\/","name":"Condi\u0163ii generale pentru utilizarea site-ului","isPartOf":{"@id":"https:\/\/www.cfrcalatori.ro\/en\/#website"},"datePublished":"2018-02-05T09:38:45+00:00","dateModified":"2019-07-08T10:14:55+00:00","description":"CFR C\u0103l\u0103tori \u00ee\u015fi rezerv\u0103 dreptul de a modifica \u015fi actualiza \u00een orice moment accesul la site, precum \u015fi Termenii \u015fi Condi\u0163iile de acces \u015fi de utilizare. Aceste modific\u0103ri \u015fi actualiz\u0103ri sunt opozabile\/aplicabile utilizatorului de \u00eendat\u0103 ce au fost postate pe site","breadcrumb":{"@id":"https:\/\/www.cfrcalatori.ro\/en\/terms-of-usage\/#breadcrumb"},"inLanguage":"en-US","potentialAction":[{"@type":"ReadAction","target":["https:\/\/www.cfrcalatori.ro\/en\/terms-of-usage\/"]}]},{"@type":"BreadcrumbList","@id":"https:\/\/www.cfrcalatori.ro\/en\/terms-of-usage\/#breadcrumb","itemListElement":[{"@type":"ListItem","position":1,"name":"Home","item":"https:\/\/www.cfrcalatori.ro\/en\/"},{"@type":"ListItem","position":2,"name":"Terms of usage"}]},{"@type":"WebSite","@id":"https:\/\/www.cfrcalatori.ro\/en\/#website","url":"https:\/\/www.cfrcalatori.ro\/en\/","name":"CFR Calatori","description":"CFRCalatori.ro","potentialAction":[{"@type":"SearchAction","target":{"@type":"EntryPoint","urlTemplate":"https:\/\/www.cfrcalatori.ro\/en\/?s={search_term_string}"},"query-input":{"@type":"PropertyValueSpecification","valueRequired":true,"valueName":"search_term_string"}}],"inLanguage":"en-US"}]}},"_links":{"self":[{"href":"https:\/\/www.cfrcalatori.ro\/en\/wp-json\/wp\/v2\/pages\/3506","targetHints":{"allow":["GET"]}}],"collection":[{"href":"https:\/\/www.cfrcalatori.ro\/en\/wp-json\/wp\/v2\/pages"}],"about":[{"href":"https:\/\/www.cfrcalatori.ro\/en\/wp-json\/wp\/v2\/types\/page"}],"author":[{"embeddable":true,"href":"https:\/\/www.cfrcalatori.ro\/en\/wp-json\/wp\/v2\/users\/47"}],"replies":[{"embeddable":true,"href":"https:\/\/www.cfrcalatori.ro\/en\/wp-json\/wp\/v2\/comments?post=3506"}],"version-history":[{"count":0,"href":"https:\/\/www.cfrcalatori.ro\/en\/wp-json\/wp\/v2\/pages\/3506\/revisions"}],"wp:attachment":[{"href":"https:\/\/www.cfrcalatori.ro\/en\/wp-json\/wp\/v2\/media?parent=3506"}],"curies":[{"name":"wp","href":"https:\/\/api.w.org\/{rel}","templated":true}]}}