{"id":3667,"date":"2018-03-27T00:25:27","date_gmt":"2018-03-26T22:25:27","guid":{"rendered":"http:\/\/site0-sntfc.westeurope.cloudapp.azure.com\/?page_id=3667"},"modified":"2026-02-13T10:26:13","modified_gmt":"2026-02-13T08:26:13","slug":"discount-purchase-train-tickets-line","status":"publish","type":"page","link":"https:\/\/www.cfrcalatori.ro\/en\/discount-purchase-train-tickets-line\/","title":{"rendered":"Buy online train tickets in local traffic"},"content":{"rendered":"<section class=\"wpb-content-wrapper\"><p>[vc_row][vc_column][vc_column_text]<\/p>\n<h4><strong>Buy ONLINE train tickets in local traffic!\u00a0<\/strong><strong>Available 7 days a week!<\/strong><\/h4>\n<p>Payment may be made with any type of card accepted when purchasing train tickets online.<br \/>\nThe customer registers on the website, chooses the destination and selects the method of payment online, by credit card.<br \/>\nAfter the transaction is complete, the customer will receive the ticket by mail, in electronic version.<br \/>\nTicket printing is not mandatory, the customer being identifiable on board train just based on her\/his identity card and the ID of the ticket.<\/p>\n<p><strong>Important!<\/strong><br \/>\nThe purchase, modification or refund of domestic traffic tickets bought ONLINE can be done until the departure of the train at the latest.<\/p>\n<p><strong>New!<br \/>\n<\/strong>SNTFC &#8220;CFR C\u0102L\u0102TORI&#8221; SA has implemented a new functionality in the application available for the phone &#8220;CFR C\u0103l\u0103tori billete online&#8221;, which allows travelers with travel subscriptions issued on a transport card or in the form of a dynamic QR code associated with a mobile device, to purchase reservation tickets and\/or fare differences directly from the application downloaded on the phone, when they want to travel on trains that have a reservation regime, during the validity period of the subscription.<br \/>\nOn the train, it is mandatory to present the subscription based on which the reservation ticket was issued, respectively the transport card or the dynamic QR code of the subscription from the &#8220;CFR C\u0103l\u0103tori billete online&#8221; application installed on the phone.<\/p>\n<table class=\"table-regulament\">\n<tbody>\n<tr>\n<td><i class=\"fa fa-shopping-cart\" aria-hidden=\"true\"><\/i> Find out how to buy ONLINE train tickets\u00a0\u00a0in local traffic!<\/td>\n<td><a class=\"btn btn-primary regulaemnt-manual\" href=\"https:\/\/www.cfrcalatori.ro\/en\/cum-cumpar-online\/\" target=\"_blank\" rel=\"noopener\"><i class=\"fa fa-chrome\" aria-hidden=\"true\"><\/i> Read<\/a><\/td>\n<\/tr>\n<\/tbody>\n<\/table>\n<p>[\/vc_column_text][\/vc_column][\/vc_row]<\/p>\n<\/section>","protected":false},"excerpt":{"rendered":"<p>[vc_row][vc_column][vc_column_text] Buy ONLINE train tickets in local traffic!\u00a0Available 7 days a week! Payment may be made with any type of card accepted when purchasing train tickets online. The customer registers on the website, chooses the destination and selects the method of payment online, by credit card. After the transaction is complete, the customer will receive the ticket by mail, in electronic version. Ticket printing is not mandatory, the customer being identifiable on board train just based on her\/his identity card and the ID of the ticket. Important! The purchase, modification or refund of domestic traffic tickets bought ONLINE can be done until the departure of the train at the latest. New! SNTFC &#8220;CFR C\u0102L\u0102TORI&#8221; SA has implemented a new functionality in the application available for&#8230;<\/p>\n","protected":false},"author":47,"featured_media":0,"parent":0,"menu_order":0,"comment_status":"closed","ping_status":"closed","template":"comercialshare.php","meta":{"_acf_changed":false,"footnotes":""},"class_list":["post-3667","page","type-page","status-publish","hentry"],"acf":[],"yoast_head":"<!-- This site is optimized with the Yoast SEO plugin v27.0 - https:\/\/yoast.com\/product\/yoast-seo-wordpress\/ -->\n<title>Buy online train tickets in local traffic - CFR Calatori<\/title>\n<meta name=\"robots\" content=\"index, follow, max-snippet:-1, max-image-preview:large, max-video-preview:-1\" \/>\n<link rel=\"canonical\" href=\"https:\/\/www.cfrcalatori.ro\/en\/discount-purchase-train-tickets-line\/\" \/>\n<meta property=\"og:locale\" content=\"en_US\" \/>\n<meta property=\"og:type\" content=\"article\" \/>\n<meta property=\"og:title\" content=\"Buy online train tickets in local traffic - CFR Calatori\" \/>\n<meta property=\"og:description\" content=\"[vc_row][vc_column][vc_column_text] Buy ONLINE train tickets in local traffic!\u00a0Available 7 days a week! Payment may be made with any type of card accepted when purchasing train tickets online. The customer registers on the website, chooses the destination and selects the method of payment online, by credit card. After the transaction is complete, the customer will receive the ticket by mail, in electronic version. Ticket printing is not mandatory, the customer being identifiable on board train just based on her\/his identity card and the ID of the ticket. Important! The purchase, modification or refund of domestic traffic tickets bought ONLINE can be done until the departure of the train at the latest. New! SNTFC &#8220;CFR C\u0102L\u0102TORI&#8221; SA has implemented a new functionality in the application available for...\" \/>\n<meta property=\"og:url\" content=\"https:\/\/www.cfrcalatori.ro\/en\/discount-purchase-train-tickets-line\/\" \/>\n<meta property=\"og:site_name\" content=\"CFR Calatori\" \/>\n<meta property=\"article:modified_time\" content=\"2026-02-13T08:26:13+00:00\" \/>\n<meta name=\"twitter:card\" content=\"summary_large_image\" \/>\n<meta name=\"twitter:label1\" content=\"Est. reading time\" \/>\n\t<meta name=\"twitter:data1\" content=\"2 minutes\" \/>\n<script type=\"application\/ld+json\" class=\"yoast-schema-graph\">{\"@context\":\"https:\/\/schema.org\",\"@graph\":[{\"@type\":\"WebPage\",\"@id\":\"https:\/\/www.cfrcalatori.ro\/en\/discount-purchase-train-tickets-line\/\",\"url\":\"https:\/\/www.cfrcalatori.ro\/en\/discount-purchase-train-tickets-line\/\",\"name\":\"Buy online train tickets in local traffic - CFR Calatori\",\"isPartOf\":{\"@id\":\"https:\/\/www.cfrcalatori.ro\/en\/#website\"},\"datePublished\":\"2018-03-26T22:25:27+00:00\",\"dateModified\":\"2026-02-13T08:26:13+00:00\",\"breadcrumb\":{\"@id\":\"https:\/\/www.cfrcalatori.ro\/en\/discount-purchase-train-tickets-line\/#breadcrumb\"},\"inLanguage\":\"en-US\",\"potentialAction\":[{\"@type\":\"ReadAction\",\"target\":[\"https:\/\/www.cfrcalatori.ro\/en\/discount-purchase-train-tickets-line\/\"]}]},{\"@type\":\"BreadcrumbList\",\"@id\":\"https:\/\/www.cfrcalatori.ro\/en\/discount-purchase-train-tickets-line\/#breadcrumb\",\"itemListElement\":[{\"@type\":\"ListItem\",\"position\":1,\"name\":\"Home\",\"item\":\"https:\/\/www.cfrcalatori.ro\/en\/\"},{\"@type\":\"ListItem\",\"position\":2,\"name\":\"Buy online train tickets in local traffic\"}]},{\"@type\":\"WebSite\",\"@id\":\"https:\/\/www.cfrcalatori.ro\/en\/#website\",\"url\":\"https:\/\/www.cfrcalatori.ro\/en\/\",\"name\":\"CFR Calatori\",\"description\":\"CFRCalatori.ro\",\"potentialAction\":[{\"@type\":\"SearchAction\",\"target\":{\"@type\":\"EntryPoint\",\"urlTemplate\":\"https:\/\/www.cfrcalatori.ro\/en\/?s={search_term_string}\"},\"query-input\":{\"@type\":\"PropertyValueSpecification\",\"valueRequired\":true,\"valueName\":\"search_term_string\"}}],\"inLanguage\":\"en-US\"}]}<\/script>\n<!-- \/ Yoast SEO plugin. -->","yoast_head_json":{"title":"Buy online train tickets in local traffic - CFR Calatori","robots":{"index":"index","follow":"follow","max-snippet":"max-snippet:-1","max-image-preview":"max-image-preview:large","max-video-preview":"max-video-preview:-1"},"canonical":"https:\/\/www.cfrcalatori.ro\/en\/discount-purchase-train-tickets-line\/","og_locale":"en_US","og_type":"article","og_title":"Buy online train tickets in local traffic - CFR Calatori","og_description":"[vc_row][vc_column][vc_column_text] Buy ONLINE train tickets in local traffic!\u00a0Available 7 days a week! Payment may be made with any type of card accepted when purchasing train tickets online. The customer registers on the website, chooses the destination and selects the method of payment online, by credit card. After the transaction is complete, the customer will receive the ticket by mail, in electronic version. Ticket printing is not mandatory, the customer being identifiable on board train just based on her\/his identity card and the ID of the ticket. Important! The purchase, modification or refund of domestic traffic tickets bought ONLINE can be done until the departure of the train at the latest. New! SNTFC &#8220;CFR C\u0102L\u0102TORI&#8221; SA has implemented a new functionality in the application available for...","og_url":"https:\/\/www.cfrcalatori.ro\/en\/discount-purchase-train-tickets-line\/","og_site_name":"CFR Calatori","article_modified_time":"2026-02-13T08:26:13+00:00","twitter_card":"summary_large_image","twitter_misc":{"Est. reading time":"2 minutes"},"schema":{"@context":"https:\/\/schema.org","@graph":[{"@type":"WebPage","@id":"https:\/\/www.cfrcalatori.ro\/en\/discount-purchase-train-tickets-line\/","url":"https:\/\/www.cfrcalatori.ro\/en\/discount-purchase-train-tickets-line\/","name":"Buy online train tickets in local traffic - CFR Calatori","isPartOf":{"@id":"https:\/\/www.cfrcalatori.ro\/en\/#website"},"datePublished":"2018-03-26T22:25:27+00:00","dateModified":"2026-02-13T08:26:13+00:00","breadcrumb":{"@id":"https:\/\/www.cfrcalatori.ro\/en\/discount-purchase-train-tickets-line\/#breadcrumb"},"inLanguage":"en-US","potentialAction":[{"@type":"ReadAction","target":["https:\/\/www.cfrcalatori.ro\/en\/discount-purchase-train-tickets-line\/"]}]},{"@type":"BreadcrumbList","@id":"https:\/\/www.cfrcalatori.ro\/en\/discount-purchase-train-tickets-line\/#breadcrumb","itemListElement":[{"@type":"ListItem","position":1,"name":"Home","item":"https:\/\/www.cfrcalatori.ro\/en\/"},{"@type":"ListItem","position":2,"name":"Buy online train tickets in local traffic"}]},{"@type":"WebSite","@id":"https:\/\/www.cfrcalatori.ro\/en\/#website","url":"https:\/\/www.cfrcalatori.ro\/en\/","name":"CFR Calatori","description":"CFRCalatori.ro","potentialAction":[{"@type":"SearchAction","target":{"@type":"EntryPoint","urlTemplate":"https:\/\/www.cfrcalatori.ro\/en\/?s={search_term_string}"},"query-input":{"@type":"PropertyValueSpecification","valueRequired":true,"valueName":"search_term_string"}}],"inLanguage":"en-US"}]}},"_links":{"self":[{"href":"https:\/\/www.cfrcalatori.ro\/en\/wp-json\/wp\/v2\/pages\/3667","targetHints":{"allow":["GET"]}}],"collection":[{"href":"https:\/\/www.cfrcalatori.ro\/en\/wp-json\/wp\/v2\/pages"}],"about":[{"href":"https:\/\/www.cfrcalatori.ro\/en\/wp-json\/wp\/v2\/types\/page"}],"author":[{"embeddable":true,"href":"https:\/\/www.cfrcalatori.ro\/en\/wp-json\/wp\/v2\/users\/47"}],"replies":[{"embeddable":true,"href":"https:\/\/www.cfrcalatori.ro\/en\/wp-json\/wp\/v2\/comments?post=3667"}],"version-history":[{"count":2,"href":"https:\/\/www.cfrcalatori.ro\/en\/wp-json\/wp\/v2\/pages\/3667\/revisions"}],"predecessor-version":[{"id":114509,"href":"https:\/\/www.cfrcalatori.ro\/en\/wp-json\/wp\/v2\/pages\/3667\/revisions\/114509"}],"wp:attachment":[{"href":"https:\/\/www.cfrcalatori.ro\/en\/wp-json\/wp\/v2\/media?parent=3667"}],"curies":[{"name":"wp","href":"https:\/\/api.w.org\/{rel}","templated":true}]}}