{"id":3815,"date":"2018-01-19T09:42:08","date_gmt":"2018-01-19T09:42:08","guid":{"rendered":"http:\/\/site0-sntfc.westeurope.cloudapp.azure.com\/raporteaza-calatoria-fara-bilet\/"},"modified":"2018-06-05T15:46:55","modified_gmt":"2018-06-05T13:46:55","slug":"report-fraudulent-trip-from-train","status":"publish","type":"page","link":"https:\/\/www.cfrcalatori.ro\/en\/report-fraudulent-trip-from-train\/","title":{"rendered":"Report fraudulent trip from train!"},"content":{"rendered":"<div class=\"alert alert-primary\" role=\"alert\" style=\"margin-bottom:32px\">\nDo not accept your travel partners to travel without a ticket.<\/p>\n<p>You are entitled to a civilized trip and indifference can contribute to your discomfort.<\/p>\n<p>If you witness an act of tolerance in any form of fraudulent trip by train\/control staff, DO NOT remain indifferent! Fill in the online form.<\/p>\n<p>Failure to fill in correctly all the fields in the form may result in the impossibility to send acknowledgment of receipt or complaint findings.<\/p>\n<p>Messages are considered complaints within the meaning of legal regulations. <\/p>\n<p>Thanks<\/p><\/div>\n<div class=\"frm_forms  with_frm_style frm_style_formidable-style\" id=\"frm_form_12_container\" >\n<form enctype=\"multipart\/form-data\" method=\"post\" class=\"frm-show-form  frm_pro_form \" id=\"form_hyp4y\"  >\n<div class=\"frm_form_fields \">\n<fieldset>\n<legend class=\"frm_hidden\">formular raportare c\u0103l\u0103toria frauduloas\u0103 din tren<\/legend>\r\n\r\n<div class=\"frm_fields_container\">\n<input type=\"hidden\" name=\"frm_action\" value=\"create\" \/>\n<input type=\"hidden\" name=\"form_id\" value=\"12\" \/>\n<input type=\"hidden\" name=\"frm_hide_fields_12\" id=\"frm_hide_fields_12\" value=\"\" \/>\n<input type=\"hidden\" name=\"form_key\" value=\"hyp4y\" \/>\n<input type=\"hidden\" name=\"item_meta[0]\" value=\"\" \/>\n<input type=\"hidden\" id=\"frm_submit_entry_12\" name=\"frm_submit_entry_12\" value=\"1be3fd20c3\" \/><input type=\"hidden\" name=\"_wp_http_referer\" value=\"\/en\/wp-json\/wp\/v2\/pages\/3815\" \/><label for=\"frm_verify_12\" class=\"frm_screen_reader frm_hidden\">If you are human, leave this field blank.<\/label>\n<input type=\"text\" class=\"frm_hidden frm_verify\" id=\"frm_verify_12\" name=\"frm_verify\" value=\"\"  \/>\n<div class=\"row\">\r\n<div class=\"col-xs-12 col-sm-6\"><div id=\"frm_field_197_container\" class=\"frm_form_field form-field  frm_required_field frm_top_container\">\r\n    <label for=\"field_jctal\" class=\"frm_primary_label\">Traveler with ticket \/ Subscriptions no\r\n        <span class=\"frm_required\">*<\/span>\r\n    <\/label>\r\n    <input type=\"text\" id=\"field_jctal\" name=\"item_meta[197]\" value=\"\"  data-reqmsg=\"This field to be completed.\" data-invmsg=\"Traveler with ticket \/ Subscriptions no is invalid\"  \/>\r\n    \r\n    \r\n<\/div><\/div>\n<div class=\"col-xs-12 col-sm-6\"><div id=\"frm_field_198_container\" class=\"frm_form_field form-field  frm_required_field frm_top_container\">\r\n    <label for=\"field_ib8lo\" class=\"frm_primary_label\">Train no\r\n        <span class=\"frm_required\">*<\/span>\r\n    <\/label>\r\n    <input type=\"number\" id=\"field_ib8lo\" name=\"item_meta[198]\" value=\"\"  min=\"0\" max=\"999999999999\" step=\"1\" data-reqmsg=\"This field to be completed.\" data-invmsg=\"Train no is invalid\"  \/>\r\n    \r\n    \r\n<\/div><\/div>\n<div class=\"col-xs-12 col-sm-6\"><div id=\"frm_field_199_container\" class=\"frm_form_field form-field  frm_required_field frm_top_container\">\r\n    <label for=\"field_gtchq\" class=\"frm_primary_label\">Traveler date\r\n        <span class=\"frm_required\">*<\/span>\r\n    <\/label>\r\n    <input type=\"text\" id=\"field_gtchq\" name=\"item_meta[199]\" value=\"\"  maxlength=\"10\" data-reqmsg=\"This field to be completed.\" data-invmsg=\"Traveler date is invalid\" class=\"frm_date\"  \/>\r\n    \r\n    \r\n<\/div><\/div>\n<div class=\"col-xs-12 col-sm-6\"><div id=\"frm_field_201_container\" class=\"frm_form_field form-field  frm_required_field frm_top_container\">\r\n    <label for=\"field_eykhw\" class=\"frm_primary_label\">E-mail contact\r\n        <span class=\"frm_required\">*<\/span>\r\n    <\/label>\r\n    <input type=\"email\" id=\"field_eykhw\" name=\"item_meta[201]\" value=\"\"  data-reqmsg=\"This field to be completed.\" data-invmsg=\"E-mail contact is invalid\"  \/>\r\n    \r\n    \r\n<\/div><\/div>\n<div class=\"col-xs-12 col-sm-12\"><div id=\"frm_field_204_container\" class=\"frm_form_field form-field  frm_required_field frm_top_container\">\r\n    <label for=\"field_5kyd5\" class=\"frm_primary_label\">Description of the deed\r\n        <span class=\"frm_required\">*<\/span>\r\n    <\/label>\r\n    <textarea name=\"item_meta[204]\" id=\"field_5kyd5\" rows=\"5\"  data-reqmsg=\"This field to be completed.\" data-invmsg=\"Descrierea faptei is invalid\"  ><\/textarea>\r\n    \r\n    \r\n<\/div><\/div>\n<div class=\"col-xs-12 col-sm-12\"><div id=\"frm_field_205_container\" class=\"frm_form_field form-field  frm_none_container\">\r\n    <label for=\"field_4uhpw\" class=\"frm_primary_label\">\u00cenc\u0103rcare fi\u0219ier\r\n        <span class=\"frm_required\"><\/span>\r\n    <\/label>\r\n    <input type=\"hidden\" name=\"item_meta[205][]\" value=\"\" data-frmfile=\"205\" \/>\n\n<div class=\"frm_dropzone frm_multi_upload\" id=\"file205_dropzone\">\n\t<div class=\"fallback\">\n\t\t<input type=\"file\" name=\"file205[]\" id=\"field_4uhpw\"  data-frmfile=\"205\" multiple=\"multiple\"  data-invmsg=\"\u00cenc\u0103rcare fi\u0219ier is invalid\" class=\"auto_width frm_multiple_file\"   \/>\n\t\t\t\t<div class=\"frm_clearfix \"><\/div>\n\t\t\n<div id=\"frm_loading\" style=\"display:none;background:url(https:\/\/www.cfrcalatori.ro\/wp-content\/plugins\/formidable-pro\/images\/grey_bg.png);\">\n<div id=\"frm_loading_content\">\n<h3>Uploading Files. Please Wait.<\/h3><div class=\"progress progress-striped active\">\n    <div class=\"progress-bar\" role=\"progressbar\" aria-valuenow=\"100\" aria-valuemin=\"0\" aria-valuemax=\"100\"><\/div>\n<\/div>\n<\/div>\n<\/div>\n\t<\/div>\n\t<div class=\"dz-message needsclick\">\n\t\t<span class=\"frm_icon_font frm_upload_icon\"><\/span>\n\t\t<span class=\"frm_upload_text\">Drop a file here or click to upload<\/span>\n\t\t<span class=\"frm_compact_text\">Choose File<\/span>\n\t\t<div class=\"frm_small_text\">\n\t\t\tMaximum upload size: 50MB\t\t<\/div>\n\t<\/div>\n<\/div>\n\r\n    \r\n    \r\n<\/div><\/div>\n<div class=\"col-xs-12 col-sm-12\"><div id=\"frm_field_206_container\" class=\"frm_form_field form-field  frm_required_field frm_none_container vertical_radio\">\r\n    <label  class=\"frm_primary_label\">Bife\r\n        <span class=\"frm_required\">*<\/span>\r\n    <\/label>\r\n    <div class=\"frm_opt_container\">\t\t<div class=\"frm_checkbox\" id=\"frm_checkbox_206-0\"><label for=\"field_g3nwl-0\"><input type=\"checkbox\" name=\"item_meta[206][]\" id=\"field_g3nwl-0\" value=\" Declar pe proprie r\u0103spundere c\u0103 informa\u0163iile ce figureaz\u0103 \u00een prezentul formular sunt exacte \u015fi conforme realit\u0103\u0163ii *\"  data-reqmsg=\"You need to tick the statement in order to be able to send it.\" data-invmsg=\"Bife is invalid\"   \/> I hereby declare under my own responsibility that the information in this form is accurate and true.<\/label><\/div>\n<\/div>\r\n    \r\n    \r\n<\/div><\/div><\/div>\n<div id=\"frm_field_224_container\" class=\"frm_form_field form-field  frm_required_field frm_none_container vertical_radio\">\r\n    <label for=\"field_f92kd\" class=\"frm_primary_label\">Acord utilizare\r\n        <span class=\"frm_required\">*<\/span>\r\n    <\/label>\r\n    <div class=\"frm_opt_container\">\t\t<div class=\"frm_checkbox\" id=\"frm_checkbox_224-0\"><label for=\"field_f92kd-0\"><input type=\"checkbox\" name=\"item_meta[224][]\" id=\"field_f92kd-0\" value=\"Sunt de acord ca informa\u021biile din formular s\u0103 fie utilizate pentru arhivare \u0219i, dac\u0103 este cazul, pentru contact \u00een vederea l\u0103muririi celor precizate in formular\"  data-reqmsg=\"This field to be completed.\" data-invmsg=\"Acord utilizare is invalid\"   \/> I agree that the information in this form is used for archiving and, if applicable, for contact, to clarify the information mentioned in the form.<\/label><\/div>\n<\/div>\r\n    \r\n    \r\n<\/div>\n<div id=\"frm_field_207_container\" class=\"frm_form_field form-field  frm_none_container\">\r\n    <label class=\"frm_primary_label\">reCAPTCHA\r\n        <span class=\"frm_required\"><\/span>\r\n    <\/label>\r\n    <div id=\"field_iyzev\" class=\"frm-g-recaptcha\" data-sitekey=\"6LeWy0cUAAAAAJYgqThhW-1MJfQdD9uLWKN60bIQ\" data-size=\"normal\" data-theme=\"light\"><\/div>\r\n    \r\n    \r\n<\/div>\n<input type=\"hidden\" name=\"item_key\" value=\"\" \/>\n<div class=\"frm_submit\">\r\n\r\n<button class=\"frm_button_submit frm_final_submit\" type=\"submit\"   formnovalidate=\"formnovalidate\">Send<\/button>\r\n\r\n<\/div><\/div>\n<\/fieldset>\n<\/div>\n<\/form>\n<\/div>\n\n","protected":false},"excerpt":{"rendered":"<p>Do not accept your travel partners to travel without a ticket. You are entitled to a civilized trip and indifference can contribute to your discomfort. If you witness an act of tolerance in any form of fraudulent trip by train\/control staff, DO NOT remain indifferent! Fill in the online form. Failure to fill in correctly all the fields in the form may result in the impossibility to send acknowledgment of receipt or complaint findings. Messages are considered complaints within the meaning of legal regulations. Thanks<\/p>\n","protected":false},"author":47,"featured_media":0,"parent":0,"menu_order":0,"comment_status":"closed","ping_status":"closed","template":"","meta":{"_acf_changed":false,"footnotes":""},"class_list":["post-3815","page","type-page","status-publish","hentry"],"acf":[],"yoast_head":"<!-- This site is optimized with the Yoast SEO plugin v27.0 - https:\/\/yoast.com\/product\/yoast-seo-wordpress\/ -->\n<title>Report fraudulent trip from train! - CFR Calatori<\/title>\n<meta name=\"robots\" content=\"index, follow, max-snippet:-1, max-image-preview:large, max-video-preview:-1\" \/>\n<link rel=\"canonical\" href=\"https:\/\/www.cfrcalatori.ro\/en\/report-fraudulent-trip-from-train\/\" \/>\n<meta property=\"og:locale\" content=\"en_US\" \/>\n<meta property=\"og:type\" content=\"article\" \/>\n<meta property=\"og:title\" content=\"Report fraudulent trip from train! - CFR Calatori\" \/>\n<meta property=\"og:description\" content=\"Do not accept your travel partners to travel without a ticket. You are entitled to a civilized trip and indifference can contribute to your discomfort. If you witness an act of tolerance in any form of fraudulent trip by train\/control staff, DO NOT remain indifferent! Fill in the online form. Failure to fill in correctly all the fields in the form may result in the impossibility to send acknowledgment of receipt or complaint findings. Messages are considered complaints within the meaning of legal regulations. Thanks\" \/>\n<meta property=\"og:url\" content=\"https:\/\/www.cfrcalatori.ro\/en\/report-fraudulent-trip-from-train\/\" \/>\n<meta property=\"og:site_name\" content=\"CFR Calatori\" \/>\n<meta property=\"article:modified_time\" content=\"2018-06-05T13:46:55+00:00\" \/>\n<meta name=\"twitter:card\" content=\"summary_large_image\" \/>\n<script type=\"application\/ld+json\" class=\"yoast-schema-graph\">{\"@context\":\"https:\/\/schema.org\",\"@graph\":[{\"@type\":\"WebPage\",\"@id\":\"https:\/\/www.cfrcalatori.ro\/en\/report-fraudulent-trip-from-train\/\",\"url\":\"https:\/\/www.cfrcalatori.ro\/en\/report-fraudulent-trip-from-train\/\",\"name\":\"Report fraudulent trip from train! - CFR Calatori\",\"isPartOf\":{\"@id\":\"https:\/\/www.cfrcalatori.ro\/en\/#website\"},\"datePublished\":\"2018-01-19T09:42:08+00:00\",\"dateModified\":\"2018-06-05T13:46:55+00:00\",\"breadcrumb\":{\"@id\":\"https:\/\/www.cfrcalatori.ro\/en\/report-fraudulent-trip-from-train\/#breadcrumb\"},\"inLanguage\":\"en-US\",\"potentialAction\":[{\"@type\":\"ReadAction\",\"target\":[\"https:\/\/www.cfrcalatori.ro\/en\/report-fraudulent-trip-from-train\/\"]}]},{\"@type\":\"BreadcrumbList\",\"@id\":\"https:\/\/www.cfrcalatori.ro\/en\/report-fraudulent-trip-from-train\/#breadcrumb\",\"itemListElement\":[{\"@type\":\"ListItem\",\"position\":1,\"name\":\"Home\",\"item\":\"https:\/\/www.cfrcalatori.ro\/en\/\"},{\"@type\":\"ListItem\",\"position\":2,\"name\":\"Report fraudulent trip from train!\"}]},{\"@type\":\"WebSite\",\"@id\":\"https:\/\/www.cfrcalatori.ro\/en\/#website\",\"url\":\"https:\/\/www.cfrcalatori.ro\/en\/\",\"name\":\"CFR Calatori\",\"description\":\"CFRCalatori.ro\",\"potentialAction\":[{\"@type\":\"SearchAction\",\"target\":{\"@type\":\"EntryPoint\",\"urlTemplate\":\"https:\/\/www.cfrcalatori.ro\/en\/?s={search_term_string}\"},\"query-input\":{\"@type\":\"PropertyValueSpecification\",\"valueRequired\":true,\"valueName\":\"search_term_string\"}}],\"inLanguage\":\"en-US\"}]}<\/script>\n<!-- \/ Yoast SEO plugin. -->","yoast_head_json":{"title":"Report fraudulent trip from train! - CFR Calatori","robots":{"index":"index","follow":"follow","max-snippet":"max-snippet:-1","max-image-preview":"max-image-preview:large","max-video-preview":"max-video-preview:-1"},"canonical":"https:\/\/www.cfrcalatori.ro\/en\/report-fraudulent-trip-from-train\/","og_locale":"en_US","og_type":"article","og_title":"Report fraudulent trip from train! - CFR Calatori","og_description":"Do not accept your travel partners to travel without a ticket. You are entitled to a civilized trip and indifference can contribute to your discomfort. If you witness an act of tolerance in any form of fraudulent trip by train\/control staff, DO NOT remain indifferent! Fill in the online form. Failure to fill in correctly all the fields in the form may result in the impossibility to send acknowledgment of receipt or complaint findings. Messages are considered complaints within the meaning of legal regulations. Thanks","og_url":"https:\/\/www.cfrcalatori.ro\/en\/report-fraudulent-trip-from-train\/","og_site_name":"CFR Calatori","article_modified_time":"2018-06-05T13:46:55+00:00","twitter_card":"summary_large_image","schema":{"@context":"https:\/\/schema.org","@graph":[{"@type":"WebPage","@id":"https:\/\/www.cfrcalatori.ro\/en\/report-fraudulent-trip-from-train\/","url":"https:\/\/www.cfrcalatori.ro\/en\/report-fraudulent-trip-from-train\/","name":"Report fraudulent trip from train! - CFR Calatori","isPartOf":{"@id":"https:\/\/www.cfrcalatori.ro\/en\/#website"},"datePublished":"2018-01-19T09:42:08+00:00","dateModified":"2018-06-05T13:46:55+00:00","breadcrumb":{"@id":"https:\/\/www.cfrcalatori.ro\/en\/report-fraudulent-trip-from-train\/#breadcrumb"},"inLanguage":"en-US","potentialAction":[{"@type":"ReadAction","target":["https:\/\/www.cfrcalatori.ro\/en\/report-fraudulent-trip-from-train\/"]}]},{"@type":"BreadcrumbList","@id":"https:\/\/www.cfrcalatori.ro\/en\/report-fraudulent-trip-from-train\/#breadcrumb","itemListElement":[{"@type":"ListItem","position":1,"name":"Home","item":"https:\/\/www.cfrcalatori.ro\/en\/"},{"@type":"ListItem","position":2,"name":"Report fraudulent trip from train!"}]},{"@type":"WebSite","@id":"https:\/\/www.cfrcalatori.ro\/en\/#website","url":"https:\/\/www.cfrcalatori.ro\/en\/","name":"CFR Calatori","description":"CFRCalatori.ro","potentialAction":[{"@type":"SearchAction","target":{"@type":"EntryPoint","urlTemplate":"https:\/\/www.cfrcalatori.ro\/en\/?s={search_term_string}"},"query-input":{"@type":"PropertyValueSpecification","valueRequired":true,"valueName":"search_term_string"}}],"inLanguage":"en-US"}]}},"_links":{"self":[{"href":"https:\/\/www.cfrcalatori.ro\/en\/wp-json\/wp\/v2\/pages\/3815","targetHints":{"allow":["GET"]}}],"collection":[{"href":"https:\/\/www.cfrcalatori.ro\/en\/wp-json\/wp\/v2\/pages"}],"about":[{"href":"https:\/\/www.cfrcalatori.ro\/en\/wp-json\/wp\/v2\/types\/page"}],"author":[{"embeddable":true,"href":"https:\/\/www.cfrcalatori.ro\/en\/wp-json\/wp\/v2\/users\/47"}],"replies":[{"embeddable":true,"href":"https:\/\/www.cfrcalatori.ro\/en\/wp-json\/wp\/v2\/comments?post=3815"}],"version-history":[{"count":0,"href":"https:\/\/www.cfrcalatori.ro\/en\/wp-json\/wp\/v2\/pages\/3815\/revisions"}],"wp:attachment":[{"href":"https:\/\/www.cfrcalatori.ro\/en\/wp-json\/wp\/v2\/media?parent=3815"}],"curies":[{"name":"wp","href":"https:\/\/api.w.org\/{rel}","templated":true}]}}