{"id":3963,"date":"2018-02-07T15:37:51","date_gmt":"2018-02-07T13:37:51","guid":{"rendered":"http:\/\/site0-sntfc.westeurope.cloudapp.azure.com\/?page_id=3963"},"modified":"2025-12-13T12:15:00","modified_gmt":"2025-12-13T10:15:00","slug":"single-tariff-rate-section-route-oravita-anina","status":"publish","type":"page","link":"https:\/\/www.cfrcalatori.ro\/en\/single-tariff-rate-section-route-oravita-anina\/","title":{"rendered":"Single tourist tariff on the Oravi\u021ba &#8211; Anina section"},"content":{"rendered":"<h4 style=\"text-align: center;\"><strong>Single tourist tariff on the Oravi\u021ba &#8211; Anina section<\/strong><\/h4>\n<h6 style=\"text-align: center;\"><span style=\"color: #ff0000;\"><strong>valid from December 14, 2025<\/strong><\/span><\/h6>\n<p style=\"text-align: center;\"><strong style=\"color: #000000; font-size: 20px;\"><span style=\"color: #ff0000; font-size: 14pt;\">37,00 lei<\/span>* <\/strong>for a single trip at 2<sup>nd<\/sup> class coach<\/p>\n<p><strong>Travel back in time on the oldest mountain railway in South-Eastern Europe<\/strong> \u2013 14 tunnels, 10 viaducts, mountain clefts over a length of 21 km, so over two thirds of the entire route!<\/p>\n<div class=\"row\">\n<div class=\"col-md-4 col-sm-4\"><img decoding=\"async\" class=\"img-responsive img-centered\" src=\"https:\/\/www.cfrcalatori.ro\/wp-content\/uploads\/2019\/07\/1.jpg\" alt=\"Oravita-Anina\" \/><\/div>\n<div class=\"col-md-4 col-sm-4\"><img decoding=\"async\" class=\"img-responsive img-centered\" src=\"https:\/\/www.cfrcalatori.ro\/wp-content\/uploads\/2019\/07\/4.jpg\" alt=\"Oravita-Anina\" \/><\/div>\n<div class=\"col-md-4 col-sm-4\"><img decoding=\"async\" class=\"img-responsive img-centered\" src=\"https:\/\/www.cfrcalatori.ro\/wp-content\/uploads\/2019\/07\/12.jpg\" alt=\"Oravita-Anina\" \/><\/div>\n<\/div>\n<p>&nbsp;<\/p>\n<p><strong>A pair of trains run on Oravi\u021ba &#8211; Anina route and back and seat reservation is compulsory!<\/strong><\/p>\n<p>\u2013\u00a0<strong>Regio R 9695<\/strong> train running on Oravi\u021ba \u2013 Anina route, with departure from Oravi\u021ba at 11.15 and arrival in Anina at 13.17<\/p>\n<p>\u2013\u00a0<strong>Regio R 9694<\/strong>\u00a0train running on Anina \u2013 Oravi\u021ba route, with departure from Anina at 14.40 and arrival in Oravi\u021ba at 16.42<\/p>\n<div class=\"row ctaOffer\">\n<div class=\"titleCta\">\n<p><i class=\"fa fa-shopping-cart\"><\/i>Buy tickets ONLINE in domestic traffic<\/p>\n<\/div>\n<p><a class=\"butonAccent buy\" href=\"https:\/\/bilete.cfrcalatori.ro\/ro-RO\/Itineraries\" target=\"_blank\" rel=\"noopener\">Buy<\/a><\/p>\n<\/div>\n<p>Tickets can be purchased <strong>ONLINE,<\/strong> subject to availability, 30 days in advance<strong>, <\/strong>from any ticket counter with electronic issue system located in CFR C\u0103l\u0103tori stations and travel agencies and from vending machines.<\/p>\n<p>On the train departure day, tickets can be purchased both from Oravi\u0163a station and from the train staff, at the same price (including seat reservation), subject to availability.<\/p>\n<p>Tickets are also issued on this route, by which SNTFC CFR C\u0103l\u0103tori grants commercial offer with the single tourist tariff (discounts: for round-trip ticket, when purchasing tickets in advance etc), as well as facilities for travelling by train based on normative acts (pupils, students, pensioners, revolutionaries, war veterans, persons persecuted for political or ethnic reasons, disabled people).<\/p>\n<p><strong><em>*<span style=\"text-decoration: underline;\"> Important<\/span><\/em><\/strong><span style=\"text-decoration: underline;\"><em>:\u00a0<\/em>Single tariff displayed includes the seat reservation ticket tariff!<\/span><\/p>\n<p><strong>According to the provisions of OMTI 1039\/2024, when travelling on Oravi\u021ba \u2013 Anina route, including when boarding from an intermediate station\/stopping point, the single tariff of 8,00 lei (this tariff does not include the seat reservation ticket tariff) shall apply for the residents of Anina\u2014Oravi\u021ba area.<\/strong><\/p>\n<p>Single tariff tickets for residents with permanent address in Oravi\u021ba-Anina area, in one of the following places: <strong>Oravi\u021ba, Ciudanovi\u021ba, Goruia, Ciclova Roman\u0103, Gr\u0103dinari, R\u0103c\u0103\u0219dia or Anina<\/strong>, shall be issued\u00a0<strong>only at ticket counters and train staff,<\/strong>\u00a0and\u00a0<strong>the documents required to be submitted\u00a0<\/strong>in physical format are the following:<\/p>\n<ul>\n<li>Original identity card or copy of birth certificate for children under 14 years old;<\/li>\n<li>Certificate issued by one of the town halls of the previously mentioned places, confirming that the person has a permanent address in that city, including for children. The certificate submitted must contain the following data: name, surname, as well as the series and number of the identity document (ID or birth certificate, as the case may be) of the beneficiary, as well as the mention,,<strong>Beneficiary of single tariff on Oravita-Anina, section, according to OMTI no.1039\/2024<\/strong>\u201d.<\/li>\n<\/ul>\n<p>According to the aforementioned provisions, a ticket with single tourist tariff, which also includes the seat reservation tariff shall be issued for any passenger who cannot submit the proof of permanent residence in Anina\u2014Oravi\u021ba area.<\/p>\n<p>Passes travel (monthly passes with an unlimited number of trips, railway passes valid for 14 or 5 consecutive days) are issued only to residents with permanent residence in the Oravi\u021ba &#8211; Anina area, based on the documents mentioned above, with the following values:<\/p>\n<table>\n<tbody>\n<tr>\n<td width=\"208\">5 days subscription<\/td>\n<td width=\"208\">\u00a0 62,00 lei<\/td>\n<\/tr>\n<tr>\n<td width=\"208\">14\u00a0days subscription<\/td>\n<td width=\"208\">126,50 lei<\/td>\n<\/tr>\n<tr>\n<td width=\"208\">monthly pass<\/td>\n<td width=\"208\">179,50 lei<\/td>\n<\/tr>\n<\/tbody>\n<\/table>\n<p>Valid from December 14, 2025; 21% VAT included.<\/p>\n<p>For groups of passengers travelling together under the same conditions (same train, same date, route, class), requests can be made for seat reservations without paying the related transport tariffs.<\/p>\n<table class=\"table-regulament\">\n<tbody>\n<tr>\n<td><i class=\"fa fa-chrome\" aria-hidden=\"true\"><\/i> Find out what the conditions are for the group travel<\/td>\n<td><a class=\"btn btn-primary regulaemnt-manual\" href=\"https:\/\/www.cfrcalatori.ro\/en\/discounts-for-groups\/\" target=\"_blank\" rel=\"noopener\"><i class=\"fa fa-chrome\" aria-hidden=\"true\"><\/i> Read<\/a><\/td>\n<\/tr>\n<\/tbody>\n<\/table>\n","protected":false},"excerpt":{"rendered":"<p>Single tourist tariff on the Oravi\u021ba &#8211; Anina section valid from December 14, 2025 37,00 lei* for a single trip at 2nd class coach Travel back in time on the oldest mountain railway in South-Eastern Europe \u2013 14 tunnels, 10 viaducts, mountain clefts over a length of 21 km, so over two thirds of the entire route! &nbsp; A pair of trains run on Oravi\u021ba &#8211; Anina route and back and seat reservation is compulsory! \u2013\u00a0Regio R 9695 train running on Oravi\u021ba \u2013 Anina route, with departure from Oravi\u021ba at 11.15 and arrival in Anina at 13.17 \u2013\u00a0Regio R 9694\u00a0train running on Anina \u2013 Oravi\u021ba route, with departure from Anina at 14.40 and arrival in Oravi\u021ba at 16.42 Buy tickets ONLINE in domestic traffic Buy&#8230;<\/p>\n","protected":false},"author":14,"featured_media":0,"parent":0,"menu_order":0,"comment_status":"closed","ping_status":"closed","template":"comercialshare.php","meta":{"_acf_changed":false,"footnotes":""},"class_list":["post-3963","page","type-page","status-publish","hentry"],"acf":[],"yoast_head":"<!-- This site is optimized with the Yoast SEO plugin v27.0 - https:\/\/yoast.com\/product\/yoast-seo-wordpress\/ -->\n<title>CFR C\u0103l\u0103tori official site - Single tariff \/rate travel on the route Oravi\u0163a- Anina and return<\/title>\n<meta name=\"description\" content=\"Single tariff \/rate travel on the route Oravi\u0163a- Anina and return - 2nd Class - 10 lei For traveling on the routes that have CF departure and arrival station located on the section Oravi\u0163a - Anina applies: Mounthly and weekly passes according to kilometer zones is falling the requested route\" \/>\n<meta name=\"robots\" content=\"index, follow, max-snippet:-1, max-image-preview:large, max-video-preview:-1\" \/>\n<link rel=\"canonical\" href=\"https:\/\/www.cfrcalatori.ro\/en\/single-tariff-rate-section-route-oravita-anina\/\" \/>\n<meta property=\"og:locale\" content=\"en_US\" \/>\n<meta property=\"og:type\" content=\"article\" \/>\n<meta property=\"og:title\" content=\"CFR C\u0103l\u0103tori official site - Single tariff \/rate travel on the route Oravi\u0163a- Anina and return\" \/>\n<meta property=\"og:description\" content=\"Single tariff \/rate travel on the route Oravi\u0163a- Anina and return - 2nd Class - 10 lei For traveling on the routes that have CF departure and arrival station located on the section Oravi\u0163a - Anina applies: Mounthly and weekly passes according to kilometer zones is falling the requested route\" \/>\n<meta property=\"og:url\" content=\"https:\/\/www.cfrcalatori.ro\/en\/single-tariff-rate-section-route-oravita-anina\/\" \/>\n<meta property=\"og:site_name\" content=\"CFR Calatori\" \/>\n<meta property=\"article:modified_time\" content=\"2025-12-13T10:15:00+00:00\" \/>\n<meta property=\"og:image\" content=\"https:\/\/www.cfrcalatori.ro\/wp-content\/uploads\/2019\/07\/1.jpg\" \/>\n<meta name=\"twitter:card\" content=\"summary_large_image\" \/>\n<meta name=\"twitter:label1\" content=\"Est. reading time\" \/>\n\t<meta name=\"twitter:data1\" content=\"4 minutes\" \/>\n<script type=\"application\/ld+json\" class=\"yoast-schema-graph\">{\"@context\":\"https:\/\/schema.org\",\"@graph\":[{\"@type\":\"WebPage\",\"@id\":\"https:\/\/www.cfrcalatori.ro\/en\/single-tariff-rate-section-route-oravita-anina\/\",\"url\":\"https:\/\/www.cfrcalatori.ro\/en\/single-tariff-rate-section-route-oravita-anina\/\",\"name\":\"CFR C\u0103l\u0103tori official site - Single tariff \/rate travel on the route Oravi\u0163a- Anina and return\",\"isPartOf\":{\"@id\":\"https:\/\/www.cfrcalatori.ro\/en\/#website\"},\"primaryImageOfPage\":{\"@id\":\"https:\/\/www.cfrcalatori.ro\/en\/single-tariff-rate-section-route-oravita-anina\/#primaryimage\"},\"image\":{\"@id\":\"https:\/\/www.cfrcalatori.ro\/en\/single-tariff-rate-section-route-oravita-anina\/#primaryimage\"},\"thumbnailUrl\":\"https:\/\/www.cfrcalatori.ro\/wp-content\/uploads\/2019\/07\/1.jpg\",\"datePublished\":\"2018-02-07T13:37:51+00:00\",\"dateModified\":\"2025-12-13T10:15:00+00:00\",\"description\":\"Single tariff \/rate travel on the route Oravi\u0163a- Anina and return - 2nd Class - 10 lei For traveling on the routes that have CF departure and arrival station located on the section Oravi\u0163a - Anina applies: Mounthly and weekly passes according to kilometer zones is falling the requested route\",\"breadcrumb\":{\"@id\":\"https:\/\/www.cfrcalatori.ro\/en\/single-tariff-rate-section-route-oravita-anina\/#breadcrumb\"},\"inLanguage\":\"en-US\",\"potentialAction\":[{\"@type\":\"ReadAction\",\"target\":[\"https:\/\/www.cfrcalatori.ro\/en\/single-tariff-rate-section-route-oravita-anina\/\"]}]},{\"@type\":\"ImageObject\",\"inLanguage\":\"en-US\",\"@id\":\"https:\/\/www.cfrcalatori.ro\/en\/single-tariff-rate-section-route-oravita-anina\/#primaryimage\",\"url\":\"https:\/\/www.cfrcalatori.ro\/wp-content\/uploads\/2019\/07\/1.jpg\",\"contentUrl\":\"https:\/\/www.cfrcalatori.ro\/wp-content\/uploads\/2019\/07\/1.jpg\"},{\"@type\":\"BreadcrumbList\",\"@id\":\"https:\/\/www.cfrcalatori.ro\/en\/single-tariff-rate-section-route-oravita-anina\/#breadcrumb\",\"itemListElement\":[{\"@type\":\"ListItem\",\"position\":1,\"name\":\"Home\",\"item\":\"https:\/\/www.cfrcalatori.ro\/en\/\"},{\"@type\":\"ListItem\",\"position\":2,\"name\":\"Single tourist tariff on the Oravi\u021ba &#8211; Anina section\"}]},{\"@type\":\"WebSite\",\"@id\":\"https:\/\/www.cfrcalatori.ro\/en\/#website\",\"url\":\"https:\/\/www.cfrcalatori.ro\/en\/\",\"name\":\"CFR Calatori\",\"description\":\"CFRCalatori.ro\",\"potentialAction\":[{\"@type\":\"SearchAction\",\"target\":{\"@type\":\"EntryPoint\",\"urlTemplate\":\"https:\/\/www.cfrcalatori.ro\/en\/?s={search_term_string}\"},\"query-input\":{\"@type\":\"PropertyValueSpecification\",\"valueRequired\":true,\"valueName\":\"search_term_string\"}}],\"inLanguage\":\"en-US\"}]}<\/script>\n<!-- \/ Yoast SEO plugin. -->","yoast_head_json":{"title":"CFR C\u0103l\u0103tori official site - Single tariff \/rate travel on the route Oravi\u0163a- Anina and return","description":"Single tariff \/rate travel on the route Oravi\u0163a- Anina and return - 2nd Class - 10 lei For traveling on the routes that have CF departure and arrival station located on the section Oravi\u0163a - Anina applies: Mounthly and weekly passes according to kilometer zones is falling the requested route","robots":{"index":"index","follow":"follow","max-snippet":"max-snippet:-1","max-image-preview":"max-image-preview:large","max-video-preview":"max-video-preview:-1"},"canonical":"https:\/\/www.cfrcalatori.ro\/en\/single-tariff-rate-section-route-oravita-anina\/","og_locale":"en_US","og_type":"article","og_title":"CFR C\u0103l\u0103tori official site - Single tariff \/rate travel on the route Oravi\u0163a- Anina and return","og_description":"Single tariff \/rate travel on the route Oravi\u0163a- Anina and return - 2nd Class - 10 lei For traveling on the routes that have CF departure and arrival station located on the section Oravi\u0163a - Anina applies: Mounthly and weekly passes according to kilometer zones is falling the requested route","og_url":"https:\/\/www.cfrcalatori.ro\/en\/single-tariff-rate-section-route-oravita-anina\/","og_site_name":"CFR Calatori","article_modified_time":"2025-12-13T10:15:00+00:00","og_image":[{"url":"https:\/\/www.cfrcalatori.ro\/wp-content\/uploads\/2019\/07\/1.jpg","type":"","width":"","height":""}],"twitter_card":"summary_large_image","twitter_misc":{"Est. reading time":"4 minutes"},"schema":{"@context":"https:\/\/schema.org","@graph":[{"@type":"WebPage","@id":"https:\/\/www.cfrcalatori.ro\/en\/single-tariff-rate-section-route-oravita-anina\/","url":"https:\/\/www.cfrcalatori.ro\/en\/single-tariff-rate-section-route-oravita-anina\/","name":"CFR C\u0103l\u0103tori official site - Single tariff \/rate travel on the route Oravi\u0163a- Anina and return","isPartOf":{"@id":"https:\/\/www.cfrcalatori.ro\/en\/#website"},"primaryImageOfPage":{"@id":"https:\/\/www.cfrcalatori.ro\/en\/single-tariff-rate-section-route-oravita-anina\/#primaryimage"},"image":{"@id":"https:\/\/www.cfrcalatori.ro\/en\/single-tariff-rate-section-route-oravita-anina\/#primaryimage"},"thumbnailUrl":"https:\/\/www.cfrcalatori.ro\/wp-content\/uploads\/2019\/07\/1.jpg","datePublished":"2018-02-07T13:37:51+00:00","dateModified":"2025-12-13T10:15:00+00:00","description":"Single tariff \/rate travel on the route Oravi\u0163a- Anina and return - 2nd Class - 10 lei For traveling on the routes that have CF departure and arrival station located on the section Oravi\u0163a - Anina applies: Mounthly and weekly passes according to kilometer zones is falling the requested route","breadcrumb":{"@id":"https:\/\/www.cfrcalatori.ro\/en\/single-tariff-rate-section-route-oravita-anina\/#breadcrumb"},"inLanguage":"en-US","potentialAction":[{"@type":"ReadAction","target":["https:\/\/www.cfrcalatori.ro\/en\/single-tariff-rate-section-route-oravita-anina\/"]}]},{"@type":"ImageObject","inLanguage":"en-US","@id":"https:\/\/www.cfrcalatori.ro\/en\/single-tariff-rate-section-route-oravita-anina\/#primaryimage","url":"https:\/\/www.cfrcalatori.ro\/wp-content\/uploads\/2019\/07\/1.jpg","contentUrl":"https:\/\/www.cfrcalatori.ro\/wp-content\/uploads\/2019\/07\/1.jpg"},{"@type":"BreadcrumbList","@id":"https:\/\/www.cfrcalatori.ro\/en\/single-tariff-rate-section-route-oravita-anina\/#breadcrumb","itemListElement":[{"@type":"ListItem","position":1,"name":"Home","item":"https:\/\/www.cfrcalatori.ro\/en\/"},{"@type":"ListItem","position":2,"name":"Single tourist tariff on the Oravi\u021ba &#8211; Anina section"}]},{"@type":"WebSite","@id":"https:\/\/www.cfrcalatori.ro\/en\/#website","url":"https:\/\/www.cfrcalatori.ro\/en\/","name":"CFR Calatori","description":"CFRCalatori.ro","potentialAction":[{"@type":"SearchAction","target":{"@type":"EntryPoint","urlTemplate":"https:\/\/www.cfrcalatori.ro\/en\/?s={search_term_string}"},"query-input":{"@type":"PropertyValueSpecification","valueRequired":true,"valueName":"search_term_string"}}],"inLanguage":"en-US"}]}},"_links":{"self":[{"href":"https:\/\/www.cfrcalatori.ro\/en\/wp-json\/wp\/v2\/pages\/3963","targetHints":{"allow":["GET"]}}],"collection":[{"href":"https:\/\/www.cfrcalatori.ro\/en\/wp-json\/wp\/v2\/pages"}],"about":[{"href":"https:\/\/www.cfrcalatori.ro\/en\/wp-json\/wp\/v2\/types\/page"}],"author":[{"embeddable":true,"href":"https:\/\/www.cfrcalatori.ro\/en\/wp-json\/wp\/v2\/users\/14"}],"replies":[{"embeddable":true,"href":"https:\/\/www.cfrcalatori.ro\/en\/wp-json\/wp\/v2\/comments?post=3963"}],"version-history":[{"count":3,"href":"https:\/\/www.cfrcalatori.ro\/en\/wp-json\/wp\/v2\/pages\/3963\/revisions"}],"predecessor-version":[{"id":110858,"href":"https:\/\/www.cfrcalatori.ro\/en\/wp-json\/wp\/v2\/pages\/3963\/revisions\/110858"}],"wp:attachment":[{"href":"https:\/\/www.cfrcalatori.ro\/en\/wp-json\/wp\/v2\/media?parent=3963"}],"curies":[{"name":"wp","href":"https:\/\/api.w.org\/{rel}","templated":true}]}}