{"id":43014,"date":"2022-03-22T12:18:35","date_gmt":"2022-03-22T10:18:35","guid":{"rendered":"https:\/\/www.cfrcalatori.ro\/?page_id=43014"},"modified":"2025-12-02T12:31:09","modified_gmt":"2025-12-02T10:31:09","slug":"choose-cfr-calatori-to-get-to-the-czech-republic","status":"publish","type":"page","link":"https:\/\/www.cfrcalatori.ro\/en\/choose-cfr-calatori-to-get-to-the-czech-republic\/","title":{"rendered":"Choose CFR C\u0103l\u0103tori to get to the Czech Republic!"},"content":{"rendered":"<p>Do you like to travel by train? Choose CFR C\u0103l\u0103tori to get to the Czech Republic!<\/p>\n<p><img loading=\"lazy\" decoding=\"async\" class=\"size-medium wp-image-40675 alignleft\" src=\"https:\/\/www.cfrcalatori.ro\/wp-content\/uploads\/2021\/12\/czech-republic-6526993_960_720-300x173.jpg\" alt=\"\" width=\"300\" height=\"173\" srcset=\"https:\/\/www.cfrcalatori.ro\/wp-content\/uploads\/2021\/12\/czech-republic-6526993_960_720-300x173.jpg 300w, https:\/\/www.cfrcalatori.ro\/wp-content\/uploads\/2021\/12\/czech-republic-6526993_960_720-768x442.jpg 768w, https:\/\/www.cfrcalatori.ro\/wp-content\/uploads\/2021\/12\/czech-republic-6526993_960_720.jpg 960w\" sizes=\"auto, (max-width: 300px) 100vw, 300px\" \/>There are over 2,000 castles in the Czech Republic, making it one of the most visited countries in Europe, after Belgium and France. Summer is relatively hot and winter is cold and snowy. The temperature difference from summer to winter is large due to its geographical position, namely inside the continent.<\/p>\n<p>In terms of railway transport, the Czech Republic has one of the densest railway networks in Europe.<\/p>\n<p>Smart SemiFlex Czech Republic and Smart NoFlex Czech Republic are recommended for travel on the Romania \u2013 Czechia and Czechia \u2013 Romania routes.<\/p>\n<p>The offer is destinated for individual passengers and small groups of a\u00a0 maximum 5 persons<\/p>\n<div class=\"alert alert-info\">\n<h3>Did you know that??<\/h3>\n<ul>\n<li><strong>Depending on the user\u2019s choice, the international tickets which includes seat reservations for all trains, ordered and paid online, can be sent as well via email in .pdf(A4) format. Ticket printing is not mandatory.<\/strong><\/li>\n<\/ul>\n<\/div>\n<div id=\"accordion\" class=\"accd\" role=\"tablist\">\n<div class=\"card\">\n<div id=\"heading14\" class=\"card-header\" role=\"tab\">\n<h5 class=\"mb-0\"><a role=\"button\" href=\"#collapse14\" aria-expanded=\"false\" aria-controls=\"collapse14\" data-toggle=\"collapse\"><i class=\"fa fa-ticket\" aria-hidden=\"true\"><\/i> <strong>Smart SemiFlex Czech Republic<\/strong> <i class=\"fa fa-plus\" aria-hidden=\"true\"><\/i><\/a><\/h5>\n<\/div>\n<div id=\"collapse14\" class=\"collapse\" role=\"tabpanel\" aria-labelledby=\"heading14\" data-parent=\"#accordion\">\n<div class=\"card-body\">\n<h4>Smart SemiFlex Czech Republic<\/h4>\n<p><strong>Important to know!<\/strong><\/p>\n<p>\u2022 Tickets are valid for 3 days<br \/>\n\u2022 The number of seats is limited<br \/>\n\u2022 The offer is valid for 2nd class and 1st class<br \/>\n\u2022\u00a0Passengers shall use the trains written on the ticket and boarding on these trains must be done\u00a0 on the days indicated on the\u00a0 ticket<br \/>\n\u2022 The offer\u00a0 does NOT\u00a0 allow changing the class or the route<br \/>\n\u2022 The offer allows refund and the travel tickets can only be returned before the first day of validity. The refund fee is 25% of the ticket price, but minimum 3 euros\/ person.<br \/>\n\u2022 The change is considered a refund and a new issuance of both the ticket and related reservations.<br \/>\n\u2022 To reserve the seat (day, sleeping and berth coach) the reservation fee is paid additionally.<\/p>\n<\/div>\n<\/div>\n<\/div>\n<div class=\"card\">\n<div id=\"heading15\" class=\"card-header\" role=\"tab\">\n<h5 class=\"mb-0\"><a role=\"button\" href=\"#collapse15\" aria-expanded=\"false\" aria-controls=\"collapse15\" data-toggle=\"collapse\"><i class=\"fa fa-ticket\" aria-hidden=\"true\"><\/i> <strong>Smart NoFlex Czech Republic<\/strong> <i class=\"fa fa-plus\" aria-hidden=\"true\"><\/i><\/a><\/h5>\n<\/div>\n<div id=\"collapse15\" class=\"collapse\" role=\"tabpanel\" aria-labelledby=\"heading15\" data-parent=\"#accordion\">\n<div class=\"card-body\">\n<h4>Smart NoFlex Czech Republic<\/h4>\n<p><em>Important to know!<\/em><\/p>\n<p>\u2022 Tickets are valid for 3 days<br \/>\n\u2022 The number of seats is limited<br \/>\n\u2022 The offer is available for sale up to 2 days before the first day of validity<br \/>\n\u2022 The offer is valid for 2nd class<br \/>\n\u2022 Passengers shall use the trains written on the ticket and boarding on these trains must be done\u00a0 on the days indicated on the\u00a0 ticket<br \/>\n\u2022 The offer\u00a0 does NOT\u00a0 allow changing the class or the route<br \/>\n\u2022\u00a0The ticket issued on the basis of the SMART NoFLEX offer, as well as related seat reservations, does not allow change or refund<br \/>\n\u2022\u00a0To reserve the seat (day and berth coach) the reservation fee is paid additionally.<\/p>\n<\/div>\n<\/div>\n<\/div>\n<div class=\"card\">\n<div id=\"heading3\" class=\"card-header\" role=\"tab\">\n<h5 class=\"mb-0\"><a href=\"https:\/\/www.cfrcalatori.ro\/statii-si-agentii-de-voiaj-cfr-calatori-care-emit-legitimatii-de-calatorie-in-trafic-international\/\" aria-controls=\"collapse3\"><i class=\"fa fa-chrome\" aria-hidden=\"true\"><\/i> <strong>Point of sales for tickets international traffic<\/strong> <i class=\"fa fa-plus\" aria-hidden=\"true\"><\/i><\/a><\/h5>\n<\/div>\n<\/div>\n<\/div>\n<div class=\"row ctaOffer\">\n<div class=\"titleCta\"><i class=\"fa fa-map-marker\"><\/i> Plan journey<\/div>\n<p><a class=\"butonAccent buy\" href=\"https:\/\/bileteinternationale.cfrcalatori.ro\/en\/booking\/search\" target=\"_blank\" rel=\"noopener\"> <i class=\"fa fa-shopping-cart\"><\/i> Buy online tickets<\/a><\/p>\n<\/div>\n<p>Have a nice trip!<\/p>\n","protected":false},"excerpt":{"rendered":"<p>Do you like to travel by train? Choose CFR C\u0103l\u0103tori to get to the Czech Republic! There are over 2,000 castles in the Czech Republic, making it one of the most visited countries in Europe, after Belgium and France. Summer is relatively hot and winter is cold and snowy. The temperature difference from summer to winter is large due to its geographical position, namely inside the continent. In terms of railway transport, the Czech Republic has one of the densest railway networks in Europe. Smart SemiFlex Czech Republic and Smart NoFlex Czech Republic are recommended for travel on the Romania \u2013 Czechia and Czechia \u2013 Romania routes. The offer is destinated for individual passengers and small groups of a\u00a0 maximum 5 persons Did you know&#8230;<\/p>\n","protected":false},"author":4,"featured_media":72561,"parent":0,"menu_order":0,"comment_status":"closed","ping_status":"closed","template":"comercialfarabanner.php","meta":{"_acf_changed":false,"footnotes":""},"class_list":["post-43014","page","type-page","status-publish","has-post-thumbnail","hentry"],"acf":[],"yoast_head":"<!-- This site is optimized with the Yoast SEO plugin v27.0 - https:\/\/yoast.com\/product\/yoast-seo-wordpress\/ -->\n<title>Choose CFR C\u0103l\u0103tori to get to the Czech Republic! - CFR Calatori<\/title>\n<meta name=\"robots\" content=\"index, follow, max-snippet:-1, max-image-preview:large, max-video-preview:-1\" \/>\n<link rel=\"canonical\" href=\"https:\/\/www.cfrcalatori.ro\/en\/choose-cfr-calatori-to-get-to-the-czech-republic\/\" \/>\n<meta property=\"og:locale\" content=\"en_US\" \/>\n<meta property=\"og:type\" content=\"article\" \/>\n<meta property=\"og:title\" content=\"Choose CFR C\u0103l\u0103tori to get to the Czech Republic! - CFR Calatori\" \/>\n<meta property=\"og:description\" content=\"Do you like to travel by train? Choose CFR C\u0103l\u0103tori to get to the Czech Republic! There are over 2,000 castles in the Czech Republic, making it one of the most visited countries in Europe, after Belgium and France. Summer is relatively hot and winter is cold and snowy. The temperature difference from summer to winter is large due to its geographical position, namely inside the continent. In terms of railway transport, the Czech Republic has one of the densest railway networks in Europe. Smart SemiFlex Czech Republic and Smart NoFlex Czech Republic are recommended for travel on the Romania \u2013 Czechia and Czechia \u2013 Romania routes. The offer is destinated for individual passengers and small groups of a\u00a0 maximum 5 persons Did you know...\" \/>\n<meta property=\"og:url\" content=\"https:\/\/www.cfrcalatori.ro\/en\/choose-cfr-calatori-to-get-to-the-czech-republic\/\" \/>\n<meta property=\"og:site_name\" content=\"CFR Calatori\" \/>\n<meta property=\"article:modified_time\" content=\"2025-12-02T10:31:09+00:00\" \/>\n<meta property=\"og:image\" content=\"https:\/\/www.cfrcalatori.ro\/wp-content\/uploads\/2021\/12\/czech-republic-6526993_960_720.jpg\" \/>\n\t<meta property=\"og:image:width\" content=\"960\" \/>\n\t<meta property=\"og:image:height\" content=\"552\" \/>\n\t<meta property=\"og:image:type\" content=\"image\/jpeg\" \/>\n<meta name=\"twitter:card\" content=\"summary_large_image\" \/>\n<meta name=\"twitter:label1\" content=\"Est. reading time\" \/>\n\t<meta name=\"twitter:data1\" content=\"3 minutes\" \/>\n<script type=\"application\/ld+json\" class=\"yoast-schema-graph\">{\"@context\":\"https:\/\/schema.org\",\"@graph\":[{\"@type\":\"WebPage\",\"@id\":\"https:\/\/www.cfrcalatori.ro\/en\/choose-cfr-calatori-to-get-to-the-czech-republic\/\",\"url\":\"https:\/\/www.cfrcalatori.ro\/en\/choose-cfr-calatori-to-get-to-the-czech-republic\/\",\"name\":\"Choose CFR C\u0103l\u0103tori to get to the Czech Republic! - CFR Calatori\",\"isPartOf\":{\"@id\":\"https:\/\/www.cfrcalatori.ro\/en\/#website\"},\"primaryImageOfPage\":{\"@id\":\"https:\/\/www.cfrcalatori.ro\/en\/choose-cfr-calatori-to-get-to-the-czech-republic\/#primaryimage\"},\"image\":{\"@id\":\"https:\/\/www.cfrcalatori.ro\/en\/choose-cfr-calatori-to-get-to-the-czech-republic\/#primaryimage\"},\"thumbnailUrl\":\"https:\/\/www.cfrcalatori.ro\/wp-content\/uploads\/2021\/12\/czech-republic-6526993_960_720.jpg\",\"datePublished\":\"2022-03-22T10:18:35+00:00\",\"dateModified\":\"2025-12-02T10:31:09+00:00\",\"breadcrumb\":{\"@id\":\"https:\/\/www.cfrcalatori.ro\/en\/choose-cfr-calatori-to-get-to-the-czech-republic\/#breadcrumb\"},\"inLanguage\":\"en-US\",\"potentialAction\":[{\"@type\":\"ReadAction\",\"target\":[\"https:\/\/www.cfrcalatori.ro\/en\/choose-cfr-calatori-to-get-to-the-czech-republic\/\"]}]},{\"@type\":\"ImageObject\",\"inLanguage\":\"en-US\",\"@id\":\"https:\/\/www.cfrcalatori.ro\/en\/choose-cfr-calatori-to-get-to-the-czech-republic\/#primaryimage\",\"url\":\"https:\/\/www.cfrcalatori.ro\/wp-content\/uploads\/2021\/12\/czech-republic-6526993_960_720.jpg\",\"contentUrl\":\"https:\/\/www.cfrcalatori.ro\/wp-content\/uploads\/2021\/12\/czech-republic-6526993_960_720.jpg\",\"width\":960,\"height\":552},{\"@type\":\"BreadcrumbList\",\"@id\":\"https:\/\/www.cfrcalatori.ro\/en\/choose-cfr-calatori-to-get-to-the-czech-republic\/#breadcrumb\",\"itemListElement\":[{\"@type\":\"ListItem\",\"position\":1,\"name\":\"Home\",\"item\":\"https:\/\/www.cfrcalatori.ro\/en\/\"},{\"@type\":\"ListItem\",\"position\":2,\"name\":\"Choose CFR C\u0103l\u0103tori to get to the Czech Republic!\"}]},{\"@type\":\"WebSite\",\"@id\":\"https:\/\/www.cfrcalatori.ro\/en\/#website\",\"url\":\"https:\/\/www.cfrcalatori.ro\/en\/\",\"name\":\"CFR Calatori\",\"description\":\"CFRCalatori.ro\",\"potentialAction\":[{\"@type\":\"SearchAction\",\"target\":{\"@type\":\"EntryPoint\",\"urlTemplate\":\"https:\/\/www.cfrcalatori.ro\/en\/?s={search_term_string}\"},\"query-input\":{\"@type\":\"PropertyValueSpecification\",\"valueRequired\":true,\"valueName\":\"search_term_string\"}}],\"inLanguage\":\"en-US\"}]}<\/script>\n<!-- \/ Yoast SEO plugin. -->","yoast_head_json":{"title":"Choose CFR C\u0103l\u0103tori to get to the Czech Republic! - CFR Calatori","robots":{"index":"index","follow":"follow","max-snippet":"max-snippet:-1","max-image-preview":"max-image-preview:large","max-video-preview":"max-video-preview:-1"},"canonical":"https:\/\/www.cfrcalatori.ro\/en\/choose-cfr-calatori-to-get-to-the-czech-republic\/","og_locale":"en_US","og_type":"article","og_title":"Choose CFR C\u0103l\u0103tori to get to the Czech Republic! - CFR Calatori","og_description":"Do you like to travel by train? Choose CFR C\u0103l\u0103tori to get to the Czech Republic! There are over 2,000 castles in the Czech Republic, making it one of the most visited countries in Europe, after Belgium and France. Summer is relatively hot and winter is cold and snowy. The temperature difference from summer to winter is large due to its geographical position, namely inside the continent. In terms of railway transport, the Czech Republic has one of the densest railway networks in Europe. Smart SemiFlex Czech Republic and Smart NoFlex Czech Republic are recommended for travel on the Romania \u2013 Czechia and Czechia \u2013 Romania routes. The offer is destinated for individual passengers and small groups of a\u00a0 maximum 5 persons Did you know...","og_url":"https:\/\/www.cfrcalatori.ro\/en\/choose-cfr-calatori-to-get-to-the-czech-republic\/","og_site_name":"CFR Calatori","article_modified_time":"2025-12-02T10:31:09+00:00","og_image":[{"width":960,"height":552,"url":"https:\/\/www.cfrcalatori.ro\/wp-content\/uploads\/2021\/12\/czech-republic-6526993_960_720.jpg","type":"image\/jpeg"}],"twitter_card":"summary_large_image","twitter_misc":{"Est. reading time":"3 minutes"},"schema":{"@context":"https:\/\/schema.org","@graph":[{"@type":"WebPage","@id":"https:\/\/www.cfrcalatori.ro\/en\/choose-cfr-calatori-to-get-to-the-czech-republic\/","url":"https:\/\/www.cfrcalatori.ro\/en\/choose-cfr-calatori-to-get-to-the-czech-republic\/","name":"Choose CFR C\u0103l\u0103tori to get to the Czech Republic! - CFR Calatori","isPartOf":{"@id":"https:\/\/www.cfrcalatori.ro\/en\/#website"},"primaryImageOfPage":{"@id":"https:\/\/www.cfrcalatori.ro\/en\/choose-cfr-calatori-to-get-to-the-czech-republic\/#primaryimage"},"image":{"@id":"https:\/\/www.cfrcalatori.ro\/en\/choose-cfr-calatori-to-get-to-the-czech-republic\/#primaryimage"},"thumbnailUrl":"https:\/\/www.cfrcalatori.ro\/wp-content\/uploads\/2021\/12\/czech-republic-6526993_960_720.jpg","datePublished":"2022-03-22T10:18:35+00:00","dateModified":"2025-12-02T10:31:09+00:00","breadcrumb":{"@id":"https:\/\/www.cfrcalatori.ro\/en\/choose-cfr-calatori-to-get-to-the-czech-republic\/#breadcrumb"},"inLanguage":"en-US","potentialAction":[{"@type":"ReadAction","target":["https:\/\/www.cfrcalatori.ro\/en\/choose-cfr-calatori-to-get-to-the-czech-republic\/"]}]},{"@type":"ImageObject","inLanguage":"en-US","@id":"https:\/\/www.cfrcalatori.ro\/en\/choose-cfr-calatori-to-get-to-the-czech-republic\/#primaryimage","url":"https:\/\/www.cfrcalatori.ro\/wp-content\/uploads\/2021\/12\/czech-republic-6526993_960_720.jpg","contentUrl":"https:\/\/www.cfrcalatori.ro\/wp-content\/uploads\/2021\/12\/czech-republic-6526993_960_720.jpg","width":960,"height":552},{"@type":"BreadcrumbList","@id":"https:\/\/www.cfrcalatori.ro\/en\/choose-cfr-calatori-to-get-to-the-czech-republic\/#breadcrumb","itemListElement":[{"@type":"ListItem","position":1,"name":"Home","item":"https:\/\/www.cfrcalatori.ro\/en\/"},{"@type":"ListItem","position":2,"name":"Choose CFR C\u0103l\u0103tori to get to the Czech Republic!"}]},{"@type":"WebSite","@id":"https:\/\/www.cfrcalatori.ro\/en\/#website","url":"https:\/\/www.cfrcalatori.ro\/en\/","name":"CFR Calatori","description":"CFRCalatori.ro","potentialAction":[{"@type":"SearchAction","target":{"@type":"EntryPoint","urlTemplate":"https:\/\/www.cfrcalatori.ro\/en\/?s={search_term_string}"},"query-input":{"@type":"PropertyValueSpecification","valueRequired":true,"valueName":"search_term_string"}}],"inLanguage":"en-US"}]}},"_links":{"self":[{"href":"https:\/\/www.cfrcalatori.ro\/en\/wp-json\/wp\/v2\/pages\/43014","targetHints":{"allow":["GET"]}}],"collection":[{"href":"https:\/\/www.cfrcalatori.ro\/en\/wp-json\/wp\/v2\/pages"}],"about":[{"href":"https:\/\/www.cfrcalatori.ro\/en\/wp-json\/wp\/v2\/types\/page"}],"author":[{"embeddable":true,"href":"https:\/\/www.cfrcalatori.ro\/en\/wp-json\/wp\/v2\/users\/4"}],"replies":[{"embeddable":true,"href":"https:\/\/www.cfrcalatori.ro\/en\/wp-json\/wp\/v2\/comments?post=43014"}],"version-history":[{"count":0,"href":"https:\/\/www.cfrcalatori.ro\/en\/wp-json\/wp\/v2\/pages\/43014\/revisions"}],"wp:featuredmedia":[{"embeddable":true,"href":"https:\/\/www.cfrcalatori.ro\/en\/wp-json\/wp\/v2\/media\/72561"}],"wp:attachment":[{"href":"https:\/\/www.cfrcalatori.ro\/en\/wp-json\/wp\/v2\/media?parent=43014"}],"curies":[{"name":"wp","href":"https:\/\/api.w.org\/{rel}","templated":true}]}}