{"id":4323,"date":"2018-02-08T19:06:31","date_gmt":"2018-02-08T17:06:31","guid":{"rendered":"http:\/\/site0-sntfc.westeurope.cloudapp.azure.com\/?page_id=4323"},"modified":"2025-12-13T12:50:17","modified_gmt":"2025-12-13T10:50:17","slug":"transport-services-bicycles-skis","status":"publish","type":"page","link":"https:\/\/www.cfrcalatori.ro\/en\/transport-services-bicycles-skis\/","title":{"rendered":"Transport services of bicycles and skis"},"content":{"rendered":"<p>1. Non-folding bicycles are allowed only on trains that have types of cars with specially arranged space (from a constructive point of view) for transporting bicycles. Only one bicycle per person is allowed.<\/p>\n<p data-raofz=\"12\"><img loading=\"lazy\" decoding=\"async\" class=\"alignright wp-image-4520 size-medium\" title=\"transportul bicicletelor\" src=\"https:\/\/www.cfrcalatori.ro\/wp-content\/uploads\/2018\/02\/trip-distance-852542_640-300x200.jpg\" sizes=\"auto, (max-width: 300px) 100vw, 300px\" srcset=\"https:\/\/www.cfrcalatori.ro\/wp-content\/uploads\/2018\/02\/trip-distance-852542_640-300x200.jpg 300w, https:\/\/www.cfrcalatori.ro\/wp-content\/uploads\/2018\/02\/trip-distance-852542_640.jpg 640w\" alt=\"transportul bicicletelor\" width=\"300\" height=\"200\" \/><\/p>\n<p>2. . You can find information about CFR C\u0103l\u0103tori trains providing transport service for passengers with bicycles at the CFR C\u0103l\u0103tori ticket offices or by consulting the train schedule on our website <a href=\"http:\/\/www.cfrcalatori.ro\">www.cfrcalatori.ro<\/a> \u00a0(trains with cars in which you can transport bicycles have the symbol for bicycles in &#8220;Services&#8221;).<\/p>\n<p>3. For passengers with bicycles travelling by trains with a reservation system offering a bicycle transport service, seats are allocated in the compartments next to the space intended for their storage.<\/p>\n<p>4. Non-folding bicycles can be transported on trains offering a bicycle transport service (for which there is a corresponding icon in the Train Schedule on the website <a href=\"http:\/\/www.cfrcalatori.ro\">www.cfrcalatori.ro<\/a>), for which a fee will be paid at the ticket offices, depending on the distance covered, as follows:<\/p>\n<table style=\"width: 55.1917%;\">\n<tbody>\n<tr>\n<td style=\"width: 81.25%;\" colspan=\"3\" width=\"311\">Non-folding bicycle transport*)<\/td>\n<\/tr>\n<tr>\n<td style=\"width: 43.75%;\" width=\"170\">Area km<\/td>\n<td style=\"width: 8.75%;\" rowspan=\"6\" width=\"31\"><\/td>\n<td style=\"width: 28.75%;\" width=\"111\">\n<p style=\"text-align: right;\">lei\/bicycle<\/p>\n<\/td>\n<\/tr>\n<tr>\n<td style=\"width: 43.75%;\" width=\"170\">1\u201460<\/td>\n<td style=\"width: 28.75%;\" width=\"111\">\n<p style=\"text-align: right;\">8,00<\/p>\n<\/td>\n<\/tr>\n<tr>\n<td style=\"width: 43.75%;\" width=\"170\">61\u2014120<\/td>\n<td style=\"width: 28.75%;\" width=\"111\">\n<p style=\"text-align: right;\">11,50<\/p>\n<\/td>\n<\/tr>\n<tr>\n<td style=\"width: 43.75%;\" width=\"170\">121\u2014250<\/td>\n<td style=\"width: 28.75%;\" width=\"111\">\n<p style=\"text-align: right;\">17,50<\/p>\n<\/td>\n<\/tr>\n<tr>\n<td style=\"width: 43.75%;\" width=\"170\">251\u2014500<\/td>\n<td style=\"width: 28.75%;\" width=\"111\">\n<p style=\"text-align: right;\">23,50<\/p>\n<\/td>\n<\/tr>\n<tr>\n<td style=\"width: 43.75%;\" width=\"170\">&gt; 500<\/td>\n<td style=\"width: 28.75%;\" width=\"111\">\n<p style=\"text-align: right;\">29,00<\/p>\n<\/td>\n<\/tr>\n<\/tbody>\n<\/table>\n<p>*) Fares valid on Regio, Interregio and Intercity trains that allow this type of transport.<br \/>\nValid from December 14, 2025; 21% VAT included.<\/p>\n<p>5. Folding bicycles can be carried free of charge on all train, at 1st and 2nd class or sky equipment at 2nd class cars, as hand luggage, within the space available for hand luggage, provided they do not inconvenience others passengers (one folding bike or one pair of skis per person).<br \/>\nBicycles with one or both wheels removed are not considered folding bicycles and are treated as bulky baggage.<\/p>\n<p>6. If, when checking the legality of the journey, the train staff finds passengers with bicycles and do not submit the bicycle transport ticket, the tariff for large luggage will be applied, for the kilometer area corresponding to the passenger&#8217;s ticket (a bicycle is considered to have 15 kg).<\/p>\n<p>7.\u00a0In well-justified cases where the occupancy of the respective train is close to 100% or more, the train staff may prohibit the boarding of bicycle passengers, if they do NOT have bicycle tickets for the respective train.<\/p>\n<p>8. In case of organized groups of cyclists, they must submit a request at least 72 hours in advance, so that the specialized departments can take measures to organize the transport according to the available rolling stock.<\/p>\n","protected":false},"excerpt":{"rendered":"<p>1. Non-folding bicycles are allowed only on trains that have types of cars with specially arranged space (from a constructive point of view) for transporting bicycles. Only one bicycle per person is allowed. 2. . You can find information about CFR C\u0103l\u0103tori trains providing transport service for passengers with bicycles at the CFR C\u0103l\u0103tori ticket offices or by consulting the train schedule on our website www.cfrcalatori.ro \u00a0(trains with cars in which you can transport bicycles have the symbol for bicycles in &#8220;Services&#8221;). 3. For passengers with bicycles travelling by trains with a reservation system offering a bicycle transport service, seats are allocated in the compartments next to the space intended for their storage. 4. Non-folding bicycles can be transported on trains offering a bicycle transport&#8230;<\/p>\n","protected":false},"author":47,"featured_media":0,"parent":0,"menu_order":0,"comment_status":"closed","ping_status":"closed","template":"comercialshare.php","meta":{"_acf_changed":false,"footnotes":""},"class_list":["post-4323","page","type-page","status-publish","hentry"],"acf":[],"yoast_head":"<!-- This site is optimized with the Yoast SEO plugin v27.0 - https:\/\/yoast.com\/product\/yoast-seo-wordpress\/ -->\n<title>Transport services of bicycles and skis - CFR Calatori<\/title>\n<meta name=\"robots\" content=\"index, follow, max-snippet:-1, max-image-preview:large, max-video-preview:-1\" \/>\n<link rel=\"canonical\" href=\"https:\/\/www.cfrcalatori.ro\/en\/transport-services-bicycles-skis\/\" \/>\n<meta property=\"og:locale\" content=\"en_US\" \/>\n<meta property=\"og:type\" content=\"article\" \/>\n<meta property=\"og:title\" content=\"Transport services of bicycles and skis - CFR Calatori\" \/>\n<meta property=\"og:description\" content=\"1. Non-folding bicycles are allowed only on trains that have types of cars with specially arranged space (from a constructive point of view) for transporting bicycles. Only one bicycle per person is allowed. 2. . You can find information about CFR C\u0103l\u0103tori trains providing transport service for passengers with bicycles at the CFR C\u0103l\u0103tori ticket offices or by consulting the train schedule on our website www.cfrcalatori.ro \u00a0(trains with cars in which you can transport bicycles have the symbol for bicycles in &#8220;Services&#8221;). 3. For passengers with bicycles travelling by trains with a reservation system offering a bicycle transport service, seats are allocated in the compartments next to the space intended for their storage. 4. Non-folding bicycles can be transported on trains offering a bicycle transport...\" \/>\n<meta property=\"og:url\" content=\"https:\/\/www.cfrcalatori.ro\/en\/transport-services-bicycles-skis\/\" \/>\n<meta property=\"og:site_name\" content=\"CFR Calatori\" \/>\n<meta property=\"article:modified_time\" content=\"2025-12-13T10:50:17+00:00\" \/>\n<meta property=\"og:image\" content=\"https:\/\/www.cfrcalatori.ro\/wp-content\/uploads\/2018\/02\/trip-distance-852542_640.jpg\" \/>\n\t<meta property=\"og:image:width\" content=\"640\" \/>\n\t<meta property=\"og:image:height\" content=\"426\" \/>\n\t<meta property=\"og:image:type\" content=\"image\/jpeg\" \/>\n<meta name=\"twitter:card\" content=\"summary_large_image\" \/>\n<meta name=\"twitter:label1\" content=\"Est. reading time\" \/>\n\t<meta name=\"twitter:data1\" content=\"3 minutes\" \/>\n<script type=\"application\/ld+json\" class=\"yoast-schema-graph\">{\"@context\":\"https:\/\/schema.org\",\"@graph\":[{\"@type\":\"WebPage\",\"@id\":\"https:\/\/www.cfrcalatori.ro\/en\/transport-services-bicycles-skis\/\",\"url\":\"https:\/\/www.cfrcalatori.ro\/en\/transport-services-bicycles-skis\/\",\"name\":\"Transport services of bicycles and skis - CFR Calatori\",\"isPartOf\":{\"@id\":\"https:\/\/www.cfrcalatori.ro\/en\/#website\"},\"primaryImageOfPage\":{\"@id\":\"https:\/\/www.cfrcalatori.ro\/en\/transport-services-bicycles-skis\/#primaryimage\"},\"image\":{\"@id\":\"https:\/\/www.cfrcalatori.ro\/en\/transport-services-bicycles-skis\/#primaryimage\"},\"thumbnailUrl\":\"https:\/\/www.cfrcalatori.ro\/wp-content\/uploads\/2018\/02\/trip-distance-852542_640-300x200.jpg\",\"datePublished\":\"2018-02-08T17:06:31+00:00\",\"dateModified\":\"2025-12-13T10:50:17+00:00\",\"breadcrumb\":{\"@id\":\"https:\/\/www.cfrcalatori.ro\/en\/transport-services-bicycles-skis\/#breadcrumb\"},\"inLanguage\":\"en-US\",\"potentialAction\":[{\"@type\":\"ReadAction\",\"target\":[\"https:\/\/www.cfrcalatori.ro\/en\/transport-services-bicycles-skis\/\"]}]},{\"@type\":\"ImageObject\",\"inLanguage\":\"en-US\",\"@id\":\"https:\/\/www.cfrcalatori.ro\/en\/transport-services-bicycles-skis\/#primaryimage\",\"url\":\"https:\/\/www.cfrcalatori.ro\/wp-content\/uploads\/2018\/02\/trip-distance-852542_640-300x200.jpg\",\"contentUrl\":\"https:\/\/www.cfrcalatori.ro\/wp-content\/uploads\/2018\/02\/trip-distance-852542_640-300x200.jpg\"},{\"@type\":\"BreadcrumbList\",\"@id\":\"https:\/\/www.cfrcalatori.ro\/en\/transport-services-bicycles-skis\/#breadcrumb\",\"itemListElement\":[{\"@type\":\"ListItem\",\"position\":1,\"name\":\"Home\",\"item\":\"https:\/\/www.cfrcalatori.ro\/en\/\"},{\"@type\":\"ListItem\",\"position\":2,\"name\":\"Transport services of bicycles and skis\"}]},{\"@type\":\"WebSite\",\"@id\":\"https:\/\/www.cfrcalatori.ro\/en\/#website\",\"url\":\"https:\/\/www.cfrcalatori.ro\/en\/\",\"name\":\"CFR Calatori\",\"description\":\"CFRCalatori.ro\",\"potentialAction\":[{\"@type\":\"SearchAction\",\"target\":{\"@type\":\"EntryPoint\",\"urlTemplate\":\"https:\/\/www.cfrcalatori.ro\/en\/?s={search_term_string}\"},\"query-input\":{\"@type\":\"PropertyValueSpecification\",\"valueRequired\":true,\"valueName\":\"search_term_string\"}}],\"inLanguage\":\"en-US\"}]}<\/script>\n<!-- \/ Yoast SEO plugin. -->","yoast_head_json":{"title":"Transport services of bicycles and skis - CFR Calatori","robots":{"index":"index","follow":"follow","max-snippet":"max-snippet:-1","max-image-preview":"max-image-preview:large","max-video-preview":"max-video-preview:-1"},"canonical":"https:\/\/www.cfrcalatori.ro\/en\/transport-services-bicycles-skis\/","og_locale":"en_US","og_type":"article","og_title":"Transport services of bicycles and skis - CFR Calatori","og_description":"1. Non-folding bicycles are allowed only on trains that have types of cars with specially arranged space (from a constructive point of view) for transporting bicycles. Only one bicycle per person is allowed. 2. . You can find information about CFR C\u0103l\u0103tori trains providing transport service for passengers with bicycles at the CFR C\u0103l\u0103tori ticket offices or by consulting the train schedule on our website www.cfrcalatori.ro \u00a0(trains with cars in which you can transport bicycles have the symbol for bicycles in &#8220;Services&#8221;). 3. For passengers with bicycles travelling by trains with a reservation system offering a bicycle transport service, seats are allocated in the compartments next to the space intended for their storage. 4. Non-folding bicycles can be transported on trains offering a bicycle transport...","og_url":"https:\/\/www.cfrcalatori.ro\/en\/transport-services-bicycles-skis\/","og_site_name":"CFR Calatori","article_modified_time":"2025-12-13T10:50:17+00:00","og_image":[{"width":640,"height":426,"url":"https:\/\/www.cfrcalatori.ro\/wp-content\/uploads\/2018\/02\/trip-distance-852542_640.jpg","type":"image\/jpeg"}],"twitter_card":"summary_large_image","twitter_misc":{"Est. reading time":"3 minutes"},"schema":{"@context":"https:\/\/schema.org","@graph":[{"@type":"WebPage","@id":"https:\/\/www.cfrcalatori.ro\/en\/transport-services-bicycles-skis\/","url":"https:\/\/www.cfrcalatori.ro\/en\/transport-services-bicycles-skis\/","name":"Transport services of bicycles and skis - CFR Calatori","isPartOf":{"@id":"https:\/\/www.cfrcalatori.ro\/en\/#website"},"primaryImageOfPage":{"@id":"https:\/\/www.cfrcalatori.ro\/en\/transport-services-bicycles-skis\/#primaryimage"},"image":{"@id":"https:\/\/www.cfrcalatori.ro\/en\/transport-services-bicycles-skis\/#primaryimage"},"thumbnailUrl":"https:\/\/www.cfrcalatori.ro\/wp-content\/uploads\/2018\/02\/trip-distance-852542_640-300x200.jpg","datePublished":"2018-02-08T17:06:31+00:00","dateModified":"2025-12-13T10:50:17+00:00","breadcrumb":{"@id":"https:\/\/www.cfrcalatori.ro\/en\/transport-services-bicycles-skis\/#breadcrumb"},"inLanguage":"en-US","potentialAction":[{"@type":"ReadAction","target":["https:\/\/www.cfrcalatori.ro\/en\/transport-services-bicycles-skis\/"]}]},{"@type":"ImageObject","inLanguage":"en-US","@id":"https:\/\/www.cfrcalatori.ro\/en\/transport-services-bicycles-skis\/#primaryimage","url":"https:\/\/www.cfrcalatori.ro\/wp-content\/uploads\/2018\/02\/trip-distance-852542_640-300x200.jpg","contentUrl":"https:\/\/www.cfrcalatori.ro\/wp-content\/uploads\/2018\/02\/trip-distance-852542_640-300x200.jpg"},{"@type":"BreadcrumbList","@id":"https:\/\/www.cfrcalatori.ro\/en\/transport-services-bicycles-skis\/#breadcrumb","itemListElement":[{"@type":"ListItem","position":1,"name":"Home","item":"https:\/\/www.cfrcalatori.ro\/en\/"},{"@type":"ListItem","position":2,"name":"Transport services of bicycles and skis"}]},{"@type":"WebSite","@id":"https:\/\/www.cfrcalatori.ro\/en\/#website","url":"https:\/\/www.cfrcalatori.ro\/en\/","name":"CFR Calatori","description":"CFRCalatori.ro","potentialAction":[{"@type":"SearchAction","target":{"@type":"EntryPoint","urlTemplate":"https:\/\/www.cfrcalatori.ro\/en\/?s={search_term_string}"},"query-input":{"@type":"PropertyValueSpecification","valueRequired":true,"valueName":"search_term_string"}}],"inLanguage":"en-US"}]}},"_links":{"self":[{"href":"https:\/\/www.cfrcalatori.ro\/en\/wp-json\/wp\/v2\/pages\/4323","targetHints":{"allow":["GET"]}}],"collection":[{"href":"https:\/\/www.cfrcalatori.ro\/en\/wp-json\/wp\/v2\/pages"}],"about":[{"href":"https:\/\/www.cfrcalatori.ro\/en\/wp-json\/wp\/v2\/types\/page"}],"author":[{"embeddable":true,"href":"https:\/\/www.cfrcalatori.ro\/en\/wp-json\/wp\/v2\/users\/47"}],"replies":[{"embeddable":true,"href":"https:\/\/www.cfrcalatori.ro\/en\/wp-json\/wp\/v2\/comments?post=4323"}],"version-history":[{"count":2,"href":"https:\/\/www.cfrcalatori.ro\/en\/wp-json\/wp\/v2\/pages\/4323\/revisions"}],"predecessor-version":[{"id":110945,"href":"https:\/\/www.cfrcalatori.ro\/en\/wp-json\/wp\/v2\/pages\/4323\/revisions\/110945"}],"wp:attachment":[{"href":"https:\/\/www.cfrcalatori.ro\/en\/wp-json\/wp\/v2\/media?parent=4323"}],"curies":[{"name":"wp","href":"https:\/\/api.w.org\/{rel}","templated":true}]}}