{"id":4332,"date":"2020-12-23T19:12:36","date_gmt":"2020-12-23T17:12:36","guid":{"rendered":"http:\/\/site0-sntfc.westeurope.cloudapp.azure.com\/?page_id=4332"},"modified":"2025-12-13T12:38:39","modified_gmt":"2025-12-13T10:38:39","slug":"bucuresti-nord-railway-station-henri-coanda-airport","status":"publish","type":"page","link":"https:\/\/www.cfrcalatori.ro\/en\/bucuresti-nord-railway-station-henri-coanda-airport\/","title":{"rendered":"Single tariff on Bucure\u0219ti Nord \u2013 Henri Coand\u0103 International Airport route"},"content":{"rendered":"<p>CFR C\u0103l\u0103tori\u00a0provides DAILY rail traffic on\u00a0Bucure\u0219ti Nord \u2013 Henri Coand\u0103\u00a0International Airport route and back.<\/p>\n<p><strong>What should you know?<\/strong><\/p>\n<ul>\n<li>The journey takes about 20 \u2013 25 minutes<\/li>\n<li>Some of the trains stop at Parc Mogo\u0219oaia and, respectively, at Patinoar PO<\/li>\n<li><strong>The price of a ticket is 6,50 lei* <\/strong>and can be bought as follows:\n<ul>\n<li>from the ticket office, 3-5 minutes before the departure of the train<\/li>\n<li>from the CFR C\u0103l\u0103tori website, through the <a href=\"https:\/\/bilete.cfrcalatori.ro\/en-GB\/Itineraries\"><u>Online Tickets<\/u><\/a>\u00a0section or by phone, through the <a href=\"https:\/\/www.cfrcalatori.ro\/en\/phone-app-cfr-calatori-train-schedule-and-online-tickets\/\">\u201c<u><em>CFR Calatori online tickets<\/em>\u201d app<\/u><\/a>, until the departure time of the train<\/li>\n<li>from Kiosk ticket vending machines, 5 minutes before the departure of the train<\/li>\n<li>from contactless POS terminals on the train<\/li>\n<\/ul>\n<\/li>\n<li>The ticket can still be bought by SMS at\u00a0<strong>7458<\/strong><\/li>\n<li>If you want to\u00a0<strong>book a seat<\/strong>, the price is<strong> 4,50 lei<\/strong><\/li>\n<li>The price of a ticket is\u00a0<strong>13 lei<\/strong>* if purchased from the train conductor!<\/li>\n<li>To avoid surcharging, buy a ticket before boarding the train.<\/li>\n<\/ul>\n<p>If you are among those who travel frequently, you should know that you can choose the type of\u00a0<strong>season-tickets<\/strong>\u00a0as follows:<\/p>\n<ul>\n<li><strong>monthly season-ticket with unlimited number of journeys, <\/strong>at the price of\u00a0<strong>141,00*<\/strong>\u00a0lei;<\/li>\n<li><strong>season-ticket for 14 consecutive days, <\/strong>at the price of <strong>99,50* lei<\/strong>;<\/li>\n<li><strong>season-ticket for 5 consecutive days,<\/strong>\u00a0at the price of\u00a0<strong>48,00* lei.<\/strong><\/li>\n<\/ul>\n<p>*single tariff (no reservation)<\/p>\n<p>For permanently updated information, access the\u00a0<a href=\"https:\/\/www.cfrcalatori.ro\/en\/\"><u>TIMETABLE MODULE<\/u><\/a>.<\/p>\n<p><strong>Important: <\/strong>The prices displayed are valid from <strong>December 14,\u00a02025<\/strong>; 21% VAT included.<\/p>\n<p>&nbsp;<\/p>\n<p><img loading=\"lazy\" decoding=\"async\" class=\"alignnone size-medium wp-image-39288\" src=\"https:\/\/www.cfrcalatori.ro\/wp-content\/uploads\/2021\/10\/modul-mers-tren-300x269.jpg\" alt=\"\" width=\"300\" height=\"269\" srcset=\"https:\/\/www.cfrcalatori.ro\/wp-content\/uploads\/2021\/10\/modul-mers-tren-300x269.jpg 300w, https:\/\/www.cfrcalatori.ro\/wp-content\/uploads\/2021\/10\/modul-mers-tren.jpg 481w\" sizes=\"auto, (max-width: 300px) 100vw, 300px\" \/><\/p>\n<p>&nbsp;<\/p>\n","protected":false},"excerpt":{"rendered":"<p>CFR C\u0103l\u0103tori\u00a0provides DAILY rail traffic on\u00a0Bucure\u0219ti Nord \u2013 Henri Coand\u0103\u00a0International Airport route and back. What should you know? The journey takes about 20 \u2013 25 minutes Some of the trains stop at Parc Mogo\u0219oaia and, respectively, at Patinoar PO The price of a ticket is 6,50 lei* and can be bought as follows: from the ticket office, 3-5 minutes before the departure of the train from the CFR C\u0103l\u0103tori website, through the Online Tickets\u00a0section or by phone, through the \u201cCFR Calatori online tickets\u201d app, until the departure time of the train from Kiosk ticket vending machines, 5 minutes before the departure of the train from contactless POS terminals on the train The ticket can still be bought by SMS at\u00a07458 If you want to\u00a0book a&#8230;<\/p>\n","protected":false},"author":47,"featured_media":0,"parent":0,"menu_order":0,"comment_status":"closed","ping_status":"closed","template":"comercialshare.php","meta":{"_acf_changed":false,"footnotes":""},"class_list":["post-4332","page","type-page","status-publish","hentry"],"acf":[],"yoast_head":"<!-- This site is optimized with the Yoast SEO plugin v27.0 - https:\/\/yoast.com\/product\/yoast-seo-wordpress\/ -->\n<title>Single tariff \/rate travel on the route Oravi\u0163a- Anina<\/title>\n<meta name=\"description\" content=\"Single tariff \/rate travel on the route Oravi\u0163a- Anina For traveling on the routes that have CF departure and arrival station located on the section Oravi\u0163a \u2013 Anina applies: A single fee of 10 lei for a simple journey\/travel, for the ticket cards issued at the ticket offices or by the train staff.\" \/>\n<meta name=\"robots\" content=\"index, follow, max-snippet:-1, max-image-preview:large, max-video-preview:-1\" \/>\n<link rel=\"canonical\" href=\"https:\/\/www.cfrcalatori.ro\/en\/bucuresti-nord-railway-station-henri-coanda-airport\/\" \/>\n<meta property=\"og:locale\" content=\"en_US\" \/>\n<meta property=\"og:type\" content=\"article\" \/>\n<meta property=\"og:title\" content=\"Single tariff \/rate travel on the route Oravi\u0163a- Anina\" \/>\n<meta property=\"og:description\" content=\"Single tariff \/rate travel on the route Oravi\u0163a- Anina For traveling on the routes that have CF departure and arrival station located on the section Oravi\u0163a \u2013 Anina applies: A single fee of 10 lei for a simple journey\/travel, for the ticket cards issued at the ticket offices or by the train staff.\" \/>\n<meta property=\"og:url\" content=\"https:\/\/www.cfrcalatori.ro\/en\/bucuresti-nord-railway-station-henri-coanda-airport\/\" \/>\n<meta property=\"og:site_name\" content=\"CFR Calatori\" \/>\n<meta property=\"article:modified_time\" content=\"2025-12-13T10:38:39+00:00\" \/>\n<meta property=\"og:image\" content=\"https:\/\/www.cfrcalatori.ro\/wp-content\/uploads\/2021\/10\/modul-mers-tren.jpg\" \/>\n\t<meta property=\"og:image:width\" content=\"481\" \/>\n\t<meta property=\"og:image:height\" content=\"431\" \/>\n\t<meta property=\"og:image:type\" content=\"image\/jpeg\" \/>\n<meta name=\"twitter:card\" content=\"summary_large_image\" \/>\n<meta name=\"twitter:label1\" content=\"Est. reading time\" \/>\n\t<meta name=\"twitter:data1\" content=\"2 minutes\" \/>\n<script type=\"application\/ld+json\" class=\"yoast-schema-graph\">{\"@context\":\"https:\/\/schema.org\",\"@graph\":[{\"@type\":\"WebPage\",\"@id\":\"https:\/\/www.cfrcalatori.ro\/en\/bucuresti-nord-railway-station-henri-coanda-airport\/\",\"url\":\"https:\/\/www.cfrcalatori.ro\/en\/bucuresti-nord-railway-station-henri-coanda-airport\/\",\"name\":\"Single tariff \/rate travel on the route Oravi\u0163a- Anina\",\"isPartOf\":{\"@id\":\"https:\/\/www.cfrcalatori.ro\/en\/#website\"},\"primaryImageOfPage\":{\"@id\":\"https:\/\/www.cfrcalatori.ro\/en\/bucuresti-nord-railway-station-henri-coanda-airport\/#primaryimage\"},\"image\":{\"@id\":\"https:\/\/www.cfrcalatori.ro\/en\/bucuresti-nord-railway-station-henri-coanda-airport\/#primaryimage\"},\"thumbnailUrl\":\"https:\/\/www.cfrcalatori.ro\/wp-content\/uploads\/2021\/10\/modul-mers-tren-300x269.jpg\",\"datePublished\":\"2020-12-23T17:12:36+00:00\",\"dateModified\":\"2025-12-13T10:38:39+00:00\",\"description\":\"Single tariff \/rate travel on the route Oravi\u0163a- Anina For traveling on the routes that have CF departure and arrival station located on the section Oravi\u0163a \u2013 Anina applies: A single fee of 10 lei for a simple journey\/travel, for the ticket cards issued at the ticket offices or by the train staff.\",\"breadcrumb\":{\"@id\":\"https:\/\/www.cfrcalatori.ro\/en\/bucuresti-nord-railway-station-henri-coanda-airport\/#breadcrumb\"},\"inLanguage\":\"en-US\",\"potentialAction\":[{\"@type\":\"ReadAction\",\"target\":[\"https:\/\/www.cfrcalatori.ro\/en\/bucuresti-nord-railway-station-henri-coanda-airport\/\"]}]},{\"@type\":\"ImageObject\",\"inLanguage\":\"en-US\",\"@id\":\"https:\/\/www.cfrcalatori.ro\/en\/bucuresti-nord-railway-station-henri-coanda-airport\/#primaryimage\",\"url\":\"https:\/\/www.cfrcalatori.ro\/wp-content\/uploads\/2021\/10\/modul-mers-tren-300x269.jpg\",\"contentUrl\":\"https:\/\/www.cfrcalatori.ro\/wp-content\/uploads\/2021\/10\/modul-mers-tren-300x269.jpg\"},{\"@type\":\"BreadcrumbList\",\"@id\":\"https:\/\/www.cfrcalatori.ro\/en\/bucuresti-nord-railway-station-henri-coanda-airport\/#breadcrumb\",\"itemListElement\":[{\"@type\":\"ListItem\",\"position\":1,\"name\":\"Home\",\"item\":\"https:\/\/www.cfrcalatori.ro\/en\/\"},{\"@type\":\"ListItem\",\"position\":2,\"name\":\"Single tariff on Bucure\u0219ti Nord \u2013 Henri Coand\u0103 International Airport route\"}]},{\"@type\":\"WebSite\",\"@id\":\"https:\/\/www.cfrcalatori.ro\/en\/#website\",\"url\":\"https:\/\/www.cfrcalatori.ro\/en\/\",\"name\":\"CFR Calatori\",\"description\":\"CFRCalatori.ro\",\"potentialAction\":[{\"@type\":\"SearchAction\",\"target\":{\"@type\":\"EntryPoint\",\"urlTemplate\":\"https:\/\/www.cfrcalatori.ro\/en\/?s={search_term_string}\"},\"query-input\":{\"@type\":\"PropertyValueSpecification\",\"valueRequired\":true,\"valueName\":\"search_term_string\"}}],\"inLanguage\":\"en-US\"}]}<\/script>\n<!-- \/ Yoast SEO plugin. -->","yoast_head_json":{"title":"Single tariff \/rate travel on the route Oravi\u0163a- Anina","description":"Single tariff \/rate travel on the route Oravi\u0163a- Anina For traveling on the routes that have CF departure and arrival station located on the section Oravi\u0163a \u2013 Anina applies: A single fee of 10 lei for a simple journey\/travel, for the ticket cards issued at the ticket offices or by the train staff.","robots":{"index":"index","follow":"follow","max-snippet":"max-snippet:-1","max-image-preview":"max-image-preview:large","max-video-preview":"max-video-preview:-1"},"canonical":"https:\/\/www.cfrcalatori.ro\/en\/bucuresti-nord-railway-station-henri-coanda-airport\/","og_locale":"en_US","og_type":"article","og_title":"Single tariff \/rate travel on the route Oravi\u0163a- Anina","og_description":"Single tariff \/rate travel on the route Oravi\u0163a- Anina For traveling on the routes that have CF departure and arrival station located on the section Oravi\u0163a \u2013 Anina applies: A single fee of 10 lei for a simple journey\/travel, for the ticket cards issued at the ticket offices or by the train staff.","og_url":"https:\/\/www.cfrcalatori.ro\/en\/bucuresti-nord-railway-station-henri-coanda-airport\/","og_site_name":"CFR Calatori","article_modified_time":"2025-12-13T10:38:39+00:00","og_image":[{"width":481,"height":431,"url":"https:\/\/www.cfrcalatori.ro\/wp-content\/uploads\/2021\/10\/modul-mers-tren.jpg","type":"image\/jpeg"}],"twitter_card":"summary_large_image","twitter_misc":{"Est. reading time":"2 minutes"},"schema":{"@context":"https:\/\/schema.org","@graph":[{"@type":"WebPage","@id":"https:\/\/www.cfrcalatori.ro\/en\/bucuresti-nord-railway-station-henri-coanda-airport\/","url":"https:\/\/www.cfrcalatori.ro\/en\/bucuresti-nord-railway-station-henri-coanda-airport\/","name":"Single tariff \/rate travel on the route Oravi\u0163a- Anina","isPartOf":{"@id":"https:\/\/www.cfrcalatori.ro\/en\/#website"},"primaryImageOfPage":{"@id":"https:\/\/www.cfrcalatori.ro\/en\/bucuresti-nord-railway-station-henri-coanda-airport\/#primaryimage"},"image":{"@id":"https:\/\/www.cfrcalatori.ro\/en\/bucuresti-nord-railway-station-henri-coanda-airport\/#primaryimage"},"thumbnailUrl":"https:\/\/www.cfrcalatori.ro\/wp-content\/uploads\/2021\/10\/modul-mers-tren-300x269.jpg","datePublished":"2020-12-23T17:12:36+00:00","dateModified":"2025-12-13T10:38:39+00:00","description":"Single tariff \/rate travel on the route Oravi\u0163a- Anina For traveling on the routes that have CF departure and arrival station located on the section Oravi\u0163a \u2013 Anina applies: A single fee of 10 lei for a simple journey\/travel, for the ticket cards issued at the ticket offices or by the train staff.","breadcrumb":{"@id":"https:\/\/www.cfrcalatori.ro\/en\/bucuresti-nord-railway-station-henri-coanda-airport\/#breadcrumb"},"inLanguage":"en-US","potentialAction":[{"@type":"ReadAction","target":["https:\/\/www.cfrcalatori.ro\/en\/bucuresti-nord-railway-station-henri-coanda-airport\/"]}]},{"@type":"ImageObject","inLanguage":"en-US","@id":"https:\/\/www.cfrcalatori.ro\/en\/bucuresti-nord-railway-station-henri-coanda-airport\/#primaryimage","url":"https:\/\/www.cfrcalatori.ro\/wp-content\/uploads\/2021\/10\/modul-mers-tren-300x269.jpg","contentUrl":"https:\/\/www.cfrcalatori.ro\/wp-content\/uploads\/2021\/10\/modul-mers-tren-300x269.jpg"},{"@type":"BreadcrumbList","@id":"https:\/\/www.cfrcalatori.ro\/en\/bucuresti-nord-railway-station-henri-coanda-airport\/#breadcrumb","itemListElement":[{"@type":"ListItem","position":1,"name":"Home","item":"https:\/\/www.cfrcalatori.ro\/en\/"},{"@type":"ListItem","position":2,"name":"Single tariff on Bucure\u0219ti Nord \u2013 Henri Coand\u0103 International Airport route"}]},{"@type":"WebSite","@id":"https:\/\/www.cfrcalatori.ro\/en\/#website","url":"https:\/\/www.cfrcalatori.ro\/en\/","name":"CFR Calatori","description":"CFRCalatori.ro","potentialAction":[{"@type":"SearchAction","target":{"@type":"EntryPoint","urlTemplate":"https:\/\/www.cfrcalatori.ro\/en\/?s={search_term_string}"},"query-input":{"@type":"PropertyValueSpecification","valueRequired":true,"valueName":"search_term_string"}}],"inLanguage":"en-US"}]}},"_links":{"self":[{"href":"https:\/\/www.cfrcalatori.ro\/en\/wp-json\/wp\/v2\/pages\/4332","targetHints":{"allow":["GET"]}}],"collection":[{"href":"https:\/\/www.cfrcalatori.ro\/en\/wp-json\/wp\/v2\/pages"}],"about":[{"href":"https:\/\/www.cfrcalatori.ro\/en\/wp-json\/wp\/v2\/types\/page"}],"author":[{"embeddable":true,"href":"https:\/\/www.cfrcalatori.ro\/en\/wp-json\/wp\/v2\/users\/47"}],"replies":[{"embeddable":true,"href":"https:\/\/www.cfrcalatori.ro\/en\/wp-json\/wp\/v2\/comments?post=4332"}],"version-history":[{"count":5,"href":"https:\/\/www.cfrcalatori.ro\/en\/wp-json\/wp\/v2\/pages\/4332\/revisions"}],"predecessor-version":[{"id":110899,"href":"https:\/\/www.cfrcalatori.ro\/en\/wp-json\/wp\/v2\/pages\/4332\/revisions\/110899"}],"wp:attachment":[{"href":"https:\/\/www.cfrcalatori.ro\/en\/wp-json\/wp\/v2\/media?parent=4332"}],"curies":[{"name":"wp","href":"https:\/\/api.w.org\/{rel}","templated":true}]}}