{"id":4337,"date":"2018-02-08T19:15:09","date_gmt":"2018-02-08T17:15:09","guid":{"rendered":"http:\/\/site0-sntfc.westeurope.cloudapp.azure.com\/?page_id=4337"},"modified":"2026-04-03T11:31:27","modified_gmt":"2026-04-03T09:31:27","slug":"services-on-board","status":"publish","type":"page","link":"https:\/\/www.cfrcalatori.ro\/en\/services-on-board\/","title":{"rendered":"Services on board the train"},"content":{"rendered":"<div class=\"card\">\n<div id=\"headingOne\" class=\"card-header\" role=\"tab\">\n<h5 class=\"mb-0\"><a role=\"button\" href=\"#collapseOne\" data-toggle=\"collapse\" aria-expanded=\"false\" aria-controls=\"collapseOne\"><i class=\"fa fa-cutlery\" aria-hidden=\"true\"><\/i> Travel by bar coach\/ bar-bistro coach<i class=\"fa fa-plus\" aria-hidden=\"true\"><\/i><\/a><\/h5>\n<\/div>\n<div id=\"collapseOne\" class=\"collapse\" role=\"tabpanel\" aria-labelledby=\"headingOne\" data-parent=\"#accordion\">\n<div class=\"card-body\">\n<p>Enjoy the most pleasant trip with a cup of coffee and more, from the train window!<br \/>\nCFR C\u0103l\u0103tori is waiting for you with a diversified menu, at advantageous prices!<\/p>\n<p>You can travel by CFR C\u0103l\u0103tori trains on the following routes:<\/p>\n<ul>\n<li>Bucharest North \u2013 Constan\u021ba \u2013 Bra\u0219ov and return, train 1585\/536\/538\/1588, BR wagon<\/li>\n<li>Bucharest North \u2013 Ia\u0219i and return, train 553\/568\/567\/552, BR wagon<\/li>\n<li>Bucharest North \u2013 Bra\u0219ov and return, train 535\/534, BR wagon<\/li>\n<li>Bucharest North \u2013 Arad and return, train 531\/521\/522\/532, bar-bistro.<\/li>\n<\/ul>\n<p>BR coach \u2013 2nd class coach with bar (series 89 87)<br \/>\nBar-bistro coach &#8211; modernized coach (series 89 70).<\/p>\n<p><a href=\"https:\/\/www.cfrcalatori.ro\/wp-content\/uploads\/2024\/07\/Vagon-BR.jpg\"><img loading=\"lazy\" decoding=\"async\" class=\"alignnone size-medium wp-image-42085\" src=\"https:\/\/www.cfrcalatori.ro\/wp-content\/uploads\/2024\/07\/Vagon-BR.jpg\" alt=\"\" width=\"300\" height=\"200\" \/><\/a>\u00a0 \u00a0 \u00a0 \u00a0 \u00a0\u00a0 <a href=\"https:\/\/www.cfrcalatori.ro\/wp-content\/uploads\/2026\/01\/bar-bistro-89-70-1.jpg\"><img loading=\"lazy\" decoding=\"async\" class=\"alignnone size-medium wp-image-42085\" src=\"https:\/\/www.cfrcalatori.ro\/wp-content\/uploads\/2026\/01\/bar-bistro-89-70-1.jpg\" alt=\"\" width=\"151\" height=\"200\" \/><\/a><\/p>\n<table class=\"table-regulament\" style=\"height: 96px;\">\n<tbody>\n<tr style=\"height: 24px;\">\n<td style=\"height: 24px;\"><i class=\"fa fa-book\" aria-hidden=\"true\"><\/i> Menu available on the BR coach<\/td>\n<td style=\"height: 24px;\"><a class=\"btn btn-primary regulaemnt-manual\" href=\"\/meniu-br\/\" target=\"_blank\" rel=\"noopener\"><i class=\"fa fa-file-pdf-o\" aria-hidden=\"true\"><\/i> Download<\/a><\/td>\n<\/tr>\n<tr>\n<td><i class=\"fa fa-book\" aria-hidden=\"true\"><\/i> Menu available on the bar-bistro coach<\/td>\n<td><a class=\"btn btn-primary regulaemnt-manual\" href=\"\/meniu-bar-bistro-vagon-89-70\/\" target=\"_blank\" rel=\"noopener\"><i class=\"fa fa-file-pdf-o\" aria-hidden=\"true\"><\/i> Download<\/a><\/td>\n<\/tr>\n<\/tbody>\n<\/table>\n<div><\/div>\n<div class=\"alert alert-info\"><strong>Important:<\/strong><br \/>\nIn accordance with the current legislative provisions, starting with 09.03.2022, the working hours with the consumers public on the bar coaches are established between 05:00 am and 01:00 am.<br \/>\nChanges may occur in the movement and composition of trains.<br \/>\nFor updated information, access www.cfrcalatori.ro \/\u00a0 Train Tracks Module and follow the signs <img loading=\"lazy\" decoding=\"async\" class=\"aligncenter size-full wp-image-11379\" style=\"display: inline;\" src=\"https:\/\/www.cfrcalatori.ro\/wp-content\/uploads\/2018\/07\/icon-restaurant.png\" alt=\"\" width=\"16\" height=\"16\" \/>\u00a0or call the information offices at\u00a0 stations and agencies CFR C\u0103l\u0103tori.<\/div>\n<\/div>\n<\/div>\n<\/div>\n<div class=\"card\">\n<div id=\"headingTwo\" class=\"card-header\" role=\"tab\">\n<h5 class=\"mb-0\"><a class=\"collapsed\" role=\"button\" href=\"#collapseTwo\" data-toggle=\"collapse\" aria-expanded=\"false\" aria-controls=\"collapseTwo\"><i class=\"fa fa-bed\" aria-hidden=\"true\"><\/i> Travel at sleeping and berth car! <i class=\"fa fa-plus\" aria-hidden=\"true\"><\/i><\/a><\/h5>\n<\/div>\n<div id=\"collapseTwo\" class=\"collapse\" role=\"tabpanel\" aria-labelledby=\"headingTwo\" data-parent=\"#accordion\">\n<div class=\"card-body\">\n<p>Do you travel over long distances? Time passes faster relaxing in sleeping or berth cars.<\/p>\n<p>The cabin of the sleeping car is equipped with 2 beds and a washbasin.<\/p>\n<p>Each passenger receives a disposable kit consisting of a toothbrush, toothpaste, soap, towel, bed linen and a bottle of still water of 0.5 l.<\/p>\n<p>The cabin from the berth car is equipped with 4 or 6 beds, each passenger receiving a bed linen.<\/p>\n<p>On the following round-trip routes, there are many:<\/p>\n<p><strong>Sleeping cars:<\/strong> Oradea &#8211; Bucure\u0219ti Nord; Satu Mare &#8211; Bucure\u0219ti Nord; Cluj Napoca &#8211; Bucure\u0219ti Nord; Vatra Dornei &#8211; Suceava &#8211; Bucure\u0219ti Nord; Arad &#8211; Bucure\u0219ti Nord; Timi\u0219oara Nord &#8211; Bucure\u0219ti Nord; Timi\u0219oara Nord &#8211; Ia\u0219i.<\/p>\n<p><strong>Berth cars:<\/strong> Oradea &#8211; Bucure\u0219ti Nord; Satu Mare &#8211; Bucure\u0219ti Nord; Baia Mare &#8211; Bucure\u0219ti Nord; Cluj Napoca &#8211; Bucure\u0219ti Nord; Vatra Dornei &#8211; Suceava &#8211; Bucure\u0219ti Nord; Arad &#8211; Bucure\u0219ti; Timi\u0219oara Nord &#8211; Bucure\u0219ti Nord; Ia\u0219i &#8211; Bucure\u0219ti Nord; Timi\u0219oara Nord &#8211; Ia\u0219i; Cluj Napoca &#8211; Ia\u0219i, Bistri\u021ba Nord &#8211; Bucure\u0219ti Nord.<\/p>\n<p><a href=\"https:\/\/www.cfrcalatori.ro\/wp-content\/uploads\/2018\/07\/vagon-cuseta1.jpg\"><img loading=\"lazy\" decoding=\"async\" class=\"size-medium wp-image-11395 alignleft\" src=\"https:\/\/www.cfrcalatori.ro\/wp-content\/uploads\/2018\/07\/vagon-cuseta1-200x300.jpg\" alt=\"\" width=\"200\" height=\"300\" srcset=\"https:\/\/www.cfrcalatori.ro\/wp-content\/uploads\/2018\/07\/vagon-cuseta1-200x300.jpg 200w, https:\/\/www.cfrcalatori.ro\/wp-content\/uploads\/2018\/07\/vagon-cuseta1.jpg 333w\" sizes=\"auto, (max-width: 200px) 100vw, 200px\" \/><\/a><\/p>\n<p><a href=\"https:\/\/www.cfrcalatori.ro\/wp-content\/uploads\/2018\/07\/vagon-dormit1.jpg\"><img loading=\"lazy\" decoding=\"async\" class=\" wp-image-11398 alignleft\" src=\"https:\/\/www.cfrcalatori.ro\/wp-content\/uploads\/2018\/07\/vagon-dormit1-300x200.jpg\" alt=\"\" width=\"442\" height=\"294\" srcset=\"https:\/\/www.cfrcalatori.ro\/wp-content\/uploads\/2018\/07\/vagon-dormit1-300x200.jpg 300w, https:\/\/www.cfrcalatori.ro\/wp-content\/uploads\/2018\/07\/vagon-dormit1.jpg 663w\" sizes=\"auto, (max-width: 442px) 100vw, 442px\" \/><\/a><\/p>\n<p>&nbsp;<\/p>\n<p>&nbsp;<\/p>\n<p>&nbsp;<\/p>\n<p>&nbsp;<\/p>\n<p>&nbsp;<\/p>\n<p>&nbsp;<\/p>\n<p>&nbsp;<\/p>\n<p>&nbsp;<\/p>\n<p>&nbsp;<\/p>\n<p>Find out if the train you are going to travel by has a sleeping or a berth car, by accessing the website www.cfrcalatori.ro \/ Timetable Module, with the following signs:<\/p>\n<ul>\n<li>sleeping car <img loading=\"lazy\" decoding=\"async\" class=\"aligncenter size-full wp-image-11391\" style=\"display: inline;\" src=\"https:\/\/www.cfrcalatori.ro\/wp-content\/uploads\/2018\/07\/icon-dormit.png\" alt=\"\" width=\"16\" height=\"16\" \/><\/li>\n<li>4 bed berth car <img loading=\"lazy\" decoding=\"async\" class=\"aligncenter size-full wp-image-11391\" style=\"display: inline;\" src=\"https:\/\/www.cfrcalatori.ro\/wp-content\/uploads\/2018\/07\/icon-cuseta4.png\" alt=\"\" width=\"16\" height=\"16\" \/><\/li>\n<li>6 bed berth carvagonul cu\u0219et\u0103 cu 6 paturi <img loading=\"lazy\" decoding=\"async\" class=\"aligncenter size-full wp-image-11391\" style=\"display: inline;\" src=\"https:\/\/www.cfrcalatori.ro\/wp-content\/uploads\/2018\/07\/icon-cuseta6.png\" alt=\"\" width=\"16\" height=\"16\" \/><\/li>\n<\/ul>\n<\/div>\n<\/div>\n<\/div>\n<div class=\"card\">\n<div id=\"headingTrei\" class=\"card-header\" role=\"tab\">\n<h5 class=\"mb-0\"><a class=\"collapsed\" role=\"button\" href=\"#collapseTrei\" data-toggle=\"collapse\" aria-expanded=\"false\" aria-controls=\"collapseTrei\"><i class=\"fa fa-ticket\" aria-hidden=\"true\"><\/i> Where can I buy train tickets to sleeping or berth car \/ What are the conditions? <i class=\"fa fa-plus\" aria-hidden=\"true\"><\/i><\/a><\/h5>\n<\/div>\n<div id=\"collapseTrei\" class=\"collapse\" role=\"tabpanel\" aria-labelledby=\"headingTwo\" data-parent=\"#accordion\">\n<div class=\"card-body\"><strong>\u00bb Purchasing tickets for sleeping and berth cars<\/strong><br \/>\nTrain tickets for the journey to the sleeping car or berth can be purchased from the ticket offices no later than 5 minutes before the departure of the train (either from the training station or from the stations along the way), subject to availability.After this term, passengers wishing to purchase tickets for a sleeping or berth car travel can present themselves to the conductor of the sleeping or berth car which, within the limits of the available seats, issues the travel card or only the bed supplement or berth at a home tariff.<br \/>\nIn order to be allowed access to the sleeping or berth car, the passenger must present at the car door the travel document stating that he has paid the transport fare and the reservation of the seat at the respective car.<br \/>\nOther ways of purchasing train tickets for sleeping or berth car:<\/p>\n<ul>\n<li>online by accessing Online Train Ticket Buy \/ My Account button<\/li>\n<li>from CFR C\u0103l\u0103tori vending machines in the railway stations.<\/li>\n<\/ul>\n<p><strong>\u00bb Seats\u2019 occupation at sleeping car<\/strong><br \/>\nSleeping cars are considered as hotel accommodation units on wheels and are treated and priced as such. In this type of car, the sale of a single seat in a cabin is mandatory made by specifying the passenger&#8217;s gender, namely &#8220;Male&#8221; (&#8220;M&#8221;), &#8220;Female&#8221; (&#8220;F&#8221;). In the case where simultaneous reservation of all seats in a cabin is required, these are necessarily allocated to the same cabin and there is no need to specify the type of passengers (for families or persons wishing to travel together regardless of gender), the cabin being defined in gender perspective as &#8220;Indifferent&#8221; (&#8220;I&#8221;).<br \/>\nAt one time in a sleeping car can be opened maximum two cabins, one for men (marked &#8220;Male&#8221;) and one for women (marked &#8220;Female&#8221;).<br \/>\nOnly after the occupancy of the vacant seat from the already open cabin is allowed the sale of a new cabin for the respective type.<br \/>\nPassengers wishing to purchase a travel card with the bottom bed reservation and receiving the information that there is already open a cabin of the same type at which only the top bed is available, to have as reservation the bottom bed can only opt for the purchase of a full cabin, traveling in single regime (the passenger will pay the transport fare and the single cabin supplement).<br \/>\n<strong>\u00bb Seats\u2019 occupation at berth cars<\/strong><br \/>\nIn the case of berth cars, seat sales are made taking into account the customer&#8217;s preferred bed position (top, middle, bottom) within the limits of the available seats, allowing simultaneous sale of all cabins in the respective car.<br \/>\nAt berth cars, cabin seats (which may be 4 or 6 beds depending on their type) are sold regardless of gender or mixed regime.<br \/>\n<strong>\u00bb Not presenting at the car when leaving the boarding station<\/strong><br \/>\nWhen the passenger is not present at the sleeping or berth car, to occupy the seat within 1 (one) hour from the departure of the train at the boarding station (indicated on the bed \/ berth supplement), the seat is considered to be free (art. 49.4 Uniform Norms for Romanian Railways, approved by OMT no. 655\/2007, as subsequently amended and supplemented).<br \/>\n<strong>\u00bb Change of transport contract<\/strong><br \/>\nThe refund of bed supplement to sleeping or berth cars may be made (with appropriate charges only if it is made no later than 60 minutes before the train departs from the training station (the original train guidance station). After this period, the amounts paid for bed supplements will not be refunded.<\/p>\n<\/div>\n<\/div>\n<\/div>\n","protected":false},"excerpt":{"rendered":"<p>Travel by bar coach\/ bar-bistro coach Enjoy the most pleasant trip with a cup of coffee and more, from the train window! CFR C\u0103l\u0103tori is waiting for you with a diversified menu, at advantageous prices! You can travel by CFR C\u0103l\u0103tori trains on the following routes: Bucharest North \u2013 Constan\u021ba \u2013 Bra\u0219ov and return, train 1585\/536\/538\/1588, BR wagon Bucharest North \u2013 Ia\u0219i and return, train 553\/568\/567\/552, BR wagon Bucharest North \u2013 Bra\u0219ov and return, train 535\/534, BR wagon Bucharest North \u2013 Arad and return, train 531\/521\/522\/532, bar-bistro. BR coach \u2013 2nd class coach with bar (series 89 87) Bar-bistro coach &#8211; modernized coach (series 89 70). \u00a0 \u00a0 \u00a0 \u00a0 \u00a0\u00a0 Menu available on the BR coach Download Menu available on the bar-bistro coach Download&#8230;<\/p>\n","protected":false},"author":47,"featured_media":0,"parent":0,"menu_order":0,"comment_status":"closed","ping_status":"closed","template":"comercialshare.php","meta":{"_acf_changed":false,"footnotes":""},"class_list":["post-4337","page","type-page","status-publish","hentry"],"acf":[],"yoast_head":"<!-- This site is optimized with the Yoast SEO plugin v27.0 - https:\/\/yoast.com\/product\/yoast-seo-wordpress\/ -->\n<title>Services on board the train - CFR Calatori<\/title>\n<meta name=\"robots\" content=\"index, follow, max-snippet:-1, max-image-preview:large, max-video-preview:-1\" \/>\n<link rel=\"canonical\" href=\"https:\/\/www.cfrcalatori.ro\/en\/services-on-board\/\" \/>\n<meta property=\"og:locale\" content=\"en_US\" \/>\n<meta property=\"og:type\" content=\"article\" \/>\n<meta property=\"og:title\" content=\"Services on board the train - CFR Calatori\" \/>\n<meta property=\"og:description\" content=\"Travel by bar coach\/ bar-bistro coach Enjoy the most pleasant trip with a cup of coffee and more, from the train window! CFR C\u0103l\u0103tori is waiting for you with a diversified menu, at advantageous prices! You can travel by CFR C\u0103l\u0103tori trains on the following routes: Bucharest North \u2013 Constan\u021ba \u2013 Bra\u0219ov and return, train 1585\/536\/538\/1588, BR wagon Bucharest North \u2013 Ia\u0219i and return, train 553\/568\/567\/552, BR wagon Bucharest North \u2013 Bra\u0219ov and return, train 535\/534, BR wagon Bucharest North \u2013 Arad and return, train 531\/521\/522\/532, bar-bistro. BR coach \u2013 2nd class coach with bar (series 89 87) Bar-bistro coach &#8211; modernized coach (series 89 70). \u00a0 \u00a0 \u00a0 \u00a0 \u00a0\u00a0 Menu available on the BR coach Download Menu available on the bar-bistro coach Download...\" \/>\n<meta property=\"og:url\" content=\"https:\/\/www.cfrcalatori.ro\/en\/services-on-board\/\" \/>\n<meta property=\"og:site_name\" content=\"CFR Calatori\" \/>\n<meta property=\"article:modified_time\" content=\"2026-04-03T09:31:27+00:00\" \/>\n<meta property=\"og:image\" content=\"https:\/\/www.cfrcalatori.ro\/wp-content\/uploads\/2022\/02\/bar-bistro.jpg\" \/>\n\t<meta property=\"og:image:width\" content=\"346\" \/>\n\t<meta property=\"og:image:height\" content=\"288\" \/>\n\t<meta property=\"og:image:type\" content=\"image\/jpeg\" \/>\n<meta name=\"twitter:card\" content=\"summary_large_image\" \/>\n<meta name=\"twitter:label1\" content=\"Est. reading time\" \/>\n\t<meta name=\"twitter:data1\" content=\"7 minutes\" \/>\n<script type=\"application\/ld+json\" class=\"yoast-schema-graph\">{\"@context\":\"https:\/\/schema.org\",\"@graph\":[{\"@type\":\"WebPage\",\"@id\":\"https:\/\/www.cfrcalatori.ro\/en\/services-on-board\/\",\"url\":\"https:\/\/www.cfrcalatori.ro\/en\/services-on-board\/\",\"name\":\"Services on board the train - CFR Calatori\",\"isPartOf\":{\"@id\":\"https:\/\/www.cfrcalatori.ro\/en\/#website\"},\"primaryImageOfPage\":{\"@id\":\"https:\/\/www.cfrcalatori.ro\/en\/services-on-board\/#primaryimage\"},\"image\":{\"@id\":\"https:\/\/www.cfrcalatori.ro\/en\/services-on-board\/#primaryimage\"},\"thumbnailUrl\":\"https:\/\/www.cfrcalatori.ro\/wp-content\/uploads\/2024\/07\/Vagon-BR.jpg\",\"datePublished\":\"2018-02-08T17:15:09+00:00\",\"dateModified\":\"2026-04-03T09:31:27+00:00\",\"breadcrumb\":{\"@id\":\"https:\/\/www.cfrcalatori.ro\/en\/services-on-board\/#breadcrumb\"},\"inLanguage\":\"en-US\",\"potentialAction\":[{\"@type\":\"ReadAction\",\"target\":[\"https:\/\/www.cfrcalatori.ro\/en\/services-on-board\/\"]}]},{\"@type\":\"ImageObject\",\"inLanguage\":\"en-US\",\"@id\":\"https:\/\/www.cfrcalatori.ro\/en\/services-on-board\/#primaryimage\",\"url\":\"https:\/\/www.cfrcalatori.ro\/wp-content\/uploads\/2024\/07\/Vagon-BR.jpg\",\"contentUrl\":\"https:\/\/www.cfrcalatori.ro\/wp-content\/uploads\/2024\/07\/Vagon-BR.jpg\"},{\"@type\":\"BreadcrumbList\",\"@id\":\"https:\/\/www.cfrcalatori.ro\/en\/services-on-board\/#breadcrumb\",\"itemListElement\":[{\"@type\":\"ListItem\",\"position\":1,\"name\":\"Home\",\"item\":\"https:\/\/www.cfrcalatori.ro\/en\/\"},{\"@type\":\"ListItem\",\"position\":2,\"name\":\"Services on board the train\"}]},{\"@type\":\"WebSite\",\"@id\":\"https:\/\/www.cfrcalatori.ro\/en\/#website\",\"url\":\"https:\/\/www.cfrcalatori.ro\/en\/\",\"name\":\"CFR Calatori\",\"description\":\"CFRCalatori.ro\",\"potentialAction\":[{\"@type\":\"SearchAction\",\"target\":{\"@type\":\"EntryPoint\",\"urlTemplate\":\"https:\/\/www.cfrcalatori.ro\/en\/?s={search_term_string}\"},\"query-input\":{\"@type\":\"PropertyValueSpecification\",\"valueRequired\":true,\"valueName\":\"search_term_string\"}}],\"inLanguage\":\"en-US\"}]}<\/script>\n<!-- \/ Yoast SEO plugin. -->","yoast_head_json":{"title":"Services on board the train - CFR Calatori","robots":{"index":"index","follow":"follow","max-snippet":"max-snippet:-1","max-image-preview":"max-image-preview:large","max-video-preview":"max-video-preview:-1"},"canonical":"https:\/\/www.cfrcalatori.ro\/en\/services-on-board\/","og_locale":"en_US","og_type":"article","og_title":"Services on board the train - CFR Calatori","og_description":"Travel by bar coach\/ bar-bistro coach Enjoy the most pleasant trip with a cup of coffee and more, from the train window! CFR C\u0103l\u0103tori is waiting for you with a diversified menu, at advantageous prices! You can travel by CFR C\u0103l\u0103tori trains on the following routes: Bucharest North \u2013 Constan\u021ba \u2013 Bra\u0219ov and return, train 1585\/536\/538\/1588, BR wagon Bucharest North \u2013 Ia\u0219i and return, train 553\/568\/567\/552, BR wagon Bucharest North \u2013 Bra\u0219ov and return, train 535\/534, BR wagon Bucharest North \u2013 Arad and return, train 531\/521\/522\/532, bar-bistro. BR coach \u2013 2nd class coach with bar (series 89 87) Bar-bistro coach &#8211; modernized coach (series 89 70). \u00a0 \u00a0 \u00a0 \u00a0 \u00a0\u00a0 Menu available on the BR coach Download Menu available on the bar-bistro coach Download...","og_url":"https:\/\/www.cfrcalatori.ro\/en\/services-on-board\/","og_site_name":"CFR Calatori","article_modified_time":"2026-04-03T09:31:27+00:00","og_image":[{"width":346,"height":288,"url":"https:\/\/www.cfrcalatori.ro\/wp-content\/uploads\/2022\/02\/bar-bistro.jpg","type":"image\/jpeg"}],"twitter_card":"summary_large_image","twitter_misc":{"Est. reading time":"7 minutes"},"schema":{"@context":"https:\/\/schema.org","@graph":[{"@type":"WebPage","@id":"https:\/\/www.cfrcalatori.ro\/en\/services-on-board\/","url":"https:\/\/www.cfrcalatori.ro\/en\/services-on-board\/","name":"Services on board the train - CFR Calatori","isPartOf":{"@id":"https:\/\/www.cfrcalatori.ro\/en\/#website"},"primaryImageOfPage":{"@id":"https:\/\/www.cfrcalatori.ro\/en\/services-on-board\/#primaryimage"},"image":{"@id":"https:\/\/www.cfrcalatori.ro\/en\/services-on-board\/#primaryimage"},"thumbnailUrl":"https:\/\/www.cfrcalatori.ro\/wp-content\/uploads\/2024\/07\/Vagon-BR.jpg","datePublished":"2018-02-08T17:15:09+00:00","dateModified":"2026-04-03T09:31:27+00:00","breadcrumb":{"@id":"https:\/\/www.cfrcalatori.ro\/en\/services-on-board\/#breadcrumb"},"inLanguage":"en-US","potentialAction":[{"@type":"ReadAction","target":["https:\/\/www.cfrcalatori.ro\/en\/services-on-board\/"]}]},{"@type":"ImageObject","inLanguage":"en-US","@id":"https:\/\/www.cfrcalatori.ro\/en\/services-on-board\/#primaryimage","url":"https:\/\/www.cfrcalatori.ro\/wp-content\/uploads\/2024\/07\/Vagon-BR.jpg","contentUrl":"https:\/\/www.cfrcalatori.ro\/wp-content\/uploads\/2024\/07\/Vagon-BR.jpg"},{"@type":"BreadcrumbList","@id":"https:\/\/www.cfrcalatori.ro\/en\/services-on-board\/#breadcrumb","itemListElement":[{"@type":"ListItem","position":1,"name":"Home","item":"https:\/\/www.cfrcalatori.ro\/en\/"},{"@type":"ListItem","position":2,"name":"Services on board the train"}]},{"@type":"WebSite","@id":"https:\/\/www.cfrcalatori.ro\/en\/#website","url":"https:\/\/www.cfrcalatori.ro\/en\/","name":"CFR Calatori","description":"CFRCalatori.ro","potentialAction":[{"@type":"SearchAction","target":{"@type":"EntryPoint","urlTemplate":"https:\/\/www.cfrcalatori.ro\/en\/?s={search_term_string}"},"query-input":{"@type":"PropertyValueSpecification","valueRequired":true,"valueName":"search_term_string"}}],"inLanguage":"en-US"}]}},"_links":{"self":[{"href":"https:\/\/www.cfrcalatori.ro\/en\/wp-json\/wp\/v2\/pages\/4337","targetHints":{"allow":["GET"]}}],"collection":[{"href":"https:\/\/www.cfrcalatori.ro\/en\/wp-json\/wp\/v2\/pages"}],"about":[{"href":"https:\/\/www.cfrcalatori.ro\/en\/wp-json\/wp\/v2\/types\/page"}],"author":[{"embeddable":true,"href":"https:\/\/www.cfrcalatori.ro\/en\/wp-json\/wp\/v2\/users\/47"}],"replies":[{"embeddable":true,"href":"https:\/\/www.cfrcalatori.ro\/en\/wp-json\/wp\/v2\/comments?post=4337"}],"version-history":[{"count":29,"href":"https:\/\/www.cfrcalatori.ro\/en\/wp-json\/wp\/v2\/pages\/4337\/revisions"}],"predecessor-version":[{"id":116591,"href":"https:\/\/www.cfrcalatori.ro\/en\/wp-json\/wp\/v2\/pages\/4337\/revisions\/116591"}],"wp:attachment":[{"href":"https:\/\/www.cfrcalatori.ro\/en\/wp-json\/wp\/v2\/media?parent=4337"}],"curies":[{"name":"wp","href":"https:\/\/api.w.org\/{rel}","templated":true}]}}