{"id":4400,"date":"2018-02-09T14:04:13","date_gmt":"2018-02-09T12:04:13","guid":{"rendered":"http:\/\/site0-sntfc.westeurope.cloudapp.azure.com\/?page_id=4400"},"modified":"2026-03-30T08:53:34","modified_gmt":"2026-03-30T06:53:34","slug":"organization-and-functioning-legislation","status":"publish","type":"page","link":"https:\/\/www.cfrcalatori.ro\/en\/organization-and-functioning-legislation\/","title":{"rendered":"Organization and functioning legislation"},"content":{"rendered":"<p>The National Railway Transport Company &#8220;C.F.R. C\u0103l\u0103tori&#8221;- SA, hereinafter referred to as C.F.R. C\u0103l\u0103tori, headquartered in Bucharest, Dinicu Golescu Boulevard, no. 38, sector 1, established by the Government Decision no. 584\/1998, duly amended and completed according to the regulations provided by H.G. 274 \/ 22.02.2001 and H.G. no. 1199\/2002 is a Romanian legal person, with state capital, having the legal form of a joint stock company, operating in accordance with the legislation in force and the statute of the National Railway Passenger Company.<\/p>\n<p>CFR C\u0103l\u0103tori carries out activities of national and social public interest and satisfies the defense needs of the country and has as main activity the performance of the public transport of passengers by rail.<\/p>\n<div class=\"situatie\">Decision no. 584\/1998 regarding the establishment of SNTFC CFR C\u0103l\u0103tori\u00a0 <a href=\"https:\/\/www.cfrcalatori.ro\/wp-content\/uploads\/2024\/03\/Hotarare-584-1998.pdf\" target=\"_blank\" rel=\"noopener\">Download<\/a><\/div>\n<div class=\"situatie\">Constitutive act SNTFC CFR C\u0103l\u0103tori <a href=\"https:\/\/www.cfrcalatori.ro\/wp-content\/uploads\/2025\/12\/Act-constitutiv-05.12.2025.pdf\" target=\"_blank\" rel=\"noopener\">Download<\/a><\/div>\n<p><!--\n\n\n<div class=\"situatie\">Code of Ethics SNTFC CFR C\u0103l\u0103tori\u00a0<a href=\"https:\/\/www.cfrcalatori.ro\/wp-content\/uploads\/2022\/08\/COD-ETIC-2022.pdf\" target=\"_blank\" rel=\"noopener\">Download<\/a><\/div>\n\n\n--><\/p>\n","protected":false},"excerpt":{"rendered":"<p>The National Railway Transport Company &#8220;C.F.R. C\u0103l\u0103tori&#8221;- SA, hereinafter referred to as C.F.R. C\u0103l\u0103tori, headquartered in Bucharest, Dinicu Golescu Boulevard, no. 38, sector 1, established by the Government Decision no. 584\/1998, duly amended and completed according to the regulations provided by H.G. 274 \/ 22.02.2001 and H.G. no. 1199\/2002 is a Romanian legal person, with state capital, having the legal form of a joint stock company, operating in accordance with the legislation in force and the statute of the National Railway Passenger Company. CFR C\u0103l\u0103tori carries out activities of national and social public interest and satisfies the defense needs of the country and has as main activity the performance of the public transport of passengers by rail. Decision no. 584\/1998 regarding the establishment of SNTFC&#8230;<\/p>\n","protected":false},"author":47,"featured_media":59663,"parent":0,"menu_order":0,"comment_status":"closed","ping_status":"closed","template":"comercial.php","meta":{"_acf_changed":false,"footnotes":""},"class_list":["post-4400","page","type-page","status-publish","has-post-thumbnail","hentry"],"acf":[],"yoast_head":"<!-- This site is optimized with the Yoast SEO plugin v27.0 - https:\/\/yoast.com\/product\/yoast-seo-wordpress\/ -->\n<title>Organization and functioning legislation - CFR Calatori<\/title>\n<meta name=\"robots\" content=\"index, follow, max-snippet:-1, max-image-preview:large, max-video-preview:-1\" \/>\n<link rel=\"canonical\" href=\"https:\/\/www.cfrcalatori.ro\/en\/organization-and-functioning-legislation\/\" \/>\n<meta property=\"og:locale\" content=\"en_US\" \/>\n<meta property=\"og:type\" content=\"article\" \/>\n<meta property=\"og:title\" content=\"Organization and functioning legislation - CFR Calatori\" \/>\n<meta property=\"og:description\" content=\"The National Railway Transport Company &#8220;C.F.R. C\u0103l\u0103tori&#8221;- SA, hereinafter referred to as C.F.R. C\u0103l\u0103tori, headquartered in Bucharest, Dinicu Golescu Boulevard, no. 38, sector 1, established by the Government Decision no. 584\/1998, duly amended and completed according to the regulations provided by H.G. 274 \/ 22.02.2001 and H.G. no. 1199\/2002 is a Romanian legal person, with state capital, having the legal form of a joint stock company, operating in accordance with the legislation in force and the statute of the National Railway Passenger Company. CFR C\u0103l\u0103tori carries out activities of national and social public interest and satisfies the defense needs of the country and has as main activity the performance of the public transport of passengers by rail. Decision no. 584\/1998 regarding the establishment of SNTFC...\" \/>\n<meta property=\"og:url\" content=\"https:\/\/www.cfrcalatori.ro\/en\/organization-and-functioning-legislation\/\" \/>\n<meta property=\"og:site_name\" content=\"CFR Calatori\" \/>\n<meta property=\"article:modified_time\" content=\"2026-03-30T06:53:34+00:00\" \/>\n<meta property=\"og:image\" content=\"https:\/\/www.cfrcalatori.ro\/wp-content\/uploads\/2017\/12\/legislatie-de-org-si-functionare.jpg\" \/>\n\t<meta property=\"og:image:width\" content=\"1920\" \/>\n\t<meta property=\"og:image:height\" content=\"249\" \/>\n\t<meta property=\"og:image:type\" content=\"image\/jpeg\" \/>\n<meta name=\"twitter:card\" content=\"summary_large_image\" \/>\n<meta name=\"twitter:label1\" content=\"Est. reading time\" \/>\n\t<meta name=\"twitter:data1\" content=\"1 minute\" \/>\n<script type=\"application\/ld+json\" class=\"yoast-schema-graph\">{\"@context\":\"https:\/\/schema.org\",\"@graph\":[{\"@type\":\"WebPage\",\"@id\":\"https:\/\/www.cfrcalatori.ro\/en\/organization-and-functioning-legislation\/\",\"url\":\"https:\/\/www.cfrcalatori.ro\/en\/organization-and-functioning-legislation\/\",\"name\":\"Organization and functioning legislation - CFR Calatori\",\"isPartOf\":{\"@id\":\"https:\/\/www.cfrcalatori.ro\/en\/#website\"},\"primaryImageOfPage\":{\"@id\":\"https:\/\/www.cfrcalatori.ro\/en\/organization-and-functioning-legislation\/#primaryimage\"},\"image\":{\"@id\":\"https:\/\/www.cfrcalatori.ro\/en\/organization-and-functioning-legislation\/#primaryimage\"},\"thumbnailUrl\":\"https:\/\/www.cfrcalatori.ro\/wp-content\/uploads\/2017\/12\/legislatie-de-org-si-functionare.jpg\",\"datePublished\":\"2018-02-09T12:04:13+00:00\",\"dateModified\":\"2026-03-30T06:53:34+00:00\",\"breadcrumb\":{\"@id\":\"https:\/\/www.cfrcalatori.ro\/en\/organization-and-functioning-legislation\/#breadcrumb\"},\"inLanguage\":\"en-US\",\"potentialAction\":[{\"@type\":\"ReadAction\",\"target\":[\"https:\/\/www.cfrcalatori.ro\/en\/organization-and-functioning-legislation\/\"]}]},{\"@type\":\"ImageObject\",\"inLanguage\":\"en-US\",\"@id\":\"https:\/\/www.cfrcalatori.ro\/en\/organization-and-functioning-legislation\/#primaryimage\",\"url\":\"https:\/\/www.cfrcalatori.ro\/wp-content\/uploads\/2017\/12\/legislatie-de-org-si-functionare.jpg\",\"contentUrl\":\"https:\/\/www.cfrcalatori.ro\/wp-content\/uploads\/2017\/12\/legislatie-de-org-si-functionare.jpg\",\"width\":1920,\"height\":249},{\"@type\":\"BreadcrumbList\",\"@id\":\"https:\/\/www.cfrcalatori.ro\/en\/organization-and-functioning-legislation\/#breadcrumb\",\"itemListElement\":[{\"@type\":\"ListItem\",\"position\":1,\"name\":\"Home\",\"item\":\"https:\/\/www.cfrcalatori.ro\/en\/\"},{\"@type\":\"ListItem\",\"position\":2,\"name\":\"Organization and functioning legislation\"}]},{\"@type\":\"WebSite\",\"@id\":\"https:\/\/www.cfrcalatori.ro\/en\/#website\",\"url\":\"https:\/\/www.cfrcalatori.ro\/en\/\",\"name\":\"CFR Calatori\",\"description\":\"CFRCalatori.ro\",\"potentialAction\":[{\"@type\":\"SearchAction\",\"target\":{\"@type\":\"EntryPoint\",\"urlTemplate\":\"https:\/\/www.cfrcalatori.ro\/en\/?s={search_term_string}\"},\"query-input\":{\"@type\":\"PropertyValueSpecification\",\"valueRequired\":true,\"valueName\":\"search_term_string\"}}],\"inLanguage\":\"en-US\"}]}<\/script>\n<!-- \/ Yoast SEO plugin. -->","yoast_head_json":{"title":"Organization and functioning legislation - CFR Calatori","robots":{"index":"index","follow":"follow","max-snippet":"max-snippet:-1","max-image-preview":"max-image-preview:large","max-video-preview":"max-video-preview:-1"},"canonical":"https:\/\/www.cfrcalatori.ro\/en\/organization-and-functioning-legislation\/","og_locale":"en_US","og_type":"article","og_title":"Organization and functioning legislation - CFR Calatori","og_description":"The National Railway Transport Company &#8220;C.F.R. C\u0103l\u0103tori&#8221;- SA, hereinafter referred to as C.F.R. C\u0103l\u0103tori, headquartered in Bucharest, Dinicu Golescu Boulevard, no. 38, sector 1, established by the Government Decision no. 584\/1998, duly amended and completed according to the regulations provided by H.G. 274 \/ 22.02.2001 and H.G. no. 1199\/2002 is a Romanian legal person, with state capital, having the legal form of a joint stock company, operating in accordance with the legislation in force and the statute of the National Railway Passenger Company. CFR C\u0103l\u0103tori carries out activities of national and social public interest and satisfies the defense needs of the country and has as main activity the performance of the public transport of passengers by rail. Decision no. 584\/1998 regarding the establishment of SNTFC...","og_url":"https:\/\/www.cfrcalatori.ro\/en\/organization-and-functioning-legislation\/","og_site_name":"CFR Calatori","article_modified_time":"2026-03-30T06:53:34+00:00","og_image":[{"width":1920,"height":249,"url":"https:\/\/www.cfrcalatori.ro\/wp-content\/uploads\/2017\/12\/legislatie-de-org-si-functionare.jpg","type":"image\/jpeg"}],"twitter_card":"summary_large_image","twitter_misc":{"Est. reading time":"1 minute"},"schema":{"@context":"https:\/\/schema.org","@graph":[{"@type":"WebPage","@id":"https:\/\/www.cfrcalatori.ro\/en\/organization-and-functioning-legislation\/","url":"https:\/\/www.cfrcalatori.ro\/en\/organization-and-functioning-legislation\/","name":"Organization and functioning legislation - CFR Calatori","isPartOf":{"@id":"https:\/\/www.cfrcalatori.ro\/en\/#website"},"primaryImageOfPage":{"@id":"https:\/\/www.cfrcalatori.ro\/en\/organization-and-functioning-legislation\/#primaryimage"},"image":{"@id":"https:\/\/www.cfrcalatori.ro\/en\/organization-and-functioning-legislation\/#primaryimage"},"thumbnailUrl":"https:\/\/www.cfrcalatori.ro\/wp-content\/uploads\/2017\/12\/legislatie-de-org-si-functionare.jpg","datePublished":"2018-02-09T12:04:13+00:00","dateModified":"2026-03-30T06:53:34+00:00","breadcrumb":{"@id":"https:\/\/www.cfrcalatori.ro\/en\/organization-and-functioning-legislation\/#breadcrumb"},"inLanguage":"en-US","potentialAction":[{"@type":"ReadAction","target":["https:\/\/www.cfrcalatori.ro\/en\/organization-and-functioning-legislation\/"]}]},{"@type":"ImageObject","inLanguage":"en-US","@id":"https:\/\/www.cfrcalatori.ro\/en\/organization-and-functioning-legislation\/#primaryimage","url":"https:\/\/www.cfrcalatori.ro\/wp-content\/uploads\/2017\/12\/legislatie-de-org-si-functionare.jpg","contentUrl":"https:\/\/www.cfrcalatori.ro\/wp-content\/uploads\/2017\/12\/legislatie-de-org-si-functionare.jpg","width":1920,"height":249},{"@type":"BreadcrumbList","@id":"https:\/\/www.cfrcalatori.ro\/en\/organization-and-functioning-legislation\/#breadcrumb","itemListElement":[{"@type":"ListItem","position":1,"name":"Home","item":"https:\/\/www.cfrcalatori.ro\/en\/"},{"@type":"ListItem","position":2,"name":"Organization and functioning legislation"}]},{"@type":"WebSite","@id":"https:\/\/www.cfrcalatori.ro\/en\/#website","url":"https:\/\/www.cfrcalatori.ro\/en\/","name":"CFR Calatori","description":"CFRCalatori.ro","potentialAction":[{"@type":"SearchAction","target":{"@type":"EntryPoint","urlTemplate":"https:\/\/www.cfrcalatori.ro\/en\/?s={search_term_string}"},"query-input":{"@type":"PropertyValueSpecification","valueRequired":true,"valueName":"search_term_string"}}],"inLanguage":"en-US"}]}},"_links":{"self":[{"href":"https:\/\/www.cfrcalatori.ro\/en\/wp-json\/wp\/v2\/pages\/4400","targetHints":{"allow":["GET"]}}],"collection":[{"href":"https:\/\/www.cfrcalatori.ro\/en\/wp-json\/wp\/v2\/pages"}],"about":[{"href":"https:\/\/www.cfrcalatori.ro\/en\/wp-json\/wp\/v2\/types\/page"}],"author":[{"embeddable":true,"href":"https:\/\/www.cfrcalatori.ro\/en\/wp-json\/wp\/v2\/users\/47"}],"replies":[{"embeddable":true,"href":"https:\/\/www.cfrcalatori.ro\/en\/wp-json\/wp\/v2\/comments?post=4400"}],"version-history":[{"count":2,"href":"https:\/\/www.cfrcalatori.ro\/en\/wp-json\/wp\/v2\/pages\/4400\/revisions"}],"predecessor-version":[{"id":116202,"href":"https:\/\/www.cfrcalatori.ro\/en\/wp-json\/wp\/v2\/pages\/4400\/revisions\/116202"}],"wp:featuredmedia":[{"embeddable":true,"href":"https:\/\/www.cfrcalatori.ro\/en\/wp-json\/wp\/v2\/media\/59663"}],"wp:attachment":[{"href":"https:\/\/www.cfrcalatori.ro\/en\/wp-json\/wp\/v2\/media?parent=4400"}],"curies":[{"name":"wp","href":"https:\/\/api.w.org\/{rel}","templated":true}]}}