{"id":4409,"date":"2018-02-09T14:05:54","date_gmt":"2018-02-09T12:05:54","guid":{"rendered":"http:\/\/site0-sntfc.westeurope.cloudapp.azure.com\/?page_id=4409"},"modified":"2025-07-03T13:19:27","modified_gmt":"2025-07-03T11:19:27","slug":"structure","status":"publish","type":"page","link":"https:\/\/www.cfrcalatori.ro\/en\/structure\/","title":{"rendered":"Structure"},"content":{"rendered":"<p>&nbsp;<\/p>\n<table class=\"table-regulament\">\n<tbody>\n<tr>\n<td><i class=\"fa fa-shield\" aria-hidden=\"true\"><\/i> Organization and Operating Regulation of the CFR C\u0103l\u0103tori Headquarters<\/td>\n<td><a class=\"btn btn-primary regulaemnt-manual\" href=\"https:\/\/www.cfrcalatori.ro\/wp-content\/uploads\/2025\/07\/ROF-CENTRAL-valabil-din-13.06.2025_1-1.pdf\" target=\"_blank\" rel=\"noopener\"><i class=\"fa fa-file-pdf-o\" aria-hidden=\"true\"><\/i> Download<\/a><\/td>\n<\/tr>\n<tr>\n<td><i class=\"fa fa-shield\" aria-hidden=\"true\"><\/i> Organization and Operating Regulation of the CFR C\u0103l\u0103tori Subsidiaries<\/td>\n<td><a class=\"btn btn-primary regulaemnt-manual\" href=\"https:\/\/www.cfrcalatori.ro\/wp-content\/uploads\/2025\/07\/ROF-cadru-SRTFC-valabil-cu-01.02.2025.pdf\" target=\"_blank\" rel=\"noopener\"><i class=\"fa fa-file-pdf-o\" aria-hidden=\"true\"><\/i> Download<\/a><\/td>\n<\/tr>\n<tr>\n<td><i class=\"fa fa-sitemap\" aria-hidden=\"true\"><\/i> The Organisation chart<\/td>\n<td><a class=\"btn btn-primary regulaemnt-manual\" href=\"https:\/\/www.cfrcalatori.ro\/wp-content\/uploads\/2025\/07\/ORGANIGRAMA-CENTRAL-valabila-cu-13.06.2025.pdf\" target=\"_blank\" rel=\"noopener\"><i class=\"fa fa-file-pdf-o\" aria-hidden=\"true\"><\/i> Download<\/a><\/td>\n<\/tr>\n<\/tbody>\n<\/table>\n<hr \/>\n<p><!--\n\n\n<div><iframe loading=\"lazy\" class=\"sucursale-harta\" src=\"https:\/\/www.google.com\/maps\/d\/u\/0\/embed?mid=11q2EOoiYgbmt3xBnGm5Z4m_g2ZHhzltx&amp;z=5&amp;ll=46.0230922,25.0735977\" width=\"100%\" height=\"480\"><\/iframe><\/div>\n\n\n--><\/p>\n<div><iframe loading=\"lazy\" class=\"sucursale-harta\" src=\"https:\/\/www.google.com\/maps\/d\/u\/0\/embed?mid=15H4IA2qWiPRiM2-efpIgzyDO0YWRB0o&amp;ehbc=2E312F&amp;z=5&amp;ll=46.0230922,25.0735977\" width=\"100%\" height=\"480\"><\/iframe><\/div>\n<hr \/>\n<table class=\"table-regulament\">\n<tbody>\n<tr>\n<td><i class=\"fa fa-chrome\" aria-hidden=\"true\"><\/i> Career \u2013 the job announcements that are put out to competition<\/td>\n<td><a class=\"btn btn-primary regulaemnt-manual\" href=\"https:\/\/www.cfrcalatori.ro\/anunturi-angajare\/stare\/in-derulare\/\" target=\"_blank\" rel=\"noopener\"><i class=\"fa fa-chrome\" aria-hidden=\"true\"><\/i> Read more<\/a><\/td>\n<\/tr>\n<\/tbody>\n<\/table>\n","protected":false},"excerpt":{"rendered":"<p>&nbsp; Organization and Operating Regulation of the CFR C\u0103l\u0103tori Headquarters Download Organization and Operating Regulation of the CFR C\u0103l\u0103tori Subsidiaries Download The Organisation chart Download Career \u2013 the job announcements that are put out to competition Read more<\/p>\n","protected":false},"author":47,"featured_media":0,"parent":0,"menu_order":0,"comment_status":"closed","ping_status":"closed","template":"comercial.php","meta":{"_acf_changed":false,"footnotes":""},"class_list":["post-4409","page","type-page","status-publish","hentry"],"acf":[],"yoast_head":"<!-- This site is optimized with the Yoast SEO plugin v27.0 - https:\/\/yoast.com\/product\/yoast-seo-wordpress\/ -->\n<title>Structure - CFR Calatori<\/title>\n<meta name=\"robots\" content=\"index, follow, max-snippet:-1, max-image-preview:large, max-video-preview:-1\" \/>\n<link rel=\"canonical\" href=\"https:\/\/www.cfrcalatori.ro\/en\/structure\/\" \/>\n<meta property=\"og:locale\" content=\"en_US\" \/>\n<meta property=\"og:type\" content=\"article\" \/>\n<meta property=\"og:title\" content=\"Structure - CFR Calatori\" \/>\n<meta property=\"og:description\" content=\"&nbsp; Organization and Operating Regulation of the CFR C\u0103l\u0103tori Headquarters Download Organization and Operating Regulation of the CFR C\u0103l\u0103tori Subsidiaries Download The Organisation chart Download Career \u2013 the job announcements that are put out to competition Read more\" \/>\n<meta property=\"og:url\" content=\"https:\/\/www.cfrcalatori.ro\/en\/structure\/\" \/>\n<meta property=\"og:site_name\" content=\"CFR Calatori\" \/>\n<meta property=\"article:modified_time\" content=\"2025-07-03T11:19:27+00:00\" \/>\n<meta name=\"twitter:card\" content=\"summary_large_image\" \/>\n<meta name=\"twitter:label1\" content=\"Est. reading time\" \/>\n\t<meta name=\"twitter:data1\" content=\"1 minute\" \/>\n<script type=\"application\/ld+json\" class=\"yoast-schema-graph\">{\"@context\":\"https:\/\/schema.org\",\"@graph\":[{\"@type\":\"WebPage\",\"@id\":\"https:\/\/www.cfrcalatori.ro\/en\/structure\/\",\"url\":\"https:\/\/www.cfrcalatori.ro\/en\/structure\/\",\"name\":\"Structure - CFR Calatori\",\"isPartOf\":{\"@id\":\"https:\/\/www.cfrcalatori.ro\/en\/#website\"},\"datePublished\":\"2018-02-09T12:05:54+00:00\",\"dateModified\":\"2025-07-03T11:19:27+00:00\",\"breadcrumb\":{\"@id\":\"https:\/\/www.cfrcalatori.ro\/en\/structure\/#breadcrumb\"},\"inLanguage\":\"en-US\",\"potentialAction\":[{\"@type\":\"ReadAction\",\"target\":[\"https:\/\/www.cfrcalatori.ro\/en\/structure\/\"]}]},{\"@type\":\"BreadcrumbList\",\"@id\":\"https:\/\/www.cfrcalatori.ro\/en\/structure\/#breadcrumb\",\"itemListElement\":[{\"@type\":\"ListItem\",\"position\":1,\"name\":\"Home\",\"item\":\"https:\/\/www.cfrcalatori.ro\/en\/\"},{\"@type\":\"ListItem\",\"position\":2,\"name\":\"Structure\"}]},{\"@type\":\"WebSite\",\"@id\":\"https:\/\/www.cfrcalatori.ro\/en\/#website\",\"url\":\"https:\/\/www.cfrcalatori.ro\/en\/\",\"name\":\"CFR Calatori\",\"description\":\"CFRCalatori.ro\",\"potentialAction\":[{\"@type\":\"SearchAction\",\"target\":{\"@type\":\"EntryPoint\",\"urlTemplate\":\"https:\/\/www.cfrcalatori.ro\/en\/?s={search_term_string}\"},\"query-input\":{\"@type\":\"PropertyValueSpecification\",\"valueRequired\":true,\"valueName\":\"search_term_string\"}}],\"inLanguage\":\"en-US\"}]}<\/script>\n<!-- \/ Yoast SEO plugin. -->","yoast_head_json":{"title":"Structure - CFR Calatori","robots":{"index":"index","follow":"follow","max-snippet":"max-snippet:-1","max-image-preview":"max-image-preview:large","max-video-preview":"max-video-preview:-1"},"canonical":"https:\/\/www.cfrcalatori.ro\/en\/structure\/","og_locale":"en_US","og_type":"article","og_title":"Structure - CFR Calatori","og_description":"&nbsp; Organization and Operating Regulation of the CFR C\u0103l\u0103tori Headquarters Download Organization and Operating Regulation of the CFR C\u0103l\u0103tori Subsidiaries Download The Organisation chart Download Career \u2013 the job announcements that are put out to competition Read more","og_url":"https:\/\/www.cfrcalatori.ro\/en\/structure\/","og_site_name":"CFR Calatori","article_modified_time":"2025-07-03T11:19:27+00:00","twitter_card":"summary_large_image","twitter_misc":{"Est. reading time":"1 minute"},"schema":{"@context":"https:\/\/schema.org","@graph":[{"@type":"WebPage","@id":"https:\/\/www.cfrcalatori.ro\/en\/structure\/","url":"https:\/\/www.cfrcalatori.ro\/en\/structure\/","name":"Structure - CFR Calatori","isPartOf":{"@id":"https:\/\/www.cfrcalatori.ro\/en\/#website"},"datePublished":"2018-02-09T12:05:54+00:00","dateModified":"2025-07-03T11:19:27+00:00","breadcrumb":{"@id":"https:\/\/www.cfrcalatori.ro\/en\/structure\/#breadcrumb"},"inLanguage":"en-US","potentialAction":[{"@type":"ReadAction","target":["https:\/\/www.cfrcalatori.ro\/en\/structure\/"]}]},{"@type":"BreadcrumbList","@id":"https:\/\/www.cfrcalatori.ro\/en\/structure\/#breadcrumb","itemListElement":[{"@type":"ListItem","position":1,"name":"Home","item":"https:\/\/www.cfrcalatori.ro\/en\/"},{"@type":"ListItem","position":2,"name":"Structure"}]},{"@type":"WebSite","@id":"https:\/\/www.cfrcalatori.ro\/en\/#website","url":"https:\/\/www.cfrcalatori.ro\/en\/","name":"CFR Calatori","description":"CFRCalatori.ro","potentialAction":[{"@type":"SearchAction","target":{"@type":"EntryPoint","urlTemplate":"https:\/\/www.cfrcalatori.ro\/en\/?s={search_term_string}"},"query-input":{"@type":"PropertyValueSpecification","valueRequired":true,"valueName":"search_term_string"}}],"inLanguage":"en-US"}]}},"_links":{"self":[{"href":"https:\/\/www.cfrcalatori.ro\/en\/wp-json\/wp\/v2\/pages\/4409","targetHints":{"allow":["GET"]}}],"collection":[{"href":"https:\/\/www.cfrcalatori.ro\/en\/wp-json\/wp\/v2\/pages"}],"about":[{"href":"https:\/\/www.cfrcalatori.ro\/en\/wp-json\/wp\/v2\/types\/page"}],"author":[{"embeddable":true,"href":"https:\/\/www.cfrcalatori.ro\/en\/wp-json\/wp\/v2\/users\/47"}],"replies":[{"embeddable":true,"href":"https:\/\/www.cfrcalatori.ro\/en\/wp-json\/wp\/v2\/comments?post=4409"}],"version-history":[{"count":0,"href":"https:\/\/www.cfrcalatori.ro\/en\/wp-json\/wp\/v2\/pages\/4409\/revisions"}],"wp:attachment":[{"href":"https:\/\/www.cfrcalatori.ro\/en\/wp-json\/wp\/v2\/media?parent=4409"}],"curies":[{"name":"wp","href":"https:\/\/api.w.org\/{rel}","templated":true}]}}