{"id":4424,"date":"2018-02-09T14:09:36","date_gmt":"2018-02-09T12:09:36","guid":{"rendered":"http:\/\/site0-sntfc.westeurope.cloudapp.azure.com\/?page_id=4424"},"modified":"2019-10-29T14:49:23","modified_gmt":"2019-10-29T12:49:23","slug":"registry-payment-generating-operations","status":"publish","type":"page","link":"https:\/\/www.cfrcalatori.ro\/en\/registry-payment-generating-operations\/","title":{"rendered":"Registry of payment generating operations"},"content":{"rendered":"<p>Selecta\u021bi din lista de mai jos subunitatea\u00a0 SNTFC &#8220;CFR C\u0103l\u0103tori&#8221; S.A. pentru care dori\u021bi s\u0103 vizualiza\u021bi:<\/p>\n<h4><strong>Registrul Opera\u021biunilor Generatoare de Plat\u0103<\/strong><\/h4>\n<p>SNTFC &#8220;CFR C\u0103L\u0102TORI&#8221; S.A.\u00a0&#8211; Central\u00a0\u00a0<a href=\"https:\/\/www.cfrcalatori.ro\/wp-content\/uploads\/2018\/02\/Central_AN_2012.pdf\" target=\"_blank\" rel=\"noopener\">2012<\/a>,\u00a0\u00a0<a href=\"https:\/\/www.cfrcalatori.ro\/wp-content\/uploads\/2018\/02\/Central_AN_2013.pdf\" target=\"_blank\" rel=\"noopener\">2013<\/a><a href=\"https:\/\/companie.cfrcalatori.ro\/images\/rogop\/Central%202013.pdf\" target=\"_blank\" rel=\"noopener\">,<\/a>\u00a0\u00a0<a href=\"https:\/\/www.cfrcalatori.ro\/wp-content\/uploads\/2018\/02\/Central_AN_2014.pdf\" target=\"_blank\" rel=\"noopener\">2014<\/a>,\u00a0\u00a0<a href=\"https:\/\/www.cfrcalatori.ro\/wp-content\/uploads\/2018\/02\/Central_AN_2015.pdf\" target=\"_blank\" rel=\"noopener\">2015<\/a>,\u00a0<a href=\"https:\/\/www.cfrcalatori.ro\/wp-content\/uploads\/2018\/04\/ROGOP_2017_Central_SNTFC.pdf\" target=\"_blank\" rel=\"noopener\">2016-2017<\/a>,\u00a0<a href=\"https:\/\/www.cfrcalatori.ro\/wp-content\/uploads\/2019\/01\/ROGOP_2018central-SNTFC-03.01...28.12.2018.pdf\" target=\"_blank\" rel=\"noopener\">2018,<\/a>\u00a0<a href=\"https:\/\/www.cfrcalatori.ro\/wp-content\/uploads\/2019\/10\/ROGOP_2019central-SNTFC-03.01...28.10.2019.pdf\">2019<\/a><\/p>\n<p>SRTFC Bucuresti\u00a0\u00a0\u00a0<a href=\"https:\/\/www.cfrcalatori.ro\/wp-content\/uploads\/2018\/02\/ROGOP_Bucuresti_-AN_2012.pdf\" target=\"_blank\" rel=\"noopener\">2012<\/a><a href=\"https:\/\/companie.cfrcalatori.ro\/images\/rogop\/Situatia%20ROGOP%20STFC%20Bucuresti%20%20AN%202012.pdf\" target=\"_blank\" rel=\"noopener\">\u00a0<\/a>, \u00a0<a href=\"https:\/\/www.cfrcalatori.ro\/wp-content\/uploads\/2018\/02\/ROGOP_Bucuresti_AN_2013.pdf\" target=\"_blank\" rel=\"noopener\">2013<\/a>, <a href=\"https:\/\/www.cfrcalatori.ro\/wp-content\/uploads\/2018\/02\/ROGOP_Bucuresti_AN_2014.pdf\" target=\"_blank\" rel=\"noopener\">2014<\/a>,\u00a0\u00a0<a href=\"https:\/\/www.cfrcalatori.ro\/wp-content\/uploads\/2018\/02\/ROGOP_Bucuresti_AN_2015-1.pdf\" target=\"_blank\" rel=\"noopener\">2015<\/a>, \u00a0<a href=\"https:\/\/www.cfrcalatori.ro\/wp-content\/uploads\/2018\/02\/ROGOP_Bucuresti_AN_2016.pdf\" target=\"_blank\" rel=\"noopener\">2016<\/a>,\u00a0<a href=\"https:\/\/www.cfrcalatori.ro\/wp-content\/uploads\/2019\/01\/ROGOP-SRTFC-Bucuresti-28.12.2018.pdf\" target=\"_blank\" rel=\"noopener\">\u00a02017\u00a0&#8211; 2018,\u00a0<\/a><a href=\"https:\/\/www.cfrcalatori.ro\/wp-content\/uploads\/2019\/10\/Situatia-ROGOP-SRTFC-Bucuresti-01.01.2019-25.10.2019_R_corectt.pdf\">2019<\/a><\/p>\n<p>SRTFC CRAIOVA\u00a0 \u00a0<a href=\"https:\/\/www.cfrcalatori.ro\/wp-content\/uploads\/2018\/04\/ROGOP_CRAIOVA_2016.pdf\" target=\"_blank\" rel=\"noopener\">2016<\/a>, <a href=\"https:\/\/www.cfrcalatori.ro\/wp-content\/uploads\/2018\/04\/ROGOP_CRAIOVA_2017.pdf\" target=\"_blank\" rel=\"noopener\">2017<\/a>, <a href=\"https:\/\/www.cfrcalatori.ro\/wp-content\/uploads\/2019\/01\/ROGOP-Craiova-09.01.2019.pdf\" target=\"_blank\" rel=\"noopener\">2018 &#8211; 2019<\/a><\/p>\n<p>SRTFC Timi\u0219oara\u00a0<a href=\"https:\/\/www.cfrcalatori.ro\/wp-content\/uploads\/2019\/10\/Situatia-ROGOP-STFC-Timisoara_I25.10.19.pdf\" target=\"_blank\" rel=\"noopener\">2012 &#8211; 2014,<\/a>\u00a0<a href=\"https:\/\/www.cfrcalatori.ro\/wp-content\/uploads\/2019\/10\/Situatia-ROGOP-STFC-Timisoara_II25.10.19-2.pdf\" target=\"_blank\" rel=\"noopener\">\u00a02015 &#8211; 2018<\/a><a href=\"https:\/\/companie.cfrcalatori.ro\/images\/rogop\/ROGOP_Timisoara_01nov16.pdf\" target=\"_blank\" rel=\"noopener\"><br \/>\n<\/a><\/p>\n<p>SRTFC Cluj \u00a0<a href=\"https:\/\/www.cfrcalatori.ro\/wp-content\/uploads\/2018\/02\/ROGOP_Cluj_2012_2015.pdf\" target=\"_blank\" rel=\"noopener\">2012 &#8211; 2015<\/a>,\u00a0<a href=\"https:\/\/www.cfrcalatori.ro\/wp-content\/uploads\/2018\/09\/ROGOP_CLUJ_07aug18.pdf\" target=\"_blank\" rel=\"noopener\">2016<\/a><\/p>\n<p>SRTFC Bra\u0219ov\u00a0\u00a0<a href=\"https:\/\/www.cfrcalatori.ro\/wp-content\/uploads\/2018\/02\/ROGOP_BRASOV_2012_2014-1.pdf\" target=\"_blank\" rel=\"noopener\">2012 &#8211; 2014<\/a>,<a href=\"https:\/\/www.cfrcalatori.ro\/wp-content\/uploads\/2019\/10\/ROGOP-BRASOV-29-oct-2019.pdf\" target=\"_blank\" rel=\"noopener\">\u00a02015\u00a0&#8211;\u00a02019<\/a><\/p>\n<p>SRTFC Ia\u0219i\u00a0<a href=\"http:\/\/site0-sntfc.westeurope.cloudapp.azure.com\/wp-content\/uploads\/2018\/02\/ROGOP_IASI_2012_2014-1.pdf\" target=\"_blank\" rel=\"noopener\">2012 &#8211; 2014<\/a>,\u00a0<a href=\"http:\/\/site0-sntfc.westeurope.cloudapp.azure.com\/wp-content\/uploads\/2018\/02\/Rogop_Iasi_2015-1.pdf\" target=\"_blank\" rel=\"noopener\">2015<\/a>,\u00a0<a href=\"http:\/\/site0-sntfc.westeurope.cloudapp.azure.com\/wp-content\/uploads\/2018\/02\/Rogop_Iasi_AN_2016-1.pdf\" target=\"_blank\" rel=\"noopener\">2016<\/a>,\u00a0<a href=\"https:\/\/www.cfrcalatori.ro\/wp-content\/uploads\/2019\/10\/SITUA\u021aIA-ROGOP-SRTFC-IASI-din-data-de-28.10.2019.pdf\" target=\"_blank\" rel=\"noopener\">2017-2019<\/a><\/p>\n<p><a href=\"https:\/\/www.cfrcalatori.ro\/wp-content\/uploads\/2018\/12\/Rogop_Galati-18.12.2018.pdf\" target=\"_blank\" rel=\"noopener\">SRTFC Gala\u021bi<\/a><\/p>\n<p>SRTFC Constan\u021ba\u00a0<a href=\"https:\/\/www.cfrcalatori.ro\/wp-content\/uploads\/2018\/02\/CONSTANTA_ROGOP2012_2015-1.pdf\" target=\"_blank\" rel=\"noopener\">2012 &#8211; 2015<\/a>,\u00a0<a href=\"https:\/\/www.cfrcalatori.ro\/wp-content\/uploads\/2018\/02\/ROGOP_CONSTANTA_2016_2017.pdf\" target=\"_blank\" rel=\"noopener\">2016 &#8211; 2017<\/a>, <a href=\"https:\/\/www.cfrcalatori.ro\/wp-content\/uploads\/2018\/12\/ROGOP_CTA_21DEC18.pdf\" target=\"_blank\" rel=\"noopener\">2018<\/a><\/p>\n<p>Filiala- Societatea Comercial\u0103 de Repara\u021bii Locomotive (SCRL) Bra\u0219ov &#8211; Central\u00a0\u00a0<a href=\"https:\/\/www.cfrcalatori.ro\/wp-content\/uploads\/2018\/02\/SCRL_CENTRAL_AN_2016.pdf\" target=\"_blank\" rel=\"noopener\">2016<\/a>,\u00a0<a href=\"https:\/\/www.cfrcalatori.ro\/wp-content\/uploads\/2018\/02\/SCRL_CENTRAL_AN_2017.pdf\" target=\"_blank\" rel=\"noopener\">2017<\/a>,<a href=\"https:\/\/www.cfrcalatori.ro\/wp-content\/uploads\/2019\/01\/RogopSCRL-CENTRAL-2018.pdf\">\u00a02018<\/a> , <a href=\"https:\/\/www.cfrcalatori.ro\/wp-content\/uploads\/2019\/10\/SCRL-CENTRAL-29-oct-2019.pdf\">2019<\/a><a href=\"https:\/\/companie.cfrcalatori.ro\/images\/rogop\/Rogop_SCRL_CENTRAL_15sept2017.pdf\" target=\"_blank\" rel=\"noopener\"><br \/>\n<\/a><\/p>\n<p><a href=\"https:\/\/www.cfrcalatori.ro\/wp-content\/uploads\/2018\/02\/SCRL_Sct_ploiesti_28oct15.pdf\" target=\"_blank\" rel=\"noopener\">SCRL Bra\u0219ov- Sec\u021bia de Repara\u021bii Ploie\u0219ti<\/a><\/p>\n<p><a href=\"https:\/\/www.cfrcalatori.ro\/wp-content\/uploads\/2018\/02\/SCRL_sct_Arad_02febr18.pdf\" target=\"_blank\" rel=\"noopener\">SCRL Bra\u0219ov &#8211; Sec\u021bia de Repara\u021bii Arad<\/a><\/p>\n<p><a href=\"https:\/\/www.cfrcalatori.ro\/wp-content\/uploads\/2018\/02\/SCRL_sct_SatuMare_25mai17.pdf\" target=\"_blank\" rel=\"noopener\">SCRL Bra\u0219ov &#8211; Sec\u021bia de repara\u021bii Satu Mare<\/a><\/p>\n<p><a href=\"https:\/\/www.cfrcalatori.ro\/wp-content\/uploads\/2019\/10\/sectia-timisoara-28-oct-2019.pdf\" target=\"_blank\" rel=\"noopener\">SCRL Bra\u0219ov &#8211; Sec\u021bia de Repara\u021bii Timi\u0219oara<\/a><\/p>\n<p><a href=\"https:\/\/www.cfrcalatori.ro\/wp-content\/uploads\/2019\/10\/sectia-bucuresti-29-oc.pdf\" target=\"_blank\" rel=\"noopener\">SCRL Bra\u0219ov &#8211; Sec\u021bia de Repara\u021bii Bucure\u0219ti C\u0103l\u0103tori<\/a><\/p>\n<p><a href=\"https:\/\/www.cfrcalatori.ro\/wp-content\/uploads\/2018\/09\/SCRL_Sectia_pitesti24sept18-1.pdf\" target=\"_blank\" rel=\"noopener\">SCRL Bra\u0219ov &#8211; Sec\u021bia de Repara\u021bii Pite\u0219ti<\/a><\/p>\n<p><a href=\"https:\/\/www.cfrcalatori.ro\/wp-content\/uploads\/2018\/11\/Rogop_sectia_SCRL_-Brasov_20nov18.pdf\" target=\"_blank\" rel=\"noopener\">SCRL Bra\u0219ov &#8211; Sec\u021bia de Repara\u021bii Bra\u0219ov<\/a><\/p>\n<p><a href=\"https:\/\/www.cfrcalatori.ro\/wp-content\/uploads\/2018\/11\/Rogop_Sectia_Sibiu_14nov18.pdf\" target=\"_blank\" rel=\"noopener\">SCRL Bra\u0219ov &#8211; Sec\u021bia de Repara\u021bii Sibiu<\/a><\/p>\n<p><a href=\"https:\/\/www.cfrcalatori.ro\/wp-content\/uploads\/2018\/02\/SCRL_sct_Cluj_25mai17.pdf\" target=\"_blank\" rel=\"noopener\">SCRL Bra\u0219ov &#8211; Sec\u021bia de Repara\u021bii\u00a0 Cluj<\/a><\/p>\n<p><a href=\"https:\/\/www.cfrcalatori.ro\/wp-content\/uploads\/2018\/12\/SCRL_sectia_iasi_13dec18.pdf\" target=\"_blank\" rel=\"noopener\">SCRL Bra\u0219ov &#8211; Sec\u021bia de Repara\u021bii Ia\u0219i<\/a><\/p>\n<p><a href=\"https:\/\/www.cfrcalatori.ro\/wp-content\/uploads\/2018\/11\/Rogop_sectia_SCRL_Suceava_19nov18.pdf\" target=\"_blank\" rel=\"noopener\">SCRL Bra\u0219ov &#8211; Sec\u021bia de Repara\u021bii Suceava<\/a><\/p>\n<p><a href=\"https:\/\/www.cfrcalatori.ro\/wp-content\/uploads\/2018\/12\/Sectia-galati-19dec18.pdf\" target=\"_blank\" rel=\"noopener\">SCRL Bra\u0219ov &#8211; Sec\u021bia de Repara\u021bii Gala\u021bi<\/a><\/p>\n<p><a href=\"https:\/\/www.cfrcalatori.ro\/wp-content\/uploads\/2018\/02\/SCRL_sct_Medgidia_20iul17.pdf\" target=\"_blank\" rel=\"noopener\">SCRL Bra\u0219ov &#8211; Sec\u021bia de Repara\u021bii Medgidia<\/a><\/p>\n<p><a href=\"https:\/\/www.cfrcalatori.ro\/wp-content\/uploads\/2018\/12\/Sectia-tecuci-19dec18.pdf\" target=\"_blank\" rel=\"noopener\">SCRL Bra\u0219ov &#8211; Punct de Lucru Tecuci<\/a><\/p>\n<div class=\"text_wp\">Ultima actualizare 29.10.2019<\/div>\n","protected":false},"excerpt":{"rendered":"<p>Selecta\u021bi din lista de mai jos subunitatea\u00a0 SNTFC &#8220;CFR C\u0103l\u0103tori&#8221; S.A. pentru care dori\u021bi s\u0103 vizualiza\u021bi: Registrul Opera\u021biunilor Generatoare de Plat\u0103 SNTFC &#8220;CFR C\u0103L\u0102TORI&#8221; S.A.\u00a0&#8211; Central\u00a0\u00a02012,\u00a0\u00a02013,\u00a0\u00a02014,\u00a0\u00a02015,\u00a02016-2017,\u00a02018,\u00a02019 SRTFC Bucuresti\u00a0\u00a0\u00a02012\u00a0, \u00a02013, 2014,\u00a0\u00a02015, \u00a02016,\u00a0\u00a02017\u00a0&#8211; 2018,\u00a02019 SRTFC CRAIOVA\u00a0 \u00a02016, 2017, 2018 &#8211; 2019 SRTFC Timi\u0219oara\u00a02012 &#8211; 2014,\u00a0\u00a02015 &#8211; 2018 SRTFC Cluj \u00a02012 &#8211; 2015,\u00a02016 SRTFC Bra\u0219ov\u00a0\u00a02012 &#8211; 2014,\u00a02015\u00a0&#8211;\u00a02019 SRTFC Ia\u0219i\u00a02012 &#8211; 2014,\u00a02015,\u00a02016,\u00a02017-2019 SRTFC Gala\u021bi SRTFC Constan\u021ba\u00a02012 &#8211; 2015,\u00a02016 &#8211; 2017, 2018 Filiala- Societatea Comercial\u0103 de Repara\u021bii Locomotive (SCRL) Bra\u0219ov &#8211; Central\u00a0\u00a02016,\u00a02017,\u00a02018 , 2019 SCRL Bra\u0219ov- Sec\u021bia de Repara\u021bii Ploie\u0219ti SCRL Bra\u0219ov &#8211; Sec\u021bia de Repara\u021bii Arad SCRL Bra\u0219ov &#8211; Sec\u021bia de repara\u021bii Satu Mare SCRL Bra\u0219ov &#8211; Sec\u021bia de Repara\u021bii Timi\u0219oara SCRL Bra\u0219ov &#8211; Sec\u021bia de Repara\u021bii Bucure\u0219ti C\u0103l\u0103tori SCRL Bra\u0219ov &#8211; Sec\u021bia de Repara\u021bii Pite\u0219ti SCRL Bra\u0219ov &#8211;&#8230;<\/p>\n","protected":false},"author":47,"featured_media":0,"parent":0,"menu_order":0,"comment_status":"closed","ping_status":"closed","template":"comercial.php","meta":{"_acf_changed":false,"footnotes":""},"class_list":["post-4424","page","type-page","status-publish","hentry"],"acf":[],"yoast_head":"<!-- This site is optimized with the Yoast SEO plugin v27.0 - https:\/\/yoast.com\/product\/yoast-seo-wordpress\/ -->\n<title>Registry of payment generating operations - CFR Calatori<\/title>\n<meta name=\"robots\" content=\"index, follow, max-snippet:-1, max-image-preview:large, max-video-preview:-1\" \/>\n<link rel=\"canonical\" href=\"https:\/\/www.cfrcalatori.ro\/en\/registry-payment-generating-operations\/\" \/>\n<meta property=\"og:locale\" content=\"en_US\" \/>\n<meta property=\"og:type\" content=\"article\" \/>\n<meta property=\"og:title\" content=\"Registry of payment generating operations - CFR Calatori\" \/>\n<meta property=\"og:description\" content=\"Selecta\u021bi din lista de mai jos subunitatea\u00a0 SNTFC &#8220;CFR C\u0103l\u0103tori&#8221; S.A. pentru care dori\u021bi s\u0103 vizualiza\u021bi: Registrul Opera\u021biunilor Generatoare de Plat\u0103 SNTFC &#8220;CFR C\u0103L\u0102TORI&#8221; S.A.\u00a0&#8211; Central\u00a0\u00a02012,\u00a0\u00a02013,\u00a0\u00a02014,\u00a0\u00a02015,\u00a02016-2017,\u00a02018,\u00a02019 SRTFC Bucuresti\u00a0\u00a0\u00a02012\u00a0, \u00a02013, 2014,\u00a0\u00a02015, \u00a02016,\u00a0\u00a02017\u00a0&#8211; 2018,\u00a02019 SRTFC CRAIOVA\u00a0 \u00a02016, 2017, 2018 &#8211; 2019 SRTFC Timi\u0219oara\u00a02012 &#8211; 2014,\u00a0\u00a02015 &#8211; 2018 SRTFC Cluj \u00a02012 &#8211; 2015,\u00a02016 SRTFC Bra\u0219ov\u00a0\u00a02012 &#8211; 2014,\u00a02015\u00a0&#8211;\u00a02019 SRTFC Ia\u0219i\u00a02012 &#8211; 2014,\u00a02015,\u00a02016,\u00a02017-2019 SRTFC Gala\u021bi SRTFC Constan\u021ba\u00a02012 &#8211; 2015,\u00a02016 &#8211; 2017, 2018 Filiala- Societatea Comercial\u0103 de Repara\u021bii Locomotive (SCRL) Bra\u0219ov &#8211; Central\u00a0\u00a02016,\u00a02017,\u00a02018 , 2019 SCRL Bra\u0219ov- Sec\u021bia de Repara\u021bii Ploie\u0219ti SCRL Bra\u0219ov &#8211; Sec\u021bia de Repara\u021bii Arad SCRL Bra\u0219ov &#8211; Sec\u021bia de repara\u021bii Satu Mare SCRL Bra\u0219ov &#8211; Sec\u021bia de Repara\u021bii Timi\u0219oara SCRL Bra\u0219ov &#8211; Sec\u021bia de Repara\u021bii Bucure\u0219ti C\u0103l\u0103tori SCRL Bra\u0219ov &#8211; Sec\u021bia de Repara\u021bii Pite\u0219ti SCRL Bra\u0219ov &#8211;...\" \/>\n<meta property=\"og:url\" content=\"https:\/\/www.cfrcalatori.ro\/en\/registry-payment-generating-operations\/\" \/>\n<meta property=\"og:site_name\" content=\"CFR Calatori\" \/>\n<meta property=\"article:modified_time\" content=\"2019-10-29T12:49:23+00:00\" \/>\n<meta name=\"twitter:card\" content=\"summary_large_image\" \/>\n<meta name=\"twitter:label1\" content=\"Est. reading time\" \/>\n\t<meta name=\"twitter:data1\" content=\"1 minute\" \/>\n<script type=\"application\/ld+json\" class=\"yoast-schema-graph\">{\"@context\":\"https:\/\/schema.org\",\"@graph\":[{\"@type\":\"WebPage\",\"@id\":\"https:\/\/www.cfrcalatori.ro\/en\/registry-payment-generating-operations\/\",\"url\":\"https:\/\/www.cfrcalatori.ro\/en\/registry-payment-generating-operations\/\",\"name\":\"Registry of payment generating operations - CFR Calatori\",\"isPartOf\":{\"@id\":\"https:\/\/www.cfrcalatori.ro\/en\/#website\"},\"datePublished\":\"2018-02-09T12:09:36+00:00\",\"dateModified\":\"2019-10-29T12:49:23+00:00\",\"breadcrumb\":{\"@id\":\"https:\/\/www.cfrcalatori.ro\/en\/registry-payment-generating-operations\/#breadcrumb\"},\"inLanguage\":\"en-US\",\"potentialAction\":[{\"@type\":\"ReadAction\",\"target\":[\"https:\/\/www.cfrcalatori.ro\/en\/registry-payment-generating-operations\/\"]}]},{\"@type\":\"BreadcrumbList\",\"@id\":\"https:\/\/www.cfrcalatori.ro\/en\/registry-payment-generating-operations\/#breadcrumb\",\"itemListElement\":[{\"@type\":\"ListItem\",\"position\":1,\"name\":\"Home\",\"item\":\"https:\/\/www.cfrcalatori.ro\/en\/\"},{\"@type\":\"ListItem\",\"position\":2,\"name\":\"Registry of payment generating operations\"}]},{\"@type\":\"WebSite\",\"@id\":\"https:\/\/www.cfrcalatori.ro\/en\/#website\",\"url\":\"https:\/\/www.cfrcalatori.ro\/en\/\",\"name\":\"CFR Calatori\",\"description\":\"CFRCalatori.ro\",\"potentialAction\":[{\"@type\":\"SearchAction\",\"target\":{\"@type\":\"EntryPoint\",\"urlTemplate\":\"https:\/\/www.cfrcalatori.ro\/en\/?s={search_term_string}\"},\"query-input\":{\"@type\":\"PropertyValueSpecification\",\"valueRequired\":true,\"valueName\":\"search_term_string\"}}],\"inLanguage\":\"en-US\"}]}<\/script>\n<!-- \/ Yoast SEO plugin. -->","yoast_head_json":{"title":"Registry of payment generating operations - CFR Calatori","robots":{"index":"index","follow":"follow","max-snippet":"max-snippet:-1","max-image-preview":"max-image-preview:large","max-video-preview":"max-video-preview:-1"},"canonical":"https:\/\/www.cfrcalatori.ro\/en\/registry-payment-generating-operations\/","og_locale":"en_US","og_type":"article","og_title":"Registry of payment generating operations - CFR Calatori","og_description":"Selecta\u021bi din lista de mai jos subunitatea\u00a0 SNTFC &#8220;CFR C\u0103l\u0103tori&#8221; S.A. pentru care dori\u021bi s\u0103 vizualiza\u021bi: Registrul Opera\u021biunilor Generatoare de Plat\u0103 SNTFC &#8220;CFR C\u0103L\u0102TORI&#8221; S.A.\u00a0&#8211; Central\u00a0\u00a02012,\u00a0\u00a02013,\u00a0\u00a02014,\u00a0\u00a02015,\u00a02016-2017,\u00a02018,\u00a02019 SRTFC Bucuresti\u00a0\u00a0\u00a02012\u00a0, \u00a02013, 2014,\u00a0\u00a02015, \u00a02016,\u00a0\u00a02017\u00a0&#8211; 2018,\u00a02019 SRTFC CRAIOVA\u00a0 \u00a02016, 2017, 2018 &#8211; 2019 SRTFC Timi\u0219oara\u00a02012 &#8211; 2014,\u00a0\u00a02015 &#8211; 2018 SRTFC Cluj \u00a02012 &#8211; 2015,\u00a02016 SRTFC Bra\u0219ov\u00a0\u00a02012 &#8211; 2014,\u00a02015\u00a0&#8211;\u00a02019 SRTFC Ia\u0219i\u00a02012 &#8211; 2014,\u00a02015,\u00a02016,\u00a02017-2019 SRTFC Gala\u021bi SRTFC Constan\u021ba\u00a02012 &#8211; 2015,\u00a02016 &#8211; 2017, 2018 Filiala- Societatea Comercial\u0103 de Repara\u021bii Locomotive (SCRL) Bra\u0219ov &#8211; Central\u00a0\u00a02016,\u00a02017,\u00a02018 , 2019 SCRL Bra\u0219ov- Sec\u021bia de Repara\u021bii Ploie\u0219ti SCRL Bra\u0219ov &#8211; Sec\u021bia de Repara\u021bii Arad SCRL Bra\u0219ov &#8211; Sec\u021bia de repara\u021bii Satu Mare SCRL Bra\u0219ov &#8211; Sec\u021bia de Repara\u021bii Timi\u0219oara SCRL Bra\u0219ov &#8211; Sec\u021bia de Repara\u021bii Bucure\u0219ti C\u0103l\u0103tori SCRL Bra\u0219ov &#8211; Sec\u021bia de Repara\u021bii Pite\u0219ti SCRL Bra\u0219ov &#8211;...","og_url":"https:\/\/www.cfrcalatori.ro\/en\/registry-payment-generating-operations\/","og_site_name":"CFR Calatori","article_modified_time":"2019-10-29T12:49:23+00:00","twitter_card":"summary_large_image","twitter_misc":{"Est. reading time":"1 minute"},"schema":{"@context":"https:\/\/schema.org","@graph":[{"@type":"WebPage","@id":"https:\/\/www.cfrcalatori.ro\/en\/registry-payment-generating-operations\/","url":"https:\/\/www.cfrcalatori.ro\/en\/registry-payment-generating-operations\/","name":"Registry of payment generating operations - CFR Calatori","isPartOf":{"@id":"https:\/\/www.cfrcalatori.ro\/en\/#website"},"datePublished":"2018-02-09T12:09:36+00:00","dateModified":"2019-10-29T12:49:23+00:00","breadcrumb":{"@id":"https:\/\/www.cfrcalatori.ro\/en\/registry-payment-generating-operations\/#breadcrumb"},"inLanguage":"en-US","potentialAction":[{"@type":"ReadAction","target":["https:\/\/www.cfrcalatori.ro\/en\/registry-payment-generating-operations\/"]}]},{"@type":"BreadcrumbList","@id":"https:\/\/www.cfrcalatori.ro\/en\/registry-payment-generating-operations\/#breadcrumb","itemListElement":[{"@type":"ListItem","position":1,"name":"Home","item":"https:\/\/www.cfrcalatori.ro\/en\/"},{"@type":"ListItem","position":2,"name":"Registry of payment generating operations"}]},{"@type":"WebSite","@id":"https:\/\/www.cfrcalatori.ro\/en\/#website","url":"https:\/\/www.cfrcalatori.ro\/en\/","name":"CFR Calatori","description":"CFRCalatori.ro","potentialAction":[{"@type":"SearchAction","target":{"@type":"EntryPoint","urlTemplate":"https:\/\/www.cfrcalatori.ro\/en\/?s={search_term_string}"},"query-input":{"@type":"PropertyValueSpecification","valueRequired":true,"valueName":"search_term_string"}}],"inLanguage":"en-US"}]}},"_links":{"self":[{"href":"https:\/\/www.cfrcalatori.ro\/en\/wp-json\/wp\/v2\/pages\/4424","targetHints":{"allow":["GET"]}}],"collection":[{"href":"https:\/\/www.cfrcalatori.ro\/en\/wp-json\/wp\/v2\/pages"}],"about":[{"href":"https:\/\/www.cfrcalatori.ro\/en\/wp-json\/wp\/v2\/types\/page"}],"author":[{"embeddable":true,"href":"https:\/\/www.cfrcalatori.ro\/en\/wp-json\/wp\/v2\/users\/47"}],"replies":[{"embeddable":true,"href":"https:\/\/www.cfrcalatori.ro\/en\/wp-json\/wp\/v2\/comments?post=4424"}],"version-history":[{"count":0,"href":"https:\/\/www.cfrcalatori.ro\/en\/wp-json\/wp\/v2\/pages\/4424\/revisions"}],"wp:attachment":[{"href":"https:\/\/www.cfrcalatori.ro\/en\/wp-json\/wp\/v2\/media?parent=4424"}],"curies":[{"name":"wp","href":"https:\/\/api.w.org\/{rel}","templated":true}]}}