{"id":4469,"date":"2018-02-09T15:48:51","date_gmt":"2018-02-09T13:48:51","guid":{"rendered":"http:\/\/site0-sntfc.westeurope.cloudapp.azure.com\/?page_id=4469"},"modified":"2026-03-27T12:55:51","modified_gmt":"2026-03-27T10:55:51","slug":"contact","status":"publish","type":"page","link":"https:\/\/www.cfrcalatori.ro\/en\/contact\/","title":{"rendered":"Contact"},"content":{"rendered":"<p><iframe loading=\"lazy\" style=\"border: 0;\" src=\"https:\/\/www.google.com\/maps\/embed?pb=!1m18!1m12!1m3!1d2848.483526643211!2d26.074952751170805!3d44.44375550886539!2m3!1f0!2f0!3f0!3m2!1i1024!2i768!4f13.1!3m3!1m2!1s0x40b201e2c31e798f%3A0xac417e59144be278!2sMinisterul+Transporturilor!5e0!3m2!1sro!2sro!4v1515143840935\" width=\"100%\" height=\"450\" frameborder=\"0\" allowfullscreen=\"allowfullscreen\"><span data-mce-type=\"bookmark\" style=\"display: inline-block; width: 0px; overflow: hidden; line-height: 0;\" class=\"mce_SELRES_start\">\ufeff<\/span><span data-mce-type=\"bookmark\" style=\"display: inline-block; width: 0px; overflow: hidden; line-height: 0;\" class=\"mce_SELRES_start\">\ufeff<\/span><\/iframe><\/p>\n<div class=\"row con-top\">\n<div class=\"col-xs-12 col-sm-4 con\">\n<p><strong><i class=\"fa fa-map-marker\" aria-hidden=\"true\"><\/i> Address:<\/strong><\/p>\n<p>38 Dinicu Golescu B-vd., District 1, code 010873<br \/>\nBucharest &#8211; ROMANIA<br \/>\nFax: 021\/319.03.39<br \/>\n<a class=\"formular-petitie\" href=\"https:\/\/www.cfrcalatori.ro\/en\/address\/\" rel=\"noopener\">Contact details CFR C\u0103l\u0103tori Branches<\/a><\/p>\n<div class=\"social-network\"><\/div>\n<\/div>\n<div class=\"col-xs-12 col-sm-4 con\">\n<p><strong><i class=\"fa fa-volume-control-phone\" aria-hidden=\"true\"><\/i> CFR C\u0103l\u0103tori phone information about time table:<\/strong><\/p>\n<p>\u2022 021\/9521 &#8211; domestic traffic;<br \/>\n\u2022 021.314.5528 &#8211; international traffic (Bucharest North Railway Station);<br \/>\n\u2022 021.319.0358 &#8211; Public Relations Office from Bucharest North Railway Station, Program Monday-Sunday &#8211; 07:00 -20:00;<br \/>\n<a class=\"formular-petitie\" href=\"https:\/\/www.cfrcalatori.ro\/en\/phone-information\/\" rel=\"noopener\">Phone information<\/a><\/p>\n<\/div>\n<div class=\"col-xs-12 col-sm-4 con\" style=\"text-align: left;\"><strong> Public Relations<\/strong><br \/>\n<small>(complaints and suggestions according to Law no. 233\/2002)<\/small><br \/>\nGreen line &#8211; 0800.88.44.44 (toll free number, daily from 8:00 to 20:00) <a class=\"formular-petitie\" href=\"https:\/\/www.cfrcalatori.ro\/en\/online-petition-form\/\" rel=\"noopener\">Add suggestion \/ complaint <\/a><\/div>\n<\/div>\n<div class=\"row\">\n<div class=\"col-xs-12 col-sm-6 con\" style=\"text-align: left;\"><strong><i class=\"fa fa-commenting-o\" aria-hidden=\"true\"><\/i> Press relations:<\/strong><br \/>\nSpokesman &#8211;\u00a0<strong>Ada Mese\u0219ian\u00a0<\/strong><br \/>\nE-mail:\u00a0<span style=\"color: #333300;\"><a style=\"color: #333300;\" href=\"mailto:comunicare.calatori@cfrcalatori.ro\" target=\"_blank\" rel=\"noopener\">presa@cfrcalatori.ro<\/a><\/span><br \/>\nResponsible person under the Law no. 544\/2001 : Carmen Cotonaru (\u00a0021 3190337 )<br \/>\nOpening hours: Monday &#8211; Thursday: 8:00 \u2013 16:30<br \/>\nFriday: 08:00 \u2013 14:00\u00a0<a class=\"formular-petitie\" href=\"\/solicitare-informatii-legea-5442001\/\">Application form based on the law 544\/2001<\/a><\/div>\n<div class=\"col-xs-12 col-sm-6 con\">\n<p><strong><i class=\"fa fa-calendar-check-o\" aria-hidden=\"true\"><\/i> Audience Program<\/strong><\/p>\n<p>The hearings are held every Monday (without public holidays) starting with 11:00 at the headquarters, 38 Dinicu Golescu blvd, sector 1, code 010873.<\/p>\n<p><a class=\"formular-petitie\" href=\"https:\/\/www.cfrcalatori.ro\/en\/audience-program\/\" rel=\"noopener\">More details<\/a><\/p>\n<\/div>\n<\/div>\n","protected":false},"excerpt":{"rendered":"<p>\ufeff\ufeff Address: 38 Dinicu Golescu B-vd., District 1, code 010873 Bucharest &#8211; ROMANIA Fax: 021\/319.03.39 Contact details CFR C\u0103l\u0103tori Branches CFR C\u0103l\u0103tori phone information about time table: \u2022 021\/9521 &#8211; domestic traffic; \u2022 021.314.5528 &#8211; international traffic (Bucharest North Railway Station); \u2022 021.319.0358 &#8211; Public Relations Office from Bucharest North Railway Station, Program Monday-Sunday &#8211; 07:00 -20:00; Phone information Public Relations (complaints and suggestions according to Law no. 233\/2002) Green line &#8211; 0800.88.44.44 (toll free number, daily from 8:00 to 20:00) Add suggestion \/ complaint Press relations: Spokesman &#8211;\u00a0Ada Mese\u0219ian\u00a0 E-mail:\u00a0presa@cfrcalatori.ro Responsible person under the Law no. 544\/2001 : Carmen Cotonaru (\u00a0021 3190337 ) Opening hours: Monday &#8211; Thursday: 8:00 \u2013 16:30 Friday: 08:00 \u2013 14:00\u00a0Application form based on the law 544\/2001 Audience Program The&#8230;<\/p>\n","protected":false},"author":47,"featured_media":0,"parent":0,"menu_order":0,"comment_status":"closed","ping_status":"closed","template":"","meta":{"_acf_changed":false,"footnotes":""},"class_list":["post-4469","page","type-page","status-publish","hentry"],"acf":[],"yoast_head":"<!-- This site is optimized with the Yoast SEO plugin v27.0 - https:\/\/yoast.com\/product\/yoast-seo-wordpress\/ -->\n<title>official website CFR C\u0103l\u0103tori - Contact<\/title>\n<meta name=\"description\" content=\"Contact - Adress: 38 Dinicu Golescu B-vd., sector 1, code 010873, Bucharest - ROMANIA, Fax: 021\/319.03.39\" \/>\n<meta name=\"robots\" content=\"index, follow, max-snippet:-1, max-image-preview:large, max-video-preview:-1\" \/>\n<link rel=\"canonical\" href=\"https:\/\/www.cfrcalatori.ro\/en\/contact\/\" \/>\n<meta property=\"og:locale\" content=\"en_US\" \/>\n<meta property=\"og:type\" content=\"article\" \/>\n<meta property=\"og:title\" content=\"official website CFR C\u0103l\u0103tori - Contact\" \/>\n<meta property=\"og:description\" content=\"Contact - Adress: 38 Dinicu Golescu B-vd., sector 1, code 010873, Bucharest - ROMANIA, Fax: 021\/319.03.39\" \/>\n<meta property=\"og:url\" content=\"https:\/\/www.cfrcalatori.ro\/en\/contact\/\" \/>\n<meta property=\"og:site_name\" content=\"CFR Calatori\" \/>\n<meta property=\"article:modified_time\" content=\"2026-03-27T10:55:51+00:00\" \/>\n<meta name=\"twitter:card\" content=\"summary_large_image\" \/>\n<meta name=\"twitter:label1\" content=\"Est. reading time\" \/>\n\t<meta name=\"twitter:data1\" content=\"1 minute\" \/>\n<script type=\"application\/ld+json\" class=\"yoast-schema-graph\">{\"@context\":\"https:\/\/schema.org\",\"@graph\":[{\"@type\":\"WebPage\",\"@id\":\"https:\/\/www.cfrcalatori.ro\/en\/contact\/\",\"url\":\"https:\/\/www.cfrcalatori.ro\/en\/contact\/\",\"name\":\"official website CFR C\u0103l\u0103tori - Contact\",\"isPartOf\":{\"@id\":\"https:\/\/www.cfrcalatori.ro\/en\/#website\"},\"datePublished\":\"2018-02-09T13:48:51+00:00\",\"dateModified\":\"2026-03-27T10:55:51+00:00\",\"description\":\"Contact - Adress: 38 Dinicu Golescu B-vd., sector 1, code 010873, Bucharest - ROMANIA, Fax: 021\/319.03.39\",\"breadcrumb\":{\"@id\":\"https:\/\/www.cfrcalatori.ro\/en\/contact\/#breadcrumb\"},\"inLanguage\":\"en-US\",\"potentialAction\":[{\"@type\":\"ReadAction\",\"target\":[\"https:\/\/www.cfrcalatori.ro\/en\/contact\/\"]}]},{\"@type\":\"BreadcrumbList\",\"@id\":\"https:\/\/www.cfrcalatori.ro\/en\/contact\/#breadcrumb\",\"itemListElement\":[{\"@type\":\"ListItem\",\"position\":1,\"name\":\"Home\",\"item\":\"https:\/\/www.cfrcalatori.ro\/en\/\"},{\"@type\":\"ListItem\",\"position\":2,\"name\":\"Contact\"}]},{\"@type\":\"WebSite\",\"@id\":\"https:\/\/www.cfrcalatori.ro\/en\/#website\",\"url\":\"https:\/\/www.cfrcalatori.ro\/en\/\",\"name\":\"CFR Calatori\",\"description\":\"CFRCalatori.ro\",\"potentialAction\":[{\"@type\":\"SearchAction\",\"target\":{\"@type\":\"EntryPoint\",\"urlTemplate\":\"https:\/\/www.cfrcalatori.ro\/en\/?s={search_term_string}\"},\"query-input\":{\"@type\":\"PropertyValueSpecification\",\"valueRequired\":true,\"valueName\":\"search_term_string\"}}],\"inLanguage\":\"en-US\"}]}<\/script>\n<!-- \/ Yoast SEO plugin. -->","yoast_head_json":{"title":"official website CFR C\u0103l\u0103tori - Contact","description":"Contact - Adress: 38 Dinicu Golescu B-vd., sector 1, code 010873, Bucharest - ROMANIA, Fax: 021\/319.03.39","robots":{"index":"index","follow":"follow","max-snippet":"max-snippet:-1","max-image-preview":"max-image-preview:large","max-video-preview":"max-video-preview:-1"},"canonical":"https:\/\/www.cfrcalatori.ro\/en\/contact\/","og_locale":"en_US","og_type":"article","og_title":"official website CFR C\u0103l\u0103tori - Contact","og_description":"Contact - Adress: 38 Dinicu Golescu B-vd., sector 1, code 010873, Bucharest - ROMANIA, Fax: 021\/319.03.39","og_url":"https:\/\/www.cfrcalatori.ro\/en\/contact\/","og_site_name":"CFR Calatori","article_modified_time":"2026-03-27T10:55:51+00:00","twitter_card":"summary_large_image","twitter_misc":{"Est. reading time":"1 minute"},"schema":{"@context":"https:\/\/schema.org","@graph":[{"@type":"WebPage","@id":"https:\/\/www.cfrcalatori.ro\/en\/contact\/","url":"https:\/\/www.cfrcalatori.ro\/en\/contact\/","name":"official website CFR C\u0103l\u0103tori - Contact","isPartOf":{"@id":"https:\/\/www.cfrcalatori.ro\/en\/#website"},"datePublished":"2018-02-09T13:48:51+00:00","dateModified":"2026-03-27T10:55:51+00:00","description":"Contact - Adress: 38 Dinicu Golescu B-vd., sector 1, code 010873, Bucharest - ROMANIA, Fax: 021\/319.03.39","breadcrumb":{"@id":"https:\/\/www.cfrcalatori.ro\/en\/contact\/#breadcrumb"},"inLanguage":"en-US","potentialAction":[{"@type":"ReadAction","target":["https:\/\/www.cfrcalatori.ro\/en\/contact\/"]}]},{"@type":"BreadcrumbList","@id":"https:\/\/www.cfrcalatori.ro\/en\/contact\/#breadcrumb","itemListElement":[{"@type":"ListItem","position":1,"name":"Home","item":"https:\/\/www.cfrcalatori.ro\/en\/"},{"@type":"ListItem","position":2,"name":"Contact"}]},{"@type":"WebSite","@id":"https:\/\/www.cfrcalatori.ro\/en\/#website","url":"https:\/\/www.cfrcalatori.ro\/en\/","name":"CFR Calatori","description":"CFRCalatori.ro","potentialAction":[{"@type":"SearchAction","target":{"@type":"EntryPoint","urlTemplate":"https:\/\/www.cfrcalatori.ro\/en\/?s={search_term_string}"},"query-input":{"@type":"PropertyValueSpecification","valueRequired":true,"valueName":"search_term_string"}}],"inLanguage":"en-US"}]}},"_links":{"self":[{"href":"https:\/\/www.cfrcalatori.ro\/en\/wp-json\/wp\/v2\/pages\/4469","targetHints":{"allow":["GET"]}}],"collection":[{"href":"https:\/\/www.cfrcalatori.ro\/en\/wp-json\/wp\/v2\/pages"}],"about":[{"href":"https:\/\/www.cfrcalatori.ro\/en\/wp-json\/wp\/v2\/types\/page"}],"author":[{"embeddable":true,"href":"https:\/\/www.cfrcalatori.ro\/en\/wp-json\/wp\/v2\/users\/47"}],"replies":[{"embeddable":true,"href":"https:\/\/www.cfrcalatori.ro\/en\/wp-json\/wp\/v2\/comments?post=4469"}],"version-history":[{"count":3,"href":"https:\/\/www.cfrcalatori.ro\/en\/wp-json\/wp\/v2\/pages\/4469\/revisions"}],"predecessor-version":[{"id":116198,"href":"https:\/\/www.cfrcalatori.ro\/en\/wp-json\/wp\/v2\/pages\/4469\/revisions\/116198"}],"wp:attachment":[{"href":"https:\/\/www.cfrcalatori.ro\/en\/wp-json\/wp\/v2\/media?parent=4469"}],"curies":[{"name":"wp","href":"https:\/\/api.w.org\/{rel}","templated":true}]}}