{"id":56137,"date":"2023-08-02T12:12:46","date_gmt":"2023-08-02T10:12:46","guid":{"rendered":"https:\/\/www.cfrcalatori.ro\/?page_id=56137"},"modified":"2024-10-04T09:00:02","modified_gmt":"2024-10-04T07:00:02","slug":"phone-app-cfr-calatori-train-schedule-and-online-tickets","status":"publish","type":"page","link":"https:\/\/www.cfrcalatori.ro\/en\/phone-app-cfr-calatori-train-schedule-and-online-tickets\/","title":{"rendered":"Travel app for Romania &#8220;CFR C\u0103l\u0103tori bilete online&#8221;"},"content":{"rendered":"<p>Why to download the CFR C\u0103l\u0103tori application?<\/p>\n<ul>\n<li>The application can be accessed <strong>WHEREEVER YOU ARE.<\/strong>.\u00a0<em>Important! Activate your mobile data<\/em><\/li>\n<li>You can find out\u00a0<strong>AT ANY TIME <\/strong>when the next train leaves<\/li>\n<li>You buy the train ticket <strong>FAST AND EASY<\/strong><\/li>\n<li>You can view and show the<strong> TICKET<\/strong>\u00a0<strong> DIRECTLY FROM THE APPLICATION.\u00a0<\/strong><em>Important! Ticket printing is not required<\/em><\/li>\n<li>Buy <strong>SAFELY<\/strong>.\u00a0<em>All transactions are secure.<\/em><\/li>\n<\/ul>\n<p><span style=\"color: #ff0000;\"><strong>Download apps!<\/strong><\/span><\/p>\n<div>\n<div style=\"display: inline-block;\"><a href=\"https:\/\/play.google.com\/store\/apps\/details?id=com.Infofer.ImtMobile&amp;pcampaignid=pcampaignidMKT-Other-global-all-co-prtnr-py-PartBadge-Mar2515-1\" target=\"_blank\" rel=\"noopener\"><img decoding=\"async\" class=\"alignnone size-medium wp-image-41700\" src=\"https:\/\/www.cfrcalatori.ro\/wp-content\/uploads\/2022\/01\/en_badge_web_generic-300x116-1-300x116.png\" alt=\"\" width=\"80%\" height=\"80%\" \/><\/a><\/div>\n<div style=\"display: inline-block;\"><a href=\"https:\/\/apps.apple.com\/us\/app\/cfr-c%C4%83l%C4%83tori-bilete-online\/id1600030825\" target=\"_blank\" rel=\"noopener\"><img decoding=\"async\" class=\"alignnone size-medium wp-image-41703\" style=\"padding-left: 18px;\" src=\"https:\/\/www.cfrcalatori.ro\/wp-content\/uploads\/2022\/01\/Available_on_the_App_Store_black-300x89-300x89.png\" alt=\"\" width=\"70%\" height=\"70%\" \/><\/a><\/div>\n<div style=\"display: inline-block;\"><a href=\"https:\/\/appgallery.huawei.com\/app\/C104792137?sharePrepath=ag&amp;channelId=Website&amp;id=27233d70f2fe4870a6a4ae8d2dc95c70&amp;s=08D2D858D0D2C9A2AFCDFCCEFDC16EB06E2DC20E58415E349F41423B0D2FE878&amp;detailType=0&amp;v=&amp;callType=AGDLINK&amp;installType=0000\" target=\"_blank\" rel=\"noopener\"><img decoding=\"async\" class=\"alignnone size-medium wp-image-41715\" src=\"https:\/\/www.cfrcalatori.ro\/wp-content\/uploads\/2022\/01\/appgallery-300x115-1-300x115.png\" alt=\"\" width=\"80%\" height=\"80%\" \/><\/a><\/div>\n<\/div>\n","protected":false},"excerpt":{"rendered":"<p>Why to download the CFR C\u0103l\u0103tori application? The application can be accessed WHEREEVER YOU ARE..\u00a0Important! Activate your mobile data You can find out\u00a0AT ANY TIME when the next train leaves You buy the train ticket FAST AND EASY You can view and show the TICKET\u00a0 DIRECTLY FROM THE APPLICATION.\u00a0Important! Ticket printing is not required Buy SAFELY.\u00a0All transactions are secure. Download apps!<\/p>\n","protected":false},"author":4,"featured_media":0,"parent":0,"menu_order":0,"comment_status":"closed","ping_status":"closed","template":"","meta":{"_acf_changed":false,"footnotes":""},"class_list":["post-56137","page","type-page","status-publish","hentry"],"acf":[],"yoast_head":"<!-- This site is optimized with the Yoast SEO plugin v27.0 - https:\/\/yoast.com\/product\/yoast-seo-wordpress\/ -->\n<title>Travel app for Romania &quot;CFR C\u0103l\u0103tori bilete online&quot; - CFR Calatori<\/title>\n<meta name=\"robots\" content=\"index, follow, max-snippet:-1, max-image-preview:large, max-video-preview:-1\" \/>\n<link rel=\"canonical\" href=\"https:\/\/www.cfrcalatori.ro\/en\/phone-app-cfr-calatori-train-schedule-and-online-tickets\/\" \/>\n<meta property=\"og:locale\" content=\"en_US\" \/>\n<meta property=\"og:type\" content=\"article\" \/>\n<meta property=\"og:title\" content=\"Travel app for Romania &quot;CFR C\u0103l\u0103tori bilete online&quot; - CFR Calatori\" \/>\n<meta property=\"og:description\" content=\"Why to download the CFR C\u0103l\u0103tori application? The application can be accessed WHEREEVER YOU ARE..\u00a0Important! Activate your mobile data You can find out\u00a0AT ANY TIME when the next train leaves You buy the train ticket FAST AND EASY You can view and show the TICKET\u00a0 DIRECTLY FROM THE APPLICATION.\u00a0Important! Ticket printing is not required Buy SAFELY.\u00a0All transactions are secure. Download apps!\" \/>\n<meta property=\"og:url\" content=\"https:\/\/www.cfrcalatori.ro\/en\/phone-app-cfr-calatori-train-schedule-and-online-tickets\/\" \/>\n<meta property=\"og:site_name\" content=\"CFR Calatori\" \/>\n<meta property=\"article:modified_time\" content=\"2024-10-04T07:00:02+00:00\" \/>\n<meta property=\"og:image\" content=\"https:\/\/www.cfrcalatori.ro\/wp-content\/uploads\/2022\/01\/en_badge_web_generic-300x116-1-300x116.png\" \/>\n<meta name=\"twitter:card\" content=\"summary_large_image\" \/>\n<meta name=\"twitter:label1\" content=\"Est. reading time\" \/>\n\t<meta name=\"twitter:data1\" content=\"1 minute\" \/>\n<script type=\"application\/ld+json\" class=\"yoast-schema-graph\">{\"@context\":\"https:\/\/schema.org\",\"@graph\":[{\"@type\":\"WebPage\",\"@id\":\"https:\/\/www.cfrcalatori.ro\/en\/phone-app-cfr-calatori-train-schedule-and-online-tickets\/\",\"url\":\"https:\/\/www.cfrcalatori.ro\/en\/phone-app-cfr-calatori-train-schedule-and-online-tickets\/\",\"name\":\"Travel app for Romania \\\"CFR C\u0103l\u0103tori bilete online\\\" - CFR Calatori\",\"isPartOf\":{\"@id\":\"https:\/\/www.cfrcalatori.ro\/en\/#website\"},\"primaryImageOfPage\":{\"@id\":\"https:\/\/www.cfrcalatori.ro\/en\/phone-app-cfr-calatori-train-schedule-and-online-tickets\/#primaryimage\"},\"image\":{\"@id\":\"https:\/\/www.cfrcalatori.ro\/en\/phone-app-cfr-calatori-train-schedule-and-online-tickets\/#primaryimage\"},\"thumbnailUrl\":\"https:\/\/www.cfrcalatori.ro\/wp-content\/uploads\/2022\/01\/en_badge_web_generic-300x116-1-300x116.png\",\"datePublished\":\"2023-08-02T10:12:46+00:00\",\"dateModified\":\"2024-10-04T07:00:02+00:00\",\"breadcrumb\":{\"@id\":\"https:\/\/www.cfrcalatori.ro\/en\/phone-app-cfr-calatori-train-schedule-and-online-tickets\/#breadcrumb\"},\"inLanguage\":\"en-US\",\"potentialAction\":[{\"@type\":\"ReadAction\",\"target\":[\"https:\/\/www.cfrcalatori.ro\/en\/phone-app-cfr-calatori-train-schedule-and-online-tickets\/\"]}]},{\"@type\":\"ImageObject\",\"inLanguage\":\"en-US\",\"@id\":\"https:\/\/www.cfrcalatori.ro\/en\/phone-app-cfr-calatori-train-schedule-and-online-tickets\/#primaryimage\",\"url\":\"https:\/\/www.cfrcalatori.ro\/wp-content\/uploads\/2022\/01\/en_badge_web_generic-300x116-1-300x116.png\",\"contentUrl\":\"https:\/\/www.cfrcalatori.ro\/wp-content\/uploads\/2022\/01\/en_badge_web_generic-300x116-1-300x116.png\"},{\"@type\":\"BreadcrumbList\",\"@id\":\"https:\/\/www.cfrcalatori.ro\/en\/phone-app-cfr-calatori-train-schedule-and-online-tickets\/#breadcrumb\",\"itemListElement\":[{\"@type\":\"ListItem\",\"position\":1,\"name\":\"Home\",\"item\":\"https:\/\/www.cfrcalatori.ro\/en\/\"},{\"@type\":\"ListItem\",\"position\":2,\"name\":\"Travel app for Romania &#8220;CFR C\u0103l\u0103tori bilete online&#8221;\"}]},{\"@type\":\"WebSite\",\"@id\":\"https:\/\/www.cfrcalatori.ro\/en\/#website\",\"url\":\"https:\/\/www.cfrcalatori.ro\/en\/\",\"name\":\"CFR Calatori\",\"description\":\"CFRCalatori.ro\",\"potentialAction\":[{\"@type\":\"SearchAction\",\"target\":{\"@type\":\"EntryPoint\",\"urlTemplate\":\"https:\/\/www.cfrcalatori.ro\/en\/?s={search_term_string}\"},\"query-input\":{\"@type\":\"PropertyValueSpecification\",\"valueRequired\":true,\"valueName\":\"search_term_string\"}}],\"inLanguage\":\"en-US\"}]}<\/script>\n<!-- \/ Yoast SEO plugin. -->","yoast_head_json":{"title":"Travel app for Romania \"CFR C\u0103l\u0103tori bilete online\" - CFR Calatori","robots":{"index":"index","follow":"follow","max-snippet":"max-snippet:-1","max-image-preview":"max-image-preview:large","max-video-preview":"max-video-preview:-1"},"canonical":"https:\/\/www.cfrcalatori.ro\/en\/phone-app-cfr-calatori-train-schedule-and-online-tickets\/","og_locale":"en_US","og_type":"article","og_title":"Travel app for Romania \"CFR C\u0103l\u0103tori bilete online\" - CFR Calatori","og_description":"Why to download the CFR C\u0103l\u0103tori application? The application can be accessed WHEREEVER YOU ARE..\u00a0Important! Activate your mobile data You can find out\u00a0AT ANY TIME when the next train leaves You buy the train ticket FAST AND EASY You can view and show the TICKET\u00a0 DIRECTLY FROM THE APPLICATION.\u00a0Important! Ticket printing is not required Buy SAFELY.\u00a0All transactions are secure. Download apps!","og_url":"https:\/\/www.cfrcalatori.ro\/en\/phone-app-cfr-calatori-train-schedule-and-online-tickets\/","og_site_name":"CFR Calatori","article_modified_time":"2024-10-04T07:00:02+00:00","og_image":[{"url":"https:\/\/www.cfrcalatori.ro\/wp-content\/uploads\/2022\/01\/en_badge_web_generic-300x116-1-300x116.png","type":"","width":"","height":""}],"twitter_card":"summary_large_image","twitter_misc":{"Est. reading time":"1 minute"},"schema":{"@context":"https:\/\/schema.org","@graph":[{"@type":"WebPage","@id":"https:\/\/www.cfrcalatori.ro\/en\/phone-app-cfr-calatori-train-schedule-and-online-tickets\/","url":"https:\/\/www.cfrcalatori.ro\/en\/phone-app-cfr-calatori-train-schedule-and-online-tickets\/","name":"Travel app for Romania \"CFR C\u0103l\u0103tori bilete online\" - CFR Calatori","isPartOf":{"@id":"https:\/\/www.cfrcalatori.ro\/en\/#website"},"primaryImageOfPage":{"@id":"https:\/\/www.cfrcalatori.ro\/en\/phone-app-cfr-calatori-train-schedule-and-online-tickets\/#primaryimage"},"image":{"@id":"https:\/\/www.cfrcalatori.ro\/en\/phone-app-cfr-calatori-train-schedule-and-online-tickets\/#primaryimage"},"thumbnailUrl":"https:\/\/www.cfrcalatori.ro\/wp-content\/uploads\/2022\/01\/en_badge_web_generic-300x116-1-300x116.png","datePublished":"2023-08-02T10:12:46+00:00","dateModified":"2024-10-04T07:00:02+00:00","breadcrumb":{"@id":"https:\/\/www.cfrcalatori.ro\/en\/phone-app-cfr-calatori-train-schedule-and-online-tickets\/#breadcrumb"},"inLanguage":"en-US","potentialAction":[{"@type":"ReadAction","target":["https:\/\/www.cfrcalatori.ro\/en\/phone-app-cfr-calatori-train-schedule-and-online-tickets\/"]}]},{"@type":"ImageObject","inLanguage":"en-US","@id":"https:\/\/www.cfrcalatori.ro\/en\/phone-app-cfr-calatori-train-schedule-and-online-tickets\/#primaryimage","url":"https:\/\/www.cfrcalatori.ro\/wp-content\/uploads\/2022\/01\/en_badge_web_generic-300x116-1-300x116.png","contentUrl":"https:\/\/www.cfrcalatori.ro\/wp-content\/uploads\/2022\/01\/en_badge_web_generic-300x116-1-300x116.png"},{"@type":"BreadcrumbList","@id":"https:\/\/www.cfrcalatori.ro\/en\/phone-app-cfr-calatori-train-schedule-and-online-tickets\/#breadcrumb","itemListElement":[{"@type":"ListItem","position":1,"name":"Home","item":"https:\/\/www.cfrcalatori.ro\/en\/"},{"@type":"ListItem","position":2,"name":"Travel app for Romania &#8220;CFR C\u0103l\u0103tori bilete online&#8221;"}]},{"@type":"WebSite","@id":"https:\/\/www.cfrcalatori.ro\/en\/#website","url":"https:\/\/www.cfrcalatori.ro\/en\/","name":"CFR Calatori","description":"CFRCalatori.ro","potentialAction":[{"@type":"SearchAction","target":{"@type":"EntryPoint","urlTemplate":"https:\/\/www.cfrcalatori.ro\/en\/?s={search_term_string}"},"query-input":{"@type":"PropertyValueSpecification","valueRequired":true,"valueName":"search_term_string"}}],"inLanguage":"en-US"}]}},"_links":{"self":[{"href":"https:\/\/www.cfrcalatori.ro\/en\/wp-json\/wp\/v2\/pages\/56137","targetHints":{"allow":["GET"]}}],"collection":[{"href":"https:\/\/www.cfrcalatori.ro\/en\/wp-json\/wp\/v2\/pages"}],"about":[{"href":"https:\/\/www.cfrcalatori.ro\/en\/wp-json\/wp\/v2\/types\/page"}],"author":[{"embeddable":true,"href":"https:\/\/www.cfrcalatori.ro\/en\/wp-json\/wp\/v2\/users\/4"}],"replies":[{"embeddable":true,"href":"https:\/\/www.cfrcalatori.ro\/en\/wp-json\/wp\/v2\/comments?post=56137"}],"version-history":[{"count":0,"href":"https:\/\/www.cfrcalatori.ro\/en\/wp-json\/wp\/v2\/pages\/56137\/revisions"}],"wp:attachment":[{"href":"https:\/\/www.cfrcalatori.ro\/en\/wp-json\/wp\/v2\/media?parent=56137"}],"curies":[{"name":"wp","href":"https:\/\/api.w.org\/{rel}","templated":true}]}}