{"id":7078,"date":"2018-03-27T13:01:03","date_gmt":"2018-03-27T11:01:03","guid":{"rendered":"https:\/\/www.cfrcalatori.ro\/?page_id=7078"},"modified":"2019-07-08T08:57:00","modified_gmt":"2019-07-08T06:57:00","slug":"instructiuni-privind-imbunatatirea-accesibilitatii-paginii-web-www-cfrcalatori-ro","status":"publish","type":"page","link":"https:\/\/www.cfrcalatori.ro\/en\/instructiuni-privind-imbunatatirea-accesibilitatii-paginii-web-www-cfrcalatori-ro\/","title":{"rendered":"Instructions for improving the accessibility of the website"},"content":{"rendered":"<p>Settings valid for Windows operating system.<\/p>\n<ol>\n<li><strong>Keyboard to access the increase or decrease visibility functions of the web page<\/strong><strong><br \/>\n<img loading=\"lazy\" decoding=\"async\" class=\"size-medium wp-image-19127 aligncenter\" src=\"https:\/\/www.cfrcalatori.ro\/wp-content\/uploads\/2019\/07\/accesibilitate_01-300x243-e-300x243.jpg\" alt=\"\" width=\"300\" height=\"243\" \/><br \/>\n<\/strong><\/li>\n<li><strong>Set your computer to recognize your voice, using Windows Speech Recognition<\/strong><\/li>\n<\/ol>\n<p><img loading=\"lazy\" decoding=\"async\" class=\"aligncenter size-medium wp-image-6457\" src=\"https:\/\/www.cfrcalatori.ro\/wp-content\/uploads\/2018\/03\/accesibilitate-02-300x241.jpg\" alt=\"\" width=\"300\" height=\"241\" srcset=\"https:\/\/www.cfrcalatori.ro\/wp-content\/uploads\/2018\/03\/accesibilitate-02-300x241.jpg 300w, https:\/\/www.cfrcalatori.ro\/wp-content\/uploads\/2018\/03\/accesibilitate-02.jpg 560w\" sizes=\"auto, (max-width: 300px) 100vw, 300px\" \/><strong>3<\/strong>. <strong>Increase or decrease the visibility of pdf documents<\/strong><\/p>\n<p>In order to view the pdf documents, you must have Adobe Acrobat Reader installed.<\/p>\n<p>Access the representative buttons to enlarge or reduce<\/p>\n<p><strong>+<\/strong>\u00a0(zoom in)<\/p>\n<p><strong>\u2013\u00a0<\/strong>(zoom out)<\/p>\n<p><strong>4. Keyboard on screen<\/strong><\/p>\n<p>If the keyboard does not work, the keyboard can be displayed on the screen.<\/p>\n<p>The steps are as follows::<\/p>\n<p>a. Click the <strong>Start <\/strong>button<\/p>\n<p><strong>b. Run<\/strong><\/p>\n<p>c. In Run we write\u00a0<strong>osk.<\/strong><\/p>\n<p><a href=\"https:\/\/www.cfrcalatori.ro\/wp-content\/uploads\/2018\/03\/accesebilitate-03.jpg\"><br \/>\n<img loading=\"lazy\" decoding=\"async\" class=\"aligncenter size-medium wp-image-6453\" src=\"https:\/\/www.cfrcalatori.ro\/wp-content\/uploads\/2018\/03\/accesebilitate-03-300x157.jpg\" alt=\"\" width=\"300\" height=\"157\" srcset=\"https:\/\/www.cfrcalatori.ro\/wp-content\/uploads\/2018\/03\/accesebilitate-03-300x157.jpg 300w, https:\/\/www.cfrcalatori.ro\/wp-content\/uploads\/2018\/03\/accesebilitate-03.jpg 406w\" sizes=\"auto, (max-width: 300px) 100vw, 300px\" \/><\/a>d. After pressing OK the keyboard is displayed<\/p>\n<p><img loading=\"lazy\" decoding=\"async\" class=\"aligncenter size-medium wp-image-6454\" src=\"https:\/\/www.cfrcalatori.ro\/wp-content\/uploads\/2018\/03\/accesebilitate-04-300x89.jpg\" alt=\"\" width=\"300\" height=\"89\" srcset=\"https:\/\/www.cfrcalatori.ro\/wp-content\/uploads\/2018\/03\/accesebilitate-04-300x89.jpg 300w, https:\/\/www.cfrcalatori.ro\/wp-content\/uploads\/2018\/03\/accesebilitate-04.jpg 503w\" sizes=\"auto, (max-width: 300px) 100vw, 300px\" \/>5. Use built-in screens <strong>reader<\/strong><strong>, <\/strong><strong>Narrator<\/strong>, to read and create Word documents, PowerPoint slides, Excel spreadsheets, OneNote notepads and the Outlook e-mail.<\/p>\n<p><strong>Narator <\/strong><strong>can also be used to describe each element on the screen or to describe the <\/strong>appearance<strong> of a web page. It can also read your email.<\/strong><\/p>\n<p>How to activate?<\/p>\n<p>To activate the system, it must be checked into theNarator settings<\/p>\n<p><a href=\"https:\/\/www.cfrcalatori.ro\/wp-content\/uploads\/2018\/03\/accesebilitate-05.jpg\"><img loading=\"lazy\" decoding=\"async\" class=\"aligncenter size-medium wp-image-6455\" src=\"https:\/\/www.cfrcalatori.ro\/wp-content\/uploads\/2018\/03\/accesebilitate-05-300x226.jpg\" alt=\"\" width=\"300\" height=\"226\" srcset=\"https:\/\/www.cfrcalatori.ro\/wp-content\/uploads\/2018\/03\/accesebilitate-05-300x226.jpg 300w, https:\/\/www.cfrcalatori.ro\/wp-content\/uploads\/2018\/03\/accesebilitate-05.jpg 660w\" sizes=\"auto, (max-width: 300px) 100vw, 300px\" \/><\/a><\/p>\n<p>Start\/ Switch on the Narrator<\/p>\n<ul>\n<li>On devices that only have touch technology, press the Windows logo key + Volume Up.<\/li>\n<li>On the keyboard, press the Windows + Enter logo key.<\/li>\n<li>On the sign-in screen, press the Windows U logo key or click the <strong>Accessibility<\/strong> button in the bottom left corner and choose <strong>Narrator<\/strong>.<\/li>\n<\/ul>\n<p>Or use\u00a0 Search to start Narrator<\/p>\n<ol>\n<li>Open the Narrator by pulling with your finger from the right side of the screen, then touch on <strong>Search.\u00a0<\/strong>(If you are using the keyboard and mouse,\u00a0 point to the upper left corner of the screen, then click on\u00a0 <strong>Search<\/strong>).<\/li>\n<\/ol>\n<p>2. Insert <strong>Narrator<\/strong>\u00a0in the search box, change the search filter to <strong>Applications, <\/strong>then touch or click on <strong>Narrator<\/strong>\u00a0in results<\/p>\n<p>To see immediately all the available Narator&#8217;s commands, press Caps Lock + F1.<\/p>\n<p>Turn on Narrator<\/p>\n<ul>\n<li>On devices that have only touch technology, press the Windows logo key + Volume up<\/li>\n<li>On the keyboard, press the Windows + Enter logo key.<\/li>\n<li>On the login screen press the Windows + U logo key or click the\u00a0<strong>Accessibility<\/strong>\u00a0button on the\u00a0 bottom left corner and choose <strong>Narrator<\/strong>.<\/li>\n<\/ul>\n<p>Or use Search to start the Narrator<\/p>\n<ol>\n<li>Open the Narrator by dragging with your finger from the right side of the screen, then touch on <strong>Search<\/strong>. (If you are using the keyboard and the mouse, point to the top of the screen, then click on\u00a0<strong>Search)<\/strong>.<\/li>\n<li>Insert <strong>Narrator<\/strong>\u00a0in the search box, change the search filter to <strong>Applications, <\/strong>then touch or click on <strong>Narrator<\/strong>\u00a0in results.<\/li>\n<\/ol>\n<p>To see immediately all the available Narator&#8217;s commands, press Caps Lock + F1.<\/p>\n","protected":false},"excerpt":{"rendered":"<p>Settings valid for Windows operating system. Keyboard to access the increase or decrease visibility functions of the web page Set your computer to recognize your voice, using Windows Speech Recognition 3. Increase or decrease the visibility of pdf documents In order to view the pdf documents, you must have Adobe Acrobat Reader installed. Access the representative buttons to enlarge or reduce +\u00a0(zoom in) \u2013\u00a0(zoom out) 4. Keyboard on screen If the keyboard does not work, the keyboard can be displayed on the screen. The steps are as follows:: a. Click the Start button b. Run c. In Run we write\u00a0osk. d. After pressing OK the keyboard is displayed 5. Use built-in screens reader, Narrator, to read and create Word documents, PowerPoint slides, Excel spreadsheets, OneNote&#8230;<\/p>\n","protected":false},"author":14,"featured_media":0,"parent":0,"menu_order":0,"comment_status":"closed","ping_status":"closed","template":"","meta":{"_acf_changed":false,"footnotes":""},"class_list":["post-7078","page","type-page","status-publish","hentry"],"acf":[],"yoast_head":"<!-- This site is optimized with the Yoast SEO plugin v27.0 - https:\/\/yoast.com\/product\/yoast-seo-wordpress\/ -->\n<title>Instruc\u021biuni privind \u00eembun\u0103t\u0103\u021birea accesibilit\u0103\u021bii paginii web<\/title>\n<meta name=\"description\" content=\"truc\u021biuni privind \u00eembun\u0103t\u0103\u021birea accesibilit\u0103\u021bii paginii web M\u0103rirea sau mic\u0219orarea vizibilit\u0103\u021bii paginii web.de la tastatur\u0103 Seta\u021bi-v\u0103 calculatorul pentru a v\u0103 recunoa\u0219te vocea, folosind Windows Speech Recognition Pentru a putea vizualiza documentele format .pdf trebuie s\u0103 ave\u021bi instalat progamul Adobe Acrobat Reader.\" \/>\n<meta name=\"robots\" content=\"index, follow, max-snippet:-1, max-image-preview:large, max-video-preview:-1\" \/>\n<link rel=\"canonical\" href=\"https:\/\/www.cfrcalatori.ro\/en\/instructiuni-privind-imbunatatirea-accesibilitatii-paginii-web-www-cfrcalatori-ro\/\" \/>\n<meta property=\"og:locale\" content=\"en_US\" \/>\n<meta property=\"og:type\" content=\"article\" \/>\n<meta property=\"og:title\" content=\"Instruc\u021biuni privind \u00eembun\u0103t\u0103\u021birea accesibilit\u0103\u021bii paginii web\" \/>\n<meta property=\"og:description\" content=\"truc\u021biuni privind \u00eembun\u0103t\u0103\u021birea accesibilit\u0103\u021bii paginii web M\u0103rirea sau mic\u0219orarea vizibilit\u0103\u021bii paginii web.de la tastatur\u0103 Seta\u021bi-v\u0103 calculatorul pentru a v\u0103 recunoa\u0219te vocea, folosind Windows Speech Recognition Pentru a putea vizualiza documentele format .pdf trebuie s\u0103 ave\u021bi instalat progamul Adobe Acrobat Reader.\" \/>\n<meta property=\"og:url\" content=\"https:\/\/www.cfrcalatori.ro\/en\/instructiuni-privind-imbunatatirea-accesibilitatii-paginii-web-www-cfrcalatori-ro\/\" \/>\n<meta property=\"og:site_name\" content=\"CFR Calatori\" \/>\n<meta property=\"article:modified_time\" content=\"2019-07-08T06:57:00+00:00\" \/>\n<meta property=\"og:image\" content=\"https:\/\/www.cfrcalatori.ro\/wp-content\/uploads\/2019\/07\/accesibilitate_01-300x243-e-300x243.jpg\" \/>\n<meta name=\"twitter:card\" content=\"summary_large_image\" \/>\n<meta name=\"twitter:label1\" content=\"Est. reading time\" \/>\n\t<meta name=\"twitter:data1\" content=\"2 minutes\" \/>\n<script type=\"application\/ld+json\" class=\"yoast-schema-graph\">{\"@context\":\"https:\/\/schema.org\",\"@graph\":[{\"@type\":\"WebPage\",\"@id\":\"https:\/\/www.cfrcalatori.ro\/en\/instructiuni-privind-imbunatatirea-accesibilitatii-paginii-web-www-cfrcalatori-ro\/\",\"url\":\"https:\/\/www.cfrcalatori.ro\/en\/instructiuni-privind-imbunatatirea-accesibilitatii-paginii-web-www-cfrcalatori-ro\/\",\"name\":\"Instruc\u021biuni privind \u00eembun\u0103t\u0103\u021birea accesibilit\u0103\u021bii paginii web\",\"isPartOf\":{\"@id\":\"https:\/\/www.cfrcalatori.ro\/en\/#website\"},\"primaryImageOfPage\":{\"@id\":\"https:\/\/www.cfrcalatori.ro\/en\/instructiuni-privind-imbunatatirea-accesibilitatii-paginii-web-www-cfrcalatori-ro\/#primaryimage\"},\"image\":{\"@id\":\"https:\/\/www.cfrcalatori.ro\/en\/instructiuni-privind-imbunatatirea-accesibilitatii-paginii-web-www-cfrcalatori-ro\/#primaryimage\"},\"thumbnailUrl\":\"https:\/\/www.cfrcalatori.ro\/wp-content\/uploads\/2019\/07\/accesibilitate_01-300x243-e-300x243.jpg\",\"datePublished\":\"2018-03-27T11:01:03+00:00\",\"dateModified\":\"2019-07-08T06:57:00+00:00\",\"description\":\"truc\u021biuni privind \u00eembun\u0103t\u0103\u021birea accesibilit\u0103\u021bii paginii web M\u0103rirea sau mic\u0219orarea vizibilit\u0103\u021bii paginii web.de la tastatur\u0103 Seta\u021bi-v\u0103 calculatorul pentru a v\u0103 recunoa\u0219te vocea, folosind Windows Speech Recognition Pentru a putea vizualiza documentele format .pdf trebuie s\u0103 ave\u021bi instalat progamul Adobe Acrobat Reader.\",\"breadcrumb\":{\"@id\":\"https:\/\/www.cfrcalatori.ro\/en\/instructiuni-privind-imbunatatirea-accesibilitatii-paginii-web-www-cfrcalatori-ro\/#breadcrumb\"},\"inLanguage\":\"en-US\",\"potentialAction\":[{\"@type\":\"ReadAction\",\"target\":[\"https:\/\/www.cfrcalatori.ro\/en\/instructiuni-privind-imbunatatirea-accesibilitatii-paginii-web-www-cfrcalatori-ro\/\"]}]},{\"@type\":\"ImageObject\",\"inLanguage\":\"en-US\",\"@id\":\"https:\/\/www.cfrcalatori.ro\/en\/instructiuni-privind-imbunatatirea-accesibilitatii-paginii-web-www-cfrcalatori-ro\/#primaryimage\",\"url\":\"https:\/\/www.cfrcalatori.ro\/wp-content\/uploads\/2019\/07\/accesibilitate_01-300x243-e-300x243.jpg\",\"contentUrl\":\"https:\/\/www.cfrcalatori.ro\/wp-content\/uploads\/2019\/07\/accesibilitate_01-300x243-e-300x243.jpg\"},{\"@type\":\"BreadcrumbList\",\"@id\":\"https:\/\/www.cfrcalatori.ro\/en\/instructiuni-privind-imbunatatirea-accesibilitatii-paginii-web-www-cfrcalatori-ro\/#breadcrumb\",\"itemListElement\":[{\"@type\":\"ListItem\",\"position\":1,\"name\":\"Home\",\"item\":\"https:\/\/www.cfrcalatori.ro\/en\/\"},{\"@type\":\"ListItem\",\"position\":2,\"name\":\"Instructions for improving the accessibility of the website\"}]},{\"@type\":\"WebSite\",\"@id\":\"https:\/\/www.cfrcalatori.ro\/en\/#website\",\"url\":\"https:\/\/www.cfrcalatori.ro\/en\/\",\"name\":\"CFR Calatori\",\"description\":\"CFRCalatori.ro\",\"potentialAction\":[{\"@type\":\"SearchAction\",\"target\":{\"@type\":\"EntryPoint\",\"urlTemplate\":\"https:\/\/www.cfrcalatori.ro\/en\/?s={search_term_string}\"},\"query-input\":{\"@type\":\"PropertyValueSpecification\",\"valueRequired\":true,\"valueName\":\"search_term_string\"}}],\"inLanguage\":\"en-US\"}]}<\/script>\n<!-- \/ Yoast SEO plugin. -->","yoast_head_json":{"title":"Instruc\u021biuni privind \u00eembun\u0103t\u0103\u021birea accesibilit\u0103\u021bii paginii web","description":"truc\u021biuni privind \u00eembun\u0103t\u0103\u021birea accesibilit\u0103\u021bii paginii web M\u0103rirea sau mic\u0219orarea vizibilit\u0103\u021bii paginii web.de la tastatur\u0103 Seta\u021bi-v\u0103 calculatorul pentru a v\u0103 recunoa\u0219te vocea, folosind Windows Speech Recognition Pentru a putea vizualiza documentele format .pdf trebuie s\u0103 ave\u021bi instalat progamul Adobe Acrobat Reader.","robots":{"index":"index","follow":"follow","max-snippet":"max-snippet:-1","max-image-preview":"max-image-preview:large","max-video-preview":"max-video-preview:-1"},"canonical":"https:\/\/www.cfrcalatori.ro\/en\/instructiuni-privind-imbunatatirea-accesibilitatii-paginii-web-www-cfrcalatori-ro\/","og_locale":"en_US","og_type":"article","og_title":"Instruc\u021biuni privind \u00eembun\u0103t\u0103\u021birea accesibilit\u0103\u021bii paginii web","og_description":"truc\u021biuni privind \u00eembun\u0103t\u0103\u021birea accesibilit\u0103\u021bii paginii web M\u0103rirea sau mic\u0219orarea vizibilit\u0103\u021bii paginii web.de la tastatur\u0103 Seta\u021bi-v\u0103 calculatorul pentru a v\u0103 recunoa\u0219te vocea, folosind Windows Speech Recognition Pentru a putea vizualiza documentele format .pdf trebuie s\u0103 ave\u021bi instalat progamul Adobe Acrobat Reader.","og_url":"https:\/\/www.cfrcalatori.ro\/en\/instructiuni-privind-imbunatatirea-accesibilitatii-paginii-web-www-cfrcalatori-ro\/","og_site_name":"CFR Calatori","article_modified_time":"2019-07-08T06:57:00+00:00","og_image":[{"url":"https:\/\/www.cfrcalatori.ro\/wp-content\/uploads\/2019\/07\/accesibilitate_01-300x243-e-300x243.jpg","type":"","width":"","height":""}],"twitter_card":"summary_large_image","twitter_misc":{"Est. reading time":"2 minutes"},"schema":{"@context":"https:\/\/schema.org","@graph":[{"@type":"WebPage","@id":"https:\/\/www.cfrcalatori.ro\/en\/instructiuni-privind-imbunatatirea-accesibilitatii-paginii-web-www-cfrcalatori-ro\/","url":"https:\/\/www.cfrcalatori.ro\/en\/instructiuni-privind-imbunatatirea-accesibilitatii-paginii-web-www-cfrcalatori-ro\/","name":"Instruc\u021biuni privind \u00eembun\u0103t\u0103\u021birea accesibilit\u0103\u021bii paginii web","isPartOf":{"@id":"https:\/\/www.cfrcalatori.ro\/en\/#website"},"primaryImageOfPage":{"@id":"https:\/\/www.cfrcalatori.ro\/en\/instructiuni-privind-imbunatatirea-accesibilitatii-paginii-web-www-cfrcalatori-ro\/#primaryimage"},"image":{"@id":"https:\/\/www.cfrcalatori.ro\/en\/instructiuni-privind-imbunatatirea-accesibilitatii-paginii-web-www-cfrcalatori-ro\/#primaryimage"},"thumbnailUrl":"https:\/\/www.cfrcalatori.ro\/wp-content\/uploads\/2019\/07\/accesibilitate_01-300x243-e-300x243.jpg","datePublished":"2018-03-27T11:01:03+00:00","dateModified":"2019-07-08T06:57:00+00:00","description":"truc\u021biuni privind \u00eembun\u0103t\u0103\u021birea accesibilit\u0103\u021bii paginii web M\u0103rirea sau mic\u0219orarea vizibilit\u0103\u021bii paginii web.de la tastatur\u0103 Seta\u021bi-v\u0103 calculatorul pentru a v\u0103 recunoa\u0219te vocea, folosind Windows Speech Recognition Pentru a putea vizualiza documentele format .pdf trebuie s\u0103 ave\u021bi instalat progamul Adobe Acrobat Reader.","breadcrumb":{"@id":"https:\/\/www.cfrcalatori.ro\/en\/instructiuni-privind-imbunatatirea-accesibilitatii-paginii-web-www-cfrcalatori-ro\/#breadcrumb"},"inLanguage":"en-US","potentialAction":[{"@type":"ReadAction","target":["https:\/\/www.cfrcalatori.ro\/en\/instructiuni-privind-imbunatatirea-accesibilitatii-paginii-web-www-cfrcalatori-ro\/"]}]},{"@type":"ImageObject","inLanguage":"en-US","@id":"https:\/\/www.cfrcalatori.ro\/en\/instructiuni-privind-imbunatatirea-accesibilitatii-paginii-web-www-cfrcalatori-ro\/#primaryimage","url":"https:\/\/www.cfrcalatori.ro\/wp-content\/uploads\/2019\/07\/accesibilitate_01-300x243-e-300x243.jpg","contentUrl":"https:\/\/www.cfrcalatori.ro\/wp-content\/uploads\/2019\/07\/accesibilitate_01-300x243-e-300x243.jpg"},{"@type":"BreadcrumbList","@id":"https:\/\/www.cfrcalatori.ro\/en\/instructiuni-privind-imbunatatirea-accesibilitatii-paginii-web-www-cfrcalatori-ro\/#breadcrumb","itemListElement":[{"@type":"ListItem","position":1,"name":"Home","item":"https:\/\/www.cfrcalatori.ro\/en\/"},{"@type":"ListItem","position":2,"name":"Instructions for improving the accessibility of the website"}]},{"@type":"WebSite","@id":"https:\/\/www.cfrcalatori.ro\/en\/#website","url":"https:\/\/www.cfrcalatori.ro\/en\/","name":"CFR Calatori","description":"CFRCalatori.ro","potentialAction":[{"@type":"SearchAction","target":{"@type":"EntryPoint","urlTemplate":"https:\/\/www.cfrcalatori.ro\/en\/?s={search_term_string}"},"query-input":{"@type":"PropertyValueSpecification","valueRequired":true,"valueName":"search_term_string"}}],"inLanguage":"en-US"}]}},"_links":{"self":[{"href":"https:\/\/www.cfrcalatori.ro\/en\/wp-json\/wp\/v2\/pages\/7078","targetHints":{"allow":["GET"]}}],"collection":[{"href":"https:\/\/www.cfrcalatori.ro\/en\/wp-json\/wp\/v2\/pages"}],"about":[{"href":"https:\/\/www.cfrcalatori.ro\/en\/wp-json\/wp\/v2\/types\/page"}],"author":[{"embeddable":true,"href":"https:\/\/www.cfrcalatori.ro\/en\/wp-json\/wp\/v2\/users\/14"}],"replies":[{"embeddable":true,"href":"https:\/\/www.cfrcalatori.ro\/en\/wp-json\/wp\/v2\/comments?post=7078"}],"version-history":[{"count":0,"href":"https:\/\/www.cfrcalatori.ro\/en\/wp-json\/wp\/v2\/pages\/7078\/revisions"}],"wp:attachment":[{"href":"https:\/\/www.cfrcalatori.ro\/en\/wp-json\/wp\/v2\/media?parent=7078"}],"curies":[{"name":"wp","href":"https:\/\/api.w.org\/{rel}","templated":true}]}}