{"id":88167,"date":"2017-10-31T10:09:05","date_gmt":"2017-10-31T10:09:05","guid":{"rendered":"https:\/\/www.cfrcalatori.ro\/buget\/"},"modified":"2026-04-14T09:19:13","modified_gmt":"2026-04-14T07:19:13","slug":"payment-status","status":"publish","type":"page","link":"https:\/\/www.cfrcalatori.ro\/en\/payment-status\/","title":{"rendered":"Payment status"},"content":{"rendered":"<p>Selecta\u021bi din lista de mai jos subunitatea SNTFC &#8220;CFR C\u0103l\u0103tori&#8221; S.A. pentru care dori\u021bi s\u0103 vizualiza\u021bi:<\/p>\n<h4><strong>Registrul Opera\u021biunilor Generatoare de Plat\u0103 (ROGOP)<\/strong><\/h4>\n<p>SNTFC &#8220;CFR C\u0102L\u0102TORI&#8221; S.A. &#8211; Central <a href=\"https:\/\/www.cfrcalatori.ro\/wp-content\/uploads\/2025\/01\/ROGOP_2023central-SNTFC-03.01.28.12.2023.pdf\" target=\"_blank\" rel=\"noopener\">2023<\/a>, <a href=\"https:\/\/www.cfrcalatori.ro\/wp-content\/uploads\/2025\/04\/ROGOP_2024central-SNTFC-03.01.31.12.2024.pdf\" target=\"_blank\" rel=\"noopener\">2024<\/a>, <a href=\"https:\/\/www.cfrcalatori.ro\/wp-content\/uploads\/2026\/02\/ROGOP_central_SNTFC_2025.pdf\">2025<\/a>, <a href=\"https:\/\/www.cfrcalatori.ro\/wp-content\/uploads\/2026\/03\/ROGOP_2026_central_SNTFC_27_03_2026.pdf\">2026<\/a><\/p>\n<p>SRTFC Bucure\u0219ti <a href=\"https:\/\/www.cfrcalatori.ro\/wp-content\/uploads\/2025\/06\/Situatia-ROGOP-SRTFC-Bucuresti-2023.pdf\" target=\"_blank\" rel=\"noopener\">2023<\/a>, <a href=\"https:\/\/www.cfrcalatori.ro\/wp-content\/uploads\/2025\/06\/Situatia-ROGOP-SRTFC-Bucuresti-2024.pdf\" target=\"_blank\" rel=\"noopener\">2024<\/a>, <a href=\"https:\/\/www.cfrcalatori.ro\/wp-content\/uploads\/2026\/01\/Situatia-ROGOP-SRTFC-Bucuresti-03.01.2025-15.01.2026.pdf\" target=\"_blank\" rel=\"noopener\">2025, <\/a> <a href=\"https:\/\/www.cfrcalatori.ro\/wp-content\/uploads\/2026\/04\/Situatia-ROGOP-SRTFC-Bucuresti-08.01.2026-09.04.2026.pdf\">2026<\/a><\/p>\n<p>SRTFC Craiova <a href=\"https:\/\/www.cfrcalatori.ro\/wp-content\/uploads\/2026\/03\/Rogop-Craiova-2022.pdf\">2022<\/a>, <a href=\"https:\/\/www.cfrcalatori.ro\/wp-content\/uploads\/2026\/03\/Rogop-Craiova-2023-.pdf\">2023<\/a>, <a href=\"https:\/\/www.cfrcalatori.ro\/wp-content\/uploads\/2026\/03\/Rogop-Craiova-2024.pdf\">2024<\/a>, <a href=\"https:\/\/www.cfrcalatori.ro\/wp-content\/uploads\/2026\/03\/ROGOP-SRTFC-Craiova-2025.pdf\">2025<\/a>, <a href=\"https:\/\/www.cfrcalatori.ro\/wp-content\/uploads\/2026\/03\/ROGOP-SRTFC-Craiova-2026.pdf\">2026<\/a><\/p>\n<p>SRTFC Timi\u0219oara <a href=\"https:\/\/www.cfrcalatori.ro\/wp-content\/uploads\/2025\/06\/Situatia-ROGOP-2023-timtimisoara-.pdf\">2023<\/a>, <a href=\"https:\/\/www.cfrcalatori.ro\/wp-content\/uploads\/2025\/06\/Situatia-ROGOP-2024-timtimisoara-.pdf\" target=\"_blank\" rel=\"noopener\">2024<\/a>, <a href=\"https:\/\/www.cfrcalatori.ro\/wp-content\/uploads\/2025\/12\/Situatia-ROGOP-30.12.2025-.pdf\">2025<\/a>, <a href=\"https:\/\/www.cfrcalatori.ro\/wp-content\/uploads\/2026\/04\/Situatia-ROGOP-Timisoara09.04.2026-.pdf\">2026<\/a><\/p>\n<p>SRTFC Cluj <a href=\"https:\/\/www.cfrcalatori.ro\/wp-content\/uploads\/2023\/12\/rptROGOPCentralizatPlati-SRTFC-Cluj-22.12.2023.pdf\">2023<\/a>, <a href=\"https:\/\/www.cfrcalatori.ro\/wp-content\/uploads\/2024\/12\/rptROGOPCentralizatPlati-3.pdf\" target=\"_blank\" rel=\"noopener\">2024, <\/a><a href=\"https:\/\/www.cfrcalatori.ro\/wp-content\/uploads\/2025\/12\/ROGOP-SRTFC-Cluj-5.pdf\" target=\"_blank\" rel=\"noopener\">2025,<\/a> <a href=\"https:\/\/www.cfrcalatori.ro\/wp-content\/uploads\/2026\/04\/rptROGOPCentralizatPlati.pdf\">2026<\/a><\/p>\n<p>SRTFC Bra\u0219ov <a href=\"https:\/\/www.cfrcalatori.ro\/wp-content\/uploads\/2024\/12\/ROGOP-BRASOV_30.12.2024.pdf\" target=\"_blank\" rel=\"noopener\">2022 &#8211; 2024<\/a>, <a href=\"https:\/\/www.cfrcalatori.ro\/wp-content\/uploads\/2025\/12\/SRTFC-BRASOV-ROGOP-23.12.2025.pdf\">2025<\/a>, <a href=\"https:\/\/www.cfrcalatori.ro\/wp-content\/uploads\/2026\/04\/SRTFC-BRASOV-ROGOP-14.04.2026.pdf\">2026<\/a><\/p>\n<p>SRTFC Ia\u0219i\u00a0<a href=\"https:\/\/www.cfrcalatori.ro\/wp-content\/uploads\/2023\/09\/SITUATIA-ROGOP-SRTFC-IASI-din-data-de-27.09.2023.pdf\" target=\"_blank\" rel=\"noopener\">2017-2023, <\/a><a href=\"https:\/\/www.cfrcalatori.ro\/wp-content\/uploads\/2024\/07\/SITUATIA-ROGOP-SRTFC-IASI-din-data-de-30.07.2024.pdf\" target=\"_blank\" rel=\"noopener\">2024,<\/a> <a href=\"https:\/\/www.cfrcalatori.ro\/wp-content\/uploads\/2025\/06\/SITUATIA-ROGOP-SRTFC-IASI-din-data-de-16.06.2025.pdf\">2025<\/a>, <a href=\"https:\/\/www.cfrcalatori.ro\/wp-content\/uploads\/2026\/01\/SITUATIA-ROGOP-SRTFC-IASI-din-data-de-30.01.2026.pdf\">2026<\/a><\/p>\n<p>SRTFC Gala\u021bi <a href=\"https:\/\/www.cfrcalatori.ro\/wp-content\/uploads\/2025\/06\/Rogop-2023-SRTFC-Galati.pdf\">2023<\/a>, <a href=\"https:\/\/www.cfrcalatori.ro\/wp-content\/uploads\/2025\/06\/Rogop-2024-SRTFC-Galati.pdf\" target=\"_blank\" rel=\"noopener\">2024<\/a>, <a href=\"https:\/\/www.cfrcalatori.ro\/wp-content\/uploads\/2025\/12\/SRTFC-GALATI.pdf\">2025<\/a>, <a href=\"https:\/\/www.cfrcalatori.ro\/wp-content\/uploads\/2026\/03\/Rogop-2026-SRTFC-Galati.pdf\">2026<\/a><\/p>\n<p>SRTFC Constan\u021ba \u00a0<a href=\"https:\/\/www.cfrcalatori.ro\/wp-content\/uploads\/2025\/06\/SRTFC-Constanta-Rogop-2023-2024.pdf\" target=\"_blank\" rel=\"noopener\">2023-2024<\/a>, <a href=\"https:\/\/www.cfrcalatori.ro\/wp-content\/uploads\/2025\/12\/Rogop-Constanta-2025-19.12.2025.pdf\">2025<\/a>, <a href=\"https:\/\/www.cfrcalatori.ro\/wp-content\/uploads\/2026\/03\/ROGOP-SRTFC-CONSTANTA.pdf\">2026<\/a><\/p>\n<p>SRTFC Bra\u0219ov &#8211; SCAD <a href=\"https:\/\/www.cfrcalatori.ro\/wp-content\/uploads\/2024\/12\/ROGOP-SCAD_30.12.2024.pdf\" target=\"_blank\" rel=\"noopener\">2024<\/a>, <a href=\"https:\/\/www.cfrcalatori.ro\/wp-content\/uploads\/2025\/12\/SRTFC-BRASOV-ROGOP-SCAD-23.12.2025.pdf\">2025<\/a>, <a href=\"https:\/\/www.cfrcalatori.ro\/wp-content\/uploads\/2026\/04\/SRTFC-BRASOV-ROGOP-SCAD-14.04.2026.pdf\">2026<\/a><\/p>\n<p>Filiala- Societatea Comercial\u0103 de Repara\u021bii Locomotive (SCRL) Bra\u0219ov &#8211; Central <a href=\"https:\/\/www.cfrcalatori.ro\/wp-content\/uploads\/2025\/06\/SCRL-CENTRALSECTII-2023.pdf\">2023<\/a>, <a href=\"https:\/\/www.cfrcalatori.ro\/wp-content\/uploads\/2025\/06\/SCRL-CENTRALSECTII-2024.pdf\" target=\"_blank\" rel=\"noopener\">2024, <\/a><a href=\"https:\/\/www.cfrcalatori.ro\/wp-content\/uploads\/2025\/12\/SCRL-CENTRAL-20251.pdf\">2025<\/a>, <a href=\"https:\/\/www.cfrcalatori.ro\/wp-content\/uploads\/2026\/03\/SCRL-CENTRAL-2026-6.pdf\">2026<\/a><\/p>\n<p>SCRL Bra\u0219ov- Sec\u021bia de Repara\u021bii Ploie\u0219ti, <a href=\"https:\/\/www.cfrcalatori.ro\/wp-content\/uploads\/2025\/09\/PLOIESTI-18.09-2025-ROGOP-.pdf\">2025<\/a><\/p>\n<p>SCRL Bra\u0219ov &#8211; Sec\u021bia de Repara\u021bii Arad, <a href=\"https:\/\/www.cfrcalatori.ro\/wp-content\/uploads\/2025\/11\/ROGOP-27.11.2025-ARAD.pdf\">2025<\/a>, <a href=\"https:\/\/www.cfrcalatori.ro\/wp-content\/uploads\/2026\/02\/ROGOP-04.02.2026-Arad.pdf\">2026<\/a><\/p>\n<p>SCRL Bra\u0219ov &#8211; Sec\u021bia de repara\u021bii Satu Mare, <a href=\"https:\/\/www.cfrcalatori.ro\/wp-content\/uploads\/2025\/06\/SCRL-SM2025.pdf\">2025<\/a>, <a href=\"https:\/\/www.cfrcalatori.ro\/wp-content\/uploads\/2026\/04\/SCRLSatuMare2026.pdf\">2026<\/a><\/p>\n<p>SCRL Bra\u0219ov &#8211; Sec\u021bia de Repara\u021bii Timi\u0219oara, <a href=\"https:\/\/www.cfrcalatori.ro\/wp-content\/uploads\/2025\/11\/Situatia-ROGOP-28.11.2025-.pdf\">2025<\/a><\/p>\n<p>SCRL Bra\u0219ov &#8211; Sec\u021bia de Repara\u021bii Bucure\u0219ti C\u0103l\u0103tori, <a href=\"https:\/\/www.cfrcalatori.ro\/wp-content\/uploads\/2025\/09\/BUCURESTI18.09-2025-Rogop-.pdf\">2025<\/a><\/p>\n<p>SCRL Bra\u0219ov &#8211; Sec\u021bia de Repara\u021bii Pite\u0219ti, <a href=\"https:\/\/www.cfrcalatori.ro\/wp-content\/uploads\/2026\/04\/SCRL_pitesti-31032026.pdf\">2025<\/a><\/p>\n<p>SCRL Bra\u0219ov &#8211; Sec\u021bia de Repara\u021bii Bra\u0219ov, <a href=\"https:\/\/www.cfrcalatori.ro\/wp-content\/uploads\/2025\/07\/Brasov_reg-ROGOP-22.07.2025.pdf\">2025<\/a>, <a href=\"https:\/\/www.cfrcalatori.ro\/wp-content\/uploads\/2026\/04\/SCRL-Brasov-ROGOP-30.03.2026.pdf\">2026<\/a><\/p>\n<p>SCRL Bra\u0219ov &#8211; Sec\u021bia de Repara\u021bii Sibiu, <a href=\"https:\/\/www.cfrcalatori.ro\/wp-content\/uploads\/2024\/08\/SECTIA-SIBIU-.pdf\">2024<\/a>, <a href=\"https:\/\/www.cfrcalatori.ro\/wp-content\/uploads\/2025\/10\/ROGOP-SIBIU-10.2025-5.pdf\">2025<\/a>, <a href=\"https:\/\/www.cfrcalatori.ro\/wp-content\/uploads\/2026\/04\/ROGOP-SIBIU-04.-2026.pdf\">2026<\/a><\/p>\n<p>SCRL Bra\u0219ov &#8211; Sec\u021bia de Repara\u021bii Cluj, <a href=\"https:\/\/www.cfrcalatori.ro\/wp-content\/uploads\/2025\/10\/ROGOP-SRTFC-Cluj-4.pdf\">2025<\/a>, <a href=\"https:\/\/www.cfrcalatori.ro\/wp-content\/uploads\/2026\/03\/ROGOP-CLUJ-2026.pdf\">2026<\/a><\/p>\n<p>SCRL Bra\u0219ov &#8211; Sec\u021bia de Repara\u021bii Ia\u0219i, <a href=\"https:\/\/www.cfrcalatori.ro\/wp-content\/uploads\/2024\/08\/SECTIA-SIBIU-.pdf\">2024<\/a>, <a href=\"https:\/\/www.cfrcalatori.ro\/wp-content\/uploads\/2025\/12\/ROGOP-SCRL-IASI-17.12.2025.pdf\">2025<\/a>, <a href=\"https:\/\/www.cfrcalatori.ro\/wp-content\/uploads\/2026\/04\/ROGOP-SCRL-IASI-08.04.2026.pdf\">2026<\/a><\/p>\n<p>SCRL Bra\u0219ov &#8211; Sec\u021bia de Repara\u021bii Suceava, <a href=\"https:\/\/www.cfrcalatori.ro\/wp-content\/uploads\/2024\/08\/SECTIA-SUCEAVA.pdf\">2024<\/a>, <a href=\"https:\/\/www.cfrcalatori.ro\/wp-content\/uploads\/2025\/12\/ROGOP-SCRL-SUCEAVA-17.12.2025.pdf\">2025<\/a>, <a href=\"https:\/\/www.cfrcalatori.ro\/wp-content\/uploads\/2026\/04\/ROGOP-SCRL-SUCEAVA-08.04.2026.pdf\">2026<\/a><\/p>\n<p>SCRL Bra\u0219ov &#8211; Sec\u021bia de Repara\u021bii Gala\u021bi, <a href=\"https:\/\/www.cfrcalatori.ro\/wp-content\/uploads\/2025\/01\/ROGOP-SCRL-GALATI-2024.pdf\">2024, <\/a><a href=\"https:\/\/www.cfrcalatori.ro\/wp-content\/uploads\/2025\/06\/SCRL-GALATI-2025.pdf\">2025<\/a><\/p>\n<p>SCRL Bra\u0219ov &#8211; Sec\u021bia de Repara\u021bii Medgidia,<a href=\"https:\/\/www.cfrcalatori.ro\/wp-content\/uploads\/2018\/02\/SCRL_sct_Medgidia_20iul17.pdf\" target=\"_blank\" rel=\"noopener\"> 2017<\/a><\/p>\n<p>SCRL Bra\u0219ov &#8211; Punct de Lucru Tecuci, <a href=\"https:\/\/www.cfrcalatori.ro\/wp-content\/uploads\/2025\/06\/SCRL-TECUCI-2025.pdf\">2025<\/a><\/p>\n<div class=\"text_wp\">Ultima actualizare: 14.04.2026<\/div>\n<div><\/div>\n","protected":false},"excerpt":{"rendered":"<p>Selecta\u021bi din lista de mai jos subunitatea SNTFC &#8220;CFR C\u0103l\u0103tori&#8221; S.A. pentru care dori\u021bi s\u0103 vizualiza\u021bi: Registrul Opera\u021biunilor Generatoare de Plat\u0103 (ROGOP) SNTFC &#8220;CFR C\u0102L\u0102TORI&#8221; S.A. &#8211; Central 2023, 2024, 2025, 2026 SRTFC Bucure\u0219ti 2023, 2024, 2025, 2026 SRTFC Craiova 2022, 2023, 2024, 2025, 2026 SRTFC Timi\u0219oara 2023, 2024, 2025, 2026 SRTFC Cluj 2023, 2024, 2025, 2026 SRTFC Bra\u0219ov 2022 &#8211; 2024, 2025, 2026 SRTFC Ia\u0219i\u00a02017-2023, 2024, 2025, 2026 SRTFC Gala\u021bi 2023, 2024, 2025, 2026 SRTFC Constan\u021ba \u00a02023-2024, 2025, 2026 SRTFC Bra\u0219ov &#8211; SCAD 2024, 2025, 2026 Filiala- Societatea Comercial\u0103 de Repara\u021bii Locomotive (SCRL) Bra\u0219ov &#8211; Central 2023, 2024, 2025, 2026 SCRL Bra\u0219ov- Sec\u021bia de Repara\u021bii Ploie\u0219ti, 2025 SCRL Bra\u0219ov &#8211; Sec\u021bia de Repara\u021bii Arad, 2025, 2026 SCRL Bra\u0219ov &#8211; Sec\u021bia de repara\u021bii Satu Mare,&#8230;<\/p>\n","protected":false},"author":47,"featured_media":0,"parent":0,"menu_order":0,"comment_status":"closed","ping_status":"closed","template":"comercial.php","meta":{"_acf_changed":false,"footnotes":""},"class_list":["post-88167","page","type-page","status-publish","hentry"],"acf":[],"yoast_head":"<!-- This site is optimized with the Yoast SEO plugin v27.0 - https:\/\/yoast.com\/product\/yoast-seo-wordpress\/ -->\n<title>Payment status - CFR Calatori<\/title>\n<meta name=\"robots\" content=\"index, follow, max-snippet:-1, max-image-preview:large, max-video-preview:-1\" \/>\n<link rel=\"canonical\" href=\"https:\/\/www.cfrcalatori.ro\/en\/payment-status\/\" \/>\n<meta property=\"og:locale\" content=\"en_US\" \/>\n<meta property=\"og:type\" content=\"article\" \/>\n<meta property=\"og:title\" content=\"Payment status - CFR Calatori\" \/>\n<meta property=\"og:description\" content=\"Selecta\u021bi din lista de mai jos subunitatea SNTFC &#8220;CFR C\u0103l\u0103tori&#8221; S.A. pentru care dori\u021bi s\u0103 vizualiza\u021bi: Registrul Opera\u021biunilor Generatoare de Plat\u0103 (ROGOP) SNTFC &#8220;CFR C\u0102L\u0102TORI&#8221; S.A. &#8211; Central 2023, 2024, 2025, 2026 SRTFC Bucure\u0219ti 2023, 2024, 2025, 2026 SRTFC Craiova 2022, 2023, 2024, 2025, 2026 SRTFC Timi\u0219oara 2023, 2024, 2025, 2026 SRTFC Cluj 2023, 2024, 2025, 2026 SRTFC Bra\u0219ov 2022 &#8211; 2024, 2025, 2026 SRTFC Ia\u0219i\u00a02017-2023, 2024, 2025, 2026 SRTFC Gala\u021bi 2023, 2024, 2025, 2026 SRTFC Constan\u021ba \u00a02023-2024, 2025, 2026 SRTFC Bra\u0219ov &#8211; SCAD 2024, 2025, 2026 Filiala- Societatea Comercial\u0103 de Repara\u021bii Locomotive (SCRL) Bra\u0219ov &#8211; Central 2023, 2024, 2025, 2026 SCRL Bra\u0219ov- Sec\u021bia de Repara\u021bii Ploie\u0219ti, 2025 SCRL Bra\u0219ov &#8211; Sec\u021bia de Repara\u021bii Arad, 2025, 2026 SCRL Bra\u0219ov &#8211; Sec\u021bia de repara\u021bii Satu Mare,...\" \/>\n<meta property=\"og:url\" content=\"https:\/\/www.cfrcalatori.ro\/en\/payment-status\/\" \/>\n<meta property=\"og:site_name\" content=\"CFR Calatori\" \/>\n<meta property=\"article:modified_time\" content=\"2026-04-14T07:19:13+00:00\" \/>\n<meta name=\"twitter:card\" content=\"summary_large_image\" \/>\n<meta name=\"twitter:label1\" content=\"Est. reading time\" \/>\n\t<meta name=\"twitter:data1\" content=\"2 minutes\" \/>\n<script type=\"application\/ld+json\" class=\"yoast-schema-graph\">{\"@context\":\"https:\/\/schema.org\",\"@graph\":[{\"@type\":\"WebPage\",\"@id\":\"https:\/\/www.cfrcalatori.ro\/en\/payment-status\/\",\"url\":\"https:\/\/www.cfrcalatori.ro\/en\/payment-status\/\",\"name\":\"Payment status - CFR Calatori\",\"isPartOf\":{\"@id\":\"https:\/\/www.cfrcalatori.ro\/en\/#website\"},\"datePublished\":\"2017-10-31T10:09:05+00:00\",\"dateModified\":\"2026-04-14T07:19:13+00:00\",\"breadcrumb\":{\"@id\":\"https:\/\/www.cfrcalatori.ro\/en\/payment-status\/#breadcrumb\"},\"inLanguage\":\"en-US\",\"potentialAction\":[{\"@type\":\"ReadAction\",\"target\":[\"https:\/\/www.cfrcalatori.ro\/en\/payment-status\/\"]}]},{\"@type\":\"BreadcrumbList\",\"@id\":\"https:\/\/www.cfrcalatori.ro\/en\/payment-status\/#breadcrumb\",\"itemListElement\":[{\"@type\":\"ListItem\",\"position\":1,\"name\":\"Home\",\"item\":\"https:\/\/www.cfrcalatori.ro\/en\/\"},{\"@type\":\"ListItem\",\"position\":2,\"name\":\"Payment status\"}]},{\"@type\":\"WebSite\",\"@id\":\"https:\/\/www.cfrcalatori.ro\/en\/#website\",\"url\":\"https:\/\/www.cfrcalatori.ro\/en\/\",\"name\":\"CFR Calatori\",\"description\":\"CFRCalatori.ro\",\"potentialAction\":[{\"@type\":\"SearchAction\",\"target\":{\"@type\":\"EntryPoint\",\"urlTemplate\":\"https:\/\/www.cfrcalatori.ro\/en\/?s={search_term_string}\"},\"query-input\":{\"@type\":\"PropertyValueSpecification\",\"valueRequired\":true,\"valueName\":\"search_term_string\"}}],\"inLanguage\":\"en-US\"}]}<\/script>\n<!-- \/ Yoast SEO plugin. -->","yoast_head_json":{"title":"Payment status - CFR Calatori","robots":{"index":"index","follow":"follow","max-snippet":"max-snippet:-1","max-image-preview":"max-image-preview:large","max-video-preview":"max-video-preview:-1"},"canonical":"https:\/\/www.cfrcalatori.ro\/en\/payment-status\/","og_locale":"en_US","og_type":"article","og_title":"Payment status - CFR Calatori","og_description":"Selecta\u021bi din lista de mai jos subunitatea SNTFC &#8220;CFR C\u0103l\u0103tori&#8221; S.A. pentru care dori\u021bi s\u0103 vizualiza\u021bi: Registrul Opera\u021biunilor Generatoare de Plat\u0103 (ROGOP) SNTFC &#8220;CFR C\u0102L\u0102TORI&#8221; S.A. &#8211; Central 2023, 2024, 2025, 2026 SRTFC Bucure\u0219ti 2023, 2024, 2025, 2026 SRTFC Craiova 2022, 2023, 2024, 2025, 2026 SRTFC Timi\u0219oara 2023, 2024, 2025, 2026 SRTFC Cluj 2023, 2024, 2025, 2026 SRTFC Bra\u0219ov 2022 &#8211; 2024, 2025, 2026 SRTFC Ia\u0219i\u00a02017-2023, 2024, 2025, 2026 SRTFC Gala\u021bi 2023, 2024, 2025, 2026 SRTFC Constan\u021ba \u00a02023-2024, 2025, 2026 SRTFC Bra\u0219ov &#8211; SCAD 2024, 2025, 2026 Filiala- Societatea Comercial\u0103 de Repara\u021bii Locomotive (SCRL) Bra\u0219ov &#8211; Central 2023, 2024, 2025, 2026 SCRL Bra\u0219ov- Sec\u021bia de Repara\u021bii Ploie\u0219ti, 2025 SCRL Bra\u0219ov &#8211; Sec\u021bia de Repara\u021bii Arad, 2025, 2026 SCRL Bra\u0219ov &#8211; Sec\u021bia de repara\u021bii Satu Mare,...","og_url":"https:\/\/www.cfrcalatori.ro\/en\/payment-status\/","og_site_name":"CFR Calatori","article_modified_time":"2026-04-14T07:19:13+00:00","twitter_card":"summary_large_image","twitter_misc":{"Est. reading time":"2 minutes"},"schema":{"@context":"https:\/\/schema.org","@graph":[{"@type":"WebPage","@id":"https:\/\/www.cfrcalatori.ro\/en\/payment-status\/","url":"https:\/\/www.cfrcalatori.ro\/en\/payment-status\/","name":"Payment status - CFR Calatori","isPartOf":{"@id":"https:\/\/www.cfrcalatori.ro\/en\/#website"},"datePublished":"2017-10-31T10:09:05+00:00","dateModified":"2026-04-14T07:19:13+00:00","breadcrumb":{"@id":"https:\/\/www.cfrcalatori.ro\/en\/payment-status\/#breadcrumb"},"inLanguage":"en-US","potentialAction":[{"@type":"ReadAction","target":["https:\/\/www.cfrcalatori.ro\/en\/payment-status\/"]}]},{"@type":"BreadcrumbList","@id":"https:\/\/www.cfrcalatori.ro\/en\/payment-status\/#breadcrumb","itemListElement":[{"@type":"ListItem","position":1,"name":"Home","item":"https:\/\/www.cfrcalatori.ro\/en\/"},{"@type":"ListItem","position":2,"name":"Payment status"}]},{"@type":"WebSite","@id":"https:\/\/www.cfrcalatori.ro\/en\/#website","url":"https:\/\/www.cfrcalatori.ro\/en\/","name":"CFR Calatori","description":"CFRCalatori.ro","potentialAction":[{"@type":"SearchAction","target":{"@type":"EntryPoint","urlTemplate":"https:\/\/www.cfrcalatori.ro\/en\/?s={search_term_string}"},"query-input":{"@type":"PropertyValueSpecification","valueRequired":true,"valueName":"search_term_string"}}],"inLanguage":"en-US"}]}},"_links":{"self":[{"href":"https:\/\/www.cfrcalatori.ro\/en\/wp-json\/wp\/v2\/pages\/88167","targetHints":{"allow":["GET"]}}],"collection":[{"href":"https:\/\/www.cfrcalatori.ro\/en\/wp-json\/wp\/v2\/pages"}],"about":[{"href":"https:\/\/www.cfrcalatori.ro\/en\/wp-json\/wp\/v2\/types\/page"}],"author":[{"embeddable":true,"href":"https:\/\/www.cfrcalatori.ro\/en\/wp-json\/wp\/v2\/users\/47"}],"replies":[{"embeddable":true,"href":"https:\/\/www.cfrcalatori.ro\/en\/wp-json\/wp\/v2\/comments?post=88167"}],"version-history":[{"count":174,"href":"https:\/\/www.cfrcalatori.ro\/en\/wp-json\/wp\/v2\/pages\/88167\/revisions"}],"predecessor-version":[{"id":116886,"href":"https:\/\/www.cfrcalatori.ro\/en\/wp-json\/wp\/v2\/pages\/88167\/revisions\/116886"}],"wp:attachment":[{"href":"https:\/\/www.cfrcalatori.ro\/en\/wp-json\/wp\/v2\/media?parent=88167"}],"curies":[{"name":"wp","href":"https:\/\/api.w.org\/{rel}","templated":true}]}}